{"id":731,"date":"2025-03-13T13:28:58","date_gmt":"2025-03-13T12:28:58","guid":{"rendered":"https:\/\/blogsaverroes.juntadeandalucia.es\/iespuertadearenas\/?page_id=731"},"modified":"2025-03-13T13:30:08","modified_gmt":"2025-03-13T12:30:08","slug":"matematicas","status":"publish","type":"page","link":"https:\/\/blogsaverroes.juntadeandalucia.es\/iespuertadearenas\/matematicas\/","title":{"rendered":"Matem\u00e1ticas"},"content":{"rendered":"<p>[et_pb_section fb_built=&#8221;1&#8243; _builder_version=&#8221;4.16&#8243; custom_padding=&#8221;0px||0px|&#8221; z_index_tablet=&#8221;500&#8243; box_shadow_horizontal_tablet=&#8221;0px&#8221; box_shadow_vertical_tablet=&#8221;0px&#8221; box_shadow_blur_tablet=&#8221;40px&#8221; box_shadow_spread_tablet=&#8221;0px&#8221; global_colors_info=&#8221;{}&#8221;][et_pb_row _builder_version=&#8221;4.16&#8243; background_size=&#8221;initial&#8221; background_position=&#8221;top_left&#8221; background_repeat=&#8221;repeat&#8221; global_colors_info=&#8221;{}&#8221;][et_pb_column type=&#8221;4_4&#8243; _builder_version=&#8221;4.16&#8243; custom_padding=&#8221;|||&#8221; global_colors_info=&#8221;{}&#8221; custom_padding__hover=&#8221;|||&#8221;][et_pb_image src=&#8221;https:\/\/blogsaverroes.juntadeandalucia.es\/iespuertadearenas\/files\/2020\/02\/cabecera-interior-ies-3.png&#8221; title_text=&#8221;cabecera-interior-ies-3&#8243; admin_label=&#8221;Imagen de la portada&#8221; _builder_version=&#8221;4.24.2&#8243; vertical_offset_tablet=&#8221;0&#8243; horizontal_offset_tablet=&#8221;0&#8243; z_index_tablet=&#8221;500&#8243; box_shadow_horizontal_tablet=&#8221;0px&#8221; box_shadow_vertical_tablet=&#8221;0px&#8221; box_shadow_blur_tablet=&#8221;40px&#8221; box_shadow_spread_tablet=&#8221;0px&#8221; global_colors_info=&#8221;{}&#8221;][\/et_pb_image][et_pb_text admin_label=&#8221;Texto descriptivo&#8221; _builder_version=&#8221;4.24.2&#8243; hover_enabled=&#8221;0&#8243; z_index_tablet=&#8221;500&#8243; text_text_shadow_horizontal_length_tablet=&#8221;0px&#8221; text_text_shadow_vertical_length_tablet=&#8221;0px&#8221; text_text_shadow_blur_strength_tablet=&#8221;1px&#8221; link_text_shadow_horizontal_length_tablet=&#8221;0px&#8221; link_text_shadow_vertical_length_tablet=&#8221;0px&#8221; link_text_shadow_blur_strength_tablet=&#8221;1px&#8221; ul_text_shadow_horizontal_length_tablet=&#8221;0px&#8221; ul_text_shadow_vertical_length_tablet=&#8221;0px&#8221; ul_text_shadow_blur_strength_tablet=&#8221;1px&#8221; ol_text_shadow_horizontal_length_tablet=&#8221;0px&#8221; ol_text_shadow_vertical_length_tablet=&#8221;0px&#8221; ol_text_shadow_blur_strength_tablet=&#8221;1px&#8221; quote_text_shadow_horizontal_length_tablet=&#8221;0px&#8221; quote_text_shadow_vertical_length_tablet=&#8221;0px&#8221; quote_text_shadow_blur_strength_tablet=&#8221;1px&#8221; header_text_shadow_horizontal_length_tablet=&#8221;0px&#8221; header_text_shadow_vertical_length_tablet=&#8221;0px&#8221; header_text_shadow_blur_strength_tablet=&#8221;1px&#8221; header_2_text_shadow_horizontal_length_tablet=&#8221;0px&#8221; header_2_text_shadow_vertical_length_tablet=&#8221;0px&#8221; header_2_text_shadow_blur_strength_tablet=&#8221;1px&#8221; header_3_text_shadow_horizontal_length_tablet=&#8221;0px&#8221; header_3_text_shadow_vertical_length_tablet=&#8221;0px&#8221; header_3_text_shadow_blur_strength_tablet=&#8221;1px&#8221; header_4_text_shadow_horizontal_length_tablet=&#8221;0px&#8221; header_4_text_shadow_vertical_length_tablet=&#8221;0px&#8221; header_4_text_shadow_blur_strength_tablet=&#8221;1px&#8221; header_5_text_shadow_horizontal_length_tablet=&#8221;0px&#8221; header_5_text_shadow_vertical_length_tablet=&#8221;0px&#8221; header_5_text_shadow_blur_strength_tablet=&#8221;1px&#8221; header_6_text_shadow_horizontal_length_tablet=&#8221;0px&#8221; header_6_text_shadow_vertical_length_tablet=&#8221;0px&#8221; header_6_text_shadow_blur_strength_tablet=&#8221;1px&#8221; box_shadow_horizontal_tablet=&#8221;0px&#8221; box_shadow_vertical_tablet=&#8221;0px&#8221; box_shadow_blur_tablet=&#8221;40px&#8221; box_shadow_spread_tablet=&#8221;0px&#8221; global_colors_info=&#8221;{}&#8221; sticky_enabled=&#8221;0&#8243;]<\/p>\n<h2>Matem\u00e1ticas<\/h2>\n<p class=\"p1\">Para el curso 2024\/2025, las materias asignadas a este departamento son:<br \/><b><\/b><\/p>\n<ul>\n<li class=\"p1\">Matem\u00e1ticas en <span class=\"s1\"><b>1\u00ba, 2\u00ba, 3\u00ba y 4\u00ba de ESO<\/b><\/span> (Matem\u00e1ticas A y B en 4\u00ba ESO).<\/li>\n<li class=\"p1\">Matem\u00e1ticas I y Matem\u00e1ticas Aplicadas a las Ciencias Sociales I en <span class=\"s1\"><b>1\u00ba de Bachillerato<\/b><\/span>.<\/li>\n<li class=\"p1\">Matem\u00e1ticas II y Matem\u00e1ticas Aplicadas a las Ciencias Sociales II en <span class=\"s1\"><b>2\u00ba de Bachillerato<\/b><\/span>.<\/li>\n<li class=\"p2\"><span class=\"s2\">Ciencias Aplicadas I y II en <\/span><b>1\u00ba y 2\u00ba de CFGB de Servicios Comerciales<\/b><span class=\"s2\">.<\/span><\/li>\n<li class=\"p1\">Iniciaci\u00f3n a la Actividad Emprendedora y Empresarial (IAEE) en <span class=\"s1\"><b>3\u00ba de ESO<\/b><\/span>.<\/li>\n<li class=\"p1\">Formaci\u00f3n y Orientaci\u00f3n Personal y Profesional (FOPP) en <span class=\"s1\"><b>4\u00ba de ESO<\/b><\/span>.<\/li>\n<li class=\"p2\"><span class=\"s2\">Econom\u00eda en <\/span><b>4\u00ba de ESO y 1\u00ba de Bachillerato<\/b><span class=\"s2\">.<\/span><\/li>\n<li class=\"p1\">Empresa y Dise\u00f1o de Modelos de Negocio (EYDI) en <span class=\"s1\"><b>2\u00ba de Bachillerato<\/b><\/span>.<\/li>\n<li class=\"p1\">Mercadotecnia de Productos Alimentarios (MCA) en <span class=\"s1\"><b>1\u00ba de CFGB<\/b><\/span>.<\/li>\n<\/ul>\n<p class=\"p3\">Las responsabilidades docentes quedan distribuidas de la siguiente manera:<b><\/b><\/p>\n<ul>\n<li class=\"p5\">\n<p class=\"p1\"><span class=\"s1\"><b>D. Alejandro Gil Gil<\/b><\/span>: Jefe de Departamento.<\/p>\n<\/li>\n<li class=\"p5\">\n<p class=\"p1\"><span class=\"s1\"><b>D\u00f1a. Jennifer Mu\u00f1oz Ruiz<\/b><\/span>: Secretaria del centro educativo.<\/p>\n<\/li>\n<li class=\"p5\">\n<p class=\"p1\"><b>D\u00f1a. Lidia Pe\u00f1a Moral<\/b><span class=\"s2\">: Tutora de <\/span><b>3\u00baA de ESO<\/b><span class=\"s2\">.<\/span><\/p>\n<\/li>\n<li class=\"p5\">\n<p class=\"p1\"><b>D. Manuel Quesada Mart\u00ednez<\/b><span class=\"s2\">: Tutor de <\/span><b>4\u00baA de ESO<\/b><span class=\"s2\">.<\/span><\/p>\n<\/li>\n<li class=\"p5\">\n<p class=\"p1\"><span class=\"s2\">Ciencias Aplicadas II <\/span><b>2\u00ba CFGB de Servicios Comerciales<\/b><span class=\"s2\">.<\/span><\/p>\n<\/li>\n<li class=\"p5\">\n<p class=\"p1\"><span class=\"s1\"><b>D. Pablo Mu\u00f1oz Rej\u00f3n<\/b><\/span>: Profesor de la especialidad de Econom\u00eda adscrito al Departamento de Matem\u00e1ticas.<\/p>\n<\/li>\n<\/ul>\n<p class=\"p1\">El Departamento de Matem\u00e1ticas no solo se encarga de la ense\u00f1anza de los contenidos curriculares, sino que tambi\u00e9n participa en diversas actividades para fomentar el pensamiento l\u00f3gico-matem\u00e1tico y su aplicaci\u00f3n en la vida cotidiana. Algunas de las actividades destacadas son:<\/p>\n<ul>\n<li class=\"p1\"><span class=\"s1\"><b>Semana de la Ciencia<\/b><\/span>, en colaboraci\u00f3n con otros departamentos del \u00e1rea Cient\u00edfico-Tecnol\u00f3gica, para acercar las matem\u00e1ticas a los estudiantes de manera interactiva.<\/li>\n<\/ul>\n<p class=\"p1\">El Departamento de Matem\u00e1ticas del <span class=\"s1\"><b>IES Puerta de Arenas<\/b><\/span> trabaja para despertar la curiosidad del alumnado, desarrollar su capacidad de razonamiento y prepararles para los retos acad\u00e9micos y profesionales del futuro.<\/p>\n<p>[\/et_pb_text][\/et_pb_column][\/et_pb_row][\/et_pb_section]<\/p>\n","protected":false},"excerpt":{"rendered":"<p>Matem\u00e1ticas Para el curso 2024\/2025, las materias asignadas a este departamento son: Matem\u00e1ticas en 1\u00ba, 2\u00ba, 3\u00ba y 4\u00ba de ESO (Matem\u00e1ticas A y B en 4\u00ba ESO). Matem\u00e1ticas I y Matem\u00e1ticas Aplicadas a las Ciencias Sociales I en 1\u00ba de Bachillerato. Matem\u00e1ticas II y Matem\u00e1ticas Aplicadas a las Ciencias Sociales II en 2\u00ba de [&hellip;]<\/p>\n","protected":false},"author":15116,"featured_media":0,"parent":0,"menu_order":0,"comment_status":"closed","ping_status":"closed","template":"","meta":{"_et_pb_use_builder":"on","_et_pb_old_content":"","_et_gb_content_width":"","ngg_post_thumbnail":0,"footnotes":""},"aioseo_notices":[],"_links":{"self":[{"href":"https:\/\/blogsaverroes.juntadeandalucia.es\/iespuertadearenas\/wp-json\/wp\/v2\/pages\/731"}],"collection":[{"href":"https:\/\/blogsaverroes.juntadeandalucia.es\/iespuertadearenas\/wp-json\/wp\/v2\/pages"}],"about":[{"href":"https:\/\/blogsaverroes.juntadeandalucia.es\/iespuertadearenas\/wp-json\/wp\/v2\/types\/page"}],"author":[{"embeddable":true,"href":"https:\/\/blogsaverroes.juntadeandalucia.es\/iespuertadearenas\/wp-json\/wp\/v2\/users\/15116"}],"replies":[{"embeddable":true,"href":"https:\/\/blogsaverroes.juntadeandalucia.es\/iespuertadearenas\/wp-json\/wp\/v2\/comments?post=731"}],"version-history":[{"count":5,"href":"https:\/\/blogsaverroes.juntadeandalucia.es\/iespuertadearenas\/wp-json\/wp\/v2\/pages\/731\/revisions"}],"predecessor-version":[{"id":737,"href":"https:\/\/blogsaverroes.juntadeandalucia.es\/iespuertadearenas\/wp-json\/wp\/v2\/pages\/731\/revisions\/737"}],"wp:attachment":[{"href":"https:\/\/blogsaverroes.juntadeandalucia.es\/iespuertadearenas\/wp-json\/wp\/v2\/media?parent=731"}],"curies":[{"name":"wp","href":"https:\/\/api.w.org\/{rel}","templated":true}]}}