{"id":755,"date":"2025-03-18T12:12:53","date_gmt":"2025-03-18T11:12:53","guid":{"rendered":"https:\/\/blogsaverroes.juntadeandalucia.es\/iespuertadearenas\/?page_id=755"},"modified":"2025-03-18T12:12:57","modified_gmt":"2025-03-18T11:12:57","slug":"geh","status":"publish","type":"page","link":"https:\/\/blogsaverroes.juntadeandalucia.es\/iespuertadearenas\/geh\/","title":{"rendered":"Geograf\u00eda e Historia"},"content":{"rendered":"<p>[et_pb_section fb_built=&#8221;1&#8243; _builder_version=&#8221;4.16&#8243; custom_padding=&#8221;0px||0px|&#8221; z_index_tablet=&#8221;500&#8243; box_shadow_horizontal_tablet=&#8221;0px&#8221; box_shadow_vertical_tablet=&#8221;0px&#8221; box_shadow_blur_tablet=&#8221;40px&#8221; box_shadow_spread_tablet=&#8221;0px&#8221; global_colors_info=&#8221;{}&#8221; theme_builder_area=&#8221;post_content&#8221;][et_pb_row _builder_version=&#8221;4.16&#8243; background_size=&#8221;initial&#8221; background_position=&#8221;top_left&#8221; background_repeat=&#8221;repeat&#8221; global_colors_info=&#8221;{}&#8221; theme_builder_area=&#8221;post_content&#8221;][et_pb_column type=&#8221;4_4&#8243; _builder_version=&#8221;4.16&#8243; custom_padding=&#8221;|||&#8221; global_colors_info=&#8221;{}&#8221; custom_padding__hover=&#8221;|||&#8221; theme_builder_area=&#8221;post_content&#8221;][et_pb_image src=&#8221;https:\/\/blogsaverroes.juntadeandalucia.es\/iespuertadearenas\/files\/2020\/02\/cabecera-interior-ies-3.png&#8221; title_text=&#8221;cabecera-interior-ies-3&#8243; admin_label=&#8221;Imagen de la portada&#8221; _builder_version=&#8221;4.24.2&#8243; vertical_offset_tablet=&#8221;0&#8243; horizontal_offset_tablet=&#8221;0&#8243; z_index_tablet=&#8221;500&#8243; box_shadow_horizontal_tablet=&#8221;0px&#8221; box_shadow_vertical_tablet=&#8221;0px&#8221; box_shadow_blur_tablet=&#8221;40px&#8221; box_shadow_spread_tablet=&#8221;0px&#8221; global_colors_info=&#8221;{}&#8221; theme_builder_area=&#8221;post_content&#8221;][\/et_pb_image][et_pb_text admin_label=&#8221;Texto descriptivo&#8221; _builder_version=&#8221;4.24.2&#8243; hover_enabled=&#8221;0&#8243; z_index_tablet=&#8221;500&#8243; text_text_shadow_horizontal_length_tablet=&#8221;0px&#8221; text_text_shadow_vertical_length_tablet=&#8221;0px&#8221; text_text_shadow_blur_strength_tablet=&#8221;1px&#8221; link_text_shadow_horizontal_length_tablet=&#8221;0px&#8221; link_text_shadow_vertical_length_tablet=&#8221;0px&#8221; link_text_shadow_blur_strength_tablet=&#8221;1px&#8221; ul_text_shadow_horizontal_length_tablet=&#8221;0px&#8221; ul_text_shadow_vertical_length_tablet=&#8221;0px&#8221; ul_text_shadow_blur_strength_tablet=&#8221;1px&#8221; ol_text_shadow_horizontal_length_tablet=&#8221;0px&#8221; ol_text_shadow_vertical_length_tablet=&#8221;0px&#8221; ol_text_shadow_blur_strength_tablet=&#8221;1px&#8221; quote_text_shadow_horizontal_length_tablet=&#8221;0px&#8221; quote_text_shadow_vertical_length_tablet=&#8221;0px&#8221; quote_text_shadow_blur_strength_tablet=&#8221;1px&#8221; header_text_shadow_horizontal_length_tablet=&#8221;0px&#8221; header_text_shadow_vertical_length_tablet=&#8221;0px&#8221; header_text_shadow_blur_strength_tablet=&#8221;1px&#8221; header_2_text_shadow_horizontal_length_tablet=&#8221;0px&#8221; header_2_text_shadow_vertical_length_tablet=&#8221;0px&#8221; header_2_text_shadow_blur_strength_tablet=&#8221;1px&#8221; header_3_text_shadow_horizontal_length_tablet=&#8221;0px&#8221; header_3_text_shadow_vertical_length_tablet=&#8221;0px&#8221; header_3_text_shadow_blur_strength_tablet=&#8221;1px&#8221; header_4_text_shadow_horizontal_length_tablet=&#8221;0px&#8221; header_4_text_shadow_vertical_length_tablet=&#8221;0px&#8221; header_4_text_shadow_blur_strength_tablet=&#8221;1px&#8221; header_5_text_shadow_horizontal_length_tablet=&#8221;0px&#8221; header_5_text_shadow_vertical_length_tablet=&#8221;0px&#8221; header_5_text_shadow_blur_strength_tablet=&#8221;1px&#8221; header_6_text_shadow_horizontal_length_tablet=&#8221;0px&#8221; header_6_text_shadow_vertical_length_tablet=&#8221;0px&#8221; header_6_text_shadow_blur_strength_tablet=&#8221;1px&#8221; box_shadow_horizontal_tablet=&#8221;0px&#8221; box_shadow_vertical_tablet=&#8221;0px&#8221; box_shadow_blur_tablet=&#8221;40px&#8221; box_shadow_spread_tablet=&#8221;0px&#8221; global_colors_info=&#8221;{}&#8221; theme_builder_area=&#8221;post_content&#8221; sticky_enabled=&#8221;0&#8243;]<\/p>\n<h2>Geografia e Historia<\/h2>\n<p class=\"p1\">Para el curso 2024\/2025, las materias asignadas a este departamento son:<\/p>\n<ul>\n<li class=\"p2\">\n<p class=\"p1\"><span class=\"s1\"><b>Geograf\u00eda e Historia<\/b><\/span> en 1\u00ba, 2\u00ba, 3\u00ba y 4\u00ba de ESO.<\/p>\n<\/li>\n<li class=\"p2\">\n<p class=\"p1\"><b>Historia del Mundo Contempor\u00e1neo<\/b><span class=\"s2\"> en 1\u00ba de Bachillerato.<\/span><\/p>\n<\/li>\n<li class=\"p2\">\n<p class=\"p1\"><b>Patrimonio Cultural y Art\u00edstico Andaluz<\/b><span class=\"s2\"> en 1\u00ba de Bachillerato.<\/span><\/p>\n<\/li>\n<li class=\"p2\">\n<p class=\"p1\"><span class=\"s1\"><b>Geograf\u00eda<\/b><\/span> en 2\u00ba de Bachillerato.<\/p>\n<\/li>\n<li class=\"p2\">\n<p class=\"p1\"><span class=\"s1\"><b>Historia del Arte<\/b><\/span> en 2\u00ba de Bachillerato.<\/p>\n<\/li>\n<li class=\"p2\">\n<p class=\"p1\"><span class=\"s1\"><b>Historia de Espa\u00f1a<\/b><\/span> en 2\u00ba de Bachillerato.<\/p>\n<\/li>\n<li class=\"p2\">\n<p class=\"p1\"><b>Comunicaci\u00f3n y Sociedad I<\/b><span class=\"s2\"> (\u00c1mbito de CFGB).<\/span><\/p>\n<\/li>\n<\/ul>\n<p class=\"p1\">Las responsabilidades docentes quedan distribuidas de la siguiente manera:<\/p>\n<ul>\n<li class=\"p2\">\n<p class=\"p1\"><span class=\"s1\"><b>D\u00f1a. Alicia Salas Navarro<\/b><\/span>: Jefa de Departamento.<\/p>\n<\/li>\n<li class=\"p2\">\n<p class=\"p1\"><b>D\u00f1a. Mar\u00eda Dolores Padilla Rodr\u00edguez.<\/b><\/p>\n<\/li>\n<li class=\"p2\">\n<p class=\"p1\"><b><\/b><b><\/b><b>D\u00f1a. Mar\u00eda Pilar Gonz\u00e1lez Baillo.<\/b><\/p>\n<\/li>\n<\/ul>\n<p class=\"p1\">Adem\u00e1s de la labor docente, el departamento organiza y participa en diversas actividades extraescolares y complementarias para enriquecer la formaci\u00f3n del alumnado en el \u00e1mbito de la actividad f\u00edsica y el deporte. Entre ellas, destacan:<\/p>\n<ul>\n<li class=\"p2\">\n<p class=\"p1\"><span class=\"s1\"><b>Viaje a Ja\u00e9n\/Granada<\/b><\/span> para alumnado de ESO.<\/p>\n<\/li>\n<li class=\"p2\">\n<p class=\"p1\"><span class=\"s1\"><b>Viaje a Madrid y Toledo<\/b><\/span> para alumnado de Bachillerato.<\/p>\n<\/li>\n<li class=\"p2\">\n<p class=\"p1\"><b>Conferencia y recreaci\u00f3n de la batalla de Campillos<\/b><span class=\"s2\">, dentro de las jornadas del D\u00eda de Andaluc\u00eda.<\/span><\/p>\n<\/li>\n<li class=\"p2\">\n<p class=\"p1\"><span class=\"s1\"><b>Taller gastron\u00f3mico del siglo XIX<\/b><\/span>, que permite al alumnado conocer la historia a trav\u00e9s de la alimentaci\u00f3n y la cultura de la \u00e9poca.<\/p>\n<\/li>\n<li>\n<p class=\"p1\">Puesta en marcha y mantenimiento de la <span class=\"s1\"><b>estaci\u00f3n meteorol\u00f3gica<\/b><\/span> del centro.<\/p>\n<\/li>\n<li>\n<p class=\"p1\">Desarrollo de <span class=\"s1\"><b>talleres en el recreo<\/b><\/span> con contenido hist\u00f3rico y cultural.<\/p>\n<\/li>\n<li>\n<p class=\"p1\">Participaci\u00f3n activa en la conmemoraci\u00f3n de efem\u00e9rides como el <span class=\"s1\"><b>D\u00eda de la Constituci\u00f3n, el D\u00eda de la Paz, el 8M<\/b><\/span>, entre otras.<\/p>\n<\/li>\n<li>\n<p class=\"p1\">Implicaci\u00f3n en los <span class=\"s1\"><b>planes y proyectos educativos<\/b><\/span> del instituto.<\/p>\n<\/li>\n<li>\n<p class=\"p1\">Organizaci\u00f3n de actividades destacadas en la jornada del <span class=\"s1\"><b>28 de febrero, D\u00eda de Andaluc\u00eda<\/b><\/span>, con el tradicional <span class=\"s1\"><b>concurso de decoraci\u00f3n de puertas<\/b><\/span>.<\/p>\n<\/li>\n<\/ul>\n<p class=\"p1\">El Departamento de Geograf\u00eda e Historia tiene un firme compromiso con la ense\u00f1anza y el fomento del pensamiento cr\u00edtico a trav\u00e9s del conocimiento del pasado, ayudando a comprender el mundo actual y sus desaf\u00edos.<\/p>\n<p>[\/et_pb_text][\/et_pb_column][\/et_pb_row][\/et_pb_section]<\/p>\n","protected":false},"excerpt":{"rendered":"<p>Geografia e Historia Para el curso 2024\/2025, las materias asignadas a este departamento son: Geograf\u00eda e Historia en 1\u00ba, 2\u00ba, 3\u00ba y 4\u00ba de ESO. Historia del Mundo Contempor\u00e1neo en 1\u00ba de Bachillerato. Patrimonio Cultural y Art\u00edstico Andaluz en 1\u00ba de Bachillerato. Geograf\u00eda en 2\u00ba de Bachillerato. Historia del Arte en 2\u00ba de Bachillerato. Historia [&hellip;]<\/p>\n","protected":false},"author":15116,"featured_media":0,"parent":0,"menu_order":0,"comment_status":"closed","ping_status":"closed","template":"","meta":{"_et_pb_use_builder":"on","_et_pb_old_content":"","_et_gb_content_width":"","ngg_post_thumbnail":0,"footnotes":""},"aioseo_notices":[],"_links":{"self":[{"href":"https:\/\/blogsaverroes.juntadeandalucia.es\/iespuertadearenas\/wp-json\/wp\/v2\/pages\/755"}],"collection":[{"href":"https:\/\/blogsaverroes.juntadeandalucia.es\/iespuertadearenas\/wp-json\/wp\/v2\/pages"}],"about":[{"href":"https:\/\/blogsaverroes.juntadeandalucia.es\/iespuertadearenas\/wp-json\/wp\/v2\/types\/page"}],"author":[{"embeddable":true,"href":"https:\/\/blogsaverroes.juntadeandalucia.es\/iespuertadearenas\/wp-json\/wp\/v2\/users\/15116"}],"replies":[{"embeddable":true,"href":"https:\/\/blogsaverroes.juntadeandalucia.es\/iespuertadearenas\/wp-json\/wp\/v2\/comments?post=755"}],"version-history":[{"count":2,"href":"https:\/\/blogsaverroes.juntadeandalucia.es\/iespuertadearenas\/wp-json\/wp\/v2\/pages\/755\/revisions"}],"predecessor-version":[{"id":758,"href":"https:\/\/blogsaverroes.juntadeandalucia.es\/iespuertadearenas\/wp-json\/wp\/v2\/pages\/755\/revisions\/758"}],"wp:attachment":[{"href":"https:\/\/blogsaverroes.juntadeandalucia.es\/iespuertadearenas\/wp-json\/wp\/v2\/media?parent=755"}],"curies":[{"name":"wp","href":"https:\/\/api.w.org\/{rel}","templated":true}]}}