{"id":760,"date":"2025-03-18T12:20:04","date_gmt":"2025-03-18T11:20:04","guid":{"rendered":"https:\/\/blogsaverroes.juntadeandalucia.es\/iespuertadearenas\/?page_id=760"},"modified":"2025-03-18T12:20:09","modified_gmt":"2025-03-18T11:20:09","slug":"frances","status":"publish","type":"page","link":"https:\/\/blogsaverroes.juntadeandalucia.es\/iespuertadearenas\/frances\/","title":{"rendered":"Franc\u00e9s"},"content":{"rendered":"<p>[et_pb_section fb_built=&#8221;1&#8243; _builder_version=&#8221;4.16&#8243; custom_padding=&#8221;0px||0px|&#8221; z_index_tablet=&#8221;500&#8243; box_shadow_horizontal_tablet=&#8221;0px&#8221; box_shadow_vertical_tablet=&#8221;0px&#8221; box_shadow_blur_tablet=&#8221;40px&#8221; box_shadow_spread_tablet=&#8221;0px&#8221; global_colors_info=&#8221;{}&#8221; theme_builder_area=&#8221;post_content&#8221;][et_pb_row _builder_version=&#8221;4.16&#8243; background_size=&#8221;initial&#8221; background_position=&#8221;top_left&#8221; background_repeat=&#8221;repeat&#8221; global_colors_info=&#8221;{}&#8221; theme_builder_area=&#8221;post_content&#8221;][et_pb_column type=&#8221;4_4&#8243; _builder_version=&#8221;4.16&#8243; custom_padding=&#8221;|||&#8221; global_colors_info=&#8221;{}&#8221; custom_padding__hover=&#8221;|||&#8221; theme_builder_area=&#8221;post_content&#8221;][et_pb_image src=&#8221;https:\/\/blogsaverroes.juntadeandalucia.es\/iespuertadearenas\/files\/2020\/02\/cabecera-interior-ies-3.png&#8221; title_text=&#8221;cabecera-interior-ies-3&#8243; admin_label=&#8221;Imagen de la portada&#8221; _builder_version=&#8221;4.24.2&#8243; vertical_offset_tablet=&#8221;0&#8243; horizontal_offset_tablet=&#8221;0&#8243; z_index_tablet=&#8221;500&#8243; box_shadow_horizontal_tablet=&#8221;0px&#8221; box_shadow_vertical_tablet=&#8221;0px&#8221; box_shadow_blur_tablet=&#8221;40px&#8221; box_shadow_spread_tablet=&#8221;0px&#8221; global_colors_info=&#8221;{}&#8221; theme_builder_area=&#8221;post_content&#8221;][\/et_pb_image][et_pb_text admin_label=&#8221;Texto descriptivo&#8221; _builder_version=&#8221;4.24.2&#8243; hover_enabled=&#8221;0&#8243; z_index_tablet=&#8221;500&#8243; text_text_shadow_horizontal_length_tablet=&#8221;0px&#8221; text_text_shadow_vertical_length_tablet=&#8221;0px&#8221; text_text_shadow_blur_strength_tablet=&#8221;1px&#8221; link_text_shadow_horizontal_length_tablet=&#8221;0px&#8221; link_text_shadow_vertical_length_tablet=&#8221;0px&#8221; link_text_shadow_blur_strength_tablet=&#8221;1px&#8221; ul_text_shadow_horizontal_length_tablet=&#8221;0px&#8221; ul_text_shadow_vertical_length_tablet=&#8221;0px&#8221; ul_text_shadow_blur_strength_tablet=&#8221;1px&#8221; ol_text_shadow_horizontal_length_tablet=&#8221;0px&#8221; ol_text_shadow_vertical_length_tablet=&#8221;0px&#8221; ol_text_shadow_blur_strength_tablet=&#8221;1px&#8221; quote_text_shadow_horizontal_length_tablet=&#8221;0px&#8221; quote_text_shadow_vertical_length_tablet=&#8221;0px&#8221; quote_text_shadow_blur_strength_tablet=&#8221;1px&#8221; header_text_shadow_horizontal_length_tablet=&#8221;0px&#8221; header_text_shadow_vertical_length_tablet=&#8221;0px&#8221; header_text_shadow_blur_strength_tablet=&#8221;1px&#8221; header_2_text_shadow_horizontal_length_tablet=&#8221;0px&#8221; header_2_text_shadow_vertical_length_tablet=&#8221;0px&#8221; header_2_text_shadow_blur_strength_tablet=&#8221;1px&#8221; header_3_text_shadow_horizontal_length_tablet=&#8221;0px&#8221; header_3_text_shadow_vertical_length_tablet=&#8221;0px&#8221; header_3_text_shadow_blur_strength_tablet=&#8221;1px&#8221; header_4_text_shadow_horizontal_length_tablet=&#8221;0px&#8221; header_4_text_shadow_vertical_length_tablet=&#8221;0px&#8221; header_4_text_shadow_blur_strength_tablet=&#8221;1px&#8221; header_5_text_shadow_horizontal_length_tablet=&#8221;0px&#8221; header_5_text_shadow_vertical_length_tablet=&#8221;0px&#8221; header_5_text_shadow_blur_strength_tablet=&#8221;1px&#8221; header_6_text_shadow_horizontal_length_tablet=&#8221;0px&#8221; header_6_text_shadow_vertical_length_tablet=&#8221;0px&#8221; header_6_text_shadow_blur_strength_tablet=&#8221;1px&#8221; box_shadow_horizontal_tablet=&#8221;0px&#8221; box_shadow_vertical_tablet=&#8221;0px&#8221; box_shadow_blur_tablet=&#8221;40px&#8221; box_shadow_spread_tablet=&#8221;0px&#8221; global_colors_info=&#8221;{}&#8221; theme_builder_area=&#8221;post_content&#8221; sticky_enabled=&#8221;0&#8243;]<\/p>\n<h2>Franc\u00e9s<\/h2>\n<p class=\"p1\">Para el curso 2024\/2025, las materias asignadas a este departamento son:<\/p>\n<ul>\n<li class=\"p2\">Franc\u00e9s en 1\u00ba, 2\u00ba, 3\u00ba y 4\u00ba de ESO.<\/li>\n<li class=\"p2\">Franc\u00e9s en 1\u00ba y 2\u00ba de Bachillerato.<\/li>\n<\/ul>\n<p class=\"p1\">Las responsabilidades docentes quedan distribuidas de la siguiente manera:<\/p>\n<ul>\n<li class=\"p2\"><span class=\"s1\"><b>D\u00f1a. Ana Garc\u00eda Garc\u00eda<\/b><\/span>: Responsable del Departamento.<\/li>\n<\/ul>\n<p class=\"p1\">Adem\u00e1s de la labor docente, el departamento organiza y participa en diversas actividades extraescolares y complementarias con el objetivo de fomentar el aprendizaje del idioma franc\u00e9s y acercar al alumnado a la cultura franc\u00f3fona. Entre ellas, destacan:<\/p>\n<ul>\n<li class=\"p2\"><span class=\"s1\"><b>Intercambio epistolar<\/b><\/span> de alumnos de ESO con el Instituto Georges Brassens de Rennes (La Bretagne, Francia).<\/li>\n<li class=\"p2\"><span class=\"s1\"><b>Concurso \u201cCartes de No\u00ebl\u201d<\/b><\/span>, en el que los estudiantes dise\u00f1an postales navide\u00f1as y comparten recetas t\u00edpicas francesas de la \u00e9poca.<\/li>\n<li class=\"p2\"><span class=\"s1\"><b>Celebraci\u00f3n del D\u00eda de la Chandeleur<\/b><\/span> (La Candelaria) en febrero, con actividades culturales y gastron\u00f3micas.<\/li>\n<li class=\"p2\"><span class=\"s1\"><b>Concurso literario de San Valent\u00edn<\/b><\/span>, donde el alumnado elabora <i>tweets<\/i> y <i>haikus<\/i> en franc\u00e9s.<\/li>\n<li class=\"p2\"><span class=\"s1\"><b>Jornada francesa<\/b><\/span>, con presentaciones sobre pa\u00edses franc\u00f3fonos y regiones de Francia, explorando su cultura, historia, tradiciones, geograf\u00eda, lugares de inter\u00e9s y gastronom\u00eda.<\/li>\n<li class=\"p2\"><span class=\"s1\"><b>Elaboraci\u00f3n de recetas francesas<\/b><\/span>, con la presentaci\u00f3n de productos t\u00edpicos del pa\u00eds en la Jornada francesa.<\/li>\n<li class=\"p2\"><span class=\"s1\"><b>Asistencia a representaciones teatrales en franc\u00e9s<\/b><\/span>, siempre que sea posible, en Granada o Ja\u00e9n, para fomentar la comprensi\u00f3n auditiva y la inmersi\u00f3n ling\u00fc\u00edstica.<\/li>\n<\/ul>\n<p class=\"p1\">El Departamento de Franc\u00e9s contribuye a la formaci\u00f3n ling\u00fc\u00edstica y cultural del alumnado, promoviendo el inter\u00e9s por la lengua francesa y su relevancia en el mundo actual.<\/p>\n<p>[\/et_pb_text][\/et_pb_column][\/et_pb_row][\/et_pb_section]<\/p>\n","protected":false},"excerpt":{"rendered":"<p>Franc\u00e9s Para el curso 2024\/2025, las materias asignadas a este departamento son: Franc\u00e9s en 1\u00ba, 2\u00ba, 3\u00ba y 4\u00ba de ESO. Franc\u00e9s en 1\u00ba y 2\u00ba de Bachillerato. Las responsabilidades docentes quedan distribuidas de la siguiente manera: D\u00f1a. Ana Garc\u00eda Garc\u00eda: Responsable del Departamento. Adem\u00e1s de la labor docente, el departamento organiza y participa en [&hellip;]<\/p>\n","protected":false},"author":15116,"featured_media":0,"parent":0,"menu_order":0,"comment_status":"closed","ping_status":"closed","template":"","meta":{"_et_pb_use_builder":"on","_et_pb_old_content":"","_et_gb_content_width":"","ngg_post_thumbnail":0,"footnotes":""},"aioseo_notices":[],"_links":{"self":[{"href":"https:\/\/blogsaverroes.juntadeandalucia.es\/iespuertadearenas\/wp-json\/wp\/v2\/pages\/760"}],"collection":[{"href":"https:\/\/blogsaverroes.juntadeandalucia.es\/iespuertadearenas\/wp-json\/wp\/v2\/pages"}],"about":[{"href":"https:\/\/blogsaverroes.juntadeandalucia.es\/iespuertadearenas\/wp-json\/wp\/v2\/types\/page"}],"author":[{"embeddable":true,"href":"https:\/\/blogsaverroes.juntadeandalucia.es\/iespuertadearenas\/wp-json\/wp\/v2\/users\/15116"}],"replies":[{"embeddable":true,"href":"https:\/\/blogsaverroes.juntadeandalucia.es\/iespuertadearenas\/wp-json\/wp\/v2\/comments?post=760"}],"version-history":[{"count":2,"href":"https:\/\/blogsaverroes.juntadeandalucia.es\/iespuertadearenas\/wp-json\/wp\/v2\/pages\/760\/revisions"}],"predecessor-version":[{"id":762,"href":"https:\/\/blogsaverroes.juntadeandalucia.es\/iespuertadearenas\/wp-json\/wp\/v2\/pages\/760\/revisions\/762"}],"wp:attachment":[{"href":"https:\/\/blogsaverroes.juntadeandalucia.es\/iespuertadearenas\/wp-json\/wp\/v2\/media?parent=760"}],"curies":[{"name":"wp","href":"https:\/\/api.w.org\/{rel}","templated":true}]}}