{"id":787,"date":"2025-06-02T12:19:49","date_gmt":"2025-06-02T10:19:49","guid":{"rendered":"https:\/\/blogsaverroes.juntadeandalucia.es\/iespuertadearenas\/?page_id=787"},"modified":"2025-06-02T13:14:46","modified_gmt":"2025-06-02T11:14:46","slug":"ingles","status":"publish","type":"page","link":"https:\/\/blogsaverroes.juntadeandalucia.es\/iespuertadearenas\/ingles\/","title":{"rendered":"Ingl\u00e9s"},"content":{"rendered":"<p>[et_pb_section fb_built=&#8221;1&#8243; _builder_version=&#8221;4.16&#8243; custom_padding=&#8221;0px||0px|&#8221; z_index_tablet=&#8221;500&#8243; box_shadow_horizontal_tablet=&#8221;0px&#8221; box_shadow_vertical_tablet=&#8221;0px&#8221; box_shadow_blur_tablet=&#8221;40px&#8221; box_shadow_spread_tablet=&#8221;0px&#8221; global_colors_info=&#8221;{}&#8221;][et_pb_row _builder_version=&#8221;4.16&#8243; background_size=&#8221;initial&#8221; background_position=&#8221;top_left&#8221; background_repeat=&#8221;repeat&#8221; global_colors_info=&#8221;{}&#8221;][et_pb_column type=&#8221;4_4&#8243; _builder_version=&#8221;4.16&#8243; custom_padding=&#8221;|||&#8221; global_colors_info=&#8221;{}&#8221; custom_padding__hover=&#8221;|||&#8221;][et_pb_image src=&#8221;https:\/\/blogsaverroes.juntadeandalucia.es\/iespuertadearenas\/files\/2020\/02\/cabecera-interior-ies-3.png&#8221; title_text=&#8221;cabecera-interior-ies-3&#8243; admin_label=&#8221;Imagen de la portada&#8221; _builder_version=&#8221;4.24.2&#8243; vertical_offset_tablet=&#8221;0&#8243; horizontal_offset_tablet=&#8221;0&#8243; z_index_tablet=&#8221;500&#8243; box_shadow_horizontal_tablet=&#8221;0px&#8221; box_shadow_vertical_tablet=&#8221;0px&#8221; box_shadow_blur_tablet=&#8221;40px&#8221; box_shadow_spread_tablet=&#8221;0px&#8221; global_colors_info=&#8221;{}&#8221;][\/et_pb_image][et_pb_text admin_label=&#8221;Texto descriptivo&#8221; _builder_version=&#8221;4.24.2&#8243; hover_enabled=&#8221;0&#8243; z_index_tablet=&#8221;500&#8243; text_text_shadow_horizontal_length_tablet=&#8221;0px&#8221; text_text_shadow_vertical_length_tablet=&#8221;0px&#8221; text_text_shadow_blur_strength_tablet=&#8221;1px&#8221; link_text_shadow_horizontal_length_tablet=&#8221;0px&#8221; link_text_shadow_vertical_length_tablet=&#8221;0px&#8221; link_text_shadow_blur_strength_tablet=&#8221;1px&#8221; ul_text_shadow_horizontal_length_tablet=&#8221;0px&#8221; ul_text_shadow_vertical_length_tablet=&#8221;0px&#8221; ul_text_shadow_blur_strength_tablet=&#8221;1px&#8221; ol_text_shadow_horizontal_length_tablet=&#8221;0px&#8221; ol_text_shadow_vertical_length_tablet=&#8221;0px&#8221; ol_text_shadow_blur_strength_tablet=&#8221;1px&#8221; quote_text_shadow_horizontal_length_tablet=&#8221;0px&#8221; quote_text_shadow_vertical_length_tablet=&#8221;0px&#8221; quote_text_shadow_blur_strength_tablet=&#8221;1px&#8221; header_text_shadow_horizontal_length_tablet=&#8221;0px&#8221; header_text_shadow_vertical_length_tablet=&#8221;0px&#8221; header_text_shadow_blur_strength_tablet=&#8221;1px&#8221; header_2_text_shadow_horizontal_length_tablet=&#8221;0px&#8221; header_2_text_shadow_vertical_length_tablet=&#8221;0px&#8221; header_2_text_shadow_blur_strength_tablet=&#8221;1px&#8221; header_3_text_shadow_horizontal_length_tablet=&#8221;0px&#8221; header_3_text_shadow_vertical_length_tablet=&#8221;0px&#8221; header_3_text_shadow_blur_strength_tablet=&#8221;1px&#8221; header_4_text_shadow_horizontal_length_tablet=&#8221;0px&#8221; header_4_text_shadow_vertical_length_tablet=&#8221;0px&#8221; header_4_text_shadow_blur_strength_tablet=&#8221;1px&#8221; header_5_text_shadow_horizontal_length_tablet=&#8221;0px&#8221; header_5_text_shadow_vertical_length_tablet=&#8221;0px&#8221; header_5_text_shadow_blur_strength_tablet=&#8221;1px&#8221; header_6_text_shadow_horizontal_length_tablet=&#8221;0px&#8221; header_6_text_shadow_vertical_length_tablet=&#8221;0px&#8221; header_6_text_shadow_blur_strength_tablet=&#8221;1px&#8221; box_shadow_horizontal_tablet=&#8221;0px&#8221; box_shadow_vertical_tablet=&#8221;0px&#8221; box_shadow_blur_tablet=&#8221;40px&#8221; box_shadow_spread_tablet=&#8221;0px&#8221; global_colors_info=&#8221;{}&#8221; sticky_enabled=&#8221;0&#8243;]<\/p>\n<h2>Ingl\u00e9s<\/h2>\n<p>Para el curso 2024\/2025, las materias asignadas a este departamento son:<\/p>\n<ul>\n<li class=\"p1\">Ingl\u00e9s en ESO y Bachillerato.<\/li>\n<li class=\"p1\">Ingl\u00e9s en 1\u00ba CFGM.<\/li>\n<li class=\"p1\">Oratoria y Debate en 3\u00ba ESO.<\/li>\n<li class=\"p1\">Comunicaci\u00f3n y Sociedad II en 2\u00ba FPGB.<\/li>\n<li class=\"p1\">Libre Configuraci\u00f3n en 2\u00ba CFGM.<\/li>\n<\/ul>\n<p>Las responsabilidades docentes quedan distribuidas de la siguiente manera:<\/p>\n<ul>\n<li><strong>D\u00f1a. M\u00aa Olga Arcal\u00e1 Campillo:<\/strong> Jefa de Departamento, Coordinadora del Plan Andaluz de Salud Laboral y Prevenci\u00f3n de Riesgos Laborales y tutora de 1\u00ba Bachillerato.<\/li>\n<li><strong>D\u00f1a. M\u00f3nica Ruiz S\u00e1nchez:<\/strong> Coordinadora del Proyecto Escuela espacio de Paz y tutora de 4o ESO-B.<\/li>\n<li><strong>D\u00f1a. Cristina Siles Vega:<\/strong> Coordinadora del Departamento de Actividades Complementarias y Extraescolares.<\/li>\n<\/ul>\n<p>Adem\u00e1s de la labor docente, el departamento organiza y participa en diversas actividades extraescolares y complementarias con el objetivo de fomentar el aprendizaje<br \/>del idioma ingl\u00e9s y acercar al alumnado a la cultura anglosajona. Entre ellas, destacan:<\/p>\n<ul>\n<li><strong>Actividades relacionadas con Halloween<\/strong> (Decoraci\u00f3n de puertas, concurso de tartas, concurso de microrrelatos de terror, gymkana, etc.).<\/li>\n<li><strong>Concurso de Christmas<\/strong> para primer y segundo ciclo de secundaria.<\/li>\n<li><strong>Concurso literario para San Valent\u00edn<\/strong> junto con el resto de departamentos del \u00c1rea Ling\u00fc\u00edstica con dos categor\u00edas: tweet y haiku en el que se escribir\u00e1n<br \/>mensajes en castellano, franc\u00e9s, ingl\u00e9s, griego y lat\u00edn.<\/li>\n<li>Actividades del \u00c1rea Ling\u00fc\u00edstica de la<strong> Semana del Libro<\/strong>.<\/li>\n<li><strong>Cake Day<\/strong> (D\u00eda de las Tartas) en primavera.<\/li>\n<li><strong>Viaje de Innmersi\u00f3n Ling\u00fc\u00edstica en la ciudad inglesa de Broadstairs<\/strong>, para alumnado de 3o y 4o ESO.<\/li>\n<li><strong>Intercambio virtual con el instituto Gesamtschule Hiesfeld de Alemania y con el instituto Caston School en Indiana<\/strong>, EEUU: Realizaci\u00f3n de<br \/>videollamadas e intercambio de videos (1o ESO y 2o Bachillerato).<\/li>\n<li><strong>Representaci\u00f3n de una obra de teatro en Ingl\u00e9s.<\/strong><\/li>\n<li><strong>Charlas culturales<\/strong> llevadas a cabo por la Editorial Burlington.<\/li>\n<li><strong>Viaje a Almagro y Viso del Marqu\u00e9s<\/strong>. Asistencia a una obra de teatro en el Corral de Comedias, preferentemente de un autor de habla inglesa.<\/li>\n<li>Participaci\u00f3n en la conmemoraci\u00f3n de efem\u00e9rides como el D\u00eda de la Constituci\u00f3n, 28 de febrero, D\u00eda de Andaluc\u00eda, el D\u00eda de la Paz, o el 8M.<\/li>\n<li>Implicaci\u00f3n en los planes y proyectos educativos del Centro.<\/li>\n<\/ul>\n<p>El Departamento de Ingl\u00e9s contribuye a la formaci\u00f3n ling\u00fc\u00edstica y cultural del alumnado, promoviendo el inter\u00e9s por la lengua inglesa y su relevancia en el mundo actual.<\/p>\n<p>[\/et_pb_text][\/et_pb_column][\/et_pb_row][\/et_pb_section]<\/p>\n","protected":false},"excerpt":{"rendered":"<p>Ingl\u00e9s Para el curso 2024\/2025, las materias asignadas a este departamento son: Ingl\u00e9s en ESO y Bachillerato. Ingl\u00e9s en 1\u00ba CFGM. Oratoria y Debate en 3\u00ba ESO. Comunicaci\u00f3n y Sociedad II en 2\u00ba FPGB. Libre Configuraci\u00f3n en 2\u00ba CFGM. Las responsabilidades docentes quedan distribuidas de la siguiente manera: D\u00f1a. M\u00aa Olga Arcal\u00e1 Campillo: Jefa de [&hellip;]<\/p>\n","protected":false},"author":15116,"featured_media":0,"parent":0,"menu_order":0,"comment_status":"closed","ping_status":"closed","template":"","meta":{"_et_pb_use_builder":"on","_et_pb_old_content":"","_et_gb_content_width":"","ngg_post_thumbnail":0,"footnotes":""},"aioseo_notices":[],"_links":{"self":[{"href":"https:\/\/blogsaverroes.juntadeandalucia.es\/iespuertadearenas\/wp-json\/wp\/v2\/pages\/787"}],"collection":[{"href":"https:\/\/blogsaverroes.juntadeandalucia.es\/iespuertadearenas\/wp-json\/wp\/v2\/pages"}],"about":[{"href":"https:\/\/blogsaverroes.juntadeandalucia.es\/iespuertadearenas\/wp-json\/wp\/v2\/types\/page"}],"author":[{"embeddable":true,"href":"https:\/\/blogsaverroes.juntadeandalucia.es\/iespuertadearenas\/wp-json\/wp\/v2\/users\/15116"}],"replies":[{"embeddable":true,"href":"https:\/\/blogsaverroes.juntadeandalucia.es\/iespuertadearenas\/wp-json\/wp\/v2\/comments?post=787"}],"version-history":[{"count":4,"href":"https:\/\/blogsaverroes.juntadeandalucia.es\/iespuertadearenas\/wp-json\/wp\/v2\/pages\/787\/revisions"}],"predecessor-version":[{"id":794,"href":"https:\/\/blogsaverroes.juntadeandalucia.es\/iespuertadearenas\/wp-json\/wp\/v2\/pages\/787\/revisions\/794"}],"wp:attachment":[{"href":"https:\/\/blogsaverroes.juntadeandalucia.es\/iespuertadearenas\/wp-json\/wp\/v2\/media?parent=787"}],"curies":[{"name":"wp","href":"https:\/\/api.w.org\/{rel}","templated":true}]}}