{"id":1195,"date":"2022-01-16T09:18:52","date_gmt":"2022-01-16T08:18:52","guid":{"rendered":"https:\/\/blogsaverroes.juntadeandalucia.es\/iespuertadelandevalo\/?page_id=1195"},"modified":"2022-01-16T09:39:02","modified_gmt":"2022-01-16T08:39:02","slug":"noticias","status":"publish","type":"page","link":"https:\/\/blogsaverroes.juntadeandalucia.es\/iespuertadelandevalo\/noticias\/","title":{"rendered":"Noticias"},"content":{"rendered":"<p>PRIMER CENTRO P\u00daBLICO EN CONTAR CON FP DUAL DE LA PROVINCIA (2018)<\/p>\n<p><a href=\"https:\/\/www.europapress.es\/andalucia\/huelva-00354\/noticia-ies-puerta-andevalo-san-bartolome-huelva-sera-primer-centro-publico-contar-fp-basica-dual-20180620190148.html\" target=\"_blank\" rel=\"noopener noreferrer\">https:\/\/www.europapress.es\/andalucia\/huelva-00354\/noticia-ies-puerta-andevalo-san-bartolome-huelva-sera-primer-centro-publico-contar-fp-basica-dual-20180620190148.html<\/a><\/p>\n<p>OBRAS DE CLIMATIZACI\u00d3N (2019)<\/p>\n<p><a href=\"https:\/\/www.20minutos.es\/noticia\/3529724\/0\/educacion-la-junta-invertira-73-000-euros-obras-climatizacion-centros-educativos-san-bartolome\/\" target=\"_blank\" rel=\"noopener noreferrer\">https:\/\/www.20minutos.es\/noticia\/3529724\/0\/educacion-la-junta-invertira-73-000-euros-obras-climatizacion-centros-educativos-san-bartolome\/<\/a><\/p>\n<p>PROYECTO CEBRA (2019)<\/p>\n<p><a href=\"https:\/\/huelvabuenasnoticias.com\/2019\/03\/21\/san-bartolome-de-la-torre-pinta-sus-pasos-de-cebra-exigiendo-valores-a-la-ciudadania\/\" target=\"_blank\" rel=\"noopener noreferrer\">https:\/\/huelvabuenasnoticias.com\/2019\/03\/21\/san-bartolome-de-la-torre-pinta-sus-pasos-de-cebra-exigiendo-valores-a-la-ciudadania\/<\/a><\/p>\n<p>PREMIO A MEJORES VIDEOS EN CONTRA DE LA VIOLENCIA DE G\u00c9NERO (2021)<\/p>\n<blockquote class=\"wp-embedded-content\" data-secret=\"zwhGi9vWul\"><p><a href=\"https:\/\/huelvaya.es\/2021\/02\/27\/diputacion-entrega-premios-a-los-mejores-videos-sobre-violencia-de-genero\/\">Diputaci\u00f3n entrega premios a los mejores v\u00eddeos sobre violencia de g\u00e9nero<\/a><\/p><\/blockquote>\n<p><iframe class=\"wp-embedded-content\" sandbox=\"allow-scripts\" security=\"restricted\" style=\"position: absolute; clip: rect(1px, 1px, 1px, 1px);\" title=\"\u00abDiputaci\u00f3n entrega premios a los mejores v\u00eddeos sobre violencia de g\u00e9nero\u00bb \u2014 Huelva Ya noticias peri\u00f3dico digital de la provincia de Huelva\" src=\"https:\/\/huelvaya.es\/2021\/02\/27\/diputacion-entrega-premios-a-los-mejores-videos-sobre-violencia-de-genero\/embed\/#?secret=zwhGi9vWul\" data-secret=\"zwhGi9vWul\" width=\"500\" height=\"282\" frameborder=\"0\" marginwidth=\"0\" marginheight=\"0\" scrolling=\"no\"><\/iframe><\/p>\n","protected":false},"excerpt":{"rendered":"<p>PRIMER CENTRO P\u00daBLICO EN CONTAR CON FP DUAL DE LA PROVINCIA (2018) https:\/\/www.europapress.es\/andalucia\/huelva-00354\/noticia-ies-puerta-andevalo-san-bartolome-huelva-sera-primer-centro-publico-contar-fp-basica-dual-20180620190148.html OBRAS DE CLIMATIZACI\u00d3N (2019) https:\/\/www.20minutos.es\/noticia\/3529724\/0\/educacion-la-junta-invertira-73-000-euros-obras-climatizacion-centros-educativos-san-bartolome\/ PROYECTO CEBRA (2019) https:\/\/huelvabuenasnoticias.com\/2019\/03\/21\/san-bartolome-de-la-torre-pinta-sus-pasos-de-cebra-exigiendo-valores-a-la-ciudadania\/ PREMIO A MEJORES VIDEOS EN CONTRA DE LA VIOLENCIA DE G\u00c9NERO (2021)&#46;&#46;&#46;<\/p>\n","protected":false},"author":12609,"featured_media":0,"parent":0,"menu_order":0,"comment_status":"closed","ping_status":"closed","template":"","meta":{"ngg_post_thumbnail":0,"footnotes":""},"aioseo_notices":[],"_links":{"self":[{"href":"https:\/\/blogsaverroes.juntadeandalucia.es\/iespuertadelandevalo\/wp-json\/wp\/v2\/pages\/1195"}],"collection":[{"href":"https:\/\/blogsaverroes.juntadeandalucia.es\/iespuertadelandevalo\/wp-json\/wp\/v2\/pages"}],"about":[{"href":"https:\/\/blogsaverroes.juntadeandalucia.es\/iespuertadelandevalo\/wp-json\/wp\/v2\/types\/page"}],"author":[{"embeddable":true,"href":"https:\/\/blogsaverroes.juntadeandalucia.es\/iespuertadelandevalo\/wp-json\/wp\/v2\/users\/12609"}],"replies":[{"embeddable":true,"href":"https:\/\/blogsaverroes.juntadeandalucia.es\/iespuertadelandevalo\/wp-json\/wp\/v2\/comments?post=1195"}],"version-history":[{"count":3,"href":"https:\/\/blogsaverroes.juntadeandalucia.es\/iespuertadelandevalo\/wp-json\/wp\/v2\/pages\/1195\/revisions"}],"predecessor-version":[{"id":1207,"href":"https:\/\/blogsaverroes.juntadeandalucia.es\/iespuertadelandevalo\/wp-json\/wp\/v2\/pages\/1195\/revisions\/1207"}],"wp:attachment":[{"href":"https:\/\/blogsaverroes.juntadeandalucia.es\/iespuertadelandevalo\/wp-json\/wp\/v2\/media?parent=1195"}],"curies":[{"name":"wp","href":"https:\/\/api.w.org\/{rel}","templated":true}]}}