{"id":1201,"date":"2022-01-16T09:30:31","date_gmt":"2022-01-16T08:30:31","guid":{"rendered":"https:\/\/blogsaverroes.juntadeandalucia.es\/iespuertadelandevalo\/?page_id=1201"},"modified":"2022-02-01T21:04:17","modified_gmt":"2022-02-01T20:04:17","slug":"premios","status":"publish","type":"page","link":"https:\/\/blogsaverroes.juntadeandalucia.es\/iespuertadelandevalo\/premios\/","title":{"rendered":"Premios"},"content":{"rendered":"<p><a href=\"https:\/\/drive.google.com\/file\/d\/1M20rXp2uclwBnL8lLpSEwa-7l68zT5vM\/view?usp=sharing\" target=\"_blank\" rel=\"noopener noreferrer\">PREMIO A MEJOR DISE\u00d1O Y MEJOR IDEA ORIGINAL AL VIDEO &#8220;DERECHOS DE LOS NI\u00d1OS&#8221; D\u00cdA DE LA INFANCIA<\/a><\/p>\n<p><a href=\"https:\/\/drive.google.com\/file\/d\/1M20rXp2uclwBnL8lLpSEwa-7l68zT5vM\/view?usp=sharing\" target=\"_blank\" rel=\"noopener noreferrer\"><img loading=\"lazy\" decoding=\"async\" class=\"alignnone  wp-image-1284\" src=\"https:\/\/blogsaverroes.juntadeandalucia.es\/iespuertadelandevalo\/files\/2022\/02\/derechos_page-0001-300x168.jpg\" alt=\"\" width=\"425\" height=\"238\" srcset=\"https:\/\/blogsaverroes.juntadeandalucia.es\/iespuertadelandevalo\/files\/2022\/02\/derechos_page-0001-300x168.jpg 300w, https:\/\/blogsaverroes.juntadeandalucia.es\/iespuertadelandevalo\/files\/2022\/02\/derechos_page-0001-768x431.jpg 768w, https:\/\/blogsaverroes.juntadeandalucia.es\/iespuertadelandevalo\/files\/2022\/02\/derechos_page-0001.jpg 1003w\" sizes=\"(max-width: 425px) 100vw, 425px\" \/><\/a><\/p>\n<p><a href=\"https:\/\/drive.google.com\/file\/d\/1Hil-3kKXT10FGuPhMffB3id8E-aV74ou\/view?usp=sharing\" target=\"_blank\" rel=\"noopener noreferrer\">PREMIO A MEJORES VIDEOS EN CONTRA DE LA VIOLENCIA DE G\u00c9NERO (2021)<\/a><\/p>\n<p><iframe loading=\"lazy\" src=\"https:\/\/huelvaya.es\/2021\/02\/27\/diputacion-entrega-premios-a-los-mejores-videos-sobre-violencia-de-genero\/embed\/#?secret=zwhGi9vWul\" width=\"500\" height=\"556\" frameborder=\"0\" marginwidth=\"0\" marginheight=\"0\" scrolling=\"no\" sandbox=\"allow-scripts\"><\/iframe><\/p>\n","protected":false},"excerpt":{"rendered":"<p>PREMIO A MEJOR DISE\u00d1O Y MEJOR IDEA ORIGINAL AL VIDEO &#8220;DERECHOS DE LOS NI\u00d1OS&#8221; D\u00cdA DE LA INFANCIA PREMIO A MEJORES VIDEOS EN CONTRA DE LA VIOLENCIA DE G\u00c9NERO (2021)<\/p>\n","protected":false},"author":12609,"featured_media":0,"parent":0,"menu_order":0,"comment_status":"closed","ping_status":"closed","template":"","meta":{"ngg_post_thumbnail":0,"footnotes":""},"aioseo_notices":[],"_links":{"self":[{"href":"https:\/\/blogsaverroes.juntadeandalucia.es\/iespuertadelandevalo\/wp-json\/wp\/v2\/pages\/1201"}],"collection":[{"href":"https:\/\/blogsaverroes.juntadeandalucia.es\/iespuertadelandevalo\/wp-json\/wp\/v2\/pages"}],"about":[{"href":"https:\/\/blogsaverroes.juntadeandalucia.es\/iespuertadelandevalo\/wp-json\/wp\/v2\/types\/page"}],"author":[{"embeddable":true,"href":"https:\/\/blogsaverroes.juntadeandalucia.es\/iespuertadelandevalo\/wp-json\/wp\/v2\/users\/12609"}],"replies":[{"embeddable":true,"href":"https:\/\/blogsaverroes.juntadeandalucia.es\/iespuertadelandevalo\/wp-json\/wp\/v2\/comments?post=1201"}],"version-history":[{"count":7,"href":"https:\/\/blogsaverroes.juntadeandalucia.es\/iespuertadelandevalo\/wp-json\/wp\/v2\/pages\/1201\/revisions"}],"predecessor-version":[{"id":1285,"href":"https:\/\/blogsaverroes.juntadeandalucia.es\/iespuertadelandevalo\/wp-json\/wp\/v2\/pages\/1201\/revisions\/1285"}],"wp:attachment":[{"href":"https:\/\/blogsaverroes.juntadeandalucia.es\/iespuertadelandevalo\/wp-json\/wp\/v2\/media?parent=1201"}],"curies":[{"name":"wp","href":"https:\/\/api.w.org\/{rel}","templated":true}]}}