{"id":1375,"date":"2022-02-16T19:50:06","date_gmt":"2022-02-16T18:50:06","guid":{"rendered":"https:\/\/blogsaverroes.juntadeandalucia.es\/iespuertadelandevalo\/?page_id=1375"},"modified":"2022-02-16T20:38:44","modified_gmt":"2022-02-16T19:38:44","slug":"recursos-digitales","status":"publish","type":"page","link":"https:\/\/blogsaverroes.juntadeandalucia.es\/iespuertadelandevalo\/recursos-digitales\/","title":{"rendered":"RECURSOS DIGITALES"},"content":{"rendered":"<p><img loading=\"lazy\" decoding=\"async\" class=\"size-medium wp-image-1385 alignleft\" src=\"https:\/\/blogsaverroes.juntadeandalucia.es\/iespuertadelandevalo\/files\/2022\/02\/recursos-educativos-digitales-r-1-1-300x203.png\" alt=\"\" width=\"300\" height=\"203\" srcset=\"https:\/\/blogsaverroes.juntadeandalucia.es\/iespuertadelandevalo\/files\/2022\/02\/recursos-educativos-digitales-r-1-1-300x203.png 300w, https:\/\/blogsaverroes.juntadeandalucia.es\/iespuertadelandevalo\/files\/2022\/02\/recursos-educativos-digitales-r-1-1.png 356w\" sizes=\"(max-width: 300px) 100vw, 300px\" \/>En esta p\u00e1gina ofrecemos distintos recursos para resolver dudas a familias, alumnado o profesorado relacionado con las aplicaciones ipasen, s\u00e9neca, classroom, drive y otras&#8230;<\/p>\n<p><a href=\"https:\/\/sites.google.com\/g.educaand.es\/iespuertadelandevaloformacion\/inicio\" target=\"_blank\" rel=\"noopener noreferrer\">https:\/\/sites.google.com\/g.educaand.es\/iespuertadelandevaloformacion\/inicio<\/a><\/p>\n<p><span style=\"font-family: tahoma, arial, helvetica, sans-serif;font-size: 14pt;font-style: normal;font-weight: normal;letter-spacing: normal;text-align: start;text-indent: 0px;text-transform: none;text-decoration: none;float: none\">Guarda el c\u00f3digo QR de l<\/span><span style=\"font-family: tahoma, arial, helvetica, sans-serif;font-size: 14pt;font-style: normal;font-weight: normal;letter-spacing: normal;text-align: start;text-indent: 0px;text-transform: none;text-decoration: none;float: none\">a p\u00e1gina para acceder m\u00e1s f\u00e1cilmente a ella con tu m\u00f3vil<\/span><\/p>\n<p><span style=\"font-family: Lato;font-size: 26.66666603088379px;font-style: normal;font-weight: normal;letter-spacing: normal;text-align: start;text-indent: 0px;text-transform: none;text-decoration: none;float: none\"><img loading=\"lazy\" decoding=\"async\" class=\"size-full wp-image-1381 alignnone\" src=\"https:\/\/blogsaverroes.juntadeandalucia.es\/iespuertadelandevalo\/files\/2022\/02\/img_8672.jpg\" width=\"200\" height=\"200\" srcset=\"https:\/\/blogsaverroes.juntadeandalucia.es\/iespuertadelandevalo\/files\/2022\/02\/img_8672.jpg 200w, https:\/\/blogsaverroes.juntadeandalucia.es\/iespuertadelandevalo\/files\/2022\/02\/img_8672-150x150.jpg 150w, https:\/\/blogsaverroes.juntadeandalucia.es\/iespuertadelandevalo\/files\/2022\/02\/img_8672-80x80.jpg 80w\" sizes=\"(max-width: 200px) 100vw, 200px\" \/><\/span><\/p>\n<p>&nbsp;<\/p>\n","protected":false},"excerpt":{"rendered":"<p>En esta p\u00e1gina ofrecemos distintos recursos para resolver dudas a familias, alumnado o profesorado relacionado con las aplicaciones ipasen, s\u00e9neca, classroom, drive y otras&#8230; https:\/\/sites.google.com\/g.educaand.es\/iespuertadelandevaloformacion\/inicio Guarda el c\u00f3digo QR de la p\u00e1gina para acceder&#46;&#46;&#46;<\/p>\n","protected":false},"author":12609,"featured_media":0,"parent":0,"menu_order":0,"comment_status":"closed","ping_status":"closed","template":"","meta":{"ngg_post_thumbnail":0,"footnotes":""},"aioseo_notices":[],"_links":{"self":[{"href":"https:\/\/blogsaverroes.juntadeandalucia.es\/iespuertadelandevalo\/wp-json\/wp\/v2\/pages\/1375"}],"collection":[{"href":"https:\/\/blogsaverroes.juntadeandalucia.es\/iespuertadelandevalo\/wp-json\/wp\/v2\/pages"}],"about":[{"href":"https:\/\/blogsaverroes.juntadeandalucia.es\/iespuertadelandevalo\/wp-json\/wp\/v2\/types\/page"}],"author":[{"embeddable":true,"href":"https:\/\/blogsaverroes.juntadeandalucia.es\/iespuertadelandevalo\/wp-json\/wp\/v2\/users\/12609"}],"replies":[{"embeddable":true,"href":"https:\/\/blogsaverroes.juntadeandalucia.es\/iespuertadelandevalo\/wp-json\/wp\/v2\/comments?post=1375"}],"version-history":[{"count":11,"href":"https:\/\/blogsaverroes.juntadeandalucia.es\/iespuertadelandevalo\/wp-json\/wp\/v2\/pages\/1375\/revisions"}],"predecessor-version":[{"id":1390,"href":"https:\/\/blogsaverroes.juntadeandalucia.es\/iespuertadelandevalo\/wp-json\/wp\/v2\/pages\/1375\/revisions\/1390"}],"wp:attachment":[{"href":"https:\/\/blogsaverroes.juntadeandalucia.es\/iespuertadelandevalo\/wp-json\/wp\/v2\/media?parent=1375"}],"curies":[{"name":"wp","href":"https:\/\/api.w.org\/{rel}","templated":true}]}}