{"id":1696,"date":"2022-06-02T16:37:12","date_gmt":"2022-06-02T15:37:12","guid":{"rendered":"https:\/\/blogsaverroes.juntadeandalucia.es\/iespuertadelandevalo\/?page_id=1696"},"modified":"2022-12-20T14:11:21","modified_gmt":"2022-12-20T13:11:21","slug":"secretaria-virtual","status":"publish","type":"page","link":"https:\/\/blogsaverroes.juntadeandalucia.es\/iespuertadelandevalo\/secretaria-virtual\/","title":{"rendered":"Secretar\u00eda virtual"},"content":{"rendered":"<p><img loading=\"lazy\" decoding=\"async\" class=\" wp-image-1840 aligncenter\" src=\"https:\/\/blogsaverroes.juntadeandalucia.es\/iespuertadelandevalo\/files\/2022\/12\/Noticias_Escolarizacion-300x81.jpg\" alt=\"\" width=\"352\" height=\"95\" srcset=\"https:\/\/blogsaverroes.juntadeandalucia.es\/iespuertadelandevalo\/files\/2022\/12\/Noticias_Escolarizacion-300x81.jpg 300w, https:\/\/blogsaverroes.juntadeandalucia.es\/iespuertadelandevalo\/files\/2022\/12\/Noticias_Escolarizacion-1024x276.jpg 1024w, https:\/\/blogsaverroes.juntadeandalucia.es\/iespuertadelandevalo\/files\/2022\/12\/Noticias_Escolarizacion-768x207.jpg 768w, https:\/\/blogsaverroes.juntadeandalucia.es\/iespuertadelandevalo\/files\/2022\/12\/Noticias_Escolarizacion.jpg 1200w\" sizes=\"(max-width: 352px) 100vw, 352px\" \/><\/p>\n<p style=\"text-align: center\"><span style=\"font-size: 14pt\"><strong>Accede a la secretar\u00eda virtual aqu\u00ed: \u00a0<\/strong>\u00a0 \u00a0<a href=\"https:\/\/www.juntadeandalucia.es\/educacion\/secretariavirtual\/\" target=\"_blank\" rel=\"noopener noreferrer\">https:\/\/www.juntadeandalucia.es\/educacion\/secretariavirtual\/<\/a><\/span><\/p>\n<p>La Consejer\u00eda de Educaci\u00f3n y Deporte dispone de distintas plataformas para la comunidad educativa en funci\u00f3n del colectivo o el \u00f3rgano al que se destinen las presentaciones telem\u00e1ticas que posibilitan la tramitaci\u00f3n electr\u00f3nica de procedimientos y otros servicios de consultas y seguimiento del estado de un tr\u00e1mite de forma on-line.\u00a0 La secretar\u00eda virtual permite realizar tr\u00e1mites telem\u00e1ticos con las Secretar\u00edas de los Centros de Ense\u00f1anza.<\/p>\n<p>&nbsp;<\/p>\n","protected":false},"excerpt":{"rendered":"<p>Accede a la secretar\u00eda virtual aqu\u00ed: \u00a0\u00a0 \u00a0https:\/\/www.juntadeandalucia.es\/educacion\/secretariavirtual\/ La Consejer\u00eda de Educaci\u00f3n y Deporte dispone de distintas plataformas para la comunidad educativa en funci\u00f3n del colectivo o el \u00f3rgano al que se destinen las&#46;&#46;&#46;<\/p>\n","protected":false},"author":12609,"featured_media":0,"parent":0,"menu_order":0,"comment_status":"closed","ping_status":"closed","template":"","meta":{"ngg_post_thumbnail":0,"footnotes":""},"aioseo_notices":[],"_links":{"self":[{"href":"https:\/\/blogsaverroes.juntadeandalucia.es\/iespuertadelandevalo\/wp-json\/wp\/v2\/pages\/1696"}],"collection":[{"href":"https:\/\/blogsaverroes.juntadeandalucia.es\/iespuertadelandevalo\/wp-json\/wp\/v2\/pages"}],"about":[{"href":"https:\/\/blogsaverroes.juntadeandalucia.es\/iespuertadelandevalo\/wp-json\/wp\/v2\/types\/page"}],"author":[{"embeddable":true,"href":"https:\/\/blogsaverroes.juntadeandalucia.es\/iespuertadelandevalo\/wp-json\/wp\/v2\/users\/12609"}],"replies":[{"embeddable":true,"href":"https:\/\/blogsaverroes.juntadeandalucia.es\/iespuertadelandevalo\/wp-json\/wp\/v2\/comments?post=1696"}],"version-history":[{"count":9,"href":"https:\/\/blogsaverroes.juntadeandalucia.es\/iespuertadelandevalo\/wp-json\/wp\/v2\/pages\/1696\/revisions"}],"predecessor-version":[{"id":1843,"href":"https:\/\/blogsaverroes.juntadeandalucia.es\/iespuertadelandevalo\/wp-json\/wp\/v2\/pages\/1696\/revisions\/1843"}],"wp:attachment":[{"href":"https:\/\/blogsaverroes.juntadeandalucia.es\/iespuertadelandevalo\/wp-json\/wp\/v2\/media?parent=1696"}],"curies":[{"name":"wp","href":"https:\/\/api.w.org\/{rel}","templated":true}]}}