{"id":21,"date":"2020-01-10T08:47:08","date_gmt":"2020-01-10T07:47:08","guid":{"rendered":"http:\/\/blogsaverroes.juntadeandalucia.es\/pre\/nuevoies2v2\/?page_id=21"},"modified":"2025-12-15T17:19:44","modified_gmt":"2025-12-15T16:19:44","slug":"2o-eso","status":"publish","type":"page","link":"https:\/\/blogsaverroes.juntadeandalucia.es\/iespuertadelandevalo\/2o-eso\/","title":{"rendered":"2\u00ba ESO"},"content":{"rendered":"<h2>2\u00ba ESO<\/h2>\n<table style=\"border-collapse: collapse;width: 67.0899%;height: 88px\">\n<tbody>\n<tr style=\"height: 28px\">\n<td style=\"width: 30.3257%;background-color: #f7d943;height: 28px\"><span style=\"font-size: 14pt\"><strong>2\u00baA<\/strong><\/span><\/td>\n<td style=\"width: 62.9368%;background-color: #f7d943;height: 28px\">&nbsp;<\/td>\n<\/tr>\n<tr style=\"height: 24px\">\n<td style=\"width: 30.3257%;height: 24px\">N\u00ba alumnos\/as<\/td>\n<td style=\"width: 62.9368%;height: 24px\">&nbsp;28<\/td>\n<\/tr>\n<tr style=\"height: 96px\">\n<td style=\"width: 30.3257%;height: 36px\">Tutora<\/td>\n<td style=\"width: 62.9368%;height: 36px\"><span style=\"font-weight: 400\">&nbsp;D\u00f1a. Ana Isabel G\u00f3mez Su\u00e1rez<\/span><\/td>\n<\/tr>\n<\/tbody>\n<\/table>\n<p>&nbsp;<\/p>\n<table style=\"border-collapse: collapse;width: 67.3203%;height: 76px\">\n<tbody>\n<tr style=\"height: 28px\">\n<td style=\"width: 30.8879%;height: 28px;background-color: #f7d943\"><span style=\"font-size: 14pt\"><strong>2\u00baB<\/strong><\/span><\/td>\n<td style=\"width: 63.3199%;height: 28px;background-color: #f7d943\">&nbsp;<\/td>\n<\/tr>\n<tr style=\"height: 24px\">\n<td style=\"width: 30.8879%;height: 24px\">N\u00ba alumnos\/as<\/td>\n<td style=\"width: 63.3199%;height: 24px\">&nbsp;28<\/td>\n<\/tr>\n<tr style=\"height: 24px\">\n<td style=\"width: 30.8879%;height: 24px\">Tutora<\/td>\n<td style=\"width: 63.3199%;height: 24px\">D\u00f1a. Mar\u00eda Dolores S\u00e1nchez Madue\u00f1o<\/td>\n<\/tr>\n<\/tbody>\n<\/table>\n<p>&nbsp;<\/p>\n","protected":false},"excerpt":{"rendered":"<p>2\u00ba ESO 2\u00baA &nbsp; N\u00ba alumnos\/as &nbsp;28 Tutora &nbsp;D\u00f1a. Ana Isabel G\u00f3mez Su\u00e1rez &nbsp; 2\u00baB &nbsp; N\u00ba alumnos\/as &nbsp;28 Tutora D\u00f1a. Mar\u00eda Dolores S\u00e1nchez Madue\u00f1o &nbsp;<\/p>\n","protected":false},"author":3096,"featured_media":0,"parent":0,"menu_order":0,"comment_status":"closed","ping_status":"closed","template":"","meta":{"ngg_post_thumbnail":0,"footnotes":""},"aioseo_notices":[],"_links":{"self":[{"href":"https:\/\/blogsaverroes.juntadeandalucia.es\/iespuertadelandevalo\/wp-json\/wp\/v2\/pages\/21"}],"collection":[{"href":"https:\/\/blogsaverroes.juntadeandalucia.es\/iespuertadelandevalo\/wp-json\/wp\/v2\/pages"}],"about":[{"href":"https:\/\/blogsaverroes.juntadeandalucia.es\/iespuertadelandevalo\/wp-json\/wp\/v2\/types\/page"}],"author":[{"embeddable":true,"href":"https:\/\/blogsaverroes.juntadeandalucia.es\/iespuertadelandevalo\/wp-json\/wp\/v2\/users\/3096"}],"replies":[{"embeddable":true,"href":"https:\/\/blogsaverroes.juntadeandalucia.es\/iespuertadelandevalo\/wp-json\/wp\/v2\/comments?post=21"}],"version-history":[{"count":17,"href":"https:\/\/blogsaverroes.juntadeandalucia.es\/iespuertadelandevalo\/wp-json\/wp\/v2\/pages\/21\/revisions"}],"predecessor-version":[{"id":2387,"href":"https:\/\/blogsaverroes.juntadeandalucia.es\/iespuertadelandevalo\/wp-json\/wp\/v2\/pages\/21\/revisions\/2387"}],"wp:attachment":[{"href":"https:\/\/blogsaverroes.juntadeandalucia.es\/iespuertadelandevalo\/wp-json\/wp\/v2\/media?parent=21"}],"curies":[{"name":"wp","href":"https:\/\/api.w.org\/{rel}","templated":true}]}}