{"id":2304,"date":"2024-12-09T23:12:35","date_gmt":"2024-12-09T22:12:35","guid":{"rendered":"https:\/\/blogsaverroes.juntadeandalucia.es\/iespuertadelandevalo\/?page_id=2304"},"modified":"2024-12-09T23:12:35","modified_gmt":"2024-12-09T22:12:35","slug":"filosofia","status":"publish","type":"page","link":"https:\/\/blogsaverroes.juntadeandalucia.es\/iespuertadelandevalo\/filosofia\/","title":{"rendered":"FILOSOF\u00cdA"},"content":{"rendered":"<table>\n<tbody>\n<tr>\n<td style=\"background-color: #bcf5f2;width: 46.3142%\"><b>PROFESORADO<\/b><\/td>\n<td style=\"background-color: #bcf5f2;width: 17.5004%\"><b>CURSOS<\/b><\/td>\n<td style=\"background-color: #bcf5f2;width: 75.7981%\"><b>PROGRAMACI\u00d3N DID\u00c1CTICA<\/b><\/td>\n<\/tr>\n<tr>\n<td style=\"width: 46.3142%\"><span style=\"font-weight: 400\">D. Jes\u00fas Ricardo Gonz\u00e1lez Leal<\/span><\/td>\n<td style=\"width: 17.5004%\"><span style=\"font-weight: 400\">4\u00ba ESO<\/span><\/td>\n<td style=\"width: 75.7981%\"><a href=\"https:\/\/blogsaverroes.juntadeandalucia.es\/iespuertadelandevalo\/files\/2024\/12\/4o-PD-Filosofia-2024-25.pdf\">4\u00ba PD Filosof\u00eda &#8211; 2024-25<\/a><\/td>\n<\/tr>\n<\/tbody>\n<\/table>\n","protected":false},"excerpt":{"rendered":"<p>PROFESORADO CURSOS PROGRAMACI\u00d3N DID\u00c1CTICA D. Jes\u00fas Ricardo Gonz\u00e1lez Leal 4\u00ba ESO 4\u00ba PD Filosof\u00eda &#8211; 2024-25<\/p>\n","protected":false},"author":15837,"featured_media":0,"parent":0,"menu_order":0,"comment_status":"closed","ping_status":"closed","template":"","meta":{"ngg_post_thumbnail":0,"footnotes":""},"aioseo_notices":[],"_links":{"self":[{"href":"https:\/\/blogsaverroes.juntadeandalucia.es\/iespuertadelandevalo\/wp-json\/wp\/v2\/pages\/2304"}],"collection":[{"href":"https:\/\/blogsaverroes.juntadeandalucia.es\/iespuertadelandevalo\/wp-json\/wp\/v2\/pages"}],"about":[{"href":"https:\/\/blogsaverroes.juntadeandalucia.es\/iespuertadelandevalo\/wp-json\/wp\/v2\/types\/page"}],"author":[{"embeddable":true,"href":"https:\/\/blogsaverroes.juntadeandalucia.es\/iespuertadelandevalo\/wp-json\/wp\/v2\/users\/15837"}],"replies":[{"embeddable":true,"href":"https:\/\/blogsaverroes.juntadeandalucia.es\/iespuertadelandevalo\/wp-json\/wp\/v2\/comments?post=2304"}],"version-history":[{"count":1,"href":"https:\/\/blogsaverroes.juntadeandalucia.es\/iespuertadelandevalo\/wp-json\/wp\/v2\/pages\/2304\/revisions"}],"predecessor-version":[{"id":2307,"href":"https:\/\/blogsaverroes.juntadeandalucia.es\/iespuertadelandevalo\/wp-json\/wp\/v2\/pages\/2304\/revisions\/2307"}],"wp:attachment":[{"href":"https:\/\/blogsaverroes.juntadeandalucia.es\/iespuertadelandevalo\/wp-json\/wp\/v2\/media?parent=2304"}],"curies":[{"name":"wp","href":"https:\/\/api.w.org\/{rel}","templated":true}]}}