{"id":24,"date":"2020-01-10T08:48:39","date_gmt":"2020-01-10T07:48:39","guid":{"rendered":"http:\/\/blogsaverroes.juntadeandalucia.es\/pre\/nuevoies2v2\/?page_id=24"},"modified":"2025-12-15T17:20:54","modified_gmt":"2025-12-15T16:20:54","slug":"3o-eso","status":"publish","type":"page","link":"https:\/\/blogsaverroes.juntadeandalucia.es\/iespuertadelandevalo\/3o-eso\/","title":{"rendered":"3\u00ba ESO"},"content":{"rendered":"<h2>3\u00ba ESO<\/h2>\n<table style=\"border-collapse: collapse;width: 61.6434%;height: 76px\">\n<tbody>\n<tr style=\"height: 28px\">\n<td style=\"width: 27.8437%;background-color: #f7d943;height: 28px\"><span style=\"font-size: 14pt\"><strong>3\u00baA<\/strong><\/span><\/td>\n<td style=\"width: 58.2725%;background-color: #f7d943;height: 28px\">&nbsp;<\/td>\n<\/tr>\n<tr style=\"height: 24px\">\n<td style=\"width: 27.8437%;height: 24px\">N\u00ba alumnos\/as<\/td>\n<td style=\"width: 58.2725%;height: 24px\">24<\/td>\n<\/tr>\n<tr style=\"height: 24px\">\n<td style=\"width: 27.8437%;height: 24px\">Tutora<\/td>\n<td style=\"width: 58.2725%;height: 24px\">&nbsp;D. Emilio Vi\u00f1olo Rodr\u00edguez<\/td>\n<\/tr>\n<\/tbody>\n<\/table>\n<p>&nbsp;<\/p>\n<table style=\"border-collapse: collapse;width: 61.6434%\">\n<tbody>\n<tr>\n<td style=\"width: 27.8437%;background-color: #f7d943\"><span style=\"font-size: 14pt\"><strong>3\u00baB<\/strong><\/span><\/td>\n<td style=\"width: 58.2725%;background-color: #f7d943\">&nbsp;<\/td>\n<\/tr>\n<tr>\n<td style=\"width: 27.8437%\">N\u00ba alumnos\/as<\/td>\n<td style=\"width: 58.2725%\">24<\/td>\n<\/tr>\n<tr>\n<td style=\"width: 27.8437%\">Tutor<\/td>\n<td style=\"width: 58.2725%\">&nbsp;D\u00f1a. Mar\u00eda Teresa Callejas Garc\u00eda<\/td>\n<\/tr>\n<\/tbody>\n<\/table>\n<p>&nbsp;<\/p>\n","protected":false},"excerpt":{"rendered":"<p>3\u00ba ESO 3\u00baA &nbsp; N\u00ba alumnos\/as 24 Tutora &nbsp;D. Emilio Vi\u00f1olo Rodr\u00edguez &nbsp; 3\u00baB &nbsp; N\u00ba alumnos\/as 24 Tutor &nbsp;D\u00f1a. Mar\u00eda Teresa Callejas Garc\u00eda &nbsp;<\/p>\n","protected":false},"author":3096,"featured_media":0,"parent":0,"menu_order":0,"comment_status":"closed","ping_status":"closed","template":"","meta":{"ngg_post_thumbnail":0,"footnotes":""},"aioseo_notices":[],"_links":{"self":[{"href":"https:\/\/blogsaverroes.juntadeandalucia.es\/iespuertadelandevalo\/wp-json\/wp\/v2\/pages\/24"}],"collection":[{"href":"https:\/\/blogsaverroes.juntadeandalucia.es\/iespuertadelandevalo\/wp-json\/wp\/v2\/pages"}],"about":[{"href":"https:\/\/blogsaverroes.juntadeandalucia.es\/iespuertadelandevalo\/wp-json\/wp\/v2\/types\/page"}],"author":[{"embeddable":true,"href":"https:\/\/blogsaverroes.juntadeandalucia.es\/iespuertadelandevalo\/wp-json\/wp\/v2\/users\/3096"}],"replies":[{"embeddable":true,"href":"https:\/\/blogsaverroes.juntadeandalucia.es\/iespuertadelandevalo\/wp-json\/wp\/v2\/comments?post=24"}],"version-history":[{"count":14,"href":"https:\/\/blogsaverroes.juntadeandalucia.es\/iespuertadelandevalo\/wp-json\/wp\/v2\/pages\/24\/revisions"}],"predecessor-version":[{"id":2388,"href":"https:\/\/blogsaverroes.juntadeandalucia.es\/iespuertadelandevalo\/wp-json\/wp\/v2\/pages\/24\/revisions\/2388"}],"wp:attachment":[{"href":"https:\/\/blogsaverroes.juntadeandalucia.es\/iespuertadelandevalo\/wp-json\/wp\/v2\/media?parent=24"}],"curies":[{"name":"wp","href":"https:\/\/api.w.org\/{rel}","templated":true}]}}