{"id":465,"date":"2020-12-18T08:58:00","date_gmt":"2020-12-18T07:58:00","guid":{"rendered":"https:\/\/blogsaverroes.juntadeandalucia.es\/pre\/plantilla-chalk\/?page_id=465"},"modified":"2022-12-19T15:00:43","modified_gmt":"2022-12-19T14:00:43","slug":"contactar-con-el-centro","status":"publish","type":"page","link":"https:\/\/blogsaverroes.juntadeandalucia.es\/iespuertadelandevalo\/contactar-con-el-centro\/","title":{"rendered":"Contacta con nosotros"},"content":{"rendered":"<p><strong>Direcci\u00f3n:<\/strong><\/p>\n<p>Avda. del Parque S\/N\u00a0 \u00a0CP 21510 San Bartolom\u00e9 de la Torre (Huelva)<\/p>\n<p><strong>Correo electr\u00f3nico<\/strong>:<\/p>\n<p>21700514.edu@juntadeandalucia.es<\/p>\n<p><strong>Tel\u00e9fonos:<\/strong><\/p>\n<ul>\n<li>Conserjer\u00eda: 959489502<\/li>\n<li>Administraci\u00f3n: 671533210<\/li>\n<li>Direcci\u00f3n: 671533207( fijo) \/ 671565438<\/li>\n<li>Jefatura de Estudios: 671533208<\/li>\n<li>Secretar\u00eda: 671533209<\/li>\n<li>Orientaci\u00f3n: 671533212<\/li>\n<\/ul>\n<p><strong>Horario de tutor\u00eda de atenci\u00f3n a las familias:<\/strong> Lunes de 16.00h a 17.00h.<\/p>\n<p><strong>Horario de atenci\u00f3n al p\u00fablico de Secretar\u00eda:<\/strong> Lunes de 8.30h a 10.30h.<br \/>\nSe ruega <em><strong>concertar por v\u00eda telef\u00f3nica o iPasen cita previa<\/strong><\/em> con el tutor o tutora del alumnado antes de venir al centro a una tutor\u00eda para una mejor atenci\u00f3n.<\/p>\n<p><iframe loading=\"lazy\" src=\"https:\/\/www.google.com\/maps\/embed?pb=!1m18!1m12!1m3!1d3167.867403977116!2d-7.106694485338661!3d37.44023703910999!2m3!1f0!2f0!3f0!3m2!1i1024!2i768!4f13.1!3m3!1m2!1s0xd104ab0ad93462b%3A0x9ad7009978130fe1!2sIES%20Puerta%20del%20Andevalo!5e0!3m2!1ses!2ses!4v1631184624674!5m2!1ses!2ses\" width=\"100%\" height=\"458\"><\/iframe><\/p>\n<p>[bestwebsoft_contact_form]<\/p>\n","protected":false},"excerpt":{"rendered":"<p>Direcci\u00f3n: Avda. del Parque S\/N\u00a0 \u00a0CP 21510 San Bartolom\u00e9 de la Torre (Huelva) Correo electr\u00f3nico: 21700514.edu@juntadeandalucia.es Tel\u00e9fonos: Conserjer\u00eda: 959489502 Administraci\u00f3n: 671533210 Direcci\u00f3n: 671533207( fijo) \/ 671565438 Jefatura de Estudios: 671533208 Secretar\u00eda: 671533209 Orientaci\u00f3n: 671533212&#46;&#46;&#46;<\/p>\n","protected":false},"author":3096,"featured_media":0,"parent":0,"menu_order":0,"comment_status":"closed","ping_status":"closed","template":"","meta":{"ngg_post_thumbnail":0,"footnotes":""},"aioseo_notices":[],"_links":{"self":[{"href":"https:\/\/blogsaverroes.juntadeandalucia.es\/iespuertadelandevalo\/wp-json\/wp\/v2\/pages\/465"}],"collection":[{"href":"https:\/\/blogsaverroes.juntadeandalucia.es\/iespuertadelandevalo\/wp-json\/wp\/v2\/pages"}],"about":[{"href":"https:\/\/blogsaverroes.juntadeandalucia.es\/iespuertadelandevalo\/wp-json\/wp\/v2\/types\/page"}],"author":[{"embeddable":true,"href":"https:\/\/blogsaverroes.juntadeandalucia.es\/iespuertadelandevalo\/wp-json\/wp\/v2\/users\/3096"}],"replies":[{"embeddable":true,"href":"https:\/\/blogsaverroes.juntadeandalucia.es\/iespuertadelandevalo\/wp-json\/wp\/v2\/comments?post=465"}],"version-history":[{"count":14,"href":"https:\/\/blogsaverroes.juntadeandalucia.es\/iespuertadelandevalo\/wp-json\/wp\/v2\/pages\/465\/revisions"}],"predecessor-version":[{"id":1832,"href":"https:\/\/blogsaverroes.juntadeandalucia.es\/iespuertadelandevalo\/wp-json\/wp\/v2\/pages\/465\/revisions\/1832"}],"wp:attachment":[{"href":"https:\/\/blogsaverroes.juntadeandalucia.es\/iespuertadelandevalo\/wp-json\/wp\/v2\/media?parent=465"}],"curies":[{"name":"wp","href":"https:\/\/api.w.org\/{rel}","templated":true}]}}