{"id":611,"date":"2021-12-06T22:26:21","date_gmt":"2021-12-06T21:26:21","guid":{"rendered":"https:\/\/blogsaverroes.juntadeandalucia.es\/iespuertadelandevalo\/?page_id=611"},"modified":"2022-01-16T00:56:23","modified_gmt":"2022-01-15T23:56:23","slug":"plan-de-igualdad","status":"publish","type":"page","link":"https:\/\/blogsaverroes.juntadeandalucia.es\/iespuertadelandevalo\/plan-de-igualdad\/","title":{"rendered":"Plan de IGUALDAD"},"content":{"rendered":"<p><img loading=\"lazy\" decoding=\"async\" class=\"size-medium wp-image-862 alignleft\" src=\"https:\/\/blogsaverroes.juntadeandalucia.es\/iespuertadelandevalo\/files\/2021\/12\/igualdad-300x87.jpg\" alt=\"\" width=\"300\" height=\"87\" srcset=\"https:\/\/blogsaverroes.juntadeandalucia.es\/iespuertadelandevalo\/files\/2021\/12\/igualdad-300x87.jpg 300w, https:\/\/blogsaverroes.juntadeandalucia.es\/iespuertadelandevalo\/files\/2021\/12\/igualdad.jpg 416w\" sizes=\"(max-width: 300px) 100vw, 300px\" \/><\/p>\n<p>&nbsp;<\/p>\n<p>&nbsp;<\/p>\n<p>&nbsp;<\/p>\n<p>OBJETIVO GENERAL<\/p>\n<p>Desarrollar pr\u00e1cticas educativas que identifiquen los estereotipos sexistas existentes en diferentes \u00e1mbitos de la<br \/>\nComunidad Escolar y de la sociedad y que promuevan su eliminaci\u00f3n, de forma que favorezcan en chicas y<br \/>\nchicos un desarrollo personal satisfactorio y una convivencia pac\u00edfica e igualitaria con valores encaminados a la<br \/>\nigualdad de oportunidades entre ambos sexos y que se traslade al resto de la sociedad.<\/p>\n<p>OBJETIVOS ESPEC\u00cdFICOS:<\/p>\n<p>1. Detectar las actitudes sexistas que prevalezcan en el Centro y modificarlas.<\/p>\n<p>2. Sensibilizar al profesorado de la necesidad de realizar cambios que permitan la igualdad de oportunidades<br \/>\nentre hombres y mujeres.<\/p>\n<p>3. Introducir en el Centro conceptos, normas relativas a la igualdad de oportunidades, a la conciliaci\u00f3n de la vida<br \/>\nfamiliar, personal y laboral.<\/p>\n<p>4. Prevenir la violencia desde los primeros cursos.<\/p>\n<p>5. Ayudar y ense\u00f1ar a la resoluci\u00f3n de conflictos sin violencia.<\/p>\n<p>6. Desmitificar las tareas femeninas y\/o masculinas.<\/p>\n<p>7. Realizar actividades de educaci\u00f3n afectivo-sexual en adolescentes.<\/p>\n<p>8. Educar en la empat\u00eda.<\/p>\n<p>9. Promover condiciones escolares que favorezcan pr\u00e1cticas educativas correctoras de estereotipos de<br \/>\ndominaci\u00f3n y dependencia.<\/p>\n<p>10. Facilitar un mayor conocimiento de las diferencias entre hombres y mujeres, que permita evitar y corregir las<br \/>\ndiscriminaciones que de aquellas se derivan.<\/p>\n<p>11. Revisar y actualizar los libros destinados al plan lector que tenemos en materia de coeducaci\u00f3n.<\/p>\n<p>12. Crear un espacio en la web y blog del centro de todo lo referente a las actuaciones del Plan de Igualdad.<\/p>\n<p>13. Consolidar un lenguaje escrito coeducativo en todos los documentos del centro: cartas y comunicados,<br \/>\ncarteler\u00eda, boletines.<\/p>\n<p>14. Fomentar un lenguaje oral en el que se incluyan ambos sexos y en el que no haya prejuicios sexistas a la hora de nombrar tareas dom\u00e9sticas, profesiones y en general estereotipos que siguen inmersos en el lenguaje cotidiano. Corregir en lo posible este d\u00e9ficit que pueda existir en los libros de texto y materiales curriculares.<\/p>\n<p>15. Crear un tabl\u00f3n de igualdad, donde colguemos noticias, fotos y notas de actuaciones que favorezcan o<br \/>\ndesfavorezcan la igualdad.<\/p>\n<p>16. Facilitar la utilizaci\u00f3n igualitaria de espacios en nuestro centro.<\/p>\n<p>17. Promover la participaci\u00f3n de chicas y chicos en los deportes de liga de recreos.<\/p>\n","protected":false},"excerpt":{"rendered":"<p>&nbsp; &nbsp; &nbsp; OBJETIVO GENERAL Desarrollar pr\u00e1cticas educativas que identifiquen los estereotipos sexistas existentes en diferentes \u00e1mbitos de la Comunidad Escolar y de la sociedad y que promuevan su eliminaci\u00f3n, de forma que favorezcan&#46;&#46;&#46;<\/p>\n","protected":false},"author":12609,"featured_media":429,"parent":0,"menu_order":0,"comment_status":"closed","ping_status":"closed","template":"","meta":{"ngg_post_thumbnail":0,"footnotes":""},"aioseo_notices":[],"_links":{"self":[{"href":"https:\/\/blogsaverroes.juntadeandalucia.es\/iespuertadelandevalo\/wp-json\/wp\/v2\/pages\/611"}],"collection":[{"href":"https:\/\/blogsaverroes.juntadeandalucia.es\/iespuertadelandevalo\/wp-json\/wp\/v2\/pages"}],"about":[{"href":"https:\/\/blogsaverroes.juntadeandalucia.es\/iespuertadelandevalo\/wp-json\/wp\/v2\/types\/page"}],"author":[{"embeddable":true,"href":"https:\/\/blogsaverroes.juntadeandalucia.es\/iespuertadelandevalo\/wp-json\/wp\/v2\/users\/12609"}],"replies":[{"embeddable":true,"href":"https:\/\/blogsaverroes.juntadeandalucia.es\/iespuertadelandevalo\/wp-json\/wp\/v2\/comments?post=611"}],"version-history":[{"count":9,"href":"https:\/\/blogsaverroes.juntadeandalucia.es\/iespuertadelandevalo\/wp-json\/wp\/v2\/pages\/611\/revisions"}],"predecessor-version":[{"id":1142,"href":"https:\/\/blogsaverroes.juntadeandalucia.es\/iespuertadelandevalo\/wp-json\/wp\/v2\/pages\/611\/revisions\/1142"}],"wp:featuredmedia":[{"embeddable":true,"href":"https:\/\/blogsaverroes.juntadeandalucia.es\/iespuertadelandevalo\/wp-json\/wp\/v2\/media\/429"}],"wp:attachment":[{"href":"https:\/\/blogsaverroes.juntadeandalucia.es\/iespuertadelandevalo\/wp-json\/wp\/v2\/media?parent=611"}],"curies":[{"name":"wp","href":"https:\/\/api.w.org\/{rel}","templated":true}]}}