{"id":625,"date":"2021-12-09T18:21:06","date_gmt":"2021-12-09T17:21:06","guid":{"rendered":"https:\/\/blogsaverroes.juntadeandalucia.es\/iespuertadelandevalo\/?page_id=625"},"modified":"2025-04-22T16:12:34","modified_gmt":"2025-04-22T15:12:34","slug":"programa-aldea","status":"publish","type":"page","link":"https:\/\/blogsaverroes.juntadeandalucia.es\/iespuertadelandevalo\/programa-aldea\/","title":{"rendered":"Programa CIMA"},"content":{"rendered":"<p>&nbsp;<\/p>\n<p><img loading=\"lazy\" decoding=\"async\" class=\"size-medium wp-image-2185 alignleft\" src=\"https:\/\/blogsaverroes.juntadeandalucia.es\/iespuertadelandevalo\/files\/2024\/12\/Logo-Cima_mas-resolucion-261x300.png\" alt=\"\" width=\"261\" height=\"300\" srcset=\"https:\/\/blogsaverroes.juntadeandalucia.es\/iespuertadelandevalo\/files\/2024\/12\/Logo-Cima_mas-resolucion-261x300.png 261w, https:\/\/blogsaverroes.juntadeandalucia.es\/iespuertadelandevalo\/files\/2024\/12\/Logo-Cima_mas-resolucion-768x884.png 768w, https:\/\/blogsaverroes.juntadeandalucia.es\/iespuertadelandevalo\/files\/2024\/12\/Logo-Cima_mas-resolucion.png 886w\" sizes=\"(max-width: 261px) 100vw, 261px\" \/>La Consejer\u00eda de Desarrollo Educativo y Formaci\u00f3n Profesional pone a disposici\u00f3n de los centros el <strong>Programa para la Innovaci\u00f3n y la Mejora del Aprendizaje, Programa CIMA<\/strong>, una herramienta para el desarrollo del nuevo marco curricular y la integraci\u00f3n de las pr\u00e1cticas educativas en el Proyecto Educativo del centro, f<strong>omentando el trabajo cooperativo y la mejora continua del aprendizaje y los conocimientos del alumnado andaluz.<\/strong><\/p>\n<p>Los cambios en la sociedad de la informaci\u00f3n y la conectividad, las \u00faltimas investigaciones en innovaci\u00f3n y evaluaci\u00f3n educativa y los resultados obtenidos en el diagn\u00f3stico sobre el estado de la innovaci\u00f3n educativa en Andaluc\u00eda han promovido un nuevo paradigma en la organizaci\u00f3n y funcionamiento de los programas educativos configurado desde los fundamentos normativos, cient\u00edficos y pedag\u00f3gicos.<\/p>\n<p>Con este Programa, se pretende reforzar y consolidar una iniciativa de la Consejer\u00eda de Desarrollo Educativo y Formaci\u00f3n Profesional para situar al sistema educativo andaluz en una senda acorde con los objetivos adoptados a nivel mundial para la construcci\u00f3n de una sociedad m\u00e1s sostenible e inclusiva desde el \u00e1mbito educativo.<\/p>\n<p><strong>Los \u00e1mbitos de conocimiento que el IES Puerta del And\u00e9valo ha decidido desarrollar son, a saber:<\/strong><\/p>\n<p><img loading=\"lazy\" decoding=\"async\" class=\"wp-image-2187 alignright\" src=\"https:\/\/blogsaverroes.juntadeandalucia.es\/iespuertadelandevalo\/files\/2024\/12\/HHVS-300x300.png\" alt=\"\" width=\"216\" height=\"216\" srcset=\"https:\/\/blogsaverroes.juntadeandalucia.es\/iespuertadelandevalo\/files\/2024\/12\/HHVS-300x300.png 300w, https:\/\/blogsaverroes.juntadeandalucia.es\/iespuertadelandevalo\/files\/2024\/12\/HHVS-150x150.png 150w, https:\/\/blogsaverroes.juntadeandalucia.es\/iespuertadelandevalo\/files\/2024\/12\/HHVS-80x80.png 80w, https:\/\/blogsaverroes.juntadeandalucia.es\/iespuertadelandevalo\/files\/2024\/12\/HHVS-320x320.png 320w, https:\/\/blogsaverroes.juntadeandalucia.es\/iespuertadelandevalo\/files\/2024\/12\/HHVS.png 600w\" sizes=\"(max-width: 216px) 100vw, 216px\" \/><span style=\"color: #3366ff;font-size: 18pt\"><strong>Promoci\u00f3n de h\u00e1bitos de vida saludable<\/strong><\/span><\/p>\n<p>Cuyas l\u00edneas de actuaci\u00f3n son:<\/p>\n<ol>\n<li style=\"font-weight: 400\"><span style=\"font-weight: 400\">Que el alumnado desarrolle su inteligencia emocional a trav\u00e9s de pr\u00e1cticas que fomenten la regulaci\u00f3n emocional.&nbsp;<\/span><\/li>\n<li style=\"font-weight: 400\"><span style=\"font-weight: 400\">Fomento de una alimentaci\u00f3n saludable, eliminando as\u00ed el alto consumo de comidas procesadas y bebidas azucaradas.&nbsp;<\/span><\/li>\n<li style=\"font-weight: 400\"><span style=\"font-weight: 400\">Crear h\u00e1bitos y rutinas que favorezcan la calidad calidad del sue\u00f1o, as\u00ed como garantizar unas horas m\u00ednimas de sue\u00f1o.&nbsp;<\/span><\/li>\n<li style=\"font-weight: 400\"><span style=\"font-weight: 400\">Que el alumnado aprenda a cuidarse a trav\u00e9s del ejercicio f\u00edsico y el deporte.&nbsp;<\/span><\/li>\n<li style=\"font-weight: 400\"><span style=\"font-weight: 400\">Creaci\u00f3n de una perspectiva real sobre las relaciones afectivas y sexuales, reconociendo las necesidades propias de la otra parte de la pareja y fomentando el buen trato.&nbsp;<\/span><\/li>\n<li style=\"font-weight: 400\"><span style=\"font-weight: 400\">Crear conciencia sobre la constante exposici\u00f3n y uso desmedido del tel\u00e9fono m\u00f3vil.<\/span><\/li>\n<li style=\"font-weight: 400\"><span style=\"font-weight: 400\">Que sientan la motivaci\u00f3n de utilizar su tiempo libre en h\u00e1bitos y actividades saludables, sobre todo cuando salgan con sus amigos y amigas.&nbsp;&nbsp;<\/span><\/li>\n<li style=\"font-weight: 400\"><span style=\"font-weight: 400\">Crear conciencia sobre los riesgos que supone no circular por la v\u00eda p\u00fablica sin protecci\u00f3n cuando se hace uso de bicicletas, patinetes etc. <\/span><\/li>\n<\/ol>\n<p><img loading=\"lazy\" decoding=\"async\" class=\"wp-image-2186 alignright\" src=\"https:\/\/blogsaverroes.juntadeandalucia.es\/iespuertadelandevalo\/files\/2024\/12\/Aldea-300x300.png\" alt=\"\" width=\"203\" height=\"203\" srcset=\"https:\/\/blogsaverroes.juntadeandalucia.es\/iespuertadelandevalo\/files\/2024\/12\/Aldea-300x300.png 300w, https:\/\/blogsaverroes.juntadeandalucia.es\/iespuertadelandevalo\/files\/2024\/12\/Aldea-150x150.png 150w, https:\/\/blogsaverroes.juntadeandalucia.es\/iespuertadelandevalo\/files\/2024\/12\/Aldea-80x80.png 80w, https:\/\/blogsaverroes.juntadeandalucia.es\/iespuertadelandevalo\/files\/2024\/12\/Aldea-320x320.png 320w, https:\/\/blogsaverroes.juntadeandalucia.es\/iespuertadelandevalo\/files\/2024\/12\/Aldea.png 600w\" sizes=\"(max-width: 203px) 100vw, 203px\" \/><\/p>\n<p><span style=\"color: #40cf87;font-size: 18pt\"><strong>Educaci\u00f3n ambiental para la sostenibilidad (ALDEA)<\/strong><\/span><\/p>\n<p>Cuyas l\u00edneas de actuaci\u00f3n son:<\/p>\n<ol>\n<li style=\"font-weight: 400\"><span style=\"font-weight: 400\">Desarrollar un programa de educaci\u00f3n ambiental desde una perspectiva integral, con enfoques did\u00e1cticos innovadores, fomentando la participaci\u00f3n de la comunidad educativa en las actuaciones de educaci\u00f3n ambiental que se desarrollen sobre distintos escenarios y problem\u00e1ticas ambientales: energ\u00edas, biodiversidad, h\u00e1bitats y espacios naturales, agua, bosques, residuos, erosi\u00f3n y degradaci\u00f3n de suelos y consumo.<\/span><\/li>\n<li style=\"font-weight: 400\"><span style=\"font-weight: 400\">Orientar el desarrollo de iniciativas de educaci\u00f3n ambiental en la comunidad educativa, integrando la educaci\u00f3n ambiental en las distintas materias.<\/span><\/li>\n<li style=\"font-weight: 400\"><span style=\"font-weight: 400\">Elaborar y difundir materiales y recursos did\u00e1cticos para abordar la tem\u00e1tica ambiental.<\/span><\/li>\n<li style=\"font-weight: 400\"><span style=\"font-weight: 400\">Promocionar la ecoeficiencia en la gesti\u00f3n del centro y mejorar la gesti\u00f3n de los residuos implicando a la comunidad educativa.&nbsp;<\/span><\/li>\n<li style=\"font-weight: 400\"><span style=\"font-weight: 400\">Incentivar el trabajo en red, generando din\u00e1micas de funcionamiento, el tratamiento interdisciplinar de los contenidos y la conexi\u00f3n entre los diferentes niveles educativos e instituciones del entorno.<\/span><\/li>\n<li style=\"font-weight: 400\"><span style=\"font-weight: 400\">Impulsar la sensibilizaci\u00f3n ecol\u00f3gica y la transmisi\u00f3n de actitudes de respeto y cuidado del medio ambiente, utilizando los ecohuertos escolares como un recurso educativo de primer orden para reforzar contenidos curriculares y para transmitir al alumnado la importancia de las t\u00e9cnicas productivas con la alimentaci\u00f3n, en relaci\u00f3n con los ciclos naturales y el respeto al medio ambiente.<\/span><\/li>\n<\/ol>\n<p>Para saber m\u00e1s sobre nuestro Programa CIMA, haga click en <a href=\"https:\/\/blogsaverroes.juntadeandalucia.es\/iespuertadelandevalo\/files\/2024\/12\/24.25CIMA_PROGRAMACIONANUAL.docx.pdf\">24.25CIMA_PROGRAMACIONANUAL.docx<\/a><br \/>\ny visita nuestro <a href=\"https:\/\/www.instagram.com\/puertadelandevalo\/\">Instagram<\/a> donde subimos mensualmente todas las actividades que realizamos&nbsp;<\/p>\n<p>Si desea aprender m\u00e1s sobre este programa, visite su <a href=\"https:\/\/www.juntadeandalucia.es\/educacion\/eaprendizaje\">web oficial.<\/a>&nbsp;<\/p>\n","protected":false},"excerpt":{"rendered":"<p>&nbsp; La Consejer\u00eda de Desarrollo Educativo y Formaci\u00f3n Profesional pone a disposici\u00f3n de los centros el Programa para la Innovaci\u00f3n y la Mejora del Aprendizaje, Programa CIMA, una herramienta para el desarrollo del nuevo&#46;&#46;&#46;<\/p>\n","protected":false},"author":12609,"featured_media":0,"parent":0,"menu_order":0,"comment_status":"closed","ping_status":"closed","template":"","meta":{"ngg_post_thumbnail":0,"footnotes":""},"aioseo_notices":[],"_links":{"self":[{"href":"https:\/\/blogsaverroes.juntadeandalucia.es\/iespuertadelandevalo\/wp-json\/wp\/v2\/pages\/625"}],"collection":[{"href":"https:\/\/blogsaverroes.juntadeandalucia.es\/iespuertadelandevalo\/wp-json\/wp\/v2\/pages"}],"about":[{"href":"https:\/\/blogsaverroes.juntadeandalucia.es\/iespuertadelandevalo\/wp-json\/wp\/v2\/types\/page"}],"author":[{"embeddable":true,"href":"https:\/\/blogsaverroes.juntadeandalucia.es\/iespuertadelandevalo\/wp-json\/wp\/v2\/users\/12609"}],"replies":[{"embeddable":true,"href":"https:\/\/blogsaverroes.juntadeandalucia.es\/iespuertadelandevalo\/wp-json\/wp\/v2\/comments?post=625"}],"version-history":[{"count":9,"href":"https:\/\/blogsaverroes.juntadeandalucia.es\/iespuertadelandevalo\/wp-json\/wp\/v2\/pages\/625\/revisions"}],"predecessor-version":[{"id":2373,"href":"https:\/\/blogsaverroes.juntadeandalucia.es\/iespuertadelandevalo\/wp-json\/wp\/v2\/pages\/625\/revisions\/2373"}],"wp:attachment":[{"href":"https:\/\/blogsaverroes.juntadeandalucia.es\/iespuertadelandevalo\/wp-json\/wp\/v2\/media?parent=625"}],"curies":[{"name":"wp","href":"https:\/\/api.w.org\/{rel}","templated":true}]}}