{"id":629,"date":"2021-12-09T18:24:15","date_gmt":"2021-12-09T17:24:15","guid":{"rendered":"https:\/\/blogsaverroes.juntadeandalucia.es\/iespuertadelandevalo\/?page_id=629"},"modified":"2023-12-12T21:49:03","modified_gmt":"2023-12-12T20:49:03","slug":"programa-comunica","status":"publish","type":"page","link":"https:\/\/blogsaverroes.juntadeandalucia.es\/iespuertadelandevalo\/programa-comunica\/","title":{"rendered":"Programa COMUNICA"},"content":{"rendered":"<p><img loading=\"lazy\" decoding=\"async\" class=\"alignnone wp-image-860\" src=\"https:\/\/blogsaverroes.juntadeandalucia.es\/iespuertadelandevalo\/files\/2021\/12\/COMUNICA-300x67.png\" alt=\"\" width=\"385\" height=\"86\" srcset=\"https:\/\/blogsaverroes.juntadeandalucia.es\/iespuertadelandevalo\/files\/2021\/12\/COMUNICA-300x67.png 300w, https:\/\/blogsaverroes.juntadeandalucia.es\/iespuertadelandevalo\/files\/2021\/12\/COMUNICA.png 474w\" sizes=\"(max-width: 385px) 100vw, 385px\" \/><\/p>\n<p>Este proyecto pretende lograr que nuestro alumnado mejore en tres de las destrezas ling\u00fc\u00edsticas: escribir, leer y sobre todo hablar en p\u00fablico.<\/p>\n<p><img loading=\"lazy\" decoding=\"async\" class=\"size-medium wp-image-1964 alignright\" src=\"https:\/\/blogsaverroes.juntadeandalucia.es\/iespuertadelandevalo\/files\/2023\/12\/d\u00eda-del-libro-240x300.jpg\" alt=\"\" width=\"240\" height=\"300\" srcset=\"https:\/\/blogsaverroes.juntadeandalucia.es\/iespuertadelandevalo\/files\/2023\/12\/d\u00eda-del-libro-240x300.jpg 240w, https:\/\/blogsaverroes.juntadeandalucia.es\/iespuertadelandevalo\/files\/2023\/12\/d\u00eda-del-libro-820x1024.jpg 820w, https:\/\/blogsaverroes.juntadeandalucia.es\/iespuertadelandevalo\/files\/2023\/12\/d\u00eda-del-libro-768x959.jpg 768w, https:\/\/blogsaverroes.juntadeandalucia.es\/iespuertadelandevalo\/files\/2023\/12\/d\u00eda-del-libro.jpg 1080w\" sizes=\"(max-width: 240px) 100vw, 240px\" \/><\/p>\n<p>OBJETIVOS<\/p>\n<p>Los objetivos generales del Programa para el Desarrollo de la Competencia en Comunicaci\u00f3n Ling\u00fc\u00edstica son:<\/p>\n<p>&#8211; Mejorar la competencia en comunicaci\u00f3n ling\u00fc\u00edstica del alumnado.<\/p>\n<p>&#8211; Ofrecer recursos y propuestas de trabajo renovadoras e innovadoras para la mejora de la comunicaci\u00f3n ling\u00fc\u00edstica.<\/p>\n<p>. Fomentar el uso positivo de las tecnolog\u00edas de la comunicaci\u00f3n como herramienta y pr\u00e1ctica habitual para el desarrollo de la competencia en comunicaci\u00f3n ling\u00fc\u00edstica.<\/p>\n<p>&#8211; Vincular a las familias con el desarrollo de la competencia en comunicaci\u00f3n ling\u00fc\u00edstica del alumnado.<\/p>\n<p>&#8211; Plantear situaciones reales, contextos concretos en que la lengua se proyecte en su uso social.<\/p>\n<p>&#8211; Expresarse con fluidez y correcci\u00f3n en una o m\u00e1s lenguas extranjeras.<\/p>\n<p>&#8211; Incardinar las actuaciones propuestas por el Programa en las programaciones did\u00e1cticas y en los proyectos educativos de los centros.<\/p>\n<p>&#8211; Incrementar el inter texto lector, fomentando el gusto por la lectura y el inter\u00e9s creativo del alumnado.<\/p>\n<p>&#8211; Relacionar la lengua escrita con la lengua oral y los lenguajes no verbales.<\/p>\n<p>&#8211; Propiciar el desarrollo de actividades en la Biblioteca Escolar como centro de recursos para la ense\u00f1anza y el aprendizaje.<\/p>\n<p>&nbsp;<\/p>\n<p>Nos centraremos en tres apartados durante este curso:<\/p>\n<p>ORALIDAD , LECTURA &#8211; CREATIVA y ALFABETIZACI\u00d3N AUDIOVISUAL.<\/p>\n<p>&nbsp;<\/p>\n<p>1. ORALIDAD<\/p>\n<p>Dise\u00f1ada para la mejora de la comprensi\u00f3n, expresi\u00f3n e interacci\u00f3n oral, persigue que el alumnado se exprese con fluidez y claridad con enunciados coherentes y bien cohesionados, que se adapten al contexto e interlocutor.<\/p>\n<p>Propuestas did\u00e1cticas:<\/p>\n<p>&#8211; Debates.<\/p>\n<p>&#8211; Documentales y biblio tr\u00e1ilers<\/p>\n<p>&#8211; Dramatizaci\u00f3n de textos.<\/p>\n<p>&#8211; Recital po\u00e9tico.<\/p>\n<p>&#8211; Presentaci\u00f3n de personajes.<\/p>\n<p>&#8211; El musical.<\/p>\n<p>&#8211; El juego dram\u00e1tico.<\/p>\n<p>2. LECTURA-ESCRITURA CREATIVA<\/p>\n<p>Dise\u00f1ada para la mejora de la comprensi\u00f3n, expresi\u00f3n e interacci\u00f3n escrita de textos de \u00edndole creativa o art\u00edstica: los literarios, entre ellos.<\/p>\n<p>Propuestas did\u00e1cticas<\/p>\n<p>&#8211; Trabajo con textos dram\u00e1ticos y narrativos.<\/p>\n<p>&#8211; El c\u00f3mic.<\/p>\n<p>&#8211; Lenguaje cinematogr\u00e1fico y creatividad.<\/p>\n<p>&#8211; Video poemas.<\/p>\n<p>&#8211; Tertulias dial\u00f3gicas.<\/p>\n<p>&#8211; Textos publicitarios: lectura y creaci\u00f3n.<\/p>\n<p>&#8211; El comentario cr\u00edtico de textos literarios.<\/p>\n<p>&#8211; Creatividad con textos epistolares.<\/p>\n<p>3. ALFABETIZACI\u00d3N AUDIOVISUAL<\/p>\n<p>Dise\u00f1ada para la mejora de la comprensi\u00f3n, expresi\u00f3n e interacci\u00f3n oral o escrita de textos audiovisuales y digitales, en medios de comunicaci\u00f3n, redes sociales y formato digital.<\/p>\n<p>Propuestas did\u00e1cticas<\/p>\n<p>&#8211; Cortometrajes.<\/p>\n<p>&#8211; Narraciones con herramientas digitales.<\/p>\n<p>&#8211; El lenguaje de la Redes Sociales: Twitter e Instagram<\/p>\n<p>-La publicidad y su lenguaje.<\/p>\n<p>&#8211; Escritura en red.<\/p>\n<p>&#8211; Peri\u00f3dico digital.<\/p>\n<p>&#8211; Portafolios en Google sites.<\/p>\n<p>&#8211; Edici\u00f3n-publicaci\u00f3n de libros tradicionales- digitales.<\/p>\n<p>&#8211; Radio escolar.<img loading=\"lazy\" decoding=\"async\" class=\"size-medium wp-image-1211 alignright\" src=\"https:\/\/blogsaverroes.juntadeandalucia.es\/iespuertadelandevalo\/files\/2022\/01\/174780511_1758853740967943_5214803312651491925_n-241x300.jpg\" alt=\"\" width=\"241\" height=\"300\" srcset=\"https:\/\/blogsaverroes.juntadeandalucia.es\/iespuertadelandevalo\/files\/2022\/01\/174780511_1758853740967943_5214803312651491925_n-241x300.jpg 241w, https:\/\/blogsaverroes.juntadeandalucia.es\/iespuertadelandevalo\/files\/2022\/01\/174780511_1758853740967943_5214803312651491925_n-822x1024.jpg 822w, https:\/\/blogsaverroes.juntadeandalucia.es\/iespuertadelandevalo\/files\/2022\/01\/174780511_1758853740967943_5214803312651491925_n-768x957.jpg 768w, https:\/\/blogsaverroes.juntadeandalucia.es\/iespuertadelandevalo\/files\/2022\/01\/174780511_1758853740967943_5214803312651491925_n-1233x1536.jpg 1233w, https:\/\/blogsaverroes.juntadeandalucia.es\/iespuertadelandevalo\/files\/2022\/01\/174780511_1758853740967943_5214803312651491925_n.jpg 1440w\" sizes=\"(max-width: 241px) 100vw, 241px\" \/><\/p>\n<p>&nbsp;<\/p>\n","protected":false},"excerpt":{"rendered":"<p>Este proyecto pretende lograr que nuestro alumnado mejore en tres de las destrezas ling\u00fc\u00edsticas: escribir, leer y sobre todo hablar en p\u00fablico. OBJETIVOS Los objetivos generales del Programa para el Desarrollo de la Competencia&#46;&#46;&#46;<\/p>\n","protected":false},"author":12609,"featured_media":0,"parent":0,"menu_order":0,"comment_status":"closed","ping_status":"closed","template":"","meta":{"ngg_post_thumbnail":0,"footnotes":""},"aioseo_notices":[],"_links":{"self":[{"href":"https:\/\/blogsaverroes.juntadeandalucia.es\/iespuertadelandevalo\/wp-json\/wp\/v2\/pages\/629"}],"collection":[{"href":"https:\/\/blogsaverroes.juntadeandalucia.es\/iespuertadelandevalo\/wp-json\/wp\/v2\/pages"}],"about":[{"href":"https:\/\/blogsaverroes.juntadeandalucia.es\/iespuertadelandevalo\/wp-json\/wp\/v2\/types\/page"}],"author":[{"embeddable":true,"href":"https:\/\/blogsaverroes.juntadeandalucia.es\/iespuertadelandevalo\/wp-json\/wp\/v2\/users\/12609"}],"replies":[{"embeddable":true,"href":"https:\/\/blogsaverroes.juntadeandalucia.es\/iespuertadelandevalo\/wp-json\/wp\/v2\/comments?post=629"}],"version-history":[{"count":8,"href":"https:\/\/blogsaverroes.juntadeandalucia.es\/iespuertadelandevalo\/wp-json\/wp\/v2\/pages\/629\/revisions"}],"predecessor-version":[{"id":1965,"href":"https:\/\/blogsaverroes.juntadeandalucia.es\/iespuertadelandevalo\/wp-json\/wp\/v2\/pages\/629\/revisions\/1965"}],"wp:attachment":[{"href":"https:\/\/blogsaverroes.juntadeandalucia.es\/iespuertadelandevalo\/wp-json\/wp\/v2\/media?parent=629"}],"curies":[{"name":"wp","href":"https:\/\/api.w.org\/{rel}","templated":true}]}}