{"id":658,"date":"2021-12-09T19:12:30","date_gmt":"2021-12-09T18:12:30","guid":{"rendered":"https:\/\/blogsaverroes.juntadeandalucia.es\/iespuertadelandevalo\/?page_id=658"},"modified":"2025-12-18T09:53:16","modified_gmt":"2025-12-18T08:53:16","slug":"tecnologia","status":"publish","type":"page","link":"https:\/\/blogsaverroes.juntadeandalucia.es\/iespuertadelandevalo\/tecnologia\/","title":{"rendered":"TECNOLOG\u00cdA Y DIGITALIZACI\u00d3N"},"content":{"rendered":"<p>&nbsp;<\/p>\n<table style=\"width: 68.1461%\">\n<tbody>\n<tr>\n<td style=\"background-color: #bcf5f2;width: 39.9287%\"><b>PROFESORADO<\/b><\/td>\n<td style=\"background-color: #bcf5f2;width: 23.8859%\"><b>CURSOS<\/b><\/td>\n<td style=\"background-color: #bcf5f2;width: 34.4029%\"><b>EDITORIAL LIBRO DE TEXTO<\/b><\/td>\n<\/tr>\n<tr>\n<td style=\"width: 39.9287%\"><span style=\"font-weight: 400\">D\u00f1a. M\u00aa Teresa Callejas Garc\u00eda<\/span><\/td>\n<td style=\"width: 23.8859%\"><span style=\"font-weight: 400\">2\u00ba y 3\u00ba ESO<\/span><\/td>\n<td style=\"width: 34.4029%\"><span style=\"font-weight: 400\">Edelvives<\/span><\/td>\n<\/tr>\n<tr>\n<td style=\"width: 39.9287%\"><span style=\"font-weight: 400\">D. Jos\u00e9 Mar\u00eda \u00c1lvarez Toscano<\/span><\/td>\n<td style=\"width: 23.8859%\"><span style=\"font-weight: 400\">&nbsp;4\u00ba ESO<\/span><\/td>\n<td style=\"width: 34.4029%\"><span style=\"font-weight: 400\">Edelvives<\/span><\/td>\n<\/tr>\n<\/tbody>\n<\/table>\n<p>&nbsp;<\/p>\n<table style=\"width: 59.711%;height: 52px\">\n<tbody>\n<tr style=\"height: 24px\">\n<td style=\"width: 100%;background-color: #bcf5f2;height: 31px\"><b>PROGRAMACI\u00d3N DID\u00c1CTICA 2\u00baESO<\/b><\/td>\n<\/tr>\n<tr style=\"height: 21px\">\n<td style=\"width: 100%;height: 21px\"><a href=\"https:\/\/blogsaverroes.juntadeandalucia.es\/iespuertadelandevalo\/files\/2025\/12\/2oESO_TyD_PD_25_26.pdf\">2\u00baESO_TyD_PD_25_26<\/a>&nbsp;<\/td>\n<\/tr>\n<\/tbody>\n<\/table>\n<table style=\"width: 59.8306%;height: 43px\">\n<tbody>\n<tr style=\"height: 33px\">\n<td style=\"width: 100%;background-color: #bcf5f2;height: 33px\"><b>PROGRAMACI\u00d3N DID\u00c1CTICA 3\u00baESO<\/b><\/td>\n<\/tr>\n<tr style=\"height: 10px\">\n<td style=\"width: 100%;height: 10px\"><a href=\"https:\/\/blogsaverroes.juntadeandalucia.es\/iespuertadelandevalo\/files\/2025\/12\/3oESO_TyD_PD_25_26.pdf\">3\u00baESO_TyD_PD_25_26<\/a><\/td>\n<\/tr>\n<\/tbody>\n<\/table>\n<table style=\"width: 59.913%\">\n<tbody>\n<tr>\n<td style=\"width: 100%;background-color: #bcf5f2\"><b>PROGRAMACI\u00d3N DID\u00c1CTICA 4\u00baESO<\/b><\/td>\n<\/tr>\n<tr>\n<td style=\"width: 100%\"><a href=\"https:\/\/blogsaverroes.juntadeandalucia.es\/iespuertadelandevalo\/files\/2025\/12\/4oESO_DIGITALIZACION_PD_25_26.pdf\">4\u00baESO_DIGITALIZACI\u00d3N_PD_25_26<\/a>&nbsp;<\/p>\n<p><a href=\"https:\/\/blogsaverroes.juntadeandalucia.es\/iespuertadelandevalo\/files\/2025\/12\/4oESO_TECNOLOGIA_PD_25_26.pdf\">4\u00baESO_TECNOLOG\u00cdA_PD_25_26<\/a><\/td>\n<\/tr>\n<\/tbody>\n<\/table>\n<p>&nbsp;<\/p>\n","protected":false},"excerpt":{"rendered":"<p>&nbsp; PROFESORADO CURSOS EDITORIAL LIBRO DE TEXTO D\u00f1a. M\u00aa Teresa Callejas Garc\u00eda 2\u00ba y 3\u00ba ESO Edelvives D. Jos\u00e9 Mar\u00eda \u00c1lvarez Toscano &nbsp;4\u00ba ESO Edelvives &nbsp; PROGRAMACI\u00d3N DID\u00c1CTICA 2\u00baESO 2\u00baESO_TyD_PD_25_26&nbsp; PROGRAMACI\u00d3N DID\u00c1CTICA 3\u00baESO 3\u00baESO_TyD_PD_25_26&#46;&#46;&#46;<\/p>\n","protected":false},"author":12609,"featured_media":0,"parent":0,"menu_order":0,"comment_status":"closed","ping_status":"closed","template":"","meta":{"ngg_post_thumbnail":0,"footnotes":""},"aioseo_notices":[],"_links":{"self":[{"href":"https:\/\/blogsaverroes.juntadeandalucia.es\/iespuertadelandevalo\/wp-json\/wp\/v2\/pages\/658"}],"collection":[{"href":"https:\/\/blogsaverroes.juntadeandalucia.es\/iespuertadelandevalo\/wp-json\/wp\/v2\/pages"}],"about":[{"href":"https:\/\/blogsaverroes.juntadeandalucia.es\/iespuertadelandevalo\/wp-json\/wp\/v2\/types\/page"}],"author":[{"embeddable":true,"href":"https:\/\/blogsaverroes.juntadeandalucia.es\/iespuertadelandevalo\/wp-json\/wp\/v2\/users\/12609"}],"replies":[{"embeddable":true,"href":"https:\/\/blogsaverroes.juntadeandalucia.es\/iespuertadelandevalo\/wp-json\/wp\/v2\/comments?post=658"}],"version-history":[{"count":17,"href":"https:\/\/blogsaverroes.juntadeandalucia.es\/iespuertadelandevalo\/wp-json\/wp\/v2\/pages\/658\/revisions"}],"predecessor-version":[{"id":2432,"href":"https:\/\/blogsaverroes.juntadeandalucia.es\/iespuertadelandevalo\/wp-json\/wp\/v2\/pages\/658\/revisions\/2432"}],"wp:attachment":[{"href":"https:\/\/blogsaverroes.juntadeandalucia.es\/iespuertadelandevalo\/wp-json\/wp\/v2\/media?parent=658"}],"curies":[{"name":"wp","href":"https:\/\/api.w.org\/{rel}","templated":true}]}}