{"id":664,"date":"2021-12-09T19:13:58","date_gmt":"2021-12-09T18:13:58","guid":{"rendered":"https:\/\/blogsaverroes.juntadeandalucia.es\/iespuertadelandevalo\/?page_id=664"},"modified":"2025-12-22T10:47:56","modified_gmt":"2025-12-22T09:47:56","slug":"geografia-e-historia","status":"publish","type":"page","link":"https:\/\/blogsaverroes.juntadeandalucia.es\/iespuertadelandevalo\/geografia-e-historia\/","title":{"rendered":"GEOGRAF\u00cdA E HISTORIA"},"content":{"rendered":"<p><b>GEOGRAF\u00cdA E HISTORIA<\/b><\/p>\n<table style=\"width: 82.7437%;height: 96px\">\n<tbody>\n<tr style=\"height: 24px\">\n<td style=\"background-color: #bcf5f2;width: 40.1834%;height: 24px\"><b>PROFESORADO<\/b><\/td>\n<td style=\"background-color: #bcf5f2;width: 28.0548%;height: 24px\"><b>CURSOS<\/b><\/td>\n<td style=\"background-color: #bcf5f2;width: 58.2752%;height: 24px\"><b>PROGRAMACIONES<\/b><\/td>\n<\/tr>\n<tr style=\"height: 24px\">\n<td style=\"width: 40.1834%;height: 24px\"><span style=\"font-weight: 400\">D. Jes\u00fas Ricardo Gonz\u00e1lez Leal<\/span><\/td>\n<td style=\"width: 28.0548%;height: 24px\"><span style=\"font-weight: 400\">1\u00ba ESO<\/span><\/td>\n<td style=\"width: 58.2752%;height: 24px\"><a href=\"https:\/\/blogsaverroes.juntadeandalucia.es\/iespuertadelandevalo\/files\/2025\/12\/1oESO_GEH_PD_25_26.pdf\">1\u00baESO_GEH_PD_25_26<\/a><\/td>\n<\/tr>\n<tr style=\"height: 24px\">\n<td style=\"width: 40.1834%;height: 24px\">D. Francisco Manuel Merino Mart\u00edn<\/td>\n<td style=\"width: 28.0548%;height: 24px\"><span style=\"font-weight: 400\">2\u00ba y 4\u00ba ESO<\/span><\/td>\n<td style=\"width: 58.2752%;height: 24px\"><a href=\"https:\/\/blogsaverroes.juntadeandalucia.es\/iespuertadelandevalo\/files\/2025\/12\/2oESO_GEH_PD_25_26.pdf\">2\u00baESO_GEH_PD_25_26<\/a><\/p>\n<p><a href=\"https:\/\/blogsaverroes.juntadeandalucia.es\/iespuertadelandevalo\/files\/2025\/12\/4oESO_GEH_PD_25_26.pdf\">4\u00baESO_GEH_PD_25_26<\/a><\/td>\n<\/tr>\n<tr>\n<td style=\"width: 40.1834%\" width=\"179\">D. Emilio Vi\u00f1olo Rodr\u00edguez<\/td>\n<td style=\"width: 28.0548%;height: 24px\"><span style=\"font-weight: 400\">3\u00ba&nbsp; ESO<\/span><\/td>\n<td style=\"width: 58.2752%;height: 24px\"><a href=\"https:\/\/blogsaverroes.juntadeandalucia.es\/iespuertadelandevalo\/files\/2025\/12\/3oESO_GeH_PD_25_26.pdf\">3\u00baESO_GeH_PD_25_26<\/a><\/td>\n<\/tr>\n<\/tbody>\n<\/table>\n<p>&nbsp;<\/p>\n","protected":false},"excerpt":{"rendered":"<p>GEOGRAF\u00cdA E HISTORIA PROFESORADO CURSOS PROGRAMACIONES D. Jes\u00fas Ricardo Gonz\u00e1lez Leal 1\u00ba ESO 1\u00baESO_GEH_PD_25_26 D. Francisco Manuel Merino Mart\u00edn 2\u00ba y 4\u00ba ESO 2\u00baESO_GEH_PD_25_26 4\u00baESO_GEH_PD_25_26 D. Emilio Vi\u00f1olo Rodr\u00edguez 3\u00ba&nbsp; ESO 3\u00baESO_GeH_PD_25_26 &nbsp;<\/p>\n","protected":false},"author":12609,"featured_media":0,"parent":0,"menu_order":0,"comment_status":"closed","ping_status":"closed","template":"","meta":{"ngg_post_thumbnail":0,"footnotes":""},"aioseo_notices":[],"_links":{"self":[{"href":"https:\/\/blogsaverroes.juntadeandalucia.es\/iespuertadelandevalo\/wp-json\/wp\/v2\/pages\/664"}],"collection":[{"href":"https:\/\/blogsaverroes.juntadeandalucia.es\/iespuertadelandevalo\/wp-json\/wp\/v2\/pages"}],"about":[{"href":"https:\/\/blogsaverroes.juntadeandalucia.es\/iespuertadelandevalo\/wp-json\/wp\/v2\/types\/page"}],"author":[{"embeddable":true,"href":"https:\/\/blogsaverroes.juntadeandalucia.es\/iespuertadelandevalo\/wp-json\/wp\/v2\/users\/12609"}],"replies":[{"embeddable":true,"href":"https:\/\/blogsaverroes.juntadeandalucia.es\/iespuertadelandevalo\/wp-json\/wp\/v2\/comments?post=664"}],"version-history":[{"count":13,"href":"https:\/\/blogsaverroes.juntadeandalucia.es\/iespuertadelandevalo\/wp-json\/wp\/v2\/pages\/664\/revisions"}],"predecessor-version":[{"id":2464,"href":"https:\/\/blogsaverroes.juntadeandalucia.es\/iespuertadelandevalo\/wp-json\/wp\/v2\/pages\/664\/revisions\/2464"}],"wp:attachment":[{"href":"https:\/\/blogsaverroes.juntadeandalucia.es\/iespuertadelandevalo\/wp-json\/wp\/v2\/media?parent=664"}],"curies":[{"name":"wp","href":"https:\/\/api.w.org\/{rel}","templated":true}]}}