{"id":679,"date":"2021-12-09T19:21:05","date_gmt":"2021-12-09T18:21:05","guid":{"rendered":"https:\/\/blogsaverroes.juntadeandalucia.es\/iespuertadelandevalo\/?page_id=679"},"modified":"2025-12-18T12:26:27","modified_gmt":"2025-12-18T11:26:27","slug":"robotica","status":"publish","type":"page","link":"https:\/\/blogsaverroes.juntadeandalucia.es\/iespuertadelandevalo\/robotica\/","title":{"rendered":"COMPUTACI\u00d3N Y ROB\u00d3TICA Y DIGITALIZACI\u00d3N"},"content":{"rendered":"<p><b>COMPUTACI\u00d3N Y ROB\u00d3TICA<\/b><\/p>\n<table style=\"width: 69.0961%\">\n<tbody>\n<tr>\n<td style=\"width: 43.8692%;background-color: #bcf5f2\"><b>PROFESORADO<\/b><\/td>\n<td style=\"width: 26.2526%;background-color: #bcf5f2\"><b>CURSOS<\/b><\/td>\n<\/tr>\n<tr>\n<td style=\"width: 43.8692%\">M\u00aa Teresa Callejas Garc\u00eda<\/td>\n<td style=\"width: 26.2526%\"><span style=\"font-weight: 400\">&nbsp;2\u00ba ESO<\/span><\/td>\n<\/tr>\n<tr>\n<td style=\"width: 43.8692%\">D. Jos\u00e9 Mar\u00eda \u00c1lvarez Toscano<\/td>\n<td style=\"width: 26.2526%\"><span style=\"font-weight: 400\">1\u00ba y 3\u00ba ESO<\/span><\/td>\n<\/tr>\n<\/tbody>\n<\/table>\n<p><b>DIGITALIZACI\u00d3N&nbsp;<\/b><\/p>\n<table style=\"width: 62.4298%\">\n<tbody>\n<tr>\n<td style=\"width: 43.8692%;background-color: #bcf5f2\"><b>PROFESORADO<\/b><\/td>\n<td style=\"width: 133.586%;background-color: #bcf5f2\"><b>CURSOS<\/b><\/td>\n<\/tr>\n<tr>\n<td style=\"width: 43.8692%\"><span style=\"font-weight: 400\">D. Jos\u00e9 Mar\u00eda \u00c1lvarez Toscano<\/span><\/td>\n<td style=\"width: 133.586%\"><span style=\"font-weight: 400\">&nbsp;4\u00ba ESO<\/span><\/td>\n<\/tr>\n<\/tbody>\n<\/table>\n<p>&nbsp;<\/p>\n<table style=\"width: 69.2209%;height: 48px\">\n<tbody>\n<tr style=\"height: 24px\">\n<td style=\"width: 100%;background-color: #bcf5f2;height: 24px\"><b>PROGRAMACI\u00d3N DID\u00c1CTICA 1\u00baESO<\/b><\/td>\n<\/tr>\n<tr style=\"height: 24px\">\n<td style=\"width: 100%;height: 24px\"><b><a href=\"https:\/\/blogsaverroes.juntadeandalucia.es\/iespuertadelandevalo\/files\/2025\/12\/1oESO_Computacion_y_Robotica_PD_25_26.pdf\">1\u00baESO_Computaci\u00f3n_y_Rob\u00f3tica_PD_25_26<\/a><\/b><\/td>\n<\/tr>\n<\/tbody>\n<\/table>\n<table style=\"width: 69.584%;height: 48px\">\n<tbody>\n<tr style=\"height: 24px\">\n<td style=\"width: 100%;background-color: #bcf5f2;height: 24px\"><b>PROGRAMACI\u00d3N DID\u00c1CTICA 2\u00baESO<\/b><\/td>\n<\/tr>\n<tr style=\"height: 24px\">\n<td style=\"width: 100%;height: 24px\"><b><a href=\"https:\/\/blogsaverroes.juntadeandalucia.es\/iespuertadelandevalo\/files\/2025\/12\/2oESO_CyR_PD_25_26.pdf\">2\u00baESO_CyR_PD_25_26<\/a><\/b><\/td>\n<\/tr>\n<\/tbody>\n<\/table>\n<table style=\"width: 69.8729%;height: 89px\">\n<tbody>\n<tr style=\"height: 24px\">\n<td style=\"width: 100%;background-color: #bcf5f2;height: 24px\"><b>PROGRAMACI\u00d3N DID\u00c1CTICA 3\u00ba&nbsp; \u00baESO<\/b><\/td>\n<\/tr>\n<tr style=\"height: 24px\">\n<td style=\"width: 100%;height: 24px\"><b><a href=\"https:\/\/blogsaverroes.juntadeandalucia.es\/iespuertadelandevalo\/files\/2025\/12\/3oESO_Computacion_y_Robotica_PD_25_26.pdf\">3\u00baESO_Computaci\u00f3n_y_Rob\u00f3tica_PD_25_26<\/a><\/b><\/td>\n<\/tr>\n<\/tbody>\n<\/table>\n<table>\n<tbody>\n<tr style=\"height: 24px\">\n<td style=\"width: 100%;background-color: #bcf5f2;height: 24px\"><b>PROGRAMACI\u00d3N DID\u00c1CTICA 4\u00baESO<\/b><\/td>\n<\/tr>\n<tr style=\"height: 24px\">\n<td style=\"width: 100%;height: 24px\"><a href=\"https:\/\/blogsaverroes.juntadeandalucia.es\/iespuertadelandevalo\/files\/2025\/12\/4oESO_DIGITALIZACION_PD_25_26-1.pdf\">4\u00baESO_DIGITALIZACI\u00d3N_PD_25_26<\/a><\/td>\n<\/tr>\n<\/tbody>\n<\/table>\n","protected":false},"excerpt":{"rendered":"<p>COMPUTACI\u00d3N Y ROB\u00d3TICA PROFESORADO CURSOS M\u00aa Teresa Callejas Garc\u00eda &nbsp;2\u00ba ESO D. Jos\u00e9 Mar\u00eda \u00c1lvarez Toscano 1\u00ba y 3\u00ba ESO DIGITALIZACI\u00d3N&nbsp; PROFESORADO CURSOS D. Jos\u00e9 Mar\u00eda \u00c1lvarez Toscano &nbsp;4\u00ba ESO &nbsp; PROGRAMACI\u00d3N DID\u00c1CTICA 1\u00baESO&#46;&#46;&#46;<\/p>\n","protected":false},"author":12609,"featured_media":0,"parent":0,"menu_order":0,"comment_status":"closed","ping_status":"closed","template":"","meta":{"ngg_post_thumbnail":0,"footnotes":""},"aioseo_notices":[],"_links":{"self":[{"href":"https:\/\/blogsaverroes.juntadeandalucia.es\/iespuertadelandevalo\/wp-json\/wp\/v2\/pages\/679"}],"collection":[{"href":"https:\/\/blogsaverroes.juntadeandalucia.es\/iespuertadelandevalo\/wp-json\/wp\/v2\/pages"}],"about":[{"href":"https:\/\/blogsaverroes.juntadeandalucia.es\/iespuertadelandevalo\/wp-json\/wp\/v2\/types\/page"}],"author":[{"embeddable":true,"href":"https:\/\/blogsaverroes.juntadeandalucia.es\/iespuertadelandevalo\/wp-json\/wp\/v2\/users\/12609"}],"replies":[{"embeddable":true,"href":"https:\/\/blogsaverroes.juntadeandalucia.es\/iespuertadelandevalo\/wp-json\/wp\/v2\/comments?post=679"}],"version-history":[{"count":13,"href":"https:\/\/blogsaverroes.juntadeandalucia.es\/iespuertadelandevalo\/wp-json\/wp\/v2\/pages\/679\/revisions"}],"predecessor-version":[{"id":2437,"href":"https:\/\/blogsaverroes.juntadeandalucia.es\/iespuertadelandevalo\/wp-json\/wp\/v2\/pages\/679\/revisions\/2437"}],"wp:attachment":[{"href":"https:\/\/blogsaverroes.juntadeandalucia.es\/iespuertadelandevalo\/wp-json\/wp\/v2\/media?parent=679"}],"curies":[{"name":"wp","href":"https:\/\/api.w.org\/{rel}","templated":true}]}}