{"id":681,"date":"2021-12-09T19:21:40","date_gmt":"2021-12-09T18:21:40","guid":{"rendered":"https:\/\/blogsaverroes.juntadeandalucia.es\/iespuertadelandevalo\/?page_id=681"},"modified":"2025-12-22T10:54:30","modified_gmt":"2025-12-22T09:54:30","slug":"religion","status":"publish","type":"page","link":"https:\/\/blogsaverroes.juntadeandalucia.es\/iespuertadelandevalo\/religion\/","title":{"rendered":"RELIGI\u00d3N"},"content":{"rendered":"<p><strong>RELIG\u00cd\u00d3N<\/strong><\/p>\n<table style=\"width: 98.2188%;height: 155px\">\n<tbody>\n<tr>\n<td style=\"background-color: #bcf5f2;width: 37.5%\"><b>PROFESORADO<\/b><\/td>\n<td style=\"background-color: #bcf5f2;width: 18.316%\"><b>CURSOS<\/b><\/td>\n<td style=\"background-color: #bcf5f2;width: 48.656%\"><b>PROGRAMACI\u00d3N DID\u00c1CTICA<\/b><\/td>\n<\/tr>\n<tr>\n<td style=\"width: 37.5%\"><span style=\"font-weight: 400\">D\u00f1a. Mar\u00eda de las Nieves Trijueque Caballero<\/span><\/td>\n<td style=\"width: 18.316%\"><span style=\"font-weight: 400\">1\u00ba, 2\u00ba, 3\u00ba y 4\u00ba ESO<\/span><\/td>\n<td style=\"width: 48.656%\"><a href=\"https:\/\/blogsaverroes.juntadeandalucia.es\/iespuertadelandevalo\/files\/2025\/12\/1oESO_REL_PD_25_26.pdf\">1\u00baESO_REL_PD_25_26<\/a><\/p>\n<p><a href=\"https:\/\/blogsaverroes.juntadeandalucia.es\/iespuertadelandevalo\/files\/2025\/12\/2oESO_REL_PD_25_26.pdf\">2\u00baESO_REL_PD_25_26<\/a><\/p>\n<p><a href=\"https:\/\/blogsaverroes.juntadeandalucia.es\/iespuertadelandevalo\/files\/2025\/12\/3oESO_REL_PD_25_26.pdf\">3\u00baESO_REL_PD_25_26<\/a><\/p>\n<p><a href=\"https:\/\/blogsaverroes.juntadeandalucia.es\/iespuertadelandevalo\/files\/2025\/12\/4oESO_REL_PD_25_26.pdf\">4\u00baESO_REL_PD_25_26<\/a><\/td>\n<\/tr>\n<\/tbody>\n<\/table>\n<p>&nbsp;<\/p>\n","protected":false},"excerpt":{"rendered":"<p>RELIG\u00cd\u00d3N PROFESORADO CURSOS PROGRAMACI\u00d3N DID\u00c1CTICA D\u00f1a. Mar\u00eda de las Nieves Trijueque Caballero 1\u00ba, 2\u00ba, 3\u00ba y 4\u00ba ESO 1\u00baESO_REL_PD_25_26 2\u00baESO_REL_PD_25_26 3\u00baESO_REL_PD_25_26 4\u00baESO_REL_PD_25_26 &nbsp;<\/p>\n","protected":false},"author":12609,"featured_media":0,"parent":0,"menu_order":0,"comment_status":"closed","ping_status":"closed","template":"","meta":{"ngg_post_thumbnail":0,"footnotes":""},"aioseo_notices":[],"_links":{"self":[{"href":"https:\/\/blogsaverroes.juntadeandalucia.es\/iespuertadelandevalo\/wp-json\/wp\/v2\/pages\/681"}],"collection":[{"href":"https:\/\/blogsaverroes.juntadeandalucia.es\/iespuertadelandevalo\/wp-json\/wp\/v2\/pages"}],"about":[{"href":"https:\/\/blogsaverroes.juntadeandalucia.es\/iespuertadelandevalo\/wp-json\/wp\/v2\/types\/page"}],"author":[{"embeddable":true,"href":"https:\/\/blogsaverroes.juntadeandalucia.es\/iespuertadelandevalo\/wp-json\/wp\/v2\/users\/12609"}],"replies":[{"embeddable":true,"href":"https:\/\/blogsaverroes.juntadeandalucia.es\/iespuertadelandevalo\/wp-json\/wp\/v2\/comments?post=681"}],"version-history":[{"count":15,"href":"https:\/\/blogsaverroes.juntadeandalucia.es\/iespuertadelandevalo\/wp-json\/wp\/v2\/pages\/681\/revisions"}],"predecessor-version":[{"id":2478,"href":"https:\/\/blogsaverroes.juntadeandalucia.es\/iespuertadelandevalo\/wp-json\/wp\/v2\/pages\/681\/revisions\/2478"}],"wp:attachment":[{"href":"https:\/\/blogsaverroes.juntadeandalucia.es\/iespuertadelandevalo\/wp-json\/wp\/v2\/media?parent=681"}],"curies":[{"name":"wp","href":"https:\/\/api.w.org\/{rel}","templated":true}]}}