{"id":969,"date":"2022-01-07T17:58:48","date_gmt":"2022-01-07T16:58:48","guid":{"rendered":"https:\/\/blogsaverroes.juntadeandalucia.es\/iespuertadelandevalo\/?page_id=969"},"modified":"2025-12-22T10:38:51","modified_gmt":"2025-12-22T09:38:51","slug":"documentos-del-centro","status":"publish","type":"page","link":"https:\/\/blogsaverroes.juntadeandalucia.es\/iespuertadelandevalo\/documentos-del-centro\/","title":{"rendered":"Documentos del Centro"},"content":{"rendered":"<p>&nbsp;<\/p>\r\n\r\n<p><span style=\"color: #000000\"><em><strong>*Todos estos documentos son v\u00e1lidos mientras no haya una norma de rango superior o del mismo rango y fecha posterior que los invalide. Estos documentos ser\u00e1n actualizados durante el curso 2024 &#8211; 2025.<\/strong><\/em><\/span><\/p>\r\n<p><strong>REGLAMENTO DE ORGANIZACI\u00d3N Y FUNCIONAMIENTO (ROF): <\/strong>Recoge las normas organizativas y funcionales que facilitan la consecuci\u00f3n del clima adecuado para alcanzar los objetivos que el centro se haya propuesto y permitan mantener un ambiente de respeto, confianza y colaboraci\u00f3n entre todos los sectores de la comunidad educativa.<\/p>\r\n\r\n\r\n\r\n<p><a href=\"https:\/\/blogsaverroes.juntadeandalucia.es\/iespuertadelandevalo\/files\/2025\/12\/ROF-IES-Puerta-Andevalo-.pdf\">ROF IES Puerta And\u00e9valo<\/a><\/p>\r\n\r\n\r\n\r\n<p><strong>PROYECTO EDUCATIVO: <\/strong>Constituye las se\u00f1as de identidad de nuestro instituto y expresa la educaci\u00f3n que deseamos, contempl\u00e1ndose en \u00e9l los valores, los objetivos y las prioridades de actuaci\u00f3n.<\/p>\r\n\r\n\r\n\r\n<p><a href=\"https:\/\/blogsaverroes.juntadeandalucia.es\/iespuertadelandevalo\/files\/2025\/12\/PROYECTO-EDUCATIVO-IES-PUERTA-DEL-ANDEVALO.pdf\">PROYECTO EDUCATIVO IES PUERTA DEL ANDEVALO<\/a><\/p>\r\n<p><strong>PROYECTO DE GESTI\u00d3N: <\/strong>Recoge la ordenaci\u00f3n y utilizaci\u00f3n de los recursos del centro, tanto materiales como <a href=\"https:\/\/drive.google.com\/file\/d\/1Vzoim7MZ9FeASog1apkD9Si82i_CrzOw\/view?usp=sharing\" target=\"_blank\" rel=\"noopener noreferrer\">humanos. https:\/\/drive.google.com\/file\/d\/1Vzoim7MZ9FeASog1apkD9Si82i_CrzOw\/view?usp=sharing<\/a><\/p>\r\n<p><strong>PROCEDIMIENTOS Y CRITERIOS DE EVALUACI\u00d3N: <\/strong>Pretende ser el referente b\u00e1sico de nuestro instituto en lo que se refiere a la evaluaci\u00f3n de nuestras alumnas y de nuestros alumnos. La idea es que sea un compendio normativo claro y manejable, que contemple todos los aspectos del proceso evaluador, analice todos los matices y no deje lugar a dudas que interfieran en la evaluaci\u00f3n.&nbsp;<\/p>\r\n<p>En este blog, en el apartado &#8220;Asignaturas&#8221; dispone de las programaciones anuales de todas las asignaturas cursadas en nuestro IES, las cuales tienen en com\u00fan los siguiente, para la ESO:<\/p>\r\n<p><em>&#8220;Cada vez que se eval\u00fae un mismo criterio, se registrar\u00e1 en S\u00e9neca y en la evaluaci\u00f3n ordinaria se mostrar\u00e1 la nota de los mismos, teniendo en cuenta las veces que hayan sido evaluados, mostrando la nota de estos. Para obtener la nota de cada evaluaci\u00f3n, se tendr\u00e1n en cuenta todas las competencias evaluadas, a trav\u00e9s de sus criterios asociados, hasta el momento, manteniendo el porcentaje asignado de la misma forma que en la evaluaci\u00f3n final. Las dos primeras evaluaciones son informativas.<\/em><br><em>Una vez obtenida la nota final en la primera y segunda evaluaci\u00f3n, la calificaci\u00f3n podr\u00e1 redondearse al siguiente entero si las d\u00e9cimas son iguales o superiores a 8. Mientras que en la evaluaci\u00f3n ordinaria, el redondeo se har\u00e1 siguiendo el resultado del aplicativo de S\u00e9neca.<\/em><br><em>Se informar\u00e1 a las familias sobre el proceso de evaluaci\u00f3n del alumnado al menos una vez durante el trimestre, usando el m\u00f3dulo de publicaci\u00f3n de calificaciones de S\u00e9neca.&#8221;<\/em><\/p>\r\n<p>&nbsp;<\/p>\r\n<p>&nbsp;<\/p>\r\n<p>&nbsp;<\/p>\r\n","protected":false},"excerpt":{"rendered":"<p>&nbsp; *Todos estos documentos son v\u00e1lidos mientras no haya una norma de rango superior o del mismo rango y fecha posterior que los invalide. Estos documentos ser\u00e1n actualizados durante el curso 2024 &#8211; 2025.&#46;&#46;&#46;<\/p>\n","protected":false},"author":12609,"featured_media":0,"parent":0,"menu_order":0,"comment_status":"closed","ping_status":"closed","template":"","meta":{"ngg_post_thumbnail":0,"footnotes":""},"aioseo_notices":[],"_links":{"self":[{"href":"https:\/\/blogsaverroes.juntadeandalucia.es\/iespuertadelandevalo\/wp-json\/wp\/v2\/pages\/969"}],"collection":[{"href":"https:\/\/blogsaverroes.juntadeandalucia.es\/iespuertadelandevalo\/wp-json\/wp\/v2\/pages"}],"about":[{"href":"https:\/\/blogsaverroes.juntadeandalucia.es\/iespuertadelandevalo\/wp-json\/wp\/v2\/types\/page"}],"author":[{"embeddable":true,"href":"https:\/\/blogsaverroes.juntadeandalucia.es\/iespuertadelandevalo\/wp-json\/wp\/v2\/users\/12609"}],"replies":[{"embeddable":true,"href":"https:\/\/blogsaverroes.juntadeandalucia.es\/iespuertadelandevalo\/wp-json\/wp\/v2\/comments?post=969"}],"version-history":[{"count":12,"href":"https:\/\/blogsaverroes.juntadeandalucia.es\/iespuertadelandevalo\/wp-json\/wp\/v2\/pages\/969\/revisions"}],"predecessor-version":[{"id":2456,"href":"https:\/\/blogsaverroes.juntadeandalucia.es\/iespuertadelandevalo\/wp-json\/wp\/v2\/pages\/969\/revisions\/2456"}],"wp:attachment":[{"href":"https:\/\/blogsaverroes.juntadeandalucia.es\/iespuertadelandevalo\/wp-json\/wp\/v2\/media?parent=969"}],"curies":[{"name":"wp","href":"https:\/\/api.w.org\/{rel}","templated":true}]}}