{"id":1440,"date":"2025-04-09T12:54:15","date_gmt":"2025-04-09T11:54:15","guid":{"rendered":"https:\/\/blogsaverroes.juntadeandalucia.es\/iespuertadelasierra\/?page_id=1440"},"modified":"2025-12-05T11:30:41","modified_gmt":"2025-12-05T10:30:41","slug":"documentos-de-centro","status":"publish","type":"page","link":"https:\/\/blogsaverroes.juntadeandalucia.es\/iespuertadelasierra\/documentos-de-centro\/","title":{"rendered":"Documentos de centro"},"content":{"rendered":"<p><span style=\"font-size: 14pt\"><strong>PLAN DE CENTRO 2025-2026:<\/strong><\/span><\/p>\n<p>Contiene el Reglamento de Organizaci\u00f3n y Funcionamiento (R.O.F.), el Proyecto de Gesti\u00f3n y el Proyecto Educativo.<\/p>\n<p><a href=\"https:\/\/drive.google.com\/file\/d\/1ZM6uA1DVEdlZCgEyiPe2KFAsCtPAWfq3\/view?usp=sharing\" target=\"_blank\" rel=\"noopener\">Acceso al Plan de Centro 2025-2026<\/a><\/p>\n<p><span style=\"font-size: 14pt\"><strong>PROGRAMACIONES DID\u00c1CTICAS 2025-2026:<\/strong><\/span><\/p>\n<p><span style=\"font-size: 12pt\">1\u00ba ESO:&nbsp; <a href=\"https:\/\/drive.google.com\/drive\/folders\/11k4O4ZwKzoWQX4hiTAjkTipP0W6zdc_x?usp=drive_link\">Programaciones did\u00e1cticas<\/a><\/span><\/p>\n<p><span style=\"font-size: 12pt\">2\u00ba ESO: <a href=\"https:\/\/drive.google.com\/drive\/folders\/1Hgz84rQGzkrpDCdCLi7a4pk0i_kX6vVJ?usp=drive_link\">Programaciones did\u00e1cticas<\/a><\/span><\/p>\n<p><span style=\"font-size: 12pt\">3\u00ba ESO: <a href=\"https:\/\/drive.google.com\/drive\/folders\/17Ti3gt5knnb96RNWlbKykPG6NUOSSUVI?usp=drive_link\">Programaciones did\u00e1cticas<\/a><\/span><\/p>\n<p><span style=\"font-size: 12pt\">4\u00ba ESO: <a href=\"https:\/\/drive.google.com\/drive\/folders\/170sH65-fLGe7M0vxepaxRRXJhigWVDMO?usp=drive_link\">Programaciones did\u00e1cticas<\/a><\/span><\/p>\n<p>&nbsp;<\/p>\n<p>&nbsp;<\/p>\n<p>&nbsp;<\/p>\n<p>&nbsp;<\/p>\n<p>&nbsp;<\/p>\n","protected":false},"excerpt":{"rendered":"<p>PLAN DE CENTRO 2025-2026: Contiene el Reglamento de Organizaci\u00f3n y Funcionamiento (R.O.F.), el Proyecto de Gesti\u00f3n y el Proyecto Educativo. Acceso al Plan de Centro 2025-2026 PROGRAMACIONES DID\u00c1CTICAS 2025-2026: 1\u00ba ESO:&nbsp; Programaciones did\u00e1cticas 2\u00ba ESO: Programaciones did\u00e1cticas 3\u00ba ESO: Programaciones did\u00e1cticas 4\u00ba ESO: Programaciones did\u00e1cticas &nbsp; &nbsp; &nbsp; &nbsp; &nbsp;<\/p>\n","protected":false},"author":6028,"featured_media":0,"parent":0,"menu_order":0,"comment_status":"closed","ping_status":"closed","template":"","meta":{"_et_pb_use_builder":"","_et_pb_old_content":"","_et_gb_content_width":"","ngg_post_thumbnail":0,"footnotes":""},"aioseo_notices":[],"_links":{"self":[{"href":"https:\/\/blogsaverroes.juntadeandalucia.es\/iespuertadelasierra\/wp-json\/wp\/v2\/pages\/1440"}],"collection":[{"href":"https:\/\/blogsaverroes.juntadeandalucia.es\/iespuertadelasierra\/wp-json\/wp\/v2\/pages"}],"about":[{"href":"https:\/\/blogsaverroes.juntadeandalucia.es\/iespuertadelasierra\/wp-json\/wp\/v2\/types\/page"}],"author":[{"embeddable":true,"href":"https:\/\/blogsaverroes.juntadeandalucia.es\/iespuertadelasierra\/wp-json\/wp\/v2\/users\/6028"}],"replies":[{"embeddable":true,"href":"https:\/\/blogsaverroes.juntadeandalucia.es\/iespuertadelasierra\/wp-json\/wp\/v2\/comments?post=1440"}],"version-history":[{"count":7,"href":"https:\/\/blogsaverroes.juntadeandalucia.es\/iespuertadelasierra\/wp-json\/wp\/v2\/pages\/1440\/revisions"}],"predecessor-version":[{"id":1503,"href":"https:\/\/blogsaverroes.juntadeandalucia.es\/iespuertadelasierra\/wp-json\/wp\/v2\/pages\/1440\/revisions\/1503"}],"wp:attachment":[{"href":"https:\/\/blogsaverroes.juntadeandalucia.es\/iespuertadelasierra\/wp-json\/wp\/v2\/media?parent=1440"}],"curies":[{"name":"wp","href":"https:\/\/api.w.org\/{rel}","templated":true}]}}