{"id":1447,"date":"2025-05-05T12:02:52","date_gmt":"2025-05-05T11:02:52","guid":{"rendered":"https:\/\/blogsaverroes.juntadeandalucia.es\/iespuertadelasierra\/?page_id=1447"},"modified":"2025-12-02T09:51:09","modified_gmt":"2025-12-02T08:51:09","slug":"horarios-del-centro","status":"publish","type":"page","link":"https:\/\/blogsaverroes.juntadeandalucia.es\/iespuertadelasierra\/horarios-del-centro\/","title":{"rendered":"Horarios del centro"},"content":{"rendered":"<p><span style=\"font-size: 14pt\"><strong>Horario general del centro:&nbsp;<\/strong> <span style=\"font-size: 12pt\">D<\/span><\/span><span style=\"font-size: 12pt\">e lunes a viernes de 08:15 a 14:45 h<\/span><\/p>\n<p><span style=\"font-size: 14pt\"><strong>Horario de administraci\u00f3n:&nbsp;<\/strong><\/span> <span style=\"font-size: 12pt\">De lunes a viernes de 09:00 a 14:00 h<\/span><\/p>\n<p><strong><span style=\"font-size: 14pt\">Horarios equipo directivo: <a title=\"Horarios de guardias del equipo directivo 25-26\" href=\"https:\/\/blogsaverroes.juntadeandalucia.es\/iespuertadelasierra\/files\/2025\/12\/Horario-de-guardias-del-equipo-directivo-25-26.pdf\" target=\"_blank\" rel=\"noopener\">Horarios de guardias del equipo directivo 25-26<\/a><\/span><\/strong><span style=\"font-size: 14pt\">&nbsp;<\/span><\/p>\n<p><strong><span style=\"font-size: 14pt\">Horarios de atenci\u00f3n a familias de los tutores:<\/span><\/strong><\/p>\n<p>&nbsp;&nbsp;&nbsp;&nbsp; <em>Tutor 1\u00ba ESO<\/em>. D. Juan Antonio De Arcos Nadales. Horario de atenci\u00f3n: Jueves de 12:45 a 13:45 h<\/p>\n<p>&nbsp;&nbsp;&nbsp;&nbsp; <em>Tutor 2\u00ba ESO<\/em>. D. Juan Lu\u00eds Galisteo Caro. Horario de atenci\u00f3n: Mi\u00e9rcoles de 09:15 a 10:15 h<\/p>\n<p>&nbsp;&nbsp;&nbsp;&nbsp; <em>Tutora 3\u00ba ESO<\/em>. D\u00f1a. M\u00aa Lourdes Alarc\u00f3n Gil. Horario de atenci\u00f3n: Viernes de 11:35 a 12:35 h<\/p>\n<p>&nbsp;&nbsp;&nbsp;&nbsp; <em>Tutor 4\u00ba ESO<\/em>. D. Juan Diego L\u00f3pez Heredia . Horario de atenci\u00f3n: Viernes de 08:15 a 09:15 h<\/p>\n<p style=\"text-align: center\"><span style=\"font-size: 12pt\"><strong>Se recomienda solicitar cita previa antes de acudir al centro, para evitar que el miembro del equipo directivo o tutor, se encuentre ocupado atendiendo a otras personas, y para poder reunir la informaci\u00f3n requerida.<\/strong><\/span><\/p>\n<p>&nbsp;<\/p>\n","protected":false},"excerpt":{"rendered":"<p>Horario general del centro:&nbsp; De lunes a viernes de 08:15 a 14:45 h Horario de administraci\u00f3n:&nbsp; De lunes a viernes de 09:00 a 14:00 h Horarios equipo directivo: Horarios de guardias del equipo directivo 25-26&nbsp; Horarios de atenci\u00f3n a familias de los tutores: &nbsp;&nbsp;&nbsp;&nbsp; Tutor 1\u00ba ESO. D. Juan Antonio De Arcos Nadales. Horario de [&hellip;]<\/p>\n","protected":false},"author":6028,"featured_media":0,"parent":0,"menu_order":0,"comment_status":"closed","ping_status":"closed","template":"","meta":{"_et_pb_use_builder":"","_et_pb_old_content":"","_et_gb_content_width":"","ngg_post_thumbnail":0,"footnotes":""},"aioseo_notices":[],"_links":{"self":[{"href":"https:\/\/blogsaverroes.juntadeandalucia.es\/iespuertadelasierra\/wp-json\/wp\/v2\/pages\/1447"}],"collection":[{"href":"https:\/\/blogsaverroes.juntadeandalucia.es\/iespuertadelasierra\/wp-json\/wp\/v2\/pages"}],"about":[{"href":"https:\/\/blogsaverroes.juntadeandalucia.es\/iespuertadelasierra\/wp-json\/wp\/v2\/types\/page"}],"author":[{"embeddable":true,"href":"https:\/\/blogsaverroes.juntadeandalucia.es\/iespuertadelasierra\/wp-json\/wp\/v2\/users\/6028"}],"replies":[{"embeddable":true,"href":"https:\/\/blogsaverroes.juntadeandalucia.es\/iespuertadelasierra\/wp-json\/wp\/v2\/comments?post=1447"}],"version-history":[{"count":10,"href":"https:\/\/blogsaverroes.juntadeandalucia.es\/iespuertadelasierra\/wp-json\/wp\/v2\/pages\/1447\/revisions"}],"predecessor-version":[{"id":1485,"href":"https:\/\/blogsaverroes.juntadeandalucia.es\/iespuertadelasierra\/wp-json\/wp\/v2\/pages\/1447\/revisions\/1485"}],"wp:attachment":[{"href":"https:\/\/blogsaverroes.juntadeandalucia.es\/iespuertadelasierra\/wp-json\/wp\/v2\/media?parent=1447"}],"curies":[{"name":"wp","href":"https:\/\/api.w.org\/{rel}","templated":true}]}}