{"id":827,"date":"2020-12-18T08:34:31","date_gmt":"2020-12-18T07:34:31","guid":{"rendered":"https:\/\/blogsaverroes.juntadeandalucia.es\/pre\/plantilla-pencil\/?page_id=827"},"modified":"2025-12-05T11:00:24","modified_gmt":"2025-12-05T10:00:24","slug":"3_esoa","status":"publish","type":"page","link":"https:\/\/blogsaverroes.juntadeandalucia.es\/iespuertadelasierra\/3_esoa\/","title":{"rendered":"3\u00ba ESO"},"content":{"rendered":"<p><span style=\"font-size: 14pt\"><strong><span style=\"font-family: andale mono, monospace\"><a href=\"https:\/\/drive.google.com\/file\/d\/1k4onQODazhDsH2giBve1tbZbD75KCOyN\/view?usp=sharing\" target=\"_blank\" rel=\"noopener\">Horario de clase 3\u00ba A<\/a><\/span><\/strong><\/span><\/p>\n<p><a href=\"https:\/\/drive.google.com\/file\/d\/1aWoqzMRSG-9aoEm9taaT4LeV_hoGCXwF\/view?usp=sharing\" target=\"_blank\" rel=\"noopener\"><span style=\"font-size: 14pt\"><strong><span style=\"font-family: andale mono, monospace\">Horario de clase 3\u00ba B<\/span><\/strong><\/span><\/a><\/p>\n<p><a href=\"https:\/\/drive.google.com\/file\/d\/1fvJNIE6d6P2PduhaQtYDWwNwmClf80ed\/view?usp=sharing\" target=\"_blank\" rel=\"noopener\"><span style=\"font-size: 14pt\"><strong><span style=\"font-family: andale mono, monospace\">Horario de clase 3\u00ba Diversificaci\u00f3n<\/span><\/strong><\/span><\/a><\/p>\n<p><a href=\"https:\/\/drive.google.com\/drive\/folders\/1jOMg8q39XlaVOA4ATpcIrnUG1ea3AHBH?usp=sharing\" target=\"_blank\" rel=\"noopener\"><span style=\"font-size: 14pt\"><strong><span style=\"font-family: andale mono, monospace\">Informaci\u00f3n sobre la evaluaci\u00f3n para familias<\/span><\/strong><\/span><\/a><\/p>\n<p>&nbsp;<\/p>\n","protected":false},"excerpt":{"rendered":"<p>Horario de clase 3\u00ba A Horario de clase 3\u00ba B Horario de clase 3\u00ba Diversificaci\u00f3n Informaci\u00f3n sobre la evaluaci\u00f3n para familias &nbsp;<\/p>\n","protected":false},"author":7051,"featured_media":0,"parent":0,"menu_order":0,"comment_status":"closed","ping_status":"closed","template":"","meta":{"_et_pb_use_builder":"off","_et_pb_old_content":"","_et_gb_content_width":"","ngg_post_thumbnail":0,"footnotes":""},"aioseo_notices":[],"_links":{"self":[{"href":"https:\/\/blogsaverroes.juntadeandalucia.es\/iespuertadelasierra\/wp-json\/wp\/v2\/pages\/827"}],"collection":[{"href":"https:\/\/blogsaverroes.juntadeandalucia.es\/iespuertadelasierra\/wp-json\/wp\/v2\/pages"}],"about":[{"href":"https:\/\/blogsaverroes.juntadeandalucia.es\/iespuertadelasierra\/wp-json\/wp\/v2\/types\/page"}],"author":[{"embeddable":true,"href":"https:\/\/blogsaverroes.juntadeandalucia.es\/iespuertadelasierra\/wp-json\/wp\/v2\/users\/7051"}],"replies":[{"embeddable":true,"href":"https:\/\/blogsaverroes.juntadeandalucia.es\/iespuertadelasierra\/wp-json\/wp\/v2\/comments?post=827"}],"version-history":[{"count":18,"href":"https:\/\/blogsaverroes.juntadeandalucia.es\/iespuertadelasierra\/wp-json\/wp\/v2\/pages\/827\/revisions"}],"predecessor-version":[{"id":1498,"href":"https:\/\/blogsaverroes.juntadeandalucia.es\/iespuertadelasierra\/wp-json\/wp\/v2\/pages\/827\/revisions\/1498"}],"wp:attachment":[{"href":"https:\/\/blogsaverroes.juntadeandalucia.es\/iespuertadelasierra\/wp-json\/wp\/v2\/media?parent=827"}],"curies":[{"name":"wp","href":"https:\/\/api.w.org\/{rel}","templated":true}]}}