{"id":166,"date":"2015-03-17T07:53:12","date_gmt":"2015-03-17T07:53:12","guid":{"rendered":"http:\/\/blogsaverroes.juntadeandalucia.es\/pre\/ceip\/?page_id=166"},"modified":"2024-10-03T09:43:39","modified_gmt":"2024-10-03T09:43:39","slug":"clasicas","status":"publish","type":"page","link":"https:\/\/blogsaverroes.juntadeandalucia.es\/iespuertadelmar\/clasicas\/","title":{"rendered":"Cultura Cl\u00e1sica"},"content":{"rendered":"\t\t<div data-elementor-type=\"wp-page\" data-elementor-id=\"166\" class=\"elementor elementor-166\">\n\t\t\t\t\t\t<section class=\"elementor-section elementor-top-section elementor-element elementor-element-40742197 elementor-section-boxed elementor-section-height-default elementor-section-height-default\" data-id=\"40742197\" data-element_type=\"section\">\n\t\t\t\t\t\t<div class=\"elementor-container elementor-column-gap-default\">\n\t\t\t\t\t<div class=\"elementor-column elementor-col-100 elementor-top-column elementor-element elementor-element-a169d2a\" data-id=\"a169d2a\" data-element_type=\"column\">\n\t\t\t<div class=\"elementor-widget-wrap elementor-element-populated\">\n\t\t\t\t\t\t<div class=\"elementor-element elementor-element-398cd94 elementor-widget elementor-widget-image\" data-id=\"398cd94\" data-element_type=\"widget\" data-widget_type=\"image.default\">\n\t\t\t\t<div class=\"elementor-widget-container\">\n\t\t\t\t\t\t\t\t\t\t\t\t\t\t\t<img decoding=\"async\" src=\"https:\/\/blogsaverroes.juntadeandalucia.es\/iespuertadelmar\/files\/elementor\/thumbs\/Templo-flores-sicilia-agrigento-quz465q2jq5qjnrzsxz92pbhdgw4hyfnjykei87ta8.jpg\" title=\"Templo flores sicilia agrigento\" alt=\"Templo flores sicilia agrigento\" loading=\"lazy\" \/>\t\t\t\t\t\t\t\t\t\t\t\t\t\t\t<\/div>\n\t\t\t\t<\/div>\n\t\t\t\t<div class=\"elementor-element elementor-element-63ebf511 elementor-tabs-view-horizontal elementor-widget elementor-widget-tabs\" data-id=\"63ebf511\" data-element_type=\"widget\" data-widget_type=\"tabs.default\">\n\t\t\t\t<div class=\"elementor-widget-container\">\n\t\t\t\t\t\t\t<div class=\"elementor-tabs\">\n\t\t\t<div class=\"elementor-tabs-wrapper\" role=\"tablist\" >\n\t\t\t\t\t\t\t\t\t<div id=\"elementor-tab-title-1671\" class=\"elementor-tab-title elementor-tab-desktop-title\" aria-selected=\"true\" data-tab=\"1\" role=\"tab\" tabindex=\"0\" aria-controls=\"elementor-tab-content-1671\" aria-expanded=\"false\">Presentaci\u00f3n<\/div>\n\t\t\t\t\t\t\t\t\t<div id=\"elementor-tab-title-1672\" class=\"elementor-tab-title elementor-tab-desktop-title\" aria-selected=\"false\" data-tab=\"2\" role=\"tab\" tabindex=\"-1\" aria-controls=\"elementor-tab-content-1672\" aria-expanded=\"false\">Criterios de evaluaci\u00f3n<\/div>\n\t\t\t\t\t\t\t\t\t<div id=\"elementor-tab-title-1673\" class=\"elementor-tab-title elementor-tab-desktop-title\" aria-selected=\"false\" data-tab=\"3\" role=\"tab\" tabindex=\"-1\" aria-controls=\"elementor-tab-content-1673\" aria-expanded=\"false\">Recuperaci\u00f3n de pendientes<\/div>\n\t\t\t\t\t\t\t<\/div>\n\t\t\t<div class=\"elementor-tabs-content-wrapper\" role=\"tablist\" aria-orientation=\"vertical\">\n\t\t\t\t\t\t\t\t\t<div class=\"elementor-tab-title elementor-tab-mobile-title\" aria-selected=\"true\" data-tab=\"1\" role=\"tab\" tabindex=\"0\" aria-controls=\"elementor-tab-content-1671\" aria-expanded=\"false\">Presentaci\u00f3n<\/div>\n\t\t\t\t\t<div id=\"elementor-tab-content-1671\" class=\"elementor-tab-content elementor-clearfix\" data-tab=\"1\" role=\"tabpanel\" aria-labelledby=\"elementor-tab-title-1671\" tabindex=\"0\" hidden=\"false\"><p><span style=\"font-family: sans-serif\"><span style=\"font-size: medium\"><strong>Cultura Cl\u00e1sica.<\/strong> <\/span><\/span><\/p><p><span style=\"font-family: sans-serif\"><span style=\"font-size: medium\">La materia Cultura Cl\u00e1sica tiene como finalidad facilitar al alumnado un primer acercamiento general al estudio de las civilizaciones griega y latina en los \u00e1mbitos literario, art\u00edstico, filos\u00f3fico, cient\u00edfico y ling\u00fc\u00edstico, con objeto de que, a partir de su estudio, pueda tomar conciencia de la pervivencia, influencia y presencia de muchos de estos aspectos en la cultura occidental, mejorando de este modo su comprensi\u00f3n de lo que constituye su identidad cultural y de las diversas manifestaciones que la definen. <\/span><\/span><\/p><p><span style=\"font-family: sans-serif\"><span style=\"font-size: medium\">A trav\u00e9s de la Cultura Cl\u00e1sica se pretende iniciar al alumnado en un ejercicio de reflexi\u00f3n y an\u00e1lisis sobre las bases sobre las que descansan algunas de las realidades m\u00e1s caracter\u00edsticas de nuestra cultura, confrontando estas con diversos aspectos de lo que conocemos como legado cl\u00e1sico y estableciendo relaciones de correspondencia entre unas y otros. <\/span><\/span><\/p><p><span style=\"font-family: sans-serif\"><span style=\"font-size: medium\"><strong>Lat\u00edn.<\/strong> <\/span><\/span><\/p><p><span style=\"font-family: sans-serif\"><span style=\"font-size: medium\">La materia Lat\u00edn en la etapa de ESO tiene como principal finalidad introducir al alumnado en el conocimiento de los aspectos esenciales de la lengua y la cultura latina, haciendo hincapi\u00e9 al mismo tiempo en el papel que estas desempe\u00f1an en tanto que origen y fundamento de las lenguas romances y de la cultura occidental. Esta misma perspectiva est\u00e1 tambi\u00e9n presente en el curr\u00edculo b\u00e1sico para Bachillerato, si bien en esta etapa se <\/span><\/span><\/p><p><span style=\"font-family: sans-serif\"><span style=\"font-size: medium\">persigue un estudio m\u00e1s en profundidad de la lengua, caracterizada por su riqueza y complejidad estructural. Esto no solo constituye de por s\u00ed un importante ejercicio intelectual, sino que al mismo tiempo proporciona una s\u00f3lida base cient\u00edfica para el estudio y perfeccionamiento progresivo en el manejo de otras lenguas. <\/span><\/span><\/p><p><span style=\"font-family: sans-serif\"><span style=\"font-size: medium\"><strong>Griego.<\/strong> <\/span><\/span><\/p><p><span style=\"font-family: sans-serif\"><span style=\"font-size: medium\">La asignatura de Griego en la etapa de Bachillerato tiene como primera finalidad introducir al alumnado en el conocimiento b\u00e1sico de la lengua griega antigua en sus aspectos morfol\u00f3gicos, sint\u00e1cticos y l\u00e9xicos, con objeto de permitirle acceder directamente a algunos de los textos originales m\u00e1s importantes de la tradici\u00f3n literaria hel\u00e9nica, a trav\u00e9s de los cuales ha llegado hasta nosotros una buena parte del denominado legado cl\u00e1sico. El estudio de la lengua y la literatura griega sirve, adem\u00e1s, como instrumento id\u00f3neo para iniciarse en un conocimiento directo del pensamiento y la cultura griega antigua, que constituyen la base de la civilizaci\u00f3n occidental. <\/span><\/span><\/p><p>\u00a0<\/p><\/div>\n\t\t\t\t\t\t\t\t\t<div class=\"elementor-tab-title elementor-tab-mobile-title\" aria-selected=\"false\" data-tab=\"2\" role=\"tab\" tabindex=\"-1\" aria-controls=\"elementor-tab-content-1672\" aria-expanded=\"false\">Criterios de evaluaci\u00f3n<\/div>\n\t\t\t\t\t<div id=\"elementor-tab-content-1672\" class=\"elementor-tab-content elementor-clearfix\" data-tab=\"2\" role=\"tabpanel\" aria-labelledby=\"elementor-tab-title-1672\" tabindex=\"0\" hidden=\"hidden\"><p>Se a\u00f1aden los documentos necesarios para se\u00f1alar los criterios de evaluaci\u00f3n de las materias.<\/p>\n<p><a href=\"https:\/\/blogsaverroes.juntadeandalucia.es\/iespuertadelmar\/files\/2024\/10\/Esquema-LOMLOE-Cultura-Clasica.pdf\">Esquema LOMLOE Cultura Cl\u00e1sica<\/a><\/p>\n<p><\/p>\n<p><a href=\"https:\/\/blogsaverroes.juntadeandalucia.es\/iespuertadelmar\/files\/2024\/10\/Esquema-LOMLOE-Latin-4o-ESO.pdf\">Esquema LOMLOE Lat\u00edn 4\u00ba ESO<\/a><\/p>\n<p><a href=\"https:\/\/blogsaverroes.juntadeandalucia.es\/iespuertadelmar\/files\/2024\/10\/Esquema-LOMLOE-Latin-I-Criterios.pdf\">Esquema LOMLOE Lat\u00edn I Criterios<\/a><\/p>\n<p><a href=\"https:\/\/blogsaverroes.juntadeandalucia.es\/iespuertadelmar\/files\/2024\/10\/Esquema-LOMLOE-Latin-II-Criterios.pdf\">Esquema LOMLOE Lat\u00edn II Criterios<\/a><\/p>\n<p><a href=\"https:\/\/blogsaverroes.juntadeandalucia.es\/iespuertadelmar\/files\/2024\/10\/Esquema-LOMLOE-Griego-I-Criterios.pdf\">Esquema LOMLOE Griego I Criterios<\/a><\/p>\n<p><a href=\"https:\/\/blogsaverroes.juntadeandalucia.es\/iespuertadelmar\/files\/2024\/10\/Esquema-LOMLOE-Griego-II-Criterios.pdf\">Esquema LOMLOE Griego II Criterios<\/a><\/p><p><br><\/p><p>Los criterios de evaluaci\u00f3n recogidos en los documentos adjuntados se evaluar\u00e1n con los siguientes instrumentos de evaluaci\u00f3n:<\/p><p>&#8211; Prueba escrita<\/p><p>&#8211; Exposiciones orales<\/p><p>&#8211; Trabajos escritos en distintos formatos (papel, digital, etc.)<\/p><p>&#8211; Comentarios de texto<\/p><p>&#8211; Trabajo diario en clase<\/p><p>&#8211; Trabajos culturales en distintos formatos<\/p>\n<p><\/p><\/div>\n\t\t\t\t\t\t\t\t\t<div class=\"elementor-tab-title elementor-tab-mobile-title\" aria-selected=\"false\" data-tab=\"3\" role=\"tab\" tabindex=\"-1\" aria-controls=\"elementor-tab-content-1673\" aria-expanded=\"false\">Recuperaci\u00f3n de pendientes<\/div>\n\t\t\t\t\t<div id=\"elementor-tab-content-1673\" class=\"elementor-tab-content elementor-clearfix\" data-tab=\"3\" role=\"tabpanel\" aria-labelledby=\"elementor-tab-title-1673\" tabindex=\"0\" hidden=\"hidden\"><p>Se explica c\u00f3mo recuperar las materias pendientes.<\/p>\n<p style=\"line-height: 100%;margin-bottom: 0cm\">El alumnado que tenga pendiente las asignaturas de Lat\u00edn y\/o Griego de 1\u00ba de Bachillerato podr\u00e1 recuperarla de la siguiente manera:<br><br>&#8211; Obteniendo una calificaci\u00f3n positiva en las dos primeras evaluaciones de 2\u00ba de Bachillerato.<\/p>\n<p style=\"line-height: 100%;margin-bottom: 0cm\"><br><\/p>\n<p style=\"line-height: 100%;margin-bottom: 0cm\">&#8211; Entregando un comentario de texto guiado de un g\u00e9nero literario propio de la literatura grecorromana.<\/p>\n<p style=\"line-height: 100%;margin-bottom: 0cm\"><br><\/p>\n<p style=\"line-height: 100%;margin-bottom: 0cm\">&#8211; Entregando un trabajo sobre historia y cultura grecorromanas.<\/p>\n<p style=\"line-height: 100%;margin-bottom: 0cm\"><br><\/p>\n<p style=\"line-height: 100%;margin-bottom: 0cm\"><br><\/p>\n<p style=\"line-height: 100%;margin-bottom: 0cm\">Los comentarios y los trabajos deber\u00e1n entregarse en la \u00faltima semana de enero (primera convocatoria) o en la \u00faltima semana de abril (segunda convocatoria).<\/p>\n<p style=\"line-height: 100%;margin-bottom: 0cm\"><br><\/p>\n<p style=\"line-height: 100%;margin-bottom: 0cm\">\n<br>Tanto la realizaci\u00f3n de los comentarios, como la superaci\u00f3n de los contenidos de los otros bloques cursando 2\u00ba BACH son requisitos imprescindibles para la recuperaci\u00f3n de la materia.<\/p>\n<p style=\"line-height: 100%;margin-bottom: 0cm\"><br><\/p>\n<p style=\"line-height: 100%;margin-bottom: 0cm\">En caso de que no se superen los contenidos de 2\u00ba Bachillerato, el alumnado deber\u00e1 presentarse a una prueba escrita de los contenidos del bloque ling\u00fc\u00edstico correspondientes a 1\u00ba de Bachillerato. Esta prueba tendr\u00e1 lugar la segunda semana despu\u00e9s de Semana Santa.<\/p>\n<p style=\"line-height: 100%;margin-bottom: 0cm\"><br><\/p>\n<p style=\"line-height: 100%;margin-bottom: 0cm\">Si el alumnado no superara las pruebas o no entregara los trabajos citados anteriormente, deber\u00e1 presentarse&nbsp;<span style=\"color: var( --e-global-color-text )\">a la prueba extraordinaria de septiembre sobre todos los contenidos<br>de 1\u00ba BACH, dado que se considera que no ha alcanzado los objetivos de la materia correspondientes a esta etapa.<\/span><\/p><\/div>\n\t\t\t\t\t\t\t<\/div>\n\t\t<\/div>\n\t\t\t\t\t\t<\/div>\n\t\t\t\t<\/div>\n\t\t\t\t\t<\/div>\n\t\t<\/div>\n\t\t\t\t\t<\/div>\n\t\t<\/section>\n\t\t\t\t<section class=\"elementor-section elementor-top-section elementor-element elementor-element-758b4933 elementor-section-boxed elementor-section-height-default elementor-section-height-default\" data-id=\"758b4933\" data-element_type=\"section\">\n\t\t\t\t\t\t<div class=\"elementor-container elementor-column-gap-default\">\n\t\t\t\t\t<div class=\"elementor-column elementor-col-100 elementor-top-column elementor-element elementor-element-44bb754d\" data-id=\"44bb754d\" data-element_type=\"column\">\n\t\t\t<div class=\"elementor-widget-wrap elementor-element-populated\">\n\t\t\t\t\t\t<div class=\"elementor-element elementor-element-3b3468d4 elementor-widget elementor-widget-contentviews_widget_scrollable\" data-id=\"3b3468d4\" data-element_type=\"widget\" data-widget_type=\"contentviews_widget_scrollable.default\">\n\t\t\t\t<div class=\"elementor-widget-container\">\n\t\t\t\t\t<div class='pt-cv-wrapper'> <h1 class='pt-cv-heading-container heading1' data-blockid='3b3468d4'><span class='pt-cv-heading'> Noticias de Cultura Cl\u00e1sica <\/span><\/h1><div class=\"pt-cv-view pt-cv-scrollable pt-cv-colsys iscvblock iscvelementor scrollable layout1\" id=\"pt-cv-view-3b3468d4\"><div data-id=\"pt-cv-page-1\" class=\"pt-cv-page\" data-cvc=\"2\"><div id=\"c2d72b94eo\" class=\"pt-cv-carousel pt-cv-slide\" data-ride=\"cvcarousel\" data-interval=false><ol class=\"pt-cv-carousel-indicators\"><li data-target=\"#c2d72b94eo\" data-cvslide-to=\"0\" class=\"active\"><\/li>\n<li data-target=\"#c2d72b94eo\" data-cvslide-to=\"1\" class=\"\"><\/li>\n<li data-target=\"#c2d72b94eo\" data-cvslide-to=\"2\" class=\"\"><\/li><\/ol>\n<div class=\"carousel-inner\"><div class=\"item active\"><div class=\"row\"><div class=\"col-md-6 pt-cv-content-item pt-cv-1-col\" ><div class=\"pt-cv-thumb-wrapper  \"><a href=\"https:\/\/blogsaverroes.juntadeandalucia.es\/iespuertadelmar\/2026\/02\/19\/dia-internacional-de-la-lengua-griega\/\" class=\"_self pt-cv-href-thumbnail pt-cv-thumb-default\" target=\"_self\" ><img fetchpriority=\"high\" decoding=\"async\" width=\"1016\" height=\"1024\" src=\"https:\/\/blogsaverroes.juntadeandalucia.es\/iespuertadelmar\/files\/2026\/02\/2-1016x1024.jpeg\" class=\"pt-cv-thumbnail\" alt=\"\" \/><\/a><\/div>\n<div class=\"pt-cv-carousel-caption pt-cv-cap-w-img\"><div class=\"pt-cv-taxoterm above_title\"><a href='https:\/\/blogsaverroes.juntadeandalucia.es\/iespuertadelmar\/category\/departamentos\/noticias-clasicas\/' title='Cl\u00e1sicas Noticias' class='pt-cv-tax-noticias-clasicas'>Cl\u00e1sicas Noticias<\/a><\/div>\n<h4 class=\"pt-cv-title\"><a href=\"https:\/\/blogsaverroes.juntadeandalucia.es\/iespuertadelmar\/2026\/02\/19\/dia-internacional-de-la-lengua-griega\/\" class=\"_self\" target=\"_self\" >D\u00cdA INTERNACIONAL DE LA LENGUA GRIEGA<\/a><\/h4>\n<div class=\"pt-cv-content\">El pasado lunes 9 de febrero el Departamento de Cultura Cl\u00e1sica celebr\u00f3 en la biblioteca el D\u00eda Internacional de la ...<\/div>\n<div class=\"pt-cv-rmwrap\"><a href=\"https:\/\/blogsaverroes.juntadeandalucia.es\/iespuertadelmar\/2026\/02\/19\/dia-internacional-de-la-lengua-griega\/\" class=\"_self pt-cv-readmore btn btn-success\" target=\"_self\" >Leer M\u00e1s<\/a><\/div>\n<div class=\"pt-cv-meta-fields\"><span class=\"entry-date\"> <time datetime=\"2026-02-19T07:27:10+00:00\">19 febrero, 2026<\/time><\/span><span> \/ <\/span><span class=\"author\"> <a href=\"https:\/\/blogsaverroes.juntadeandalucia.es\/iespuertadelmar\/author\/yolanda-martinez-leon\/\" rel=\"author\">Yolanda Mart\u00ednez Le\u00f3n<\/a><\/span><\/div><\/div><\/div>\n<div class=\"col-md-6 pt-cv-content-item pt-cv-1-col\" ><div class=\"pt-cv-thumb-wrapper  \"><a href=\"https:\/\/blogsaverroes.juntadeandalucia.es\/iespuertadelmar\/2025\/11\/13\/salida-a-malaga-departamento-de-lenguas-clasicas\/\" class=\"_self pt-cv-href-thumbnail pt-cv-thumb-default\" target=\"_self\" ><img decoding=\"async\" width=\"1024\" height=\"1024\" src=\"https:\/\/blogsaverroes.juntadeandalucia.es\/iespuertadelmar\/files\/2025\/11\/Imagen-de-WhatsApp-2025-11-12-a-las-17.38.23_3eeebe6c.jpg\" class=\"pt-cv-thumbnail\" alt=\"\" \/><\/a><\/div>\n<div class=\"pt-cv-carousel-caption pt-cv-cap-w-img\"><div class=\"pt-cv-taxoterm above_title\"><a href='https:\/\/blogsaverroes.juntadeandalucia.es\/iespuertadelmar\/category\/departamentos\/noticias-clasicas\/' title='Cl\u00e1sicas Noticias' class='pt-cv-tax-noticias-clasicas'>Cl\u00e1sicas Noticias<\/a><\/div>\n<h4 class=\"pt-cv-title\"><a href=\"https:\/\/blogsaverroes.juntadeandalucia.es\/iespuertadelmar\/2025\/11\/13\/salida-a-malaga-departamento-de-lenguas-clasicas\/\" class=\"_self\" target=\"_self\" >Salida a M\u00e1laga: Departamento de Lenguas Cl\u00e1sicas<\/a><\/h4>\n<div class=\"pt-cv-content\">El mi\u00e9rcoles 12 de noviembre el grupo de Humanidades y Cultura Cl\u00e1sica del instituto ha disfrutado de una visita al ...<\/div>\n<div class=\"pt-cv-rmwrap\"><a href=\"https:\/\/blogsaverroes.juntadeandalucia.es\/iespuertadelmar\/2025\/11\/13\/salida-a-malaga-departamento-de-lenguas-clasicas\/\" class=\"_self pt-cv-readmore btn btn-success\" target=\"_self\" >Leer M\u00e1s<\/a><\/div>\n<div class=\"pt-cv-meta-fields\"><span class=\"entry-date\"> <time datetime=\"2025-11-13T13:01:06+00:00\">13 noviembre, 2025<\/time><\/span><span> \/ <\/span><span class=\"author\"> <a href=\"https:\/\/blogsaverroes.juntadeandalucia.es\/iespuertadelmar\/author\/yolanda-martinez-leon\/\" rel=\"author\">Yolanda Mart\u00ednez Le\u00f3n<\/a><\/span><\/div><\/div><\/div><\/div><\/div>\n<div class=\"item\"><div class=\"row\"><div class=\"col-md-6 pt-cv-content-item pt-cv-1-col\" ><div class=\"pt-cv-thumb-wrapper  \"><a href=\"https:\/\/blogsaverroes.juntadeandalucia.es\/iespuertadelmar\/2025\/05\/08\/exposicion-de-mosaicos-romanos\/\" class=\"_self pt-cv-href-thumbnail pt-cv-thumb-default\" target=\"_self\" ><img decoding=\"async\" width=\"1024\" height=\"1024\" src=\"https:\/\/blogsaverroes.juntadeandalucia.es\/iespuertadelmar\/files\/2025\/05\/Imagen-de-WhatsApp-2025-05-07-a-las-19.16.54_ac63656c-1024x1024.jpg\" class=\"pt-cv-thumbnail\" alt=\"\" \/><\/a><\/div>\n<div class=\"pt-cv-carousel-caption pt-cv-cap-w-img\"><div class=\"pt-cv-taxoterm above_title\"><a href='https:\/\/blogsaverroes.juntadeandalucia.es\/iespuertadelmar\/category\/biblioteca\/' title='Biblioteca' class='pt-cv-tax-biblioteca'>Biblioteca<\/a><a href='https:\/\/blogsaverroes.juntadeandalucia.es\/iespuertadelmar\/category\/departamentos\/noticias-clasicas\/' title='Cl\u00e1sicas Noticias' class='pt-cv-tax-noticias-clasicas'>Cl\u00e1sicas Noticias<\/a><\/div>\n<h4 class=\"pt-cv-title\"><a href=\"https:\/\/blogsaverroes.juntadeandalucia.es\/iespuertadelmar\/2025\/05\/08\/exposicion-de-mosaicos-romanos\/\" class=\"_self\" target=\"_self\" >Exposici\u00f3n de mosaicos romanos<\/a><\/h4>\n<div class=\"pt-cv-content\">\u201cEx minutissimis tessellis subtilitatem picturae colorumque varietatem exprimunt.\u201d - Plinio el Viejo Los mosaicos son una forma de arte decorativo ...<\/div>\n<div class=\"pt-cv-rmwrap\"><a href=\"https:\/\/blogsaverroes.juntadeandalucia.es\/iespuertadelmar\/2025\/05\/08\/exposicion-de-mosaicos-romanos\/\" class=\"_self pt-cv-readmore btn btn-success\" target=\"_self\" >Leer M\u00e1s<\/a><\/div>\n<div class=\"pt-cv-meta-fields\"><span class=\"entry-date\"> <time datetime=\"2025-05-08T09:00:56+00:00\">8 mayo, 2025<\/time><\/span><span> \/ <\/span><span class=\"author\"> <a href=\"https:\/\/blogsaverroes.juntadeandalucia.es\/iespuertadelmar\/author\/luis-jesus-del-castillo-montes\/\" rel=\"author\">Luis J. del Castillo<\/a><\/span><\/div><\/div><\/div>\n<div class=\"col-md-6 pt-cv-content-item pt-cv-1-col\" ><div class=\"pt-cv-thumb-wrapper  \"><a href=\"https:\/\/blogsaverroes.juntadeandalucia.es\/iespuertadelmar\/2025\/03\/17\/teatro-sobre-mitologia-en-almunecar\/\" class=\"_self pt-cv-href-thumbnail pt-cv-thumb-default\" target=\"_self\" ><img loading=\"lazy\" decoding=\"async\" width=\"1024\" height=\"768\" src=\"https:\/\/blogsaverroes.juntadeandalucia.es\/iespuertadelmar\/files\/2025\/03\/IMG_20250306_135132-Maria-Clasica-1024x768.jpg\" class=\"pt-cv-thumbnail\" alt=\"\" \/><\/a><\/div>\n<div class=\"pt-cv-carousel-caption pt-cv-cap-w-img\"><div class=\"pt-cv-taxoterm above_title\"><a href='https:\/\/blogsaverroes.juntadeandalucia.es\/iespuertadelmar\/category\/departamentos\/noticias-clasicas\/' title='Cl\u00e1sicas Noticias' class='pt-cv-tax-noticias-clasicas'>Cl\u00e1sicas Noticias<\/a><\/div>\n<h4 class=\"pt-cv-title\"><a href=\"https:\/\/blogsaverroes.juntadeandalucia.es\/iespuertadelmar\/2025\/03\/17\/teatro-sobre-mitologia-en-almunecar\/\" class=\"_self\" target=\"_self\" >Teatro sobre mitolog\u00eda en Almu\u00f1\u00e9car<\/a><\/h4>\n<div class=\"pt-cv-content\">El pasado jueves 6 de marzo el alumnado de 4\u00b0 ESO A (Lat\u00edn), 1\u00b0 Bachillerato y 2\u00b0 Bachillerato C asisti\u00f3 ...<\/div>\n<div class=\"pt-cv-rmwrap\"><a href=\"https:\/\/blogsaverroes.juntadeandalucia.es\/iespuertadelmar\/2025\/03\/17\/teatro-sobre-mitologia-en-almunecar\/\" class=\"_self pt-cv-readmore btn btn-success\" target=\"_self\" >Leer M\u00e1s<\/a><\/div>\n<div class=\"pt-cv-meta-fields\"><span class=\"entry-date\"> <time datetime=\"2025-03-17T18:45:59+00:00\">17 marzo, 2025<\/time><\/span><span> \/ <\/span><span class=\"author\"> <a href=\"https:\/\/blogsaverroes.juntadeandalucia.es\/iespuertadelmar\/author\/luis-jesus-del-castillo-montes\/\" rel=\"author\">Luis J. del Castillo<\/a><\/span><\/div><\/div><\/div><\/div><\/div>\n<div class=\"item\"><div class=\"row\"><div class=\"col-md-6 pt-cv-content-item pt-cv-1-col\" ><div class=\"pt-cv-thumb-wrapper  \"><a href=\"https:\/\/blogsaverroes.juntadeandalucia.es\/iespuertadelmar\/2024\/11\/20\/visita-a-la-almunecar-romana\/\" class=\"_self pt-cv-href-thumbnail pt-cv-thumb-default\" target=\"_self\" ><img loading=\"lazy\" decoding=\"async\" width=\"1024\" height=\"768\" src=\"https:\/\/blogsaverroes.juntadeandalucia.es\/iespuertadelmar\/files\/2024\/11\/IMG_20241120_113312-Maria-Iniesta-Lopez-1024x768.jpg\" class=\"pt-cv-thumbnail\" alt=\"\" \/><\/a><\/div>\n<div class=\"pt-cv-carousel-caption pt-cv-cap-w-img\"><div class=\"pt-cv-taxoterm above_title\"><a href='https:\/\/blogsaverroes.juntadeandalucia.es\/iespuertadelmar\/category\/actividades-extraescolares\/' title='Actividades extraescolares' class='pt-cv-tax-actividades-extraescolares'>Actividades extraescolares<\/a><a href='https:\/\/blogsaverroes.juntadeandalucia.es\/iespuertadelmar\/category\/departamentos\/noticias-clasicas\/' title='Cl\u00e1sicas Noticias' class='pt-cv-tax-noticias-clasicas'>Cl\u00e1sicas Noticias<\/a><\/div>\n<h4 class=\"pt-cv-title\"><a href=\"https:\/\/blogsaverroes.juntadeandalucia.es\/iespuertadelmar\/2024\/11\/20\/visita-a-la-almunecar-romana\/\" class=\"_self\" target=\"_self\" >Visita a la Almu\u00f1\u00e9car romana<\/a><\/h4>\n<div class=\"pt-cv-content\">El mi\u00e9rcoles 20 de noviembre, el alumnado de las asignaturas de Lat\u00edn y Cultura Cl\u00e1sica ha realizado la visita a ...<\/div>\n<div class=\"pt-cv-rmwrap\"><a href=\"https:\/\/blogsaverroes.juntadeandalucia.es\/iespuertadelmar\/2024\/11\/20\/visita-a-la-almunecar-romana\/\" class=\"_self pt-cv-readmore btn btn-success\" target=\"_self\" >Leer M\u00e1s<\/a><\/div>\n<div class=\"pt-cv-meta-fields\"><span class=\"entry-date\"> <time datetime=\"2024-11-20T19:51:49+00:00\">20 noviembre, 2024<\/time><\/span><span> \/ <\/span><span class=\"author\"> <a href=\"https:\/\/blogsaverroes.juntadeandalucia.es\/iespuertadelmar\/author\/luis-jesus-del-castillo-montes\/\" rel=\"author\">Luis J. del Castillo<\/a><\/span><\/div><\/div><\/div><\/div><\/div><\/div>\n<a class=\"left carousel-control\" data-target=\"#c2d72b94eo\" data-cvslide=\"prev\">\r\n\t\t\t\t\t\t<span class=\"glyphicon glyphicon-chevron-left\"><\/span>\r\n\t\t\t\t\t<\/a>\r\n\t\t\t\t\t<a class=\"right carousel-control\" data-target=\"#c2d72b94eo\" data-cvslide=\"next\">\r\n\t\t\t\t\t\t<span class=\"glyphicon glyphicon-chevron-right\"><\/span>\r\n\t\t\t\t\t<\/a><\/div><\/div><\/div> <\/div> \t\t\t\t<\/div>\n\t\t\t\t<\/div>\n\t\t\t\t\t<\/div>\n\t\t<\/div>\n\t\t\t\t\t<\/div>\n\t\t<\/section>\n\t\t\t\t<section class=\"elementor-section elementor-top-section elementor-element elementor-element-cbd78b6 elementor-section-boxed elementor-section-height-default elementor-section-height-default\" data-id=\"cbd78b6\" data-element_type=\"section\">\n\t\t\t\t\t\t<div class=\"elementor-container elementor-column-gap-default\">\n\t\t\t\t\t<div class=\"elementor-column elementor-col-100 elementor-top-column elementor-element elementor-element-c8a5efa\" data-id=\"c8a5efa\" data-element_type=\"column\">\n\t\t\t<div class=\"elementor-widget-wrap\">\n\t\t\t\t\t\t\t<\/div>\n\t\t<\/div>\n\t\t\t\t\t<\/div>\n\t\t<\/section>\n\t\t\t\t<\/div>\n\t\t","protected":false},"excerpt":{"rendered":"<p>Presentaci\u00f3n Criterios de evaluaci\u00f3n Recuperaci\u00f3n de pendientes Presentaci\u00f3n Cultura Cl\u00e1sica. La materia Cultura Cl\u00e1sica tiene como finalidad facilitar al alumnado un primer acercamiento general al estudio de las civilizaciones griega&#46;&#46;&#46;<\/p>\n","protected":false},"author":1,"featured_media":0,"parent":0,"menu_order":0,"comment_status":"open","ping_status":"open","template":"page-templates\/child-menu.php","meta":{"ngg_post_thumbnail":0,"footnotes":"","_mc_calendar":[]},"aioseo_notices":[],"_links":{"self":[{"href":"https:\/\/blogsaverroes.juntadeandalucia.es\/iespuertadelmar\/wp-json\/wp\/v2\/pages\/166"}],"collection":[{"href":"https:\/\/blogsaverroes.juntadeandalucia.es\/iespuertadelmar\/wp-json\/wp\/v2\/pages"}],"about":[{"href":"https:\/\/blogsaverroes.juntadeandalucia.es\/iespuertadelmar\/wp-json\/wp\/v2\/types\/page"}],"author":[{"embeddable":true,"href":"https:\/\/blogsaverroes.juntadeandalucia.es\/iespuertadelmar\/wp-json\/wp\/v2\/users\/1"}],"replies":[{"embeddable":true,"href":"https:\/\/blogsaverroes.juntadeandalucia.es\/iespuertadelmar\/wp-json\/wp\/v2\/comments?post=166"}],"version-history":[{"count":46,"href":"https:\/\/blogsaverroes.juntadeandalucia.es\/iespuertadelmar\/wp-json\/wp\/v2\/pages\/166\/revisions"}],"predecessor-version":[{"id":3442,"href":"https:\/\/blogsaverroes.juntadeandalucia.es\/iespuertadelmar\/wp-json\/wp\/v2\/pages\/166\/revisions\/3442"}],"wp:attachment":[{"href":"https:\/\/blogsaverroes.juntadeandalucia.es\/iespuertadelmar\/wp-json\/wp\/v2\/media?parent=166"}],"curies":[{"name":"wp","href":"https:\/\/api.w.org\/{rel}","templated":true}]}}