{"id":172,"date":"2015-03-17T07:55:49","date_gmt":"2015-03-17T07:55:49","guid":{"rendered":"http:\/\/blogsaverroes.juntadeandalucia.es\/pre\/ceip\/?page_id=172"},"modified":"2024-10-24T20:26:23","modified_gmt":"2024-10-24T20:26:23","slug":"fisica-y-quimica","status":"publish","type":"page","link":"https:\/\/blogsaverroes.juntadeandalucia.es\/iespuertadelmar\/fisica-y-quimica\/","title":{"rendered":"F\u00edsica y Qu\u00edmica"},"content":{"rendered":"\t\t<div data-elementor-type=\"wp-page\" data-elementor-id=\"172\" class=\"elementor elementor-172\">\n\t\t\t\t\t\t<section class=\"elementor-section elementor-top-section elementor-element elementor-element-2d435272 elementor-section-boxed elementor-section-height-default elementor-section-height-default\" data-id=\"2d435272\" data-element_type=\"section\">\n\t\t\t\t\t\t<div class=\"elementor-container elementor-column-gap-default\">\n\t\t\t\t\t<div class=\"elementor-column elementor-col-100 elementor-top-column elementor-element elementor-element-68ee0cd0\" data-id=\"68ee0cd0\" data-element_type=\"column\">\n\t\t\t<div class=\"elementor-widget-wrap elementor-element-populated\">\n\t\t\t\t\t\t<div class=\"elementor-element elementor-element-64c7dc8f elementor-widget elementor-widget-text-editor\" data-id=\"64c7dc8f\" data-element_type=\"widget\" data-widget_type=\"text-editor.default\">\n\t\t\t\t<div class=\"elementor-widget-container\">\n\t\t\t\t\t\t\t\t\t<p><img fetchpriority=\"high\" decoding=\"async\" class=\"aligncenter size-medium wp-image-2082\" src=\"http:\/\/blogsaverroes.juntadeandalucia.es\/temahuemanies\/files\/2015\/03\/fisica_quimica-300x212.jpg\" alt=\"fisica_quimica\" width=\"300\" height=\"212\" srcset=\"https:\/\/blogsaverroes.juntadeandalucia.es\/iespuertadelmar\/files\/2015\/03\/fisica_quimica-300x212.jpg 300w, https:\/\/blogsaverroes.juntadeandalucia.es\/iespuertadelmar\/files\/2015\/03\/fisica_quimica.jpg 640w\" sizes=\"(max-width: 300px) 100vw, 300px\" \/><\/p><p style=\"text-align: center\"><span style=\"font-family: sans-serif\"><span style=\"font-size: medium\"><strong>F\u00cdSICA Y QU\u00cdMICA<\/strong><\/span><\/span><\/p><p><span style=\"font-family: sans-serif\"><span style=\"font-size: medium\">La ense\u00f1anza de la F\u00edsica y la Qu\u00edmica juega un papel central en el desarrollo intelectual de los alumnos y las alumnas, y comparte con el resto de las disciplinas la responsabilidad de promover en ellos la adquisici\u00f3n de las competencias necesarias para que puedan integrarse en la sociedad de forma activa. Como disciplina cient\u00edfica, tiene el compromiso a\u00f1adido de dotar al alumno de herramientas espec\u00edficas que le permitan afrontar el futuro con garant\u00edas, participando en el desarrollo econ\u00f3mico y social al que est\u00e1 ligada la capacidad cient\u00edfica, tecnol\u00f3gica e innovadora de la propia sociedad. Para que estas expectativas se concreten, la ense\u00f1anza de esta materia debe incentivar un aprendizaje contextualizado que relacione los principios en vigor con la evoluci\u00f3n hist\u00f3rica del conocimiento cient\u00edfico; que establezca la relaci\u00f3n entre ciencia, tecnolog\u00eda y sociedad; que potencie la argumentaci\u00f3n verbal, la capacidad de establecer relaciones cuantitativas y espaciales, as\u00ed como la de resolver problemas con precisi\u00f3n y rigor.<\/span><\/span><\/p>\t\t\t\t\t\t\t\t<\/div>\n\t\t\t\t<\/div>\n\t\t\t\t\t<\/div>\n\t\t<\/div>\n\t\t\t\t\t<\/div>\n\t\t<\/section>\n\t\t\t\t<section class=\"elementor-section elementor-top-section elementor-element elementor-element-38306ca2 elementor-section-boxed elementor-section-height-default elementor-section-height-default\" data-id=\"38306ca2\" data-element_type=\"section\">\n\t\t\t\t\t\t<div class=\"elementor-container elementor-column-gap-default\">\n\t\t\t\t\t<div class=\"elementor-column elementor-col-100 elementor-top-column elementor-element elementor-element-5c99a833\" data-id=\"5c99a833\" data-element_type=\"column\">\n\t\t\t<div class=\"elementor-widget-wrap elementor-element-populated\">\n\t\t\t\t\t\t<div class=\"elementor-element elementor-element-3db24cbd elementor-tabs-view-horizontal elementor-widget elementor-widget-tabs\" data-id=\"3db24cbd\" data-element_type=\"widget\" data-widget_type=\"tabs.default\">\n\t\t\t\t<div class=\"elementor-widget-container\">\n\t\t\t\t\t\t\t<div class=\"elementor-tabs\">\n\t\t\t<div class=\"elementor-tabs-wrapper\" role=\"tablist\" >\n\t\t\t\t\t\t\t\t\t<div id=\"elementor-tab-title-1031\" class=\"elementor-tab-title elementor-tab-desktop-title\" aria-selected=\"true\" data-tab=\"1\" role=\"tab\" tabindex=\"0\" aria-controls=\"elementor-tab-content-1031\" aria-expanded=\"false\">Criterios de evaluaci\u00f3n<\/div>\n\t\t\t\t\t\t\t\t\t<div id=\"elementor-tab-title-1032\" class=\"elementor-tab-title elementor-tab-desktop-title\" aria-selected=\"false\" data-tab=\"2\" role=\"tab\" tabindex=\"-1\" aria-controls=\"elementor-tab-content-1032\" aria-expanded=\"false\">Recuperaci\u00f3n de pendientes<\/div>\n\t\t\t\t\t\t\t<\/div>\n\t\t\t<div class=\"elementor-tabs-content-wrapper\" role=\"tablist\" aria-orientation=\"vertical\">\n\t\t\t\t\t\t\t\t\t<div class=\"elementor-tab-title elementor-tab-mobile-title\" aria-selected=\"true\" data-tab=\"1\" role=\"tab\" tabindex=\"0\" aria-controls=\"elementor-tab-content-1031\" aria-expanded=\"false\">Criterios de evaluaci\u00f3n<\/div>\n\t\t\t\t\t<div id=\"elementor-tab-content-1031\" class=\"elementor-tab-content elementor-clearfix\" data-tab=\"1\" role=\"tabpanel\" aria-labelledby=\"elementor-tab-title-1031\" tabindex=\"0\" hidden=\"false\"><p><span style=\"font-family: Roboto, sans-serif;font-size: 18px;font-style: normal;font-weight: 400\">A continuaci\u00f3n se recogen los archivos que muestran los CRITERIOS DE EVALUACI\u00d3N de las diferentes materias que imparte nuestro departamento.<\/span><\/p><p><a href=\"https:\/\/blogsaverroes.juntadeandalucia.es\/iespuertadelmar\/files\/2024\/10\/PROGRAMACION-FISICA-Y-QUIMICA-2o-ESO.pdf\">PROGRAMACIO\u0301N FI\u0301SICA Y QUI\u0301MICA 2\u00ba ESO<\/a><\/p><p><a href=\"https:\/\/blogsaverroes.juntadeandalucia.es\/iespuertadelmar\/files\/2024\/10\/PROGRAMACION-FISICA-Y-QUIMICA-3o-ESO.pdf\">PROGRAMACIO\u0301N FI\u0301SICA Y QUI\u0301MICA 3\u00ba ESO<\/a><\/p><p><a href=\"https:\/\/blogsaverroes.juntadeandalucia.es\/iespuertadelmar\/files\/2024\/10\/PROGRAMACION-FISICA-Y-QUIMICA4oESO.pdf\">PROGRAMACIO\u0301N FI\u0301SICA Y QUI\u0301MICA4\u00baESO<\/a><\/p><p><a href=\"https:\/\/blogsaverroes.juntadeandalucia.es\/iespuertadelmar\/files\/2024\/10\/PROGRAMACION-FISICA-Y-QUIMICA-1o-BACHILLERATO-1.pdf\">PROGRAMACION-FISICA-Y-QUIMICA-1\u00ba-BACHILLERATO<\/a>\u00a0<\/p><p><a href=\"https:\/\/blogsaverroes.juntadeandalucia.es\/iespuertadelmar\/files\/2024\/10\/PROGRAMACIONQUIMICA2oBACH.pdf\">PROGRAMACIO\u0301NQUI\u0301MICA2\u00baBACH<\/a> \u00a0 \u00a0 \u00a0 \u00a0 \u00a0 \u00a0 \u00a0 \u00a0<\/p><p><a href=\"https:\/\/blogsaverroes.juntadeandalucia.es\/iespuertadelmar\/files\/2024\/10\/PROGRAMACION-2o-BACHILLERATO-FISICA-1.pdf\">PROGRAMACION-2\u00ba-BACHILLERATO-FISICA<\/a>\u00a0<\/p><\/div>\n\t\t\t\t\t\t\t\t\t<div class=\"elementor-tab-title elementor-tab-mobile-title\" aria-selected=\"false\" data-tab=\"2\" role=\"tab\" tabindex=\"-1\" aria-controls=\"elementor-tab-content-1032\" aria-expanded=\"false\">Recuperaci\u00f3n de pendientes<\/div>\n\t\t\t\t\t<div id=\"elementor-tab-content-1032\" class=\"elementor-tab-content elementor-clearfix\" data-tab=\"2\" role=\"tabpanel\" aria-labelledby=\"elementor-tab-title-1032\" tabindex=\"0\" hidden=\"hidden\"><p><u>Alumnado con la FyQ de 2\u00baESO pendiente<\/u>: tienen la posibilidad de recuperarla aprobando las dos primeras evaluaciones de FyQ del curso actual. De no conseguirlo tendr\u00e1n que realizar una ficha de actividades de repaso y un examen de las mismas durante el mes de junio.<\/p><p><u>Alumnado de 4\u00baESO <strong>matriculado en FyQ (optativa)<\/strong> con la FyQ de 3\u00baESO pendiente<\/u>: tienen la posibilidad de recuperarla aprobando las dos primeras evaluaciones de FyQ del curso actual. De no conseguirlo tendr\u00e1n que realizar una ficha de actividades de repaso y un examen de las mismas durante el mes de junio.<\/p><p><u>Alumnado de 4\u00baESO con la FyQ de 3\u00baESO pendiente<\/u>: deben adquirir unas fotocopias con teor\u00eda y actividades de cada tema y entregarlas trimestralmente a la jefa del departamento.<\/p><p>Una vez corregidas les ser\u00e1n devueltas para que puedan preparar el examen trimestral correspondiente.<\/p><p>Para recuperar la materia se aplicar\u00e1n los criterios de evaluaci\u00f3n marcados por ley y estar\u00e1n asociados a instrumentos de evaluaci\u00f3n como:<\/p><ul><li>Cuaderno<\/li><li>Prueba escrita<\/li><li>Lista de cotejo para las sesiones de tutor\u00eda establecidas para resolver dudas.<\/li><\/ul><p>\u00a0<\/p><p><span style=\"text-decoration: underline\"><strong>Archivos:<\/strong><\/span><\/p><ul><li>Primera entrega 3\u00baESO (m\u00e1x 18\/10\/2024)<\/li><\/ul><p><u><a href=\"https:\/\/blogsaverroes.juntadeandalucia.es\/iespuertadelmar\/files\/2024\/10\/FyQ-3o-ESO-Primera-Entrega.pdf\">FyQ 3\u00ba ESO Primera Entrega<\/a> <\/u><\/p><ul><li>Segunda entrega 3\u00baESO (m\u00e1x 17\/02\/2025)<\/li><\/ul><p><u><a href=\"https:\/\/blogsaverroes.juntadeandalucia.es\/iespuertadelmar\/files\/2024\/10\/FyQ-3o-ESO-Segunda-Entrega.pdf\">FyQ 3\u00ba ESO Segunda Entrega<\/a> <\/u><\/p><ul><li>Tercera entrega 3\u00baESO (m\u00e1x 12\/05\/2025)<\/li><\/ul><p><u><a href=\"https:\/\/blogsaverroes.juntadeandalucia.es\/iespuertadelmar\/files\/2024\/10\/FyQ-3o-ESO-Tercera-Entrega.pdf\">FyQ 3\u00ba ESO Tercera Entrega<\/a> <\/u><\/p><ul><li>2\u00baESO<\/li><\/ul><p><u><a href=\"https:\/\/blogsaverroes.juntadeandalucia.es\/iespuertadelmar\/files\/2024\/10\/CUADERNO-DE-RECUPERACION-FISICA-Y-QUIMICA-2o-ESO.pdf\">CUADERNO DE RECUPERACIO\u0301N FI\u0301SICA Y QUI\u0301MICA 2\u00ba ESO<\/a><\/u><\/p><\/div>\n\t\t\t\t\t\t\t<\/div>\n\t\t<\/div>\n\t\t\t\t\t\t<\/div>\n\t\t\t\t<\/div>\n\t\t\t\t\t<\/div>\n\t\t<\/div>\n\t\t\t\t\t<\/div>\n\t\t<\/section>\n\t\t\t\t<section class=\"elementor-section elementor-top-section elementor-element elementor-element-7005f7d0 elementor-section-boxed elementor-section-height-default elementor-section-height-default\" data-id=\"7005f7d0\" data-element_type=\"section\">\n\t\t\t\t\t\t<div class=\"elementor-container elementor-column-gap-default\">\n\t\t\t\t\t<div class=\"elementor-column elementor-col-100 elementor-top-column elementor-element elementor-element-512cacc6\" data-id=\"512cacc6\" data-element_type=\"column\">\n\t\t\t<div class=\"elementor-widget-wrap elementor-element-populated\">\n\t\t\t\t\t\t<div class=\"elementor-element elementor-element-60d1a07f elementor-widget elementor-widget-contentviews_widget_scrollable\" data-id=\"60d1a07f\" data-element_type=\"widget\" data-widget_type=\"contentviews_widget_scrollable.default\">\n\t\t\t\t<div class=\"elementor-widget-container\">\n\t\t\t\t\t<div class='pt-cv-wrapper'> <h1 class='pt-cv-heading-container heading1' data-blockid='60d1a07f'><span class='pt-cv-heading'> Noticias <\/span><\/h1><div class=\"pt-cv-view pt-cv-scrollable pt-cv-colsys iscvblock iscvelementor scrollable layout1\" id=\"pt-cv-view-60d1a07f\"><div data-id=\"pt-cv-page-1\" class=\"pt-cv-page\" data-cvc=\"2\"><div id=\"14e675dhjx\" class=\"pt-cv-carousel pt-cv-slide\" data-ride=\"cvcarousel\" data-interval=false><ol class=\"pt-cv-carousel-indicators\"><li data-target=\"#14e675dhjx\" data-cvslide-to=\"0\" class=\"active\"><\/li>\n<li data-target=\"#14e675dhjx\" data-cvslide-to=\"1\" class=\"\"><\/li>\n<li data-target=\"#14e675dhjx\" data-cvslide-to=\"2\" class=\"\"><\/li><\/ol>\n<div class=\"carousel-inner\"><div class=\"item active\"><div class=\"row\"><div class=\"col-md-6 pt-cv-content-item pt-cv-1-col\" ><div class=\"pt-cv-thumb-wrapper  \"><a href=\"https:\/\/blogsaverroes.juntadeandalucia.es\/iespuertadelmar\/2025\/12\/18\/salida-al-parque-de-las-ciencias-3o-eso\/\" class=\"_self pt-cv-href-thumbnail pt-cv-thumb-default\" target=\"_self\" ><img decoding=\"async\" width=\"1024\" height=\"460\" src=\"https:\/\/blogsaverroes.juntadeandalucia.es\/iespuertadelmar\/files\/2025\/12\/Imagen-de-WhatsApp-2025-12-18-a-las-14.39.30_c5a43f76-1024x460.jpg\" class=\"pt-cv-thumbnail\" alt=\"\" \/><\/a><\/div>\n<div class=\"pt-cv-carousel-caption pt-cv-cap-w-img\"><div class=\"pt-cv-taxoterm above_title\"><a href='https:\/\/blogsaverroes.juntadeandalucia.es\/iespuertadelmar\/category\/departamentos\/noticias-biologia-y-geologia\/' title='Biolog\u00eda y Geolog\u00eda Noticias' class='pt-cv-tax-noticias-biologia-y-geologia'>Biolog\u00eda y Geolog\u00eda Noticias<\/a><a href='https:\/\/blogsaverroes.juntadeandalucia.es\/iespuertadelmar\/category\/departamentos\/fisica-y-quimica\/' title='F\u00edsica y Qu\u00edmica Noticias' class='pt-cv-tax-fisica-y-quimica'>F\u00edsica y Qu\u00edmica Noticias<\/a><\/div>\n<h4 class=\"pt-cv-title\"><a href=\"https:\/\/blogsaverroes.juntadeandalucia.es\/iespuertadelmar\/2025\/12\/18\/salida-al-parque-de-las-ciencias-3o-eso\/\" class=\"_self\" target=\"_self\" >Salida al Parque de las Ciencias 3\u00ba ESO<\/a><\/h4>\n<div class=\"pt-cv-content\">El alumnado de 3 ESO ha visitado el Parque de las Ciencias de Granada, en una actividad que ha incluido ...<\/div>\n<div class=\"pt-cv-rmwrap\"><a href=\"https:\/\/blogsaverroes.juntadeandalucia.es\/iespuertadelmar\/2025\/12\/18\/salida-al-parque-de-las-ciencias-3o-eso\/\" class=\"_self pt-cv-readmore btn btn-success\" target=\"_self\" >Leer M\u00e1s<\/a><\/div>\n<div class=\"pt-cv-meta-fields\"><span class=\"entry-date\"> <time datetime=\"2025-12-18T13:42:42+00:00\">18 diciembre, 2025<\/time><\/span><span> \/ <\/span><span class=\"author\"> <a href=\"https:\/\/blogsaverroes.juntadeandalucia.es\/iespuertadelmar\/author\/yolanda-martinez-leon\/\" rel=\"author\">Yolanda Mart\u00ednez Le\u00f3n<\/a><\/span><\/div><\/div><\/div>\n<div class=\"col-md-6 pt-cv-content-item pt-cv-1-col\" ><div class=\"pt-cv-thumb-wrapper  \"><a href=\"https:\/\/blogsaverroes.juntadeandalucia.es\/iespuertadelmar\/2025\/04\/09\/visita-al-parque-de-las-ciencias\/\" class=\"_self pt-cv-href-thumbnail pt-cv-thumb-default\" target=\"_self\" ><img decoding=\"async\" width=\"1024\" height=\"768\" src=\"https:\/\/blogsaverroes.juntadeandalucia.es\/iespuertadelmar\/files\/2025\/04\/IMG_0174-Alberto-Serrano-Fernandez-1024x768.jpeg\" class=\"pt-cv-thumbnail\" alt=\"\" \/><\/a><\/div>\n<div class=\"pt-cv-carousel-caption pt-cv-cap-w-img\"><div class=\"pt-cv-taxoterm above_title\"><a href='https:\/\/blogsaverroes.juntadeandalucia.es\/iespuertadelmar\/category\/actividades-extraescolares\/' title='Actividades extraescolares' class='pt-cv-tax-actividades-extraescolares'>Actividades extraescolares<\/a><a href='https:\/\/blogsaverroes.juntadeandalucia.es\/iespuertadelmar\/category\/departamentos\/noticias-biologia-y-geologia\/' title='Biolog\u00eda y Geolog\u00eda Noticias' class='pt-cv-tax-noticias-biologia-y-geologia'>Biolog\u00eda y Geolog\u00eda Noticias<\/a><a href='https:\/\/blogsaverroes.juntadeandalucia.es\/iespuertadelmar\/category\/departamentos\/fisica-y-quimica\/' title='F\u00edsica y Qu\u00edmica Noticias' class='pt-cv-tax-fisica-y-quimica'>F\u00edsica y Qu\u00edmica Noticias<\/a><\/div>\n<h4 class=\"pt-cv-title\"><a href=\"https:\/\/blogsaverroes.juntadeandalucia.es\/iespuertadelmar\/2025\/04\/09\/visita-al-parque-de-las-ciencias\/\" class=\"_self\" target=\"_self\" >VISITA AL PARQUE DE LAS CIENCIAS<\/a><\/h4>\n<div class=\"pt-cv-content\">Visita al Parque de las Ciencias de Granada con 3\u00ba ESO donde hemos realizado actividades como el taller de aves ...<\/div>\n<div class=\"pt-cv-rmwrap\"><a href=\"https:\/\/blogsaverroes.juntadeandalucia.es\/iespuertadelmar\/2025\/04\/09\/visita-al-parque-de-las-ciencias\/\" class=\"_self pt-cv-readmore btn btn-success\" target=\"_self\" >Leer M\u00e1s<\/a><\/div>\n<div class=\"pt-cv-meta-fields\"><span class=\"entry-date\"> <time datetime=\"2025-04-09T06:18:26+00:00\">9 abril, 2025<\/time><\/span><span> \/ <\/span><span class=\"author\"> <a href=\"https:\/\/blogsaverroes.juntadeandalucia.es\/iespuertadelmar\/author\/yolanda-martinez-leon\/\" rel=\"author\">Yolanda Mart\u00ednez Le\u00f3n<\/a><\/span><\/div><\/div><\/div><\/div><\/div>\n<div class=\"item\"><div class=\"row\"><div class=\"col-md-6 pt-cv-content-item pt-cv-1-col\" ><div class=\"pt-cv-thumb-wrapper  \"><a href=\"https:\/\/blogsaverroes.juntadeandalucia.es\/iespuertadelmar\/2025\/02\/09\/proyecto-piiisa-24-25\/\" class=\"_self pt-cv-href-thumbnail pt-cv-thumb-default\" target=\"_self\" ><img loading=\"lazy\" decoding=\"async\" width=\"768\" height=\"1024\" src=\"https:\/\/blogsaverroes.juntadeandalucia.es\/iespuertadelmar\/files\/2025\/02\/WhatsApp-Image-2025-02-07-at-14.15.17-768x1024.jpeg\" class=\"pt-cv-thumbnail\" alt=\"\" \/><\/a><\/div>\n<div class=\"pt-cv-carousel-caption pt-cv-cap-w-img\"><div class=\"pt-cv-taxoterm above_title\"><a href='https:\/\/blogsaverroes.juntadeandalucia.es\/iespuertadelmar\/category\/departamentos\/fisica-y-quimica\/' title='F\u00edsica y Qu\u00edmica Noticias' class='pt-cv-tax-fisica-y-quimica'>F\u00edsica y Qu\u00edmica Noticias<\/a><\/div>\n<h4 class=\"pt-cv-title\"><a href=\"https:\/\/blogsaverroes.juntadeandalucia.es\/iespuertadelmar\/2025\/02\/09\/proyecto-piiisa-24-25\/\" class=\"_self\" target=\"_self\" >Proyecto PIIISA 24\/25<\/a><\/h4>\n<div class=\"pt-cv-content\">PUBLICIDAD Y MODA EN LA ESPA\u00d1A CONTEMPOR\u00c1NEA Nuevo proyecto a llevar a cabo en la Facultad de Filosof\u00eda y Letras ...<\/div>\n<div class=\"pt-cv-rmwrap\"><a href=\"https:\/\/blogsaverroes.juntadeandalucia.es\/iespuertadelmar\/2025\/02\/09\/proyecto-piiisa-24-25\/\" class=\"_self pt-cv-readmore btn btn-success\" target=\"_self\" >Leer M\u00e1s<\/a><\/div>\n<div class=\"pt-cv-meta-fields\"><span class=\"entry-date\"> <time datetime=\"2025-02-09T13:20:38+00:00\">9 febrero, 2025<\/time><\/span><span> \/ <\/span><span class=\"author\"> <a href=\"https:\/\/blogsaverroes.juntadeandalucia.es\/iespuertadelmar\/author\/adoracion-roldan-campos\/\" rel=\"author\">Adoraci\u00f3n Rold\u00e1n Campos<\/a><\/span><\/div><\/div><\/div>\n<div class=\"col-md-6 pt-cv-content-item pt-cv-1-col\" ><div class=\"pt-cv-thumb-wrapper  \"><a href=\"https:\/\/blogsaverroes.juntadeandalucia.es\/iespuertadelmar\/2024\/02\/20\/visita-depuradora\/\" class=\"_self pt-cv-href-thumbnail pt-cv-thumb-default\" target=\"_self\" ><img loading=\"lazy\" decoding=\"async\" width=\"680\" height=\"407\" src=\"https:\/\/blogsaverroes.juntadeandalucia.es\/iespuertadelmar\/files\/2024\/02\/Edar-Almu\u00f1\u00e9car-1-1.jpg\" class=\"pt-cv-thumbnail\" alt=\"\" \/><\/a><\/div>\n<div class=\"pt-cv-carousel-caption pt-cv-cap-w-img\"><div class=\"pt-cv-taxoterm above_title\"><a href='https:\/\/blogsaverroes.juntadeandalucia.es\/iespuertadelmar\/category\/departamentos\/fisica-y-quimica\/' title='F\u00edsica y Qu\u00edmica Noticias' class='pt-cv-tax-fisica-y-quimica'>F\u00edsica y Qu\u00edmica Noticias<\/a><\/div>\n<h4 class=\"pt-cv-title\"><a href=\"https:\/\/blogsaverroes.juntadeandalucia.es\/iespuertadelmar\/2024\/02\/20\/visita-depuradora\/\" class=\"_self\" target=\"_self\" >Visita depuradora<\/a><\/h4>\n<div class=\"pt-cv-content\"> ...<\/div>\n<div class=\"pt-cv-rmwrap\"><a href=\"https:\/\/blogsaverroes.juntadeandalucia.es\/iespuertadelmar\/2024\/02\/20\/visita-depuradora\/\" class=\"_self pt-cv-readmore btn btn-success\" target=\"_self\" >Leer M\u00e1s<\/a><\/div>\n<div class=\"pt-cv-meta-fields\"><span class=\"entry-date\"> <time datetime=\"2024-02-20T16:06:58+00:00\">20 febrero, 2024<\/time><\/span><span> \/ <\/span><span class=\"author\"> <a href=\"https:\/\/blogsaverroes.juntadeandalucia.es\/iespuertadelmar\/author\/jorge-torres-ruiz\/\" rel=\"author\">Jorge Torres Ruiz<\/a><\/span><\/div><\/div><\/div><\/div><\/div>\n<div class=\"item\"><div class=\"row\"><div class=\"col-md-6 pt-cv-content-item pt-cv-1-col\" ><div class=\"pt-cv-thumb-wrapper  \"><a href=\"https:\/\/blogsaverroes.juntadeandalucia.es\/iespuertadelmar\/2024\/02\/06\/visita-al-parque-de-las-ciencias-de-granada\/\" class=\"_self pt-cv-href-thumbnail pt-cv-thumb-default\" target=\"_self\" ><img loading=\"lazy\" decoding=\"async\" width=\"1024\" height=\"682\" src=\"https:\/\/blogsaverroes.juntadeandalucia.es\/iespuertadelmar\/files\/2024\/02\/Parque-de-las-ciencias-granada-1024x682.jpg\" class=\"pt-cv-thumbnail\" alt=\"\" \/><\/a><\/div>\n<div class=\"pt-cv-carousel-caption pt-cv-cap-w-img\"><div class=\"pt-cv-taxoterm above_title\"><a href='https:\/\/blogsaverroes.juntadeandalucia.es\/iespuertadelmar\/category\/departamentos\/fisica-y-quimica\/' title='F\u00edsica y Qu\u00edmica Noticias' class='pt-cv-tax-fisica-y-quimica'>F\u00edsica y Qu\u00edmica Noticias<\/a><\/div>\n<h4 class=\"pt-cv-title\"><a href=\"https:\/\/blogsaverroes.juntadeandalucia.es\/iespuertadelmar\/2024\/02\/06\/visita-al-parque-de-las-ciencias-de-granada\/\" class=\"_self\" target=\"_self\" >Visita al Parque de las Ciencias de Granada.<\/a><\/h4>\n<div class=\"pt-cv-content\">El d\u00eda 23 de Febrero se realizara una visita al Parque de las Ciencias de la ciudad de Granada.https:\/\/www.youtube.com\/watch?v=7tPtjuwQqjw ...<\/div>\n<div class=\"pt-cv-rmwrap\"><a href=\"https:\/\/blogsaverroes.juntadeandalucia.es\/iespuertadelmar\/2024\/02\/06\/visita-al-parque-de-las-ciencias-de-granada\/\" class=\"_self pt-cv-readmore btn btn-success\" target=\"_self\" >Leer M\u00e1s<\/a><\/div>\n<div class=\"pt-cv-meta-fields\"><span class=\"entry-date\"> <time datetime=\"2024-02-06T16:22:08+00:00\">6 febrero, 2024<\/time><\/span><span> \/ <\/span><span class=\"author\"> <a href=\"https:\/\/blogsaverroes.juntadeandalucia.es\/iespuertadelmar\/author\/jorge-torres-ruiz\/\" rel=\"author\">Jorge Torres Ruiz<\/a><\/span><\/div><\/div><\/div><\/div><\/div><\/div>\n<a class=\"left carousel-control\" data-target=\"#14e675dhjx\" data-cvslide=\"prev\">\r\n\t\t\t\t\t\t<span class=\"glyphicon glyphicon-chevron-left\"><\/span>\r\n\t\t\t\t\t<\/a>\r\n\t\t\t\t\t<a class=\"right carousel-control\" data-target=\"#14e675dhjx\" data-cvslide=\"next\">\r\n\t\t\t\t\t\t<span class=\"glyphicon glyphicon-chevron-right\"><\/span>\r\n\t\t\t\t\t<\/a><\/div><\/div><\/div> <\/div> \t\t\t\t<\/div>\n\t\t\t\t<\/div>\n\t\t\t\t\t<\/div>\n\t\t<\/div>\n\t\t\t\t\t<\/div>\n\t\t<\/section>\n\t\t\t\t<section class=\"elementor-section elementor-top-section elementor-element elementor-element-1b94c5c elementor-section-boxed elementor-section-height-default elementor-section-height-default\" data-id=\"1b94c5c\" data-element_type=\"section\">\n\t\t\t\t\t\t<div class=\"elementor-container elementor-column-gap-default\">\n\t\t\t\t\t<div class=\"elementor-column elementor-col-100 elementor-top-column elementor-element elementor-element-76a7a9d3\" data-id=\"76a7a9d3\" data-element_type=\"column\">\n\t\t\t<div class=\"elementor-widget-wrap\">\n\t\t\t\t\t\t\t<\/div>\n\t\t<\/div>\n\t\t\t\t\t<\/div>\n\t\t<\/section>\n\t\t\t\t<\/div>\n\t\t","protected":false},"excerpt":{"rendered":"<p>F\u00cdSICA Y QU\u00cdMICA La ense\u00f1anza de la F\u00edsica y la Qu\u00edmica juega un papel central en el desarrollo intelectual de los alumnos y las alumnas, y comparte con el resto&#46;&#46;&#46;<\/p>\n","protected":false},"author":1,"featured_media":0,"parent":0,"menu_order":0,"comment_status":"open","ping_status":"open","template":"page-templates\/child-menu.php","meta":{"ngg_post_thumbnail":0,"footnotes":"","_mc_calendar":[]},"aioseo_notices":[],"_links":{"self":[{"href":"https:\/\/blogsaverroes.juntadeandalucia.es\/iespuertadelmar\/wp-json\/wp\/v2\/pages\/172"}],"collection":[{"href":"https:\/\/blogsaverroes.juntadeandalucia.es\/iespuertadelmar\/wp-json\/wp\/v2\/pages"}],"about":[{"href":"https:\/\/blogsaverroes.juntadeandalucia.es\/iespuertadelmar\/wp-json\/wp\/v2\/types\/page"}],"author":[{"embeddable":true,"href":"https:\/\/blogsaverroes.juntadeandalucia.es\/iespuertadelmar\/wp-json\/wp\/v2\/users\/1"}],"replies":[{"embeddable":true,"href":"https:\/\/blogsaverroes.juntadeandalucia.es\/iespuertadelmar\/wp-json\/wp\/v2\/comments?post=172"}],"version-history":[{"count":42,"href":"https:\/\/blogsaverroes.juntadeandalucia.es\/iespuertadelmar\/wp-json\/wp\/v2\/pages\/172\/revisions"}],"predecessor-version":[{"id":4102,"href":"https:\/\/blogsaverroes.juntadeandalucia.es\/iespuertadelmar\/wp-json\/wp\/v2\/pages\/172\/revisions\/4102"}],"wp:attachment":[{"href":"https:\/\/blogsaverroes.juntadeandalucia.es\/iespuertadelmar\/wp-json\/wp\/v2\/media?parent=172"}],"curies":[{"name":"wp","href":"https:\/\/api.w.org\/{rel}","templated":true}]}}