{"id":3138,"date":"2024-09-14T14:43:19","date_gmt":"2024-09-14T14:43:19","guid":{"rendered":"https:\/\/blogsaverroes.juntadeandalucia.es\/iespuertadelmar\/?page_id=3138"},"modified":"2024-09-14T14:43:19","modified_gmt":"2024-09-14T14:43:19","slug":"area-artistica","status":"publish","type":"page","link":"https:\/\/blogsaverroes.juntadeandalucia.es\/iespuertadelmar\/area-artistica\/","title":{"rendered":"\u00c1rea Art\u00edstica"},"content":{"rendered":"<p>El <strong>\u00c1rea Art\u00edstica<\/strong> de nuestro instituto est\u00e1 dise\u00f1ada para desarrollar la creatividad, la expresi\u00f3n y el bienestar f\u00edsico de los estudiantes. A trav\u00e9s de una educaci\u00f3n integral que abarca las artes visuales, la m\u00fasica y el deporte, el alumnado explora diferentes formas de expresi\u00f3n y se beneficia de una formaci\u00f3n que equilibra mente y cuerpo.<\/p>\n<h3>Asignaturas del \u00c1rea Art\u00edstica:<\/h3>\n<ol>\n<li><strong>Artes (Pl\u00e1stica y M\u00fasica)<\/strong>: En sus asignaturas, el alumnado aprende a expresarse a trav\u00e9s de diversas t\u00e9cnicas art\u00edsticas, como el dibujo, la pintura, la escultura y otras formas de creaci\u00f3n visual. Se fomenta la creatividad, la sensibilidad est\u00e9tica y la capacidad de interpretar y producir obras de arte, contribuyendo al desarrollo de una visi\u00f3n cr\u00edtica y apreciaci\u00f3n por las artes.A trav\u00e9s de la m\u00fasica, los estudiantes desarrollan habilidades auditivas, r\u00edtmicas y vocales, adem\u00e1s de aprender sobre teor\u00eda musical y diferentes estilos y g\u00e9neros. La asignatura busca no solo el disfrute de la m\u00fasica, sino tambi\u00e9n la comprensi\u00f3n de su importancia cultural e hist\u00f3rica, y su capacidad para transmitir emociones y mensajes.<\/li>\n<li><strong>Educaci\u00f3n F\u00edsica<\/strong>: Esta asignatura promueve el desarrollo f\u00edsico y mental mediante la pr\u00e1ctica de deportes y actividades f\u00edsicas. Se trabaja en la mejora de la coordinaci\u00f3n, la resistencia y la fuerza, adem\u00e1s de fomentar h\u00e1bitos saludables, el trabajo en equipo y el respeto por los valores del juego limpio. La Educaci\u00f3n F\u00edsica es clave para el bienestar integral del alumnado, contribuyendo a su salud f\u00edsica y emocional.<\/li>\n<\/ol>\n<p>El <strong>\u00c1rea Art\u00edstica<\/strong> busca equilibrar el desarrollo intelectual con la expresi\u00f3n art\u00edstica y el bienestar f\u00edsico, proporcionando a los estudiantes una formaci\u00f3n completa y diversa que les permite crecer tanto en el \u00e1mbito creativo como en el deportivo.<\/p>\n","protected":false},"excerpt":{"rendered":"<p>El \u00c1rea Art\u00edstica de nuestro instituto est\u00e1 dise\u00f1ada para desarrollar la creatividad, la expresi\u00f3n y el bienestar f\u00edsico de los estudiantes. A trav\u00e9s de una educaci\u00f3n integral que abarca las&#46;&#46;&#46;<\/p>\n","protected":false},"author":19232,"featured_media":0,"parent":0,"menu_order":0,"comment_status":"closed","ping_status":"closed","template":"","meta":{"ngg_post_thumbnail":0,"footnotes":"","_mc_calendar":[]},"aioseo_notices":[],"_links":{"self":[{"href":"https:\/\/blogsaverroes.juntadeandalucia.es\/iespuertadelmar\/wp-json\/wp\/v2\/pages\/3138"}],"collection":[{"href":"https:\/\/blogsaverroes.juntadeandalucia.es\/iespuertadelmar\/wp-json\/wp\/v2\/pages"}],"about":[{"href":"https:\/\/blogsaverroes.juntadeandalucia.es\/iespuertadelmar\/wp-json\/wp\/v2\/types\/page"}],"author":[{"embeddable":true,"href":"https:\/\/blogsaverroes.juntadeandalucia.es\/iespuertadelmar\/wp-json\/wp\/v2\/users\/19232"}],"replies":[{"embeddable":true,"href":"https:\/\/blogsaverroes.juntadeandalucia.es\/iespuertadelmar\/wp-json\/wp\/v2\/comments?post=3138"}],"version-history":[{"count":1,"href":"https:\/\/blogsaverroes.juntadeandalucia.es\/iespuertadelmar\/wp-json\/wp\/v2\/pages\/3138\/revisions"}],"predecessor-version":[{"id":3139,"href":"https:\/\/blogsaverroes.juntadeandalucia.es\/iespuertadelmar\/wp-json\/wp\/v2\/pages\/3138\/revisions\/3139"}],"wp:attachment":[{"href":"https:\/\/blogsaverroes.juntadeandalucia.es\/iespuertadelmar\/wp-json\/wp\/v2\/media?parent=3138"}],"curies":[{"name":"wp","href":"https:\/\/api.w.org\/{rel}","templated":true}]}}