{"id":3158,"date":"2024-09-28T18:08:49","date_gmt":"2024-09-28T18:08:49","guid":{"rendered":"https:\/\/blogsaverroes.juntadeandalucia.es\/iespuertadelmar\/?page_id=3158"},"modified":"2025-11-22T20:01:59","modified_gmt":"2025-11-22T20:01:59","slug":"bilinguismo","status":"publish","type":"page","link":"https:\/\/blogsaverroes.juntadeandalucia.es\/iespuertadelmar\/bilinguismo\/","title":{"rendered":"Biling\u00fcismo"},"content":{"rendered":"\t\t<div data-elementor-type=\"wp-page\" data-elementor-id=\"3158\" class=\"elementor elementor-3158\">\n\t\t\t\t\t\t<section class=\"elementor-section elementor-top-section elementor-element elementor-element-ac1312a elementor-section-boxed elementor-section-height-default elementor-section-height-default\" data-id=\"ac1312a\" data-element_type=\"section\">\n\t\t\t\t\t\t<div class=\"elementor-container elementor-column-gap-default\">\n\t\t\t\t\t<div class=\"elementor-column elementor-col-100 elementor-top-column elementor-element elementor-element-2a5f46e3\" data-id=\"2a5f46e3\" data-element_type=\"column\">\n\t\t\t<div class=\"elementor-widget-wrap elementor-element-populated\">\n\t\t\t\t\t\t<div class=\"elementor-element elementor-element-39538f9c elementor-widget elementor-widget-text-editor\" data-id=\"39538f9c\" data-element_type=\"widget\" data-widget_type=\"text-editor.default\">\n\t\t\t\t<div class=\"elementor-widget-container\">\n\t\t\t\t\t\t\t\t\t<p align=\"JUSTIFY\"><a href=\"https:\/\/blogsaverroes.juntadeandalucia.es\/iespuertadelmar\/files\/2024\/10\/07660652-8CCA-41D4-BFE5-EEB1EC370CB7.jpeg\"><img fetchpriority=\"high\" decoding=\"async\" class=\"size-medium wp-image-4138 aligncenter\" src=\"https:\/\/blogsaverroes.juntadeandalucia.es\/iespuertadelmar\/files\/2024\/10\/07660652-8CCA-41D4-BFE5-EEB1EC370CB7-300x200.jpeg\" alt=\"\" width=\"300\" height=\"200\" srcset=\"https:\/\/blogsaverroes.juntadeandalucia.es\/iespuertadelmar\/files\/2024\/10\/07660652-8CCA-41D4-BFE5-EEB1EC370CB7-300x200.jpeg 300w, https:\/\/blogsaverroes.juntadeandalucia.es\/iespuertadelmar\/files\/2024\/10\/07660652-8CCA-41D4-BFE5-EEB1EC370CB7-1024x683.jpeg 1024w, https:\/\/blogsaverroes.juntadeandalucia.es\/iespuertadelmar\/files\/2024\/10\/07660652-8CCA-41D4-BFE5-EEB1EC370CB7-768x512.jpeg 768w, https:\/\/blogsaverroes.juntadeandalucia.es\/iespuertadelmar\/files\/2024\/10\/07660652-8CCA-41D4-BFE5-EEB1EC370CB7-1536x1024.jpeg 1536w, https:\/\/blogsaverroes.juntadeandalucia.es\/iespuertadelmar\/files\/2024\/10\/07660652-8CCA-41D4-BFE5-EEB1EC370CB7.jpeg 1600w\" sizes=\"(max-width: 300px) 100vw, 300px\" \/><\/a><\/p><p align=\"JUSTIFY\"><span style=\"font-family: Times New Roman, serif\"><span style=\"font-size: medium\">La aldea global en la que el mundo se ha convertido y el hecho de estar dentro de la Unio\u0301n Europea nos situ\u0301a en un escenario de competitividad, de movilidad y de libre circulacio\u0301n de las personas que impone nuevos retos y nuevas necesidades a las tareas educativas y formativas de la ciudadani\u0301a, en las que la comunicacio\u0301n constituye una necesidad esencial. Adema\u0301s, nos encontramos ante un nuevo contexto social, sometido a un continuo proceso de cambio, donde las nuevas tecnologi\u0301as marcan un nuevo ritmo. Las instituciones educativas, por tanto, han de responder y adecuarse al nuevo contexto de la sociedad del conocimiento y la informacio\u0301n en que nos encontramos. Los procesos de globalizacio\u0301n y la plena integracio\u0301n en el marco de la Unio\u0301n Europea demandan una competencia lingu\u0308i\u0301stica plurilingu\u0308e como un componente ba\u0301sico de la formacio\u0301n de los ciudadanos. Adema\u0301s el aprendizaje de otras lenguas aporta un valor an\u0303adido a los sistemas educativos fomentando el desarrollo de diferentes capacidades e integrando valores como el respeto, la tolerancia y la integracio\u0301n cultural.<\/span><\/span><\/p><p align=\"JUSTIFY\"><span style=\"font-family: Times New Roman, serif\"><span style=\"font-size: medium\">Con la implantacio\u0301n del Programa Bilingu\u0308e en el I.E.S. Puerta del Mar pretendemos integrarnos en un sistema educativo dina\u0301mico, que adapta la ensen\u0303anza a la demanda de la vida real, en la que se precisa una conexio\u0301n entre educacio\u0301n y sociedad. Asumimos que resulta prioritario compaginar el incremento en las competencias comunicativas del alumnado, con el mantenimiento de un alto nivel de la calidad educativa.<\/span><\/span><\/p>\t\t\t\t\t\t\t\t<\/div>\n\t\t\t\t<\/div>\n\t\t\t\t\t<\/div>\n\t\t<\/div>\n\t\t\t\t\t<\/div>\n\t\t<\/section>\n\t\t\t\t<section class=\"elementor-section elementor-top-section elementor-element elementor-element-14cc4588 elementor-section-boxed elementor-section-height-default elementor-section-height-default\" data-id=\"14cc4588\" data-element_type=\"section\">\n\t\t\t\t\t\t<div class=\"elementor-container elementor-column-gap-default\">\n\t\t\t\t\t<div class=\"elementor-column elementor-col-100 elementor-top-column elementor-element elementor-element-2c0428e6\" data-id=\"2c0428e6\" data-element_type=\"column\">\n\t\t\t<div class=\"elementor-widget-wrap elementor-element-populated\">\n\t\t\t\t\t\t<div class=\"elementor-element elementor-element-b03aea6 elementor-tabs-view-horizontal elementor-widget elementor-widget-tabs\" data-id=\"b03aea6\" data-element_type=\"widget\" data-widget_type=\"tabs.default\">\n\t\t\t\t<div class=\"elementor-widget-container\">\n\t\t\t\t\t\t\t<div class=\"elementor-tabs\">\n\t\t\t<div class=\"elementor-tabs-wrapper\" role=\"tablist\" >\n\t\t\t\t\t\t\t\t\t<div id=\"elementor-tab-title-1841\" class=\"elementor-tab-title elementor-tab-desktop-title\" aria-selected=\"true\" data-tab=\"1\" role=\"tab\" tabindex=\"0\" aria-controls=\"elementor-tab-content-1841\" aria-expanded=\"false\">Proyecto biling\u00fce<\/div>\n\t\t\t\t\t\t\t<\/div>\n\t\t\t<div class=\"elementor-tabs-content-wrapper\" role=\"tablist\" aria-orientation=\"vertical\">\n\t\t\t\t\t\t\t\t\t<div class=\"elementor-tab-title elementor-tab-mobile-title\" aria-selected=\"true\" data-tab=\"1\" role=\"tab\" tabindex=\"0\" aria-controls=\"elementor-tab-content-1841\" aria-expanded=\"false\">Proyecto biling\u00fce<\/div>\n\t\t\t\t\t<div id=\"elementor-tab-content-1841\" class=\"elementor-tab-content elementor-clearfix\" data-tab=\"1\" role=\"tabpanel\" aria-labelledby=\"elementor-tab-title-1841\" tabindex=\"0\" hidden=\"false\"><p><a href=\"https:\/\/drive.google.com\/file\/d\/1SREtQyw8WqfTYnxwEEUpzJPZKuVFuUOB\/view?usp=share_link\">Proyecto Biling\u00fce 2025-26<\/a><\/p><\/div>\n\t\t\t\t\t\t\t<\/div>\n\t\t<\/div>\n\t\t\t\t\t\t<\/div>\n\t\t\t\t<\/div>\n\t\t\t\t\t<\/div>\n\t\t<\/div>\n\t\t\t\t\t<\/div>\n\t\t<\/section>\n\t\t\t\t<section class=\"elementor-section elementor-top-section elementor-element elementor-element-74068b1f elementor-section-boxed elementor-section-height-default elementor-section-height-default\" data-id=\"74068b1f\" data-element_type=\"section\">\n\t\t\t\t\t\t<div class=\"elementor-container elementor-column-gap-default\">\n\t\t\t\t\t<div class=\"elementor-column elementor-col-100 elementor-top-column elementor-element elementor-element-585a1a5d\" data-id=\"585a1a5d\" data-element_type=\"column\">\n\t\t\t<div class=\"elementor-widget-wrap elementor-element-populated\">\n\t\t\t\t\t\t<div class=\"elementor-element elementor-element-451f7d3c elementor-widget elementor-widget-contentviews_widget_scrollable\" data-id=\"451f7d3c\" data-element_type=\"widget\" data-widget_type=\"contentviews_widget_scrollable.default\">\n\t\t\t\t<div class=\"elementor-widget-container\">\n\t\t\t\t\t<div class='pt-cv-wrapper'> <h1 class='pt-cv-heading-container heading1' data-blockid='451f7d3c'><span class='pt-cv-heading'> Noticias de Biling\u00fcismo <\/span><\/h1><div class=\"pt-cv-view pt-cv-scrollable pt-cv-colsys iscvblock iscvelementor scrollable layout1\" id=\"pt-cv-view-451f7d3c\"><div data-id=\"pt-cv-page-1\" class=\"pt-cv-page\" data-cvc=\"2\"><div id=\"db9c9e94d2\" class=\"pt-cv-carousel pt-cv-slide\" data-ride=\"cvcarousel\" data-interval=false>\n<div class=\"carousel-inner\"><div class=\"item active\"><div class=\"row\"><div class=\"col-md-6 pt-cv-content-item pt-cv-1-col\" ><div class=\"pt-cv-thumb-wrapper  \"><a href=\"https:\/\/blogsaverroes.juntadeandalucia.es\/iespuertadelmar\/2025\/04\/11\/revista-del-ies-puerta-del-mar\/\" class=\"_self pt-cv-href-thumbnail pt-cv-thumb-default\" target=\"_self\" ><img decoding=\"async\" width=\"408\" height=\"443\" src=\"https:\/\/blogsaverroes.juntadeandalucia.es\/iespuertadelmar\/files\/2025\/04\/PORTADA-REVISTA-BILINGUE.jpg\" class=\"pt-cv-thumbnail\" alt=\"\" \/><\/a><\/div>\n<div class=\"pt-cv-carousel-caption pt-cv-cap-w-img\"><div class=\"pt-cv-taxoterm above_title\"><a href='https:\/\/blogsaverroes.juntadeandalucia.es\/iespuertadelmar\/category\/planes-y-proyectos-educativos\/bilinguismo\/' title='Biling\u00fcismo Noticias' class='pt-cv-tax-bilinguismo'>Biling\u00fcismo Noticias<\/a><\/div>\n<h4 class=\"pt-cv-title\"><a href=\"https:\/\/blogsaverroes.juntadeandalucia.es\/iespuertadelmar\/2025\/04\/11\/revista-del-ies-puerta-del-mar\/\" class=\"_self\" target=\"_self\" >REVISTA DEL IES PUERTA DEL MAR<\/a><\/h4>\n<div class=\"pt-cv-content\">Un a\u00f1o m\u00e1s, nos complace presentar nuestra Revista Digital Biling\u00fce. Alcanzamos ya el quinto a\u00f1o de publicaci\u00f3n y nos llena ...<\/div>\n<div class=\"pt-cv-rmwrap\"><a href=\"https:\/\/blogsaverroes.juntadeandalucia.es\/iespuertadelmar\/2025\/04\/11\/revista-del-ies-puerta-del-mar\/\" class=\"_self pt-cv-readmore btn btn-success\" target=\"_self\" >Leer M\u00e1s<\/a><\/div>\n<div class=\"pt-cv-meta-fields\"><span class=\"entry-date\"> <time datetime=\"2025-04-11T11:34:10+00:00\">11 abril, 2025<\/time><\/span><span> \/ <\/span><span class=\"author\"> <a href=\"https:\/\/blogsaverroes.juntadeandalucia.es\/iespuertadelmar\/author\/yolanda-martinez-leon\/\" rel=\"author\">Yolanda Mart\u00ednez Le\u00f3n<\/a><\/span><\/div><\/div><\/div>\n<div class=\"col-md-6 pt-cv-content-item pt-cv-1-col\" ><div class=\"pt-cv-thumb-wrapper  \"><a href=\"https:\/\/blogsaverroes.juntadeandalucia.es\/iespuertadelmar\/2024\/12\/20\/ganadores-de-los-concursos-de-microrrelatos-de-halloween-e-igualdad\/\" class=\"_self pt-cv-href-thumbnail pt-cv-thumb-default\" target=\"_self\" ><img decoding=\"async\" width=\"768\" height=\"1024\" src=\"https:\/\/blogsaverroes.juntadeandalucia.es\/iespuertadelmar\/files\/2024\/12\/Imagen-de-WhatsApp-2024-12-20-a-las-13.39.54_4b809b71-768x1024.jpg\" class=\"pt-cv-thumbnail\" alt=\"\" \/><\/a><\/div>\n<div class=\"pt-cv-carousel-caption pt-cv-cap-w-img\"><div class=\"pt-cv-taxoterm above_title\"><a href='https:\/\/blogsaverroes.juntadeandalucia.es\/iespuertadelmar\/category\/biblioteca\/' title='Biblioteca' class='pt-cv-tax-biblioteca'>Biblioteca<\/a><a href='https:\/\/blogsaverroes.juntadeandalucia.es\/iespuertadelmar\/category\/planes-y-proyectos-educativos\/bilinguismo\/' title='Biling\u00fcismo Noticias' class='pt-cv-tax-bilinguismo'>Biling\u00fcismo Noticias<\/a><a href='https:\/\/blogsaverroes.juntadeandalucia.es\/iespuertadelmar\/category\/planes-y-proyectos-educativos\/plan-de-igualdad\/' title='Plan de Igualdad' class='pt-cv-tax-plan-de-igualdad'>Plan de Igualdad<\/a><\/div>\n<h4 class=\"pt-cv-title\"><a href=\"https:\/\/blogsaverroes.juntadeandalucia.es\/iespuertadelmar\/2024\/12\/20\/ganadores-de-los-concursos-de-microrrelatos-de-halloween-e-igualdad\/\" class=\"_self\" target=\"_self\" >Ganadores de los concursos de microrrelatos de Halloween e Igualdad<\/a><\/h4>\n<div class=\"pt-cv-content\">En la recta final del primer trimestre hemos hecho entrega de los premios del Concurso de Microrrelatos de Halloween y ...<\/div>\n<div class=\"pt-cv-rmwrap\"><a href=\"https:\/\/blogsaverroes.juntadeandalucia.es\/iespuertadelmar\/2024\/12\/20\/ganadores-de-los-concursos-de-microrrelatos-de-halloween-e-igualdad\/\" class=\"_self pt-cv-readmore btn btn-success\" target=\"_self\" >Leer M\u00e1s<\/a><\/div>\n<div class=\"pt-cv-meta-fields\"><span class=\"entry-date\"> <time datetime=\"2024-12-20T12:34:20+00:00\">20 diciembre, 2024<\/time><\/span><span> \/ <\/span><span class=\"author\"> <a href=\"https:\/\/blogsaverroes.juntadeandalucia.es\/iespuertadelmar\/author\/luis-jesus-del-castillo-montes\/\" rel=\"author\">Luis J. del Castillo<\/a><\/span><\/div><\/div><\/div><\/div><\/div><\/div>\n<\/div><\/div><\/div> <\/div> \t\t\t\t<\/div>\n\t\t\t\t<\/div>\n\t\t\t\t\t<\/div>\n\t\t<\/div>\n\t\t\t\t\t<\/div>\n\t\t<\/section>\n\t\t\t\t<section class=\"elementor-section elementor-top-section elementor-element elementor-element-7537489f elementor-section-boxed elementor-section-height-default elementor-section-height-default\" data-id=\"7537489f\" data-element_type=\"section\">\n\t\t\t\t\t\t<div class=\"elementor-container elementor-column-gap-default\">\n\t\t\t\t\t<div class=\"elementor-column elementor-col-100 elementor-top-column elementor-element elementor-element-c9982b0\" data-id=\"c9982b0\" data-element_type=\"column\">\n\t\t\t<div class=\"elementor-widget-wrap\">\n\t\t\t\t\t\t\t<\/div>\n\t\t<\/div>\n\t\t\t\t\t<\/div>\n\t\t<\/section>\n\t\t\t\t<\/div>\n\t\t","protected":false},"excerpt":{"rendered":"<p>La aldea global en la que el mundo se ha convertido y el hecho de estar dentro de la Unio\u0301n Europea nos situ\u0301a en un escenario de competitividad, de movilidad&#46;&#46;&#46;<\/p>\n","protected":false},"author":19232,"featured_media":0,"parent":0,"menu_order":0,"comment_status":"closed","ping_status":"closed","template":"page-templates\/child-menu.php","meta":{"ngg_post_thumbnail":0,"footnotes":"","_mc_calendar":[]},"aioseo_notices":[],"_links":{"self":[{"href":"https:\/\/blogsaverroes.juntadeandalucia.es\/iespuertadelmar\/wp-json\/wp\/v2\/pages\/3158"}],"collection":[{"href":"https:\/\/blogsaverroes.juntadeandalucia.es\/iespuertadelmar\/wp-json\/wp\/v2\/pages"}],"about":[{"href":"https:\/\/blogsaverroes.juntadeandalucia.es\/iespuertadelmar\/wp-json\/wp\/v2\/types\/page"}],"author":[{"embeddable":true,"href":"https:\/\/blogsaverroes.juntadeandalucia.es\/iespuertadelmar\/wp-json\/wp\/v2\/users\/19232"}],"replies":[{"embeddable":true,"href":"https:\/\/blogsaverroes.juntadeandalucia.es\/iespuertadelmar\/wp-json\/wp\/v2\/comments?post=3158"}],"version-history":[{"count":29,"href":"https:\/\/blogsaverroes.juntadeandalucia.es\/iespuertadelmar\/wp-json\/wp\/v2\/pages\/3158\/revisions"}],"predecessor-version":[{"id":6050,"href":"https:\/\/blogsaverroes.juntadeandalucia.es\/iespuertadelmar\/wp-json\/wp\/v2\/pages\/3158\/revisions\/6050"}],"wp:attachment":[{"href":"https:\/\/blogsaverroes.juntadeandalucia.es\/iespuertadelmar\/wp-json\/wp\/v2\/media?parent=3158"}],"curies":[{"name":"wp","href":"https:\/\/api.w.org\/{rel}","templated":true}]}}