{"id":3208,"date":"2024-09-28T18:41:54","date_gmt":"2024-09-28T18:41:54","guid":{"rendered":"https:\/\/blogsaverroes.juntadeandalucia.es\/iespuertadelmar\/?page_id=3208"},"modified":"2025-11-28T08:54:46","modified_gmt":"2025-11-28T08:54:46","slug":"ampa","status":"publish","type":"page","link":"https:\/\/blogsaverroes.juntadeandalucia.es\/iespuertadelmar\/ampa\/","title":{"rendered":"AMPA"},"content":{"rendered":"\t\t<div data-elementor-type=\"wp-page\" data-elementor-id=\"3208\" class=\"elementor elementor-3208\">\n\t\t\t\t\t\t<section class=\"elementor-section elementor-top-section elementor-element elementor-element-d5f84d9 elementor-section-boxed elementor-section-height-default elementor-section-height-default\" data-id=\"d5f84d9\" data-element_type=\"section\">\n\t\t\t\t\t\t<div class=\"elementor-container elementor-column-gap-default\">\n\t\t\t\t\t<div class=\"elementor-column elementor-col-100 elementor-top-column elementor-element elementor-element-3640b2b\" data-id=\"3640b2b\" data-element_type=\"column\">\n\t\t\t<div class=\"elementor-widget-wrap elementor-element-populated\">\n\t\t\t\t\t\t<div class=\"elementor-element elementor-element-c0dab18 elementor-tabs-view-horizontal elementor-widget elementor-widget-tabs\" data-id=\"c0dab18\" data-element_type=\"widget\" data-widget_type=\"tabs.default\">\n\t\t\t\t<div class=\"elementor-widget-container\">\n\t\t\t\t\t\t\t<div class=\"elementor-tabs\">\n\t\t\t<div class=\"elementor-tabs-wrapper\" role=\"tablist\" >\n\t\t\t\t\t\t\t\t\t<div id=\"elementor-tab-title-2021\" class=\"elementor-tab-title elementor-tab-desktop-title\" aria-selected=\"true\" data-tab=\"1\" role=\"tab\" tabindex=\"0\" aria-controls=\"elementor-tab-content-2021\" aria-expanded=\"false\">Presentaci\u00f3n<\/div>\n\t\t\t\t\t\t\t\t\t<div id=\"elementor-tab-title-2022\" class=\"elementor-tab-title elementor-tab-desktop-title\" aria-selected=\"false\" data-tab=\"2\" role=\"tab\" tabindex=\"-1\" aria-controls=\"elementor-tab-content-2022\" aria-expanded=\"false\">Junta Directiva<\/div>\n\t\t\t\t\t\t\t\t\t<div id=\"elementor-tab-title-2023\" class=\"elementor-tab-title elementor-tab-desktop-title\" aria-selected=\"false\" data-tab=\"3\" role=\"tab\" tabindex=\"-1\" aria-controls=\"elementor-tab-content-2023\" aria-expanded=\"false\">Colaboraci\u00f3n en viajes<\/div>\n\t\t\t\t\t\t\t\t\t<div id=\"elementor-tab-title-2024\" class=\"elementor-tab-title elementor-tab-desktop-title\" aria-selected=\"false\" data-tab=\"4\" role=\"tab\" tabindex=\"-1\" aria-controls=\"elementor-tab-content-2024\" aria-expanded=\"false\">Contacto<\/div>\n\t\t\t\t\t\t\t<\/div>\n\t\t\t<div class=\"elementor-tabs-content-wrapper\" role=\"tablist\" aria-orientation=\"vertical\">\n\t\t\t\t\t\t\t\t\t<div class=\"elementor-tab-title elementor-tab-mobile-title\" aria-selected=\"true\" data-tab=\"1\" role=\"tab\" tabindex=\"0\" aria-controls=\"elementor-tab-content-2021\" aria-expanded=\"false\">Presentaci\u00f3n<\/div>\n\t\t\t\t\t<div id=\"elementor-tab-content-2021\" class=\"elementor-tab-content elementor-clearfix\" data-tab=\"1\" role=\"tabpanel\" aria-labelledby=\"elementor-tab-title-2021\" tabindex=\"0\" hidden=\"false\"><p style=\"text-align: justify\"><strong>\u00bfQUI\u00c9NES SOMOS?<\/strong><\/p><p style=\"text-align: justify\">Somos un grupo de padres y madres que desarrollamos una labor totalmente desinteresada, preocupados por la formaci\u00f3n de nuestros hijos. Nos asociamos con el fin de formar parte de la comunidad educativa y sumar esfuerzos junto a profesores\/as y direcci\u00f3n del centro en mejorar la formaci\u00f3n y educaci\u00f3n de nuestros hijos e hijas.<\/p><p style=\"text-align: justify\">Nuestras funciones especiales son representarles en los consejos escolares, colaborar y participar, en la medida de nuestras posibilidades, en todas las actividades que se desarrollan y en la soluci\u00f3n de problemas que se plantean en el Centro y que afectan a todo el alumnado.<\/p><p style=\"text-align: justify\"><strong>\u00bfPOR QU\u00c9 HACERTE SOCIO\/A?<\/strong><\/p><p style=\"text-align: justify\">Los miembros de la Junta estamos absolutamente convencidos de la necesidad y conveniencia de la implicaci\u00f3n de los padres en la vida del Centro en donde estudian, trabajan y conviven vuestros hijos e hijas. Para eso es necesario que las familias estemos asociadas al AMPA y, en la medida de lo posible, colaboremos en la asociaci\u00f3n, aportando ideas en las asambleas, participando en las actividades de convivencia, etc. y\/o simplemente pagando una cuota de 12 \u20ac por curso.<\/p><ul><li style=\"text-align: justify\"><strong>Actividades y beneficios:<\/strong><\/li><\/ul><ol><li style=\"text-align: justify\">Carnet soci@ con descuentos en los comercios de Almu\u00f1ecar asociados a Acos.<\/li><li style=\"text-align: justify\">Desayuno del D\u00eda de Andaluc\u00eda.<\/li><li style=\"text-align: justify\">Jornadas de convivencia.<\/li><li style=\"text-align: justify\">Colaboraci\u00f3n con viajes de estudios (Kiosco, venta de mantecados y\/o loter\u00eda&#8230;)<\/li><li style=\"text-align: justify\">Sorteo de Cesta de Navidad entre soci@s.<\/li><li>Decoraciones y preparaci\u00f3n de actos en el centro.<\/li><\/ol><ul><li style=\"text-align: justify\"><strong>\u00bfC\u00f3mo puedo realizar el pago de la cuota?<\/strong><\/li><\/ul><p style=\"text-align: justify\">Haciendo un ingreso de 12 \u20ac por familia en la cuenta del BANCO SANTANDER: ES5900497260442110031732<\/p><p style=\"text-align: justify\">-Por cajero autom\u00e1tico (sin gastos), transferencia (gastos seg\u00fan vuestro contrato banco) o en ventanilla del banco (cobran gastos)<\/p><p style=\"text-align: justify\">-Indicando en \u201cconcepto\u201d el nombre del alumno (o alumnos) y el curso en el que se matriculan. Haz llegar al AMPA el resguardo de pago junto con la ficha de inscripci\u00f3n cumplimentada<\/p><p style=\"text-align: center\"><strong>\u00a1\u00a1\u00a1\u00a1\u00a1\u00a1HAZTE SOCIO Y PARTICIPA!!!!!!!!!<\/strong><\/p><p style=\"text-align: center\"><strong>POR UNA EDUCACI\u00d3N DE CALIDAD PARA NUESTR@S HIJ@S<\/strong><\/p><\/div>\n\t\t\t\t\t\t\t\t\t<div class=\"elementor-tab-title elementor-tab-mobile-title\" aria-selected=\"false\" data-tab=\"2\" role=\"tab\" tabindex=\"-1\" aria-controls=\"elementor-tab-content-2022\" aria-expanded=\"false\">Junta Directiva<\/div>\n\t\t\t\t\t<div id=\"elementor-tab-content-2022\" class=\"elementor-tab-content elementor-clearfix\" data-tab=\"2\" role=\"tabpanel\" aria-labelledby=\"elementor-tab-title-2022\" tabindex=\"0\" hidden=\"hidden\"><p>Presidenta: M\u00f3nica Arag\u00f3n Montes\u00a0 \u00a0 \u00a0\u00a0<\/p><p>Secretaria: Mar\u00eda Bibiana Palacios P\u00e9rez\u00a0 \u00a0 \u00a0<\/p><p>Tesorera: Eva Mar\u00eda Garciolo Valderrama<\/p><p>\u00a0<\/p><\/div>\n\t\t\t\t\t\t\t\t\t<div class=\"elementor-tab-title elementor-tab-mobile-title\" aria-selected=\"false\" data-tab=\"3\" role=\"tab\" tabindex=\"-1\" aria-controls=\"elementor-tab-content-2023\" aria-expanded=\"false\">Colaboraci\u00f3n en viajes<\/div>\n\t\t\t\t\t<div id=\"elementor-tab-content-2023\" class=\"elementor-tab-content elementor-clearfix\" data-tab=\"3\" role=\"tabpanel\" aria-labelledby=\"elementor-tab-title-2023\" tabindex=\"0\" hidden=\"hidden\"><p style=\"text-align: justify\">Se puede colaborar para el Viaje de Estudios (1\u00ba de Bachillerato) y el Viaje de Inmersi\u00f3n Ling\u00fc\u00edstica (4\u00ba de ESO).\u00a0A partir de septiembre empezar\u00e1 a funcionar el kiosco del centro, con el fin de recaudar fondos para ambos viajes.<\/p><p style=\"text-align: justify\">Est\u00e1n invitados a participar en la actividad todos los padres y madres. Los requisitos necesarios para participar son:<\/p><ol><li style=\"text-align: justify\">Pertenecer al AMPA desde 1.\u00ba ESO y haber realizado el pago de las cuotas correspondientes.<\/li><li>Que el alumno o alumna vaya a uno de los viajes previstos.<\/li><\/ol><p style=\"text-align: justify\">Las personas interesadas deber\u00e1n estar pendientes, al principio del curso escolar, a la convocatoria de la reuni\u00f3n en donde se tratar\u00e1 con m\u00e1s profundidad el tema.<\/p><\/div>\n\t\t\t\t\t\t\t\t\t<div class=\"elementor-tab-title elementor-tab-mobile-title\" aria-selected=\"false\" data-tab=\"4\" role=\"tab\" tabindex=\"-1\" aria-controls=\"elementor-tab-content-2024\" aria-expanded=\"false\">Contacto<\/div>\n\t\t\t\t\t<div id=\"elementor-tab-content-2024\" class=\"elementor-tab-content elementor-clearfix\" data-tab=\"4\" role=\"tabpanel\" aria-labelledby=\"elementor-tab-title-2024\" tabindex=\"0\" hidden=\"hidden\"><p style=\"text-align: justify\">Pod\u00e9is contactar con el AMPA a trav\u00e9s de los siguientes medios:<\/p><p style=\"text-align: justify\">WhatsApp: 630 96 58 29<\/p><p style=\"text-align: justify\">Correo electr\u00f3nico: <a href=\"mailto:ampafuentepiedra2016@gmail.com\">ampafuentepiedra2016@gmail.com<\/a><\/p><p style=\"text-align: justify\">S\u00edguenos en Facebook: <a href=\"https:\/\/www.facebook.com\/ampa.fuentepiedra.7\/\">Ampa Fuente Piedra IES Puerta del Mar<\/a><\/p><\/div>\n\t\t\t\t\t\t\t<\/div>\n\t\t<\/div>\n\t\t\t\t\t\t<\/div>\n\t\t\t\t<\/div>\n\t\t\t\t\t<\/div>\n\t\t<\/div>\n\t\t\t\t\t<\/div>\n\t\t<\/section>\n\t\t\t\t<section class=\"elementor-section elementor-top-section elementor-element elementor-element-e200d14 elementor-section-boxed elementor-section-height-default elementor-section-height-default\" data-id=\"e200d14\" data-element_type=\"section\">\n\t\t\t\t\t\t<div class=\"elementor-container elementor-column-gap-default\">\n\t\t\t\t\t<div class=\"elementor-column elementor-col-100 elementor-top-column elementor-element elementor-element-3caf01a\" data-id=\"3caf01a\" data-element_type=\"column\">\n\t\t\t<div class=\"elementor-widget-wrap elementor-element-populated\">\n\t\t\t\t\t\t<div class=\"elementor-element elementor-element-2a35358 elementor-arrows-position-inside elementor-pagination-position-outside elementor-widget elementor-widget-image-carousel\" data-id=\"2a35358\" data-element_type=\"widget\" data-settings=\"{&quot;slides_to_show&quot;:&quot;2&quot;,&quot;navigation&quot;:&quot;both&quot;,&quot;autoplay&quot;:&quot;yes&quot;,&quot;pause_on_hover&quot;:&quot;yes&quot;,&quot;pause_on_interaction&quot;:&quot;yes&quot;,&quot;autoplay_speed&quot;:5000,&quot;infinite&quot;:&quot;yes&quot;,&quot;speed&quot;:500}\" data-widget_type=\"image-carousel.default\">\n\t\t\t\t<div class=\"elementor-widget-container\">\n\t\t\t\t\t\t\t<div class=\"elementor-image-carousel-wrapper swiper\" role=\"region\" aria-roledescription=\"carousel\" aria-label=\"Carrusel de im\u00e1genes\" dir=\"ltr\">\n\t\t\t<div class=\"elementor-image-carousel swiper-wrapper\" aria-live=\"off\">\n\t\t\t\t\t\t\t\t<div class=\"swiper-slide\" role=\"group\" aria-roledescription=\"slide\" aria-label=\"1 de 4\"><figure class=\"swiper-slide-inner\"><img decoding=\"async\" class=\"swiper-slide-image\" src=\"https:\/\/blogsaverroes.juntadeandalucia.es\/iespuertadelmar\/files\/2025\/11\/Imagen-de-WhatsApp-2025-11-24-a-las-20.43.17_12394d9f-781x1024.jpg\" alt=\"Imagen de WhatsApp 2025-11-24 a las 20.43.17_12394d9f\" \/><\/figure><\/div><div class=\"swiper-slide\" role=\"group\" aria-roledescription=\"slide\" aria-label=\"2 de 4\"><figure class=\"swiper-slide-inner\"><img decoding=\"async\" class=\"swiper-slide-image\" src=\"https:\/\/blogsaverroes.juntadeandalucia.es\/iespuertadelmar\/files\/2025\/11\/Imagen-de-WhatsApp-2025-11-24-a-las-20.43.17_8645a9e3-769x1024.jpg\" alt=\"Imagen de WhatsApp 2025-11-24 a las 20.43.17_8645a9e3\" \/><\/figure><\/div><div class=\"swiper-slide\" role=\"group\" aria-roledescription=\"slide\" aria-label=\"3 de 4\"><figure class=\"swiper-slide-inner\"><img decoding=\"async\" class=\"swiper-slide-image\" src=\"https:\/\/blogsaverroes.juntadeandalucia.es\/iespuertadelmar\/files\/2025\/11\/Imagen-de-WhatsApp-2025-11-24-a-las-20.43.17_4f016583-769x1024.jpg\" alt=\"Imagen de WhatsApp 2025-11-24 a las 20.43.17_4f016583\" \/><\/figure><\/div><div class=\"swiper-slide\" role=\"group\" aria-roledescription=\"slide\" aria-label=\"4 de 4\"><figure class=\"swiper-slide-inner\"><img decoding=\"async\" class=\"swiper-slide-image\" src=\"https:\/\/blogsaverroes.juntadeandalucia.es\/iespuertadelmar\/files\/2025\/11\/Imagen-de-WhatsApp-2025-11-24-a-las-20.43.18_597d2509-771x1024.jpg\" alt=\"Imagen de WhatsApp 2025-11-24 a las 20.43.18_597d2509\" \/><\/figure><\/div>\t\t\t<\/div>\n\t\t\t\t\t\t\t\t\t\t\t\t<div class=\"elementor-swiper-button elementor-swiper-button-prev\" role=\"button\" tabindex=\"0\">\n\t\t\t\t\t\t<i aria-hidden=\"true\" class=\"eicon-chevron-left\"><\/i>\t\t\t\t\t<\/div>\n\t\t\t\t\t<div class=\"elementor-swiper-button elementor-swiper-button-next\" role=\"button\" tabindex=\"0\">\n\t\t\t\t\t\t<i aria-hidden=\"true\" class=\"eicon-chevron-right\"><\/i>\t\t\t\t\t<\/div>\n\t\t\t\t\n\t\t\t\t\t\t\t\t\t<div class=\"swiper-pagination\"><\/div>\n\t\t\t\t\t\t\t\t\t<\/div>\n\t\t\t\t\t\t<\/div>\n\t\t\t\t<\/div>\n\t\t\t\t\t<\/div>\n\t\t<\/div>\n\t\t\t\t\t<\/div>\n\t\t<\/section>\n\t\t\t\t<\/div>\n\t\t","protected":false},"excerpt":{"rendered":"<p>Presentaci\u00f3n Junta Directiva Colaboraci\u00f3n en viajes Contacto Presentaci\u00f3n \u00bfQUI\u00c9NES SOMOS? Somos un grupo de padres y madres que desarrollamos una labor totalmente desinteresada, preocupados por la formaci\u00f3n de nuestros hijos.&#46;&#46;&#46;<\/p>\n","protected":false},"author":19232,"featured_media":0,"parent":0,"menu_order":0,"comment_status":"closed","ping_status":"closed","template":"","meta":{"ngg_post_thumbnail":0,"footnotes":"","_mc_calendar":[]},"aioseo_notices":[],"_links":{"self":[{"href":"https:\/\/blogsaverroes.juntadeandalucia.es\/iespuertadelmar\/wp-json\/wp\/v2\/pages\/3208"}],"collection":[{"href":"https:\/\/blogsaverroes.juntadeandalucia.es\/iespuertadelmar\/wp-json\/wp\/v2\/pages"}],"about":[{"href":"https:\/\/blogsaverroes.juntadeandalucia.es\/iespuertadelmar\/wp-json\/wp\/v2\/types\/page"}],"author":[{"embeddable":true,"href":"https:\/\/blogsaverroes.juntadeandalucia.es\/iespuertadelmar\/wp-json\/wp\/v2\/users\/19232"}],"replies":[{"embeddable":true,"href":"https:\/\/blogsaverroes.juntadeandalucia.es\/iespuertadelmar\/wp-json\/wp\/v2\/comments?post=3208"}],"version-history":[{"count":5,"href":"https:\/\/blogsaverroes.juntadeandalucia.es\/iespuertadelmar\/wp-json\/wp\/v2\/pages\/3208\/revisions"}],"predecessor-version":[{"id":6086,"href":"https:\/\/blogsaverroes.juntadeandalucia.es\/iespuertadelmar\/wp-json\/wp\/v2\/pages\/3208\/revisions\/6086"}],"wp:attachment":[{"href":"https:\/\/blogsaverroes.juntadeandalucia.es\/iespuertadelmar\/wp-json\/wp\/v2\/media?parent=3208"}],"curies":[{"name":"wp","href":"https:\/\/api.w.org\/{rel}","templated":true}]}}