{"id":3291,"date":"2024-09-29T00:34:59","date_gmt":"2024-09-29T00:34:59","guid":{"rendered":"https:\/\/blogsaverroes.juntadeandalucia.es\/iespuertadelmar\/?page_id=3291"},"modified":"2024-12-06T19:15:22","modified_gmt":"2024-12-06T19:15:22","slug":"religion","status":"publish","type":"page","link":"https:\/\/blogsaverroes.juntadeandalucia.es\/iespuertadelmar\/religion\/","title":{"rendered":"Religi\u00f3n"},"content":{"rendered":"\t\t<div data-elementor-type=\"wp-page\" data-elementor-id=\"3291\" class=\"elementor elementor-3291\">\n\t\t\t\t\t\t<section class=\"elementor-section elementor-top-section elementor-element elementor-element-1fa7b384 elementor-section-boxed elementor-section-height-default elementor-section-height-default\" data-id=\"1fa7b384\" data-element_type=\"section\">\n\t\t\t\t\t\t<div class=\"elementor-container elementor-column-gap-default\">\n\t\t\t\t\t<div class=\"elementor-column elementor-col-100 elementor-top-column elementor-element elementor-element-47d3c519\" data-id=\"47d3c519\" data-element_type=\"column\">\n\t\t\t<div class=\"elementor-widget-wrap elementor-element-populated\">\n\t\t\t\t\t\t<div class=\"elementor-element elementor-element-50d590fc elementor-tabs-view-horizontal elementor-widget elementor-widget-tabs\" data-id=\"50d590fc\" data-element_type=\"widget\" data-widget_type=\"tabs.default\">\n\t\t\t\t<div class=\"elementor-widget-container\">\n\t\t\t\t\t\t\t<div class=\"elementor-tabs\">\n\t\t\t<div class=\"elementor-tabs-wrapper\" role=\"tablist\" >\n\t\t\t\t\t\t\t\t\t<div id=\"elementor-tab-title-1351\" class=\"elementor-tab-title elementor-tab-desktop-title\" aria-selected=\"true\" data-tab=\"1\" role=\"tab\" tabindex=\"0\" aria-controls=\"elementor-tab-content-1351\" aria-expanded=\"false\">Presentaci\u00f3n<\/div>\n\t\t\t\t\t\t\t\t\t<div id=\"elementor-tab-title-1352\" class=\"elementor-tab-title elementor-tab-desktop-title\" aria-selected=\"false\" data-tab=\"2\" role=\"tab\" tabindex=\"-1\" aria-controls=\"elementor-tab-content-1352\" aria-expanded=\"false\">Criterios de evaluaci\u00f3n<\/div>\n\t\t\t\t\t\t\t\t\t<div id=\"elementor-tab-title-1353\" class=\"elementor-tab-title elementor-tab-desktop-title\" aria-selected=\"false\" data-tab=\"3\" role=\"tab\" tabindex=\"-1\" aria-controls=\"elementor-tab-content-1353\" aria-expanded=\"false\">Recuperaci\u00f3n de pendientes<\/div>\n\t\t\t\t\t\t\t\t\t<div id=\"elementor-tab-title-1354\" class=\"elementor-tab-title elementor-tab-desktop-title\" aria-selected=\"false\" data-tab=\"4\" role=\"tab\" tabindex=\"-1\" aria-controls=\"elementor-tab-content-1354\" aria-expanded=\"false\">Materiales<\/div>\n\t\t\t\t\t\t\t<\/div>\n\t\t\t<div class=\"elementor-tabs-content-wrapper\" role=\"tablist\" aria-orientation=\"vertical\">\n\t\t\t\t\t\t\t\t\t<div class=\"elementor-tab-title elementor-tab-mobile-title\" aria-selected=\"true\" data-tab=\"1\" role=\"tab\" tabindex=\"0\" aria-controls=\"elementor-tab-content-1351\" aria-expanded=\"false\">Presentaci\u00f3n<\/div>\n\t\t\t\t\t<div id=\"elementor-tab-content-1351\" class=\"elementor-tab-content elementor-clearfix\" data-tab=\"1\" role=\"tabpanel\" aria-labelledby=\"elementor-tab-title-1351\" tabindex=\"0\" hidden=\"false\"><p><a href=\"https:\/\/blogsaverroes.juntadeandalucia.es\/iespuertadelmar\/files\/2024\/12\/dones-del-Espiritu-Santo.jpg\"><img decoding=\"async\" class=\"wp-image-5095 aligncenter\" src=\"https:\/\/blogsaverroes.juntadeandalucia.es\/iespuertadelmar\/files\/2024\/12\/dones-del-Espiritu-Santo-240x300.jpg\" alt=\"\" width=\"116\" height=\"145\" srcset=\"https:\/\/blogsaverroes.juntadeandalucia.es\/iespuertadelmar\/files\/2024\/12\/dones-del-Espiritu-Santo-240x300.jpg 240w, https:\/\/blogsaverroes.juntadeandalucia.es\/iespuertadelmar\/files\/2024\/12\/dones-del-Espiritu-Santo.jpg 427w\" sizes=\"(max-width: 116px) 100vw, 116px\" \/><\/a>La presencia de la ense\u00f1anza religiosa en la escuela responde, en primer lugar, a la importancia que esta materia tiene dentro de la educaci\u00f3n para que el alumnado pueda conseguir un desarrollo pleno e integral de su personalidad. La educaci\u00f3n de la dimensi\u00f3n religiosa es parte fundamental para la maduraci\u00f3n de la persona. No podr\u00eda existir una formaci\u00f3n integral y, por tanto, una educaci\u00f3n de calidad, si no se permitiese el desarrollo de todas las dimensiones inherentes al ser humano, entre las cuales se encuentra la religiosa. Esta capacidad b\u00e1sica de la persona adquiere su aut\u00e9ntico cumplimiento cuando se descubre el sentido de la vida. La ense\u00f1anza de la religi\u00f3n cat\u00f3lica en los centros escolares ayudar\u00e1 a los estudiantes a ensanchar los espacios de la racionalidad y adoptar una actitud de apertura al sentido religioso de la vida, sea cual sea su manifestaci\u00f3n concreta.<\/p><p>Agradecer a las familias su confianza al escoger la optativa de Religi\u00f3n Cat\u00f3lica.<\/p><\/div>\n\t\t\t\t\t\t\t\t\t<div class=\"elementor-tab-title elementor-tab-mobile-title\" aria-selected=\"false\" data-tab=\"2\" role=\"tab\" tabindex=\"-1\" aria-controls=\"elementor-tab-content-1352\" aria-expanded=\"false\">Criterios de evaluaci\u00f3n<\/div>\n\t\t\t\t\t<div id=\"elementor-tab-content-1352\" class=\"elementor-tab-content elementor-clearfix\" data-tab=\"2\" role=\"tabpanel\" aria-labelledby=\"elementor-tab-title-1352\" tabindex=\"0\" hidden=\"hidden\"><p><span style=\"color: #339966\"><a href=\"https:\/\/blogsaverroes.juntadeandalucia.es\/iespuertadelmar\/files\/2024\/12\/CRITERIOS-DE-EVALUACION-RELIGION-ESO-24-25-1.pdf\">CRITERIOS DE EVALUACI\u00d3N RELIGI\u00d3N ESO 24-25<\/a><\/span><\/p><p><span style=\"color: #0000ff\"><a style=\"color: #0000ff\" href=\"https:\/\/blogsaverroes.juntadeandalucia.es\/iespuertadelmar\/files\/2024\/12\/CRITERIOS-EVALUACION-BACHILLERATO-24-25.pdf\">CRITERIOS DE EVALUACI\u00d3N BACHILLERATO 24-25<\/a><\/span><\/p><p>\u00a0<\/p><\/div>\n\t\t\t\t\t\t\t\t\t<div class=\"elementor-tab-title elementor-tab-mobile-title\" aria-selected=\"false\" data-tab=\"3\" role=\"tab\" tabindex=\"-1\" aria-controls=\"elementor-tab-content-1353\" aria-expanded=\"false\">Recuperaci\u00f3n de pendientes<\/div>\n\t\t\t\t\t<div id=\"elementor-tab-content-1353\" class=\"elementor-tab-content elementor-clearfix\" data-tab=\"3\" role=\"tabpanel\" aria-labelledby=\"elementor-tab-title-1353\" tabindex=\"0\" hidden=\"hidden\"><p>Se explica c\u00f3mo recuperar las materias pendientes.<\/p><\/div>\n\t\t\t\t\t\t\t\t\t<div class=\"elementor-tab-title elementor-tab-mobile-title\" aria-selected=\"false\" data-tab=\"4\" role=\"tab\" tabindex=\"-1\" aria-controls=\"elementor-tab-content-1354\" aria-expanded=\"false\">Materiales<\/div>\n\t\t\t\t\t<div id=\"elementor-tab-content-1354\" class=\"elementor-tab-content elementor-clearfix\" data-tab=\"4\" role=\"tabpanel\" aria-labelledby=\"elementor-tab-title-1354\" tabindex=\"0\" hidden=\"hidden\">Contenido de la pesta\u00f1a<\/div>\n\t\t\t\t\t\t\t<\/div>\n\t\t<\/div>\n\t\t\t\t\t\t<\/div>\n\t\t\t\t<\/div>\n\t\t\t\t\t<\/div>\n\t\t<\/div>\n\t\t\t\t\t<\/div>\n\t\t<\/section>\n\t\t\t\t<section class=\"elementor-section elementor-top-section elementor-element elementor-element-22d21e93 elementor-section-boxed elementor-section-height-default elementor-section-height-default\" data-id=\"22d21e93\" data-element_type=\"section\">\n\t\t\t\t\t\t<div class=\"elementor-container elementor-column-gap-default\">\n\t\t\t\t\t<div class=\"elementor-column elementor-col-100 elementor-top-column elementor-element elementor-element-5850b20c\" data-id=\"5850b20c\" data-element_type=\"column\">\n\t\t\t<div class=\"elementor-widget-wrap elementor-element-populated\">\n\t\t\t\t\t\t<div class=\"elementor-element elementor-element-417a978b elementor-widget elementor-widget-contentviews_widget_scrollable\" data-id=\"417a978b\" data-element_type=\"widget\" data-widget_type=\"contentviews_widget_scrollable.default\">\n\t\t\t\t<div class=\"elementor-widget-container\">\n\t\t\t\t\t<div class='pt-cv-wrapper'> <h1 class='pt-cv-heading-container heading1' data-blockid='417a978b'><span class='pt-cv-heading'> Noticias <\/span><\/h1><div class=\"pt-cv-view pt-cv-scrollable pt-cv-colsys iscvblock iscvelementor scrollable layout1\" id=\"pt-cv-view-417a978b\"><div data-id=\"pt-cv-page-1\" class=\"pt-cv-page\" data-cvc=\"2\"><div id=\"66370a31wo\" class=\"pt-cv-carousel pt-cv-slide\" data-ride=\"cvcarousel\" data-interval=false>\n<div class=\"carousel-inner\"><div class=\"item active\"><div class=\"row\"><div class=\"col-md-6 pt-cv-content-item pt-cv-1-col\" ><div class=\"pt-cv-thumb-wrapper  \"><a href=\"https:\/\/blogsaverroes.juntadeandalucia.es\/iespuertadelmar\/2025\/01\/31\/30-de-enero-dia-de-la-paz\/\" class=\"_self pt-cv-href-thumbnail pt-cv-thumb-default\" target=\"_self\" ><img fetchpriority=\"high\" decoding=\"async\" width=\"1024\" height=\"461\" src=\"https:\/\/blogsaverroes.juntadeandalucia.es\/iespuertadelmar\/files\/2025\/01\/Imagen-de-WhatsApp-2025-01-30-a-las-11.50.12_130ba744-1024x461.jpg\" class=\"pt-cv-thumbnail\" alt=\"\" \/><\/a><\/div>\n<div class=\"pt-cv-carousel-caption pt-cv-cap-w-img\"><div class=\"pt-cv-taxoterm above_title\"><a href='https:\/\/blogsaverroes.juntadeandalucia.es\/iespuertadelmar\/category\/planes-y-proyectos-educativos\/' title='Planes y proyectos educativos' class='pt-cv-tax-planes-y-proyectos-educativos'>Planes y proyectos educativos<\/a><a href='https:\/\/blogsaverroes.juntadeandalucia.es\/iespuertadelmar\/category\/departamentos\/religion-noticias\/' title='Religi\u00f3n Noticias' class='pt-cv-tax-religion-noticias'>Religi\u00f3n Noticias<\/a><\/div>\n<h4 class=\"pt-cv-title\"><a href=\"https:\/\/blogsaverroes.juntadeandalucia.es\/iespuertadelmar\/2025\/01\/31\/30-de-enero-dia-de-la-paz\/\" class=\"_self\" target=\"_self\" >30 de Enero \u00abD\u00cfA DE LA PAZ\u00bb<\/a><\/h4>\n<div class=\"pt-cv-content\">Suenan caminos de Paz Con motivo del \u201cD\u00eda Escolar de la Paz y No Violencia, nuestro centro ha celebrado una ...<\/div>\n<div class=\"pt-cv-rmwrap\"><a href=\"https:\/\/blogsaverroes.juntadeandalucia.es\/iespuertadelmar\/2025\/01\/31\/30-de-enero-dia-de-la-paz\/\" class=\"_self pt-cv-readmore btn btn-success\" target=\"_self\" >Leer M\u00e1s<\/a><\/div>\n<div class=\"pt-cv-meta-fields\"><span class=\"entry-date\"> <time datetime=\"2025-01-31T10:11:54+00:00\">31 enero, 2025<\/time><\/span><span> \/ <\/span><span class=\"author\"> <a href=\"https:\/\/blogsaverroes.juntadeandalucia.es\/iespuertadelmar\/author\/yolanda-martinez-leon\/\" rel=\"author\">Yolanda Mart\u00ednez Le\u00f3n<\/a><\/span><\/div><\/div><\/div><\/div><\/div><\/div>\n<\/div><\/div><\/div> <\/div> \t\t\t\t<\/div>\n\t\t\t\t<\/div>\n\t\t\t\t\t<\/div>\n\t\t<\/div>\n\t\t\t\t\t<\/div>\n\t\t<\/section>\n\t\t\t\t<section class=\"elementor-section elementor-top-section elementor-element elementor-element-db84066 elementor-section-boxed elementor-section-height-default elementor-section-height-default\" data-id=\"db84066\" data-element_type=\"section\">\n\t\t\t\t\t\t<div class=\"elementor-container elementor-column-gap-default\">\n\t\t\t\t\t<div class=\"elementor-column elementor-col-100 elementor-top-column elementor-element elementor-element-a4b7fbe\" data-id=\"a4b7fbe\" data-element_type=\"column\">\n\t\t\t<div class=\"elementor-widget-wrap\">\n\t\t\t\t\t\t\t<\/div>\n\t\t<\/div>\n\t\t\t\t\t<\/div>\n\t\t<\/section>\n\t\t\t\t<\/div>\n\t\t","protected":false},"excerpt":{"rendered":"<p>Presentaci\u00f3n Criterios de evaluaci\u00f3n Recuperaci\u00f3n de pendientes Materiales Presentaci\u00f3n La presencia de la ense\u00f1anza religiosa en la escuela responde, en primer lugar, a la importancia que esta materia tiene dentro&#46;&#46;&#46;<\/p>\n","protected":false},"author":19232,"featured_media":0,"parent":0,"menu_order":0,"comment_status":"closed","ping_status":"closed","template":"page-templates\/child-menu.php","meta":{"ngg_post_thumbnail":0,"footnotes":"","_mc_calendar":[]},"aioseo_notices":[],"_links":{"self":[{"href":"https:\/\/blogsaverroes.juntadeandalucia.es\/iespuertadelmar\/wp-json\/wp\/v2\/pages\/3291"}],"collection":[{"href":"https:\/\/blogsaverroes.juntadeandalucia.es\/iespuertadelmar\/wp-json\/wp\/v2\/pages"}],"about":[{"href":"https:\/\/blogsaverroes.juntadeandalucia.es\/iespuertadelmar\/wp-json\/wp\/v2\/types\/page"}],"author":[{"embeddable":true,"href":"https:\/\/blogsaverroes.juntadeandalucia.es\/iespuertadelmar\/wp-json\/wp\/v2\/users\/19232"}],"replies":[{"embeddable":true,"href":"https:\/\/blogsaverroes.juntadeandalucia.es\/iespuertadelmar\/wp-json\/wp\/v2\/comments?post=3291"}],"version-history":[{"count":40,"href":"https:\/\/blogsaverroes.juntadeandalucia.es\/iespuertadelmar\/wp-json\/wp\/v2\/pages\/3291\/revisions"}],"predecessor-version":[{"id":5126,"href":"https:\/\/blogsaverroes.juntadeandalucia.es\/iespuertadelmar\/wp-json\/wp\/v2\/pages\/3291\/revisions\/5126"}],"wp:attachment":[{"href":"https:\/\/blogsaverroes.juntadeandalucia.es\/iespuertadelmar\/wp-json\/wp\/v2\/media?parent=3291"}],"curies":[{"name":"wp","href":"https:\/\/api.w.org\/{rel}","templated":true}]}}