{"id":3327,"date":"2024-10-02T07:28:14","date_gmt":"2024-10-02T07:28:14","guid":{"rendered":"https:\/\/blogsaverroes.juntadeandalucia.es\/iespuertadelmar\/?page_id=3327"},"modified":"2025-09-25T08:06:52","modified_gmt":"2025-09-25T08:06:52","slug":"informatica","status":"publish","type":"page","link":"https:\/\/blogsaverroes.juntadeandalucia.es\/iespuertadelmar\/informatica\/","title":{"rendered":"Inform\u00e1tica"},"content":{"rendered":"\t\t<div data-elementor-type=\"wp-page\" data-elementor-id=\"3327\" class=\"elementor elementor-3327\">\n\t\t\t\t\t\t<section class=\"elementor-section elementor-top-section elementor-element elementor-element-6bef179 elementor-section-boxed elementor-section-height-default elementor-section-height-default\" data-id=\"6bef179\" data-element_type=\"section\">\n\t\t\t\t\t\t<div class=\"elementor-container elementor-column-gap-default\">\n\t\t\t\t\t<div class=\"elementor-column elementor-col-100 elementor-top-column elementor-element elementor-element-acf3df4\" data-id=\"acf3df4\" data-element_type=\"column\">\n\t\t\t<div class=\"elementor-widget-wrap elementor-element-populated\">\n\t\t\t\t\t\t<div class=\"elementor-element elementor-element-e6a35e3 elementor-widget elementor-widget-text-editor\" data-id=\"e6a35e3\" data-element_type=\"widget\" data-widget_type=\"text-editor.default\">\n\t\t\t\t<div class=\"elementor-widget-container\">\n\t\t\t\t\t\t\t\t\t<p style=\"text-align: center\"><a href=\"https:\/\/blogsaverroes.juntadeandalucia.es\/iespuertadelmar\/files\/2024\/10\/informatica.jpg\"><img fetchpriority=\"high\" decoding=\"async\" class=\"alignnone size-medium wp-image-3470\" src=\"https:\/\/blogsaverroes.juntadeandalucia.es\/iespuertadelmar\/files\/2024\/10\/informatica-300x300.jpg\" alt=\"\" width=\"300\" height=\"300\" srcset=\"https:\/\/blogsaverroes.juntadeandalucia.es\/iespuertadelmar\/files\/2024\/10\/informatica-300x300.jpg 300w, https:\/\/blogsaverroes.juntadeandalucia.es\/iespuertadelmar\/files\/2024\/10\/informatica-1024x1024.jpg 1024w, https:\/\/blogsaverroes.juntadeandalucia.es\/iespuertadelmar\/files\/2024\/10\/informatica-150x150.jpg 150w, https:\/\/blogsaverroes.juntadeandalucia.es\/iespuertadelmar\/files\/2024\/10\/informatica-768x768.jpg 768w, https:\/\/blogsaverroes.juntadeandalucia.es\/iespuertadelmar\/files\/2024\/10\/informatica-80x80.jpg 80w, https:\/\/blogsaverroes.juntadeandalucia.es\/iespuertadelmar\/files\/2024\/10\/informatica-320x320.jpg 320w, https:\/\/blogsaverroes.juntadeandalucia.es\/iespuertadelmar\/files\/2024\/10\/informatica.jpg 1120w\" sizes=\"(max-width: 300px) 100vw, 300px\" \/><\/a><\/p>\t\t\t\t\t\t\t\t<\/div>\n\t\t\t\t<\/div>\n\t\t\t\t\t<\/div>\n\t\t<\/div>\n\t\t\t\t\t<\/div>\n\t\t<\/section>\n\t\t\t\t<section class=\"elementor-section elementor-top-section elementor-element elementor-element-602eca51 elementor-section-boxed elementor-section-height-default elementor-section-height-default\" data-id=\"602eca51\" data-element_type=\"section\">\n\t\t\t\t\t\t<div class=\"elementor-container elementor-column-gap-default\">\n\t\t\t\t\t<div class=\"elementor-column elementor-col-100 elementor-top-column elementor-element elementor-element-3a0bb1b4\" data-id=\"3a0bb1b4\" data-element_type=\"column\">\n\t\t\t<div class=\"elementor-widget-wrap elementor-element-populated\">\n\t\t\t\t\t\t<div class=\"elementor-element elementor-element-c143596 elementor-tabs-view-horizontal elementor-widget elementor-widget-tabs\" data-id=\"c143596\" data-element_type=\"widget\" data-widget_type=\"tabs.default\">\n\t\t\t\t<div class=\"elementor-widget-container\">\n\t\t\t\t\t\t\t<div class=\"elementor-tabs\">\n\t\t\t<div class=\"elementor-tabs-wrapper\" role=\"tablist\" >\n\t\t\t\t\t\t\t\t\t<div id=\"elementor-tab-title-2021\" class=\"elementor-tab-title elementor-tab-desktop-title\" aria-selected=\"true\" data-tab=\"1\" role=\"tab\" tabindex=\"0\" aria-controls=\"elementor-tab-content-2021\" aria-expanded=\"false\">Presentaci\u00f3n<\/div>\n\t\t\t\t\t\t\t\t\t<div id=\"elementor-tab-title-2022\" class=\"elementor-tab-title elementor-tab-desktop-title\" aria-selected=\"false\" data-tab=\"2\" role=\"tab\" tabindex=\"-1\" aria-controls=\"elementor-tab-content-2022\" aria-expanded=\"false\">Criterios de evaluaci\u00f3n<\/div>\n\t\t\t\t\t\t\t\t\t<div id=\"elementor-tab-title-2023\" class=\"elementor-tab-title elementor-tab-desktop-title\" aria-selected=\"false\" data-tab=\"3\" role=\"tab\" tabindex=\"-1\" aria-controls=\"elementor-tab-content-2023\" aria-expanded=\"false\">Recuperaci\u00f3n de pendientes<\/div>\n\t\t\t\t\t\t\t<\/div>\n\t\t\t<div class=\"elementor-tabs-content-wrapper\" role=\"tablist\" aria-orientation=\"vertical\">\n\t\t\t\t\t\t\t\t\t<div class=\"elementor-tab-title elementor-tab-mobile-title\" aria-selected=\"true\" data-tab=\"1\" role=\"tab\" tabindex=\"0\" aria-controls=\"elementor-tab-content-2021\" aria-expanded=\"false\">Presentaci\u00f3n<\/div>\n\t\t\t\t\t<div id=\"elementor-tab-content-2021\" class=\"elementor-tab-content elementor-clearfix\" data-tab=\"1\" role=\"tabpanel\" aria-labelledby=\"elementor-tab-title-2021\" tabindex=\"0\" hidden=\"false\"><p align=\"justify\"><span style=\"font-family: sans-serif\"><span style=\"font-size: medium\">La inform\u00e1tica es una ciencia que se encarga del estudio y la aplicaci\u00f3n de m\u00e9todos, t\u00e9cnicas y procesos para el tratamiento autom\u00e1tico de la informaci\u00f3n mediante dispositivos electr\u00f3nicos y sistemas computacionales. Desempe\u00f1a un papel crucial en la formaci\u00f3n de los estudiantes, prepar\u00e1ndolos para un mundo cada vez m\u00e1s digitalizado, adquiriendo habilidades en el uso de herramientas inform\u00e1ticas, fomentando el pensamiento l\u00f3gico, cr\u00edtico y creativo, y conociendo t\u00e9cnicas para proteger sus datos, su identidad y comprender los riesgos digitales a los que se enfrentan, competencias que son esenciales en un mundo cada vez m\u00e1s interconectado y digital.<\/span><\/span><\/p>\n<\/div>\n\t\t\t\t\t\t\t\t\t<div class=\"elementor-tab-title elementor-tab-mobile-title\" aria-selected=\"false\" data-tab=\"2\" role=\"tab\" tabindex=\"-1\" aria-controls=\"elementor-tab-content-2022\" aria-expanded=\"false\">Criterios de evaluaci\u00f3n<\/div>\n\t\t\t\t\t<div id=\"elementor-tab-content-2022\" class=\"elementor-tab-content elementor-clearfix\" data-tab=\"2\" role=\"tabpanel\" aria-labelledby=\"elementor-tab-title-2022\" tabindex=\"0\" hidden=\"hidden\"><p>\n<a href=\"https:\/\/blogsaverroes.juntadeandalucia.es\/iespuertadelmar\/files\/2025\/09\/CE_Digitalizacion_4ESO.pdf\">Digitalizaci\u00f3n &#8211; 4\u00ba ESO<\/a><br><\/p><p><a href=\"https:\/\/blogsaverroes.juntadeandalucia.es\/iespuertadelmar\/files\/2025\/09\/CE_CDPC_1Bachillerato.pdf\">CDPC &#8211; 1\u00ba Bachillerato<\/a><\/p><p><a href=\"https:\/\/blogsaverroes.juntadeandalucia.es\/iespuertadelmar\/files\/2025\/09\/CE_TIC_1Bachillerato.pdf\">TIC &#8211; 1\u00ba Bachillerato<\/a><br>\n<br><a href=\"https:\/\/blogsaverroes.juntadeandalucia.es\/iespuertadelmar\/files\/2025\/09\/CE_TIC_2Bachillerato.pdf\">TIC &#8211; 2\u00ba Bachillerato<\/a><\/p><\/div>\n\t\t\t\t\t\t\t\t\t<div class=\"elementor-tab-title elementor-tab-mobile-title\" aria-selected=\"false\" data-tab=\"3\" role=\"tab\" tabindex=\"-1\" aria-controls=\"elementor-tab-content-2023\" aria-expanded=\"false\">Recuperaci\u00f3n de pendientes<\/div>\n\t\t\t\t\t<div id=\"elementor-tab-content-2023\" class=\"elementor-tab-content elementor-clearfix\" data-tab=\"3\" role=\"tabpanel\" aria-labelledby=\"elementor-tab-title-2023\" tabindex=\"0\" hidden=\"hidden\"><p align=\"justify\">Para los estudiantes de segundo de bachillerato que tienen pendiente la asignatura de TIC de primero de bachillerato, se establece el siguiente plan de recuperaci\u00f3n:<\/p><p align=\"justify\">Cada trimestre, y dentro de los plazos establecidos por el profesor o la profesora, los alumnos deber\u00e1n completar y entregar proyectos, tareas, actividades, ex\u00e1menes o trabajos relacionados con los saberes b\u00e1sicos. Estos recursos estar\u00e1n disponibles en la plataforma Moodle Centros, con el objetivo de asegurar que se alcanzan los criterios de evaluaci\u00f3n y, por ende, las competencias espec\u00edficas.<\/p><p align=\"justify\">Para calcular la nota, se realizar\u00e1 un promedio de los criterios de evaluaci\u00f3n, y para la nota final se tomar\u00e1 la media de las competencias espec\u00edficas.<\/p><p align=\"justify\">En caso de no superar la materia en la convocatoria ordinaria, podr\u00e1 recuperar en la convocatoria extraordinaria de Septiembre, superando los criterios de evaluaci\u00f3n que tenga suspensos, mediante examen o entregando las tareas que no haya realizado en la convocatoria ordinaria.<\/p><p><\/p><\/div>\n\t\t\t\t\t\t\t<\/div>\n\t\t<\/div>\n\t\t\t\t\t\t<\/div>\n\t\t\t\t<\/div>\n\t\t\t\t\t<\/div>\n\t\t<\/div>\n\t\t\t\t\t<\/div>\n\t\t<\/section>\n\t\t\t\t<section class=\"elementor-section elementor-top-section elementor-element elementor-element-80b61e2 elementor-section-boxed elementor-section-height-default elementor-section-height-default\" data-id=\"80b61e2\" data-element_type=\"section\">\n\t\t\t\t\t\t<div class=\"elementor-container elementor-column-gap-default\">\n\t\t\t\t\t<div class=\"elementor-column elementor-col-100 elementor-top-column elementor-element elementor-element-b8358ae\" data-id=\"b8358ae\" data-element_type=\"column\">\n\t\t\t<div class=\"elementor-widget-wrap elementor-element-populated\">\n\t\t\t\t\t\t<div class=\"elementor-element elementor-element-c7b0222 elementor-widget-divider--view-line elementor-widget elementor-widget-divider\" data-id=\"c7b0222\" data-element_type=\"widget\" data-widget_type=\"divider.default\">\n\t\t\t\t<div class=\"elementor-widget-container\">\n\t\t\t\t\t\t\t<div class=\"elementor-divider\">\n\t\t\t<span class=\"elementor-divider-separator\">\n\t\t\t\t\t\t<\/span>\n\t\t<\/div>\n\t\t\t\t\t\t<\/div>\n\t\t\t\t<\/div>\n\t\t\t\t\t<\/div>\n\t\t<\/div>\n\t\t\t\t\t<\/div>\n\t\t<\/section>\n\t\t\t\t<section class=\"elementor-section elementor-top-section elementor-element elementor-element-cfd634d elementor-section-boxed elementor-section-height-default elementor-section-height-default\" data-id=\"cfd634d\" data-element_type=\"section\">\n\t\t\t\t\t\t<div class=\"elementor-container elementor-column-gap-default\">\n\t\t\t\t\t<div class=\"elementor-column elementor-col-100 elementor-top-column elementor-element elementor-element-c3ffc7d\" data-id=\"c3ffc7d\" data-element_type=\"column\">\n\t\t\t<div class=\"elementor-widget-wrap elementor-element-populated\">\n\t\t\t\t\t\t<div class=\"elementor-element elementor-element-243fd20 elementor-widget elementor-widget-contentviews_widget_scrollable\" data-id=\"243fd20\" data-element_type=\"widget\" data-widget_type=\"contentviews_widget_scrollable.default\">\n\t\t\t\t<div class=\"elementor-widget-container\">\n\t\t\t\t\t<div class='pt-cv-wrapper'> <h1 class='pt-cv-heading-container heading1' data-blockid='243fd20'><span class='pt-cv-heading'> Noticias Inform\u00e1tica <\/span><\/h1><div class=\"pt-cv-view pt-cv-scrollable pt-cv-colsys iscvblock iscvelementor scrollable layout1\" id=\"pt-cv-view-243fd20\"><div data-id=\"pt-cv-page-1\" class=\"pt-cv-page\" data-cvc=\"2\"><div id=\"267a0e4mfa\" class=\"pt-cv-carousel pt-cv-slide\" data-ride=\"cvcarousel\" data-interval=false><ol class=\"pt-cv-carousel-indicators\"><li data-target=\"#267a0e4mfa\" data-cvslide-to=\"0\" class=\"active\"><\/li>\n<li data-target=\"#267a0e4mfa\" data-cvslide-to=\"1\" class=\"\"><\/li><\/ol>\n<div class=\"carousel-inner\"><div class=\"item active\"><div class=\"row\"><div class=\"col-md-6 pt-cv-content-item pt-cv-1-col\" ><div class=\"pt-cv-thumb-wrapper  \"><a href=\"https:\/\/blogsaverroes.juntadeandalucia.es\/iespuertadelmar\/2025\/06\/10\/nuevo-ciclo-formativo-tecnico-grado-medio-en-construccion\/\" class=\"_self pt-cv-href-thumbnail pt-cv-thumb-default\" target=\"_self\" ><img decoding=\"async\" width=\"978\" height=\"554\" src=\"https:\/\/blogsaverroes.juntadeandalucia.es\/iespuertadelmar\/files\/2025\/06\/Imagen-de-WhatsApp-2025-06-10-a-las-13.49.33_b66077ce.jpg\" class=\"pt-cv-thumbnail\" alt=\"\" \/><\/a><\/div>\n<div class=\"pt-cv-carousel-caption pt-cv-cap-w-img\"><div class=\"pt-cv-taxoterm above_title\"><a href='https:\/\/blogsaverroes.juntadeandalucia.es\/iespuertadelmar\/category\/formacion-profesional-noticias\/' title='Formaci\u00f3n Profesional Noticias' class='pt-cv-tax-formacion-profesional-noticias'>Formaci\u00f3n Profesional Noticias<\/a><a href='https:\/\/blogsaverroes.juntadeandalucia.es\/iespuertadelmar\/category\/novedades\/' title='Novedades' class='pt-cv-tax-novedades'>Novedades<\/a><\/div>\n<h4 class=\"pt-cv-title\"><a href=\"https:\/\/blogsaverroes.juntadeandalucia.es\/iespuertadelmar\/2025\/06\/10\/nuevo-ciclo-formativo-tecnico-grado-medio-en-construccion\/\" class=\"_self\" target=\"_self\" >NUEVO CICLO FORMATIVO: \u00abT\u00c9CNICO GRADO MEDIO EN CONSTRUCCI\u00d3N\u00bb<\/a><\/h4>\n<div class=\"pt-cv-content\"> ...<\/div>\n<div class=\"pt-cv-rmwrap\"><a href=\"https:\/\/blogsaverroes.juntadeandalucia.es\/iespuertadelmar\/2025\/06\/10\/nuevo-ciclo-formativo-tecnico-grado-medio-en-construccion\/\" class=\"_self pt-cv-readmore btn btn-success\" target=\"_self\" >Leer M\u00e1s<\/a><\/div>\n<div class=\"pt-cv-meta-fields\"><span class=\"entry-date\"> <time datetime=\"2025-06-10T11:52:58+00:00\">10 junio, 2025<\/time><\/span><span> \/ <\/span><span class=\"author\"> <a href=\"https:\/\/blogsaverroes.juntadeandalucia.es\/iespuertadelmar\/author\/yolanda-martinez-leon\/\" rel=\"author\">Yolanda Mart\u00ednez Le\u00f3n<\/a><\/span><\/div><\/div><\/div>\n<div class=\"col-md-6 pt-cv-content-item pt-cv-1-col\" ><div class=\"pt-cv-thumb-wrapper  \"><a href=\"https:\/\/blogsaverroes.juntadeandalucia.es\/iespuertadelmar\/2024\/12\/18\/formacion-profesional-dual-en-el-ies-puerta-del-mar-curso-2024-2025\/\" class=\"_self pt-cv-href-thumbnail pt-cv-thumb-default\" target=\"_self\" ><img decoding=\"async\" width=\"766\" height=\"1024\" src=\"https:\/\/blogsaverroes.juntadeandalucia.es\/iespuertadelmar\/files\/2024\/12\/WhatsApp-Image-2024-12-11-at-10.29.25-766x1024.jpeg\" class=\"pt-cv-thumbnail\" alt=\"\" \/><\/a><\/div>\n<div class=\"pt-cv-carousel-caption pt-cv-cap-w-img\"><div class=\"pt-cv-taxoterm above_title\"><a href='https:\/\/blogsaverroes.juntadeandalucia.es\/iespuertadelmar\/category\/formacion-profesional-noticias\/' title='Formaci\u00f3n Profesional Noticias' class='pt-cv-tax-formacion-profesional-noticias'>Formaci\u00f3n Profesional Noticias<\/a><\/div>\n<h4 class=\"pt-cv-title\"><a href=\"https:\/\/blogsaverroes.juntadeandalucia.es\/iespuertadelmar\/2024\/12\/18\/formacion-profesional-dual-en-el-ies-puerta-del-mar-curso-2024-2025\/\" class=\"_self\" target=\"_self\" >Formaci\u00f3n profesional dual en el IES Puerta del Mar curso 2024\/2025<\/a><\/h4>\n<div class=\"pt-cv-content\">La formaci\u00f3n profesional dual en nuestro IES est\u00e1 consolidada desde el a\u00f1o 2020. Este curso ya tenemos a dos de ...<\/div>\n<div class=\"pt-cv-rmwrap\"><a href=\"https:\/\/blogsaverroes.juntadeandalucia.es\/iespuertadelmar\/2024\/12\/18\/formacion-profesional-dual-en-el-ies-puerta-del-mar-curso-2024-2025\/\" class=\"_self pt-cv-readmore btn btn-success\" target=\"_self\" >Leer M\u00e1s<\/a><\/div>\n<div class=\"pt-cv-meta-fields\"><span class=\"entry-date\"> <time datetime=\"2024-12-18T08:52:50+00:00\">18 diciembre, 2024<\/time><\/span><span> \/ <\/span><span class=\"author\"> <a href=\"https:\/\/blogsaverroes.juntadeandalucia.es\/iespuertadelmar\/author\/lidia-palacios-diaz\/\" rel=\"author\">Lidia Palacios D\u00edaz<\/a><\/span><\/div><\/div><\/div><\/div><\/div>\n<div class=\"item\"><div class=\"row\"><div class=\"col-md-6 pt-cv-content-item pt-cv-1-col\" ><div class=\"pt-cv-thumb-wrapper  \"><a href=\"https:\/\/blogsaverroes.juntadeandalucia.es\/iespuertadelmar\/2024\/12\/18\/aula-ateca-en-el-ies-puerta-del-mar\/\" class=\"_self pt-cv-href-thumbnail pt-cv-thumb-default\" target=\"_self\" ><img loading=\"lazy\" decoding=\"async\" width=\"1024\" height=\"768\" src=\"https:\/\/blogsaverroes.juntadeandalucia.es\/iespuertadelmar\/files\/2024\/12\/15-1024x768.jpg\" class=\"pt-cv-thumbnail\" alt=\"\" \/><\/a><\/div>\n<div class=\"pt-cv-carousel-caption pt-cv-cap-w-img\"><div class=\"pt-cv-taxoterm above_title\"><a href='https:\/\/blogsaverroes.juntadeandalucia.es\/iespuertadelmar\/category\/formacion-profesional-noticias\/' title='Formaci\u00f3n Profesional Noticias' class='pt-cv-tax-formacion-profesional-noticias'>Formaci\u00f3n Profesional Noticias<\/a><\/div>\n<h4 class=\"pt-cv-title\"><a href=\"https:\/\/blogsaverroes.juntadeandalucia.es\/iespuertadelmar\/2024\/12\/18\/aula-ateca-en-el-ies-puerta-del-mar\/\" class=\"_self\" target=\"_self\" >Aula ATECA en el IES Puerta del Mar<\/a><\/h4>\n<div class=\"pt-cv-content\">Este curso 2024\/2025 ya tenemos en funcionamiento el aula ATECA, dotada gracias a fondos europeos. El mobiliario y la dotaci\u00f3n ...<\/div>\n<div class=\"pt-cv-rmwrap\"><a href=\"https:\/\/blogsaverroes.juntadeandalucia.es\/iespuertadelmar\/2024\/12\/18\/aula-ateca-en-el-ies-puerta-del-mar\/\" class=\"_self pt-cv-readmore btn btn-success\" target=\"_self\" >Leer M\u00e1s<\/a><\/div>\n<div class=\"pt-cv-meta-fields\"><span class=\"entry-date\"> <time datetime=\"2024-12-18T08:42:58+00:00\">18 diciembre, 2024<\/time><\/span><span> \/ <\/span><span class=\"author\"> <a href=\"https:\/\/blogsaverroes.juntadeandalucia.es\/iespuertadelmar\/author\/lidia-palacios-diaz\/\" rel=\"author\">Lidia Palacios D\u00edaz<\/a><\/span><\/div><\/div><\/div>\n<div class=\"col-md-6 pt-cv-content-item pt-cv-1-col\" ><div class=\"pt-cv-thumb-wrapper  \"><a href=\"https:\/\/blogsaverroes.juntadeandalucia.es\/iespuertadelmar\/2024\/12\/18\/mejora-de-la-conectividad-del-programa-especifico-del-ciclo-formativo-de-grado-basico\/\" class=\"_self pt-cv-href-thumbnail pt-cv-thumb-default\" target=\"_self\" ><img loading=\"lazy\" decoding=\"async\" width=\"1024\" height=\"768\" src=\"https:\/\/blogsaverroes.juntadeandalucia.es\/iespuertadelmar\/files\/2024\/12\/4-especifica-1024x768.jpeg\" class=\"pt-cv-thumbnail\" alt=\"\" \/><\/a><\/div>\n<div class=\"pt-cv-carousel-caption pt-cv-cap-w-img\"><div class=\"pt-cv-taxoterm above_title\"><a href='https:\/\/blogsaverroes.juntadeandalucia.es\/iespuertadelmar\/category\/formacion-profesional-noticias\/' title='Formaci\u00f3n Profesional Noticias' class='pt-cv-tax-formacion-profesional-noticias'>Formaci\u00f3n Profesional Noticias<\/a><\/div>\n<h4 class=\"pt-cv-title\"><a href=\"https:\/\/blogsaverroes.juntadeandalucia.es\/iespuertadelmar\/2024\/12\/18\/mejora-de-la-conectividad-del-programa-especifico-del-ciclo-formativo-de-grado-basico\/\" class=\"_self\" target=\"_self\" >Mejora de la conectividad del Programa Espec\u00edfico del Ciclo Formativo de Grado B\u00e1sico<\/a><\/h4>\n<div class=\"pt-cv-content\">Fondos Europeos para mejorar la conectividad de ciclos nuevos para curso 2024\/2025 En el IES Puerta del Mar ofertamos las ...<\/div>\n<div class=\"pt-cv-rmwrap\"><a href=\"https:\/\/blogsaverroes.juntadeandalucia.es\/iespuertadelmar\/2024\/12\/18\/mejora-de-la-conectividad-del-programa-especifico-del-ciclo-formativo-de-grado-basico\/\" class=\"_self pt-cv-readmore btn btn-success\" target=\"_self\" >Leer M\u00e1s<\/a><\/div>\n<div class=\"pt-cv-meta-fields\"><span class=\"entry-date\"> <time datetime=\"2024-12-18T08:34:25+00:00\">18 diciembre, 2024<\/time><\/span><span> \/ <\/span><span class=\"author\"> <a href=\"https:\/\/blogsaverroes.juntadeandalucia.es\/iespuertadelmar\/author\/lidia-palacios-diaz\/\" rel=\"author\">Lidia Palacios D\u00edaz<\/a><\/span><\/div><\/div><\/div><\/div><\/div><\/div>\n<a class=\"left carousel-control\" data-target=\"#267a0e4mfa\" data-cvslide=\"prev\">\r\n\t\t\t\t\t\t<span class=\"glyphicon glyphicon-chevron-left\"><\/span>\r\n\t\t\t\t\t<\/a>\r\n\t\t\t\t\t<a class=\"right carousel-control\" data-target=\"#267a0e4mfa\" data-cvslide=\"next\">\r\n\t\t\t\t\t\t<span class=\"glyphicon glyphicon-chevron-right\"><\/span>\r\n\t\t\t\t\t<\/a><\/div><\/div><\/div> <\/div> \t\t\t\t<\/div>\n\t\t\t\t<\/div>\n\t\t\t\t\t<\/div>\n\t\t<\/div>\n\t\t\t\t\t<\/div>\n\t\t<\/section>\n\t\t\t\t<\/div>\n\t\t","protected":false},"excerpt":{"rendered":"<p>Presentaci\u00f3n Criterios de evaluaci\u00f3n Recuperaci\u00f3n de pendientes Presentaci\u00f3n La inform\u00e1tica es una ciencia que se encarga del estudio y la aplicaci\u00f3n de m\u00e9todos, t\u00e9cnicas y procesos para el tratamiento autom\u00e1tico&#46;&#46;&#46;<\/p>\n","protected":false},"author":19232,"featured_media":0,"parent":0,"menu_order":0,"comment_status":"closed","ping_status":"closed","template":"","meta":{"ngg_post_thumbnail":0,"footnotes":"","_mc_calendar":[]},"aioseo_notices":[],"_links":{"self":[{"href":"https:\/\/blogsaverroes.juntadeandalucia.es\/iespuertadelmar\/wp-json\/wp\/v2\/pages\/3327"}],"collection":[{"href":"https:\/\/blogsaverroes.juntadeandalucia.es\/iespuertadelmar\/wp-json\/wp\/v2\/pages"}],"about":[{"href":"https:\/\/blogsaverroes.juntadeandalucia.es\/iespuertadelmar\/wp-json\/wp\/v2\/types\/page"}],"author":[{"embeddable":true,"href":"https:\/\/blogsaverroes.juntadeandalucia.es\/iespuertadelmar\/wp-json\/wp\/v2\/users\/19232"}],"replies":[{"embeddable":true,"href":"https:\/\/blogsaverroes.juntadeandalucia.es\/iespuertadelmar\/wp-json\/wp\/v2\/comments?post=3327"}],"version-history":[{"count":150,"href":"https:\/\/blogsaverroes.juntadeandalucia.es\/iespuertadelmar\/wp-json\/wp\/v2\/pages\/3327\/revisions"}],"predecessor-version":[{"id":5890,"href":"https:\/\/blogsaverroes.juntadeandalucia.es\/iespuertadelmar\/wp-json\/wp\/v2\/pages\/3327\/revisions\/5890"}],"wp:attachment":[{"href":"https:\/\/blogsaverroes.juntadeandalucia.es\/iespuertadelmar\/wp-json\/wp\/v2\/media?parent=3327"}],"curies":[{"name":"wp","href":"https:\/\/api.w.org\/{rel}","templated":true}]}}