{"id":4439,"date":"2024-11-20T19:45:46","date_gmt":"2024-11-20T19:45:46","guid":{"rendered":"https:\/\/blogsaverroes.juntadeandalucia.es\/iespuertadelmar\/?page_id=4439"},"modified":"2024-11-24T19:57:27","modified_gmt":"2024-11-24T19:57:27","slug":"grado-basico","status":"publish","type":"page","link":"https:\/\/blogsaverroes.juntadeandalucia.es\/iespuertadelmar\/formacion-profesional\/grado-basico\/","title":{"rendered":"Grado B\u00e1sico"},"content":{"rendered":"<p>Los <strong>Ciclos Formativos de Grado B\u00e1sico<\/strong> son una opci\u00f3n educativa dirigida a j\u00f3venes que no han completado la Educaci\u00f3n Secundaria Obligatoria (ESO) y desean obtener una cualificaci\u00f3n profesional inicial. Los Ciclos de Grado B\u00e1sico est\u00e1n dise\u00f1ados para ofrecer una formaci\u00f3n pr\u00e1ctica y adaptada, combinando competencias generales y habilidades t\u00e9cnicas en sectores espec\u00edficos como la inform\u00e1tica, administraci\u00f3n, electricidad, entre otros. Puesto que tambi\u00e9n permite obtener el t\u00edtulo de Graduado en ESO, favorece al alumnado la continuidad en sus estudios de Formaci\u00f3n Profesional de Grado Medio o la inserci\u00f3n en el mercado laboral.<\/p>\n<p>Esta formaci\u00f3n destaca por su enfoque inclusivo y pr\u00e1ctico, respondiendo a las necesidades de los estudiantes y del tejido productivo.<\/p>\n<p>En el IES Puerta del Mar se imparte el <strong>CFGB en Inform\u00e1tica y Comunicaciones<\/strong>, tanto en su modalidad ordinaria como el Programa Espec\u00edfico del mismo, este \u00faltimo est\u00e1 dirigido a alumnado procedente del Aula Espec\u00edfica.<\/p>\n","protected":false},"excerpt":{"rendered":"<p>Los Ciclos Formativos de Grado B\u00e1sico son una opci\u00f3n educativa dirigida a j\u00f3venes que no han completado la Educaci\u00f3n Secundaria Obligatoria (ESO) y desean obtener una cualificaci\u00f3n profesional inicial. Los&#46;&#46;&#46;<\/p>\n","protected":false},"author":19232,"featured_media":0,"parent":4317,"menu_order":0,"comment_status":"closed","ping_status":"closed","template":"","meta":{"ngg_post_thumbnail":0,"footnotes":"","_mc_calendar":[]},"aioseo_notices":[],"_links":{"self":[{"href":"https:\/\/blogsaverroes.juntadeandalucia.es\/iespuertadelmar\/wp-json\/wp\/v2\/pages\/4439"}],"collection":[{"href":"https:\/\/blogsaverroes.juntadeandalucia.es\/iespuertadelmar\/wp-json\/wp\/v2\/pages"}],"about":[{"href":"https:\/\/blogsaverroes.juntadeandalucia.es\/iespuertadelmar\/wp-json\/wp\/v2\/types\/page"}],"author":[{"embeddable":true,"href":"https:\/\/blogsaverroes.juntadeandalucia.es\/iespuertadelmar\/wp-json\/wp\/v2\/users\/19232"}],"replies":[{"embeddable":true,"href":"https:\/\/blogsaverroes.juntadeandalucia.es\/iespuertadelmar\/wp-json\/wp\/v2\/comments?post=4439"}],"version-history":[{"count":5,"href":"https:\/\/blogsaverroes.juntadeandalucia.es\/iespuertadelmar\/wp-json\/wp\/v2\/pages\/4439\/revisions"}],"predecessor-version":[{"id":4885,"href":"https:\/\/blogsaverroes.juntadeandalucia.es\/iespuertadelmar\/wp-json\/wp\/v2\/pages\/4439\/revisions\/4885"}],"up":[{"embeddable":true,"href":"https:\/\/blogsaverroes.juntadeandalucia.es\/iespuertadelmar\/wp-json\/wp\/v2\/pages\/4317"}],"wp:attachment":[{"href":"https:\/\/blogsaverroes.juntadeandalucia.es\/iespuertadelmar\/wp-json\/wp\/v2\/media?parent=4439"}],"curies":[{"name":"wp","href":"https:\/\/api.w.org\/{rel}","templated":true}]}}