{"id":4441,"date":"2024-11-20T19:46:38","date_gmt":"2024-11-20T19:46:38","guid":{"rendered":"https:\/\/blogsaverroes.juntadeandalucia.es\/iespuertadelmar\/?page_id=4441"},"modified":"2026-01-14T17:51:53","modified_gmt":"2026-01-14T17:51:53","slug":"informatica-y-comunicaciones","status":"publish","type":"page","link":"https:\/\/blogsaverroes.juntadeandalucia.es\/iespuertadelmar\/formacion-profesional\/grado-basico\/informatica-y-comunicaciones\/","title":{"rendered":"Inform\u00e1tica y Comunicaciones"},"content":{"rendered":"\t\t<div data-elementor-type=\"wp-page\" data-elementor-id=\"4441\" class=\"elementor elementor-4441\">\n\t\t\t\t\t\t<section class=\"elementor-section elementor-top-section elementor-element elementor-element-7a51955 elementor-section-boxed elementor-section-height-default elementor-section-height-default\" data-id=\"7a51955\" data-element_type=\"section\">\n\t\t\t\t\t\t<div class=\"elementor-container elementor-column-gap-default\">\n\t\t\t\t\t<div class=\"elementor-column elementor-col-100 elementor-top-column elementor-element elementor-element-b8397eb\" data-id=\"b8397eb\" data-element_type=\"column\">\n\t\t\t<div class=\"elementor-widget-wrap elementor-element-populated\">\n\t\t\t\t\t\t<div class=\"elementor-element elementor-element-1cdbd2b elementor-tabs-view-horizontal elementor-widget elementor-widget-tabs\" data-id=\"1cdbd2b\" data-element_type=\"widget\" data-widget_type=\"tabs.default\">\n\t\t\t\t<div class=\"elementor-widget-container\">\n\t\t\t\t\t\t\t<div class=\"elementor-tabs\">\n\t\t\t<div class=\"elementor-tabs-wrapper\" role=\"tablist\" >\n\t\t\t\t\t\t\t\t\t<div id=\"elementor-tab-title-3021\" class=\"elementor-tab-title elementor-tab-desktop-title\" aria-selected=\"true\" data-tab=\"1\" role=\"tab\" tabindex=\"0\" aria-controls=\"elementor-tab-content-3021\" aria-expanded=\"false\">Presentaci\u00f3n<\/div>\n\t\t\t\t\t\t\t\t\t<div id=\"elementor-tab-title-3022\" class=\"elementor-tab-title elementor-tab-desktop-title\" aria-selected=\"false\" data-tab=\"2\" role=\"tab\" tabindex=\"-1\" aria-controls=\"elementor-tab-content-3022\" aria-expanded=\"false\">Equipo Docente<\/div>\n\t\t\t\t\t\t\t\t\t<div id=\"elementor-tab-title-3023\" class=\"elementor-tab-title elementor-tab-desktop-title\" aria-selected=\"false\" data-tab=\"3\" role=\"tab\" tabindex=\"-1\" aria-controls=\"elementor-tab-content-3023\" aria-expanded=\"false\">Criterios de Evaluaci\u00f3n<\/div>\n\t\t\t\t\t\t\t<\/div>\n\t\t\t<div class=\"elementor-tabs-content-wrapper\" role=\"tablist\" aria-orientation=\"vertical\">\n\t\t\t\t\t\t\t\t\t<div class=\"elementor-tab-title elementor-tab-mobile-title\" aria-selected=\"true\" data-tab=\"1\" role=\"tab\" tabindex=\"0\" aria-controls=\"elementor-tab-content-3021\" aria-expanded=\"false\">Presentaci\u00f3n<\/div>\n\t\t\t\t\t<div id=\"elementor-tab-content-3021\" class=\"elementor-tab-content elementor-clearfix\" data-tab=\"1\" role=\"tabpanel\" aria-labelledby=\"elementor-tab-title-3021\" tabindex=\"0\" hidden=\"false\"><p>El&nbsp;<strong>Ciclo Formativo de Grado B\u00e1sico en Inform\u00e1tica y Comunicaciones<\/strong> est\u00e1 dirigido a aquellos alumnos\/as que desean iniciarse en el mundo tecnol\u00f3gico desde una base pr\u00e1ctica y accesible. Este ciclo formativo ofrece una formaci\u00f3n inicial en herramientas digitales, sistemas inform\u00e1ticos y redes de comunicaci\u00f3n, prepar\u00e1ndolos para tareas esenciales en entornos tecnol\u00f3gicos.<\/p>\n<p>Los <b>requisitos<\/b> para que un alumno pueda acceder a un Ciclo Formativo de Grado B\u00e1sico son:<\/p>\n<ul>\n<li>Tener 15 a\u00f1os (o cumplirlos en el a\u00f1o natural en el que se solicita el CFGB).<\/li>\n<li>Haber cursado 3\u00ba ESO (o excepcionalmente 2\u00ba).<\/li>\n<li>Tener una propuesta orientadora del centro.<\/li>\n<\/ul>\n<p>Adem\u00e1s de adquirir competencias t\u00e9cnicas, como la instalaci\u00f3n de software y el mantenimiento de equipos, el alumnado desarrolla habilidades clave para adaptarse a un sector en continua evoluci\u00f3n. Este ciclo no solo facilita el acceso al mercado laboral en roles b\u00e1sicos de soporte t\u00e9cnico, sino que tambi\u00e9n abre puertas a estudios posteriores en Formaci\u00f3n Profesional de Grado Medio.<\/p>\n<p>Por tanto, se trata de una oportunidad ideal para aquellos j\u00f3venes interesados en construir una carrera en el \u00e1mbito de la inform\u00e1tica y comunicaciones.<\/p><\/div>\n\t\t\t\t\t\t\t\t\t<div class=\"elementor-tab-title elementor-tab-mobile-title\" aria-selected=\"false\" data-tab=\"2\" role=\"tab\" tabindex=\"-1\" aria-controls=\"elementor-tab-content-3022\" aria-expanded=\"false\">Equipo Docente<\/div>\n\t\t\t\t\t<div id=\"elementor-tab-content-3022\" class=\"elementor-tab-content elementor-clearfix\" data-tab=\"2\" role=\"tabpanel\" aria-labelledby=\"elementor-tab-title-3022\" tabindex=\"0\" hidden=\"hidden\"><table class=\" alignleft aligncenter\"><tbody><tr><td><h5><strong>Primer Curso<\/strong><\/h5><\/td><td><h5><strong>Materias Impartidas<\/strong><\/h5><\/td><\/tr><tr><td>Juan David Ram\u00edrez<\/td><td>Operaciones Auxiliares para la Configuraci\u00f3n y la Explotaci\u00f3n<\/td><\/tr><tr><td>Lidia Palacios \/ Juan David Ram\u00edrez<\/td><td>Montaje y Mantenimiento de Sistemas y Componentes Inform\u00e1ticos<\/td><\/tr><tr><td>Jorge Ruiz<\/td><td>Itinerario Personal<\/td><\/tr><tr><td>Santiago Moyano<\/td><td>\u00c1mbito de Ciencias Aplicadas I<\/td><\/tr><tr><td>Manuel Mesa<\/td><td>\u00c1mbito de Comunicaci\u00f3n y Ciencias Sociales I<\/td><\/tr><tr><td>Sheila S\u00e1nchez<\/td><td>Ingl\u00e9s<\/td><\/tr><tr><td><h5><strong>Segundo Curso<\/strong><\/h5><\/td><td><h5><strong>Materias Impartidas<\/strong><\/h5><\/td><\/tr><tr><td>Carmen M\u00aa Garc\u00eda \/ Esmeralda Carmona<\/td><td>Equipos El\u00e9ctricos y Electr\u00f3nicos<\/td><\/tr><tr><td>Lidia Palacios<\/td><td>Instalaci\u00f3n y Mantenimiento de Redes para Transmisi\u00f3n de Datos<\/td><\/tr><tr><td>Ana Enr\u00edquez<\/td><td>\u00c1mbito de Ciencias Aplicadas II<\/td><\/tr><tr><td>Jos\u00e9 Cano<\/td><td>\u00c1mbito de Comunicaci\u00f3n y Ciencias Sociales II<\/td><\/tr><tr><td>M\u00aa Jos\u00e9 Guerrero<\/td><td>Ingl\u00e9s<\/td><\/tr><\/tbody><\/table><\/div>\n\t\t\t\t\t\t\t\t\t<div class=\"elementor-tab-title elementor-tab-mobile-title\" aria-selected=\"false\" data-tab=\"3\" role=\"tab\" tabindex=\"-1\" aria-controls=\"elementor-tab-content-3023\" aria-expanded=\"false\">Criterios de Evaluaci\u00f3n<\/div>\n\t\t\t\t\t<div id=\"elementor-tab-content-3023\" class=\"elementor-tab-content elementor-clearfix\" data-tab=\"3\" role=\"tabpanel\" aria-labelledby=\"elementor-tab-title-3023\" tabindex=\"0\" hidden=\"hidden\"><p><b>Primer Curso:<\/b><\/p>\n<ul>\n<li><a href=\"https:\/\/blogsaverroes.juntadeandalucia.es\/iespuertadelmar\/files\/2024\/11\/Operaciones-Auxiliares-para-la-Configuracion-y-la-Explotacion.pdf\">Operaciones Auxiliares para la Configuraci\u00f3n y la Explotaci\u00f3n<\/a><\/li>\n<li><a href=\"https:\/\/blogsaverroes.juntadeandalucia.es\/iespuertadelmar\/files\/2024\/12\/Criterios-de-evaluacion-de-Montaje-curso-2024_2025.docx.pdf\">Montaje y Mantenimiento de Sistemas y Componentes Inform\u00e1ticos<\/a><\/li>\n<li><a href=\"https:\/\/blogsaverroes.juntadeandalucia.es\/iespuertadelmar\/files\/2024\/10\/CRITERIOS-DE-EVALUACION-DEL-AMBITO-CIENCIAS-APLICADAS-I-1o-CFGB.pdf\">\u00c1mbito de Ciencias Aplicadas I<\/a><\/li>\n<li><a href=\"https:\/\/blogsaverroes.juntadeandalucia.es\/iespuertadelmar\/files\/2026\/01\/COMUNICACION-Y-SOCIEDAD-I-1.pdf\">\u00c1mbito de Comunicaci\u00f3n y Ciencias Sociales I<\/a><\/li>\n<li><a href=\"https:\/\/blogsaverroes.juntadeandalucia.es\/iespuertadelmar\/files\/2026\/01\/RA-y-CE-IPE-I.pdf\">Itinerario Personal<\/a><\/li>\n<\/ul>\n<div>\n<p><b>Segundo Curso:<\/b><\/p>\n<ul style=\"font-style: normal;font-weight: 400;font-size: 18px;font-family: Roboto, sans-serif\">\n<li><a href=\"https:\/\/blogsaverroes.juntadeandalucia.es\/iespuertadelmar\/files\/2024\/12\/Criterios-de-Evaluacion_2FPB_Equipos-electricos-y-electronicos_2024-2025.pdf\">Equipos El\u00e9ctricos y Electr\u00f3nicos<\/a><\/li>\n<li><a href=\"https:\/\/blogsaverroes.juntadeandalucia.es\/iespuertadelmar\/files\/2024\/12\/Criterios-de-evaluacion-Instalacion-y-Mantenimiento-de-redes-2024_2025.docx.pdf\">Instalaci\u00f3n y Mantenimiento de Redes de Datos y su Transmisi\u00f3n<\/a><\/li>\n<li><a href=\"https:\/\/blogsaverroes.juntadeandalucia.es\/iespuertadelmar\/wp-includes\/images\/media\/document.png\">\u00c1mbito de Ciencias Aplicadas II<\/a><\/li>\n<li><a href=\"https:\/\/blogsaverroes.juntadeandalucia.es\/iespuertadelmar\/files\/2026\/01\/COMUNICACION-Y-SOCIEDAD-II-2.pdf\">\u00c1mbito de Comunicaci\u00f3n y Ciencias Sociales II<\/a><\/li>\n<li><a href=\"https:\/\/blogsaverroes.juntadeandalucia.es\/iespuertadelmar\/files\/2026\/01\/MODULO_-PROYECTO-INTERMODULAR-DE-APRENDIZAJE-COOPERATIVO.pdf\">Proyecto Intermodular de Aprendizaje Cooperativ<\/a><\/li>\n<\/ul>\n<\/div><\/div>\n\t\t\t\t\t\t\t<\/div>\n\t\t<\/div>\n\t\t\t\t\t\t<\/div>\n\t\t\t\t<\/div>\n\t\t\t\t\t<\/div>\n\t\t<\/div>\n\t\t\t\t\t<\/div>\n\t\t<\/section>\n\t\t\t\t<\/div>\n\t\t","protected":false},"excerpt":{"rendered":"<p>Presentaci\u00f3n Equipo Docente Criterios de Evaluaci\u00f3n Presentaci\u00f3n El&nbsp;Ciclo Formativo de Grado B\u00e1sico en Inform\u00e1tica y Comunicaciones est\u00e1 dirigido a aquellos alumnos\/as que desean iniciarse en el mundo tecnol\u00f3gico desde una&#46;&#46;&#46;<\/p>\n","protected":false},"author":19232,"featured_media":0,"parent":4439,"menu_order":0,"comment_status":"closed","ping_status":"closed","template":"","meta":{"ngg_post_thumbnail":0,"footnotes":"","_mc_calendar":[]},"aioseo_notices":[],"_links":{"self":[{"href":"https:\/\/blogsaverroes.juntadeandalucia.es\/iespuertadelmar\/wp-json\/wp\/v2\/pages\/4441"}],"collection":[{"href":"https:\/\/blogsaverroes.juntadeandalucia.es\/iespuertadelmar\/wp-json\/wp\/v2\/pages"}],"about":[{"href":"https:\/\/blogsaverroes.juntadeandalucia.es\/iespuertadelmar\/wp-json\/wp\/v2\/types\/page"}],"author":[{"embeddable":true,"href":"https:\/\/blogsaverroes.juntadeandalucia.es\/iespuertadelmar\/wp-json\/wp\/v2\/users\/19232"}],"replies":[{"embeddable":true,"href":"https:\/\/blogsaverroes.juntadeandalucia.es\/iespuertadelmar\/wp-json\/wp\/v2\/comments?post=4441"}],"version-history":[{"count":109,"href":"https:\/\/blogsaverroes.juntadeandalucia.es\/iespuertadelmar\/wp-json\/wp\/v2\/pages\/4441\/revisions"}],"predecessor-version":[{"id":6296,"href":"https:\/\/blogsaverroes.juntadeandalucia.es\/iespuertadelmar\/wp-json\/wp\/v2\/pages\/4441\/revisions\/6296"}],"up":[{"embeddable":true,"href":"https:\/\/blogsaverroes.juntadeandalucia.es\/iespuertadelmar\/wp-json\/wp\/v2\/pages\/4439"}],"wp:attachment":[{"href":"https:\/\/blogsaverroes.juntadeandalucia.es\/iespuertadelmar\/wp-json\/wp\/v2\/media?parent=4441"}],"curies":[{"name":"wp","href":"https:\/\/api.w.org\/{rel}","templated":true}]}}