{"id":6028,"date":"2025-11-20T11:02:51","date_gmt":"2025-11-20T11:02:51","guid":{"rendered":"https:\/\/blogsaverroes.juntadeandalucia.es\/iespuertadelmar\/?page_id=6028"},"modified":"2025-12-18T08:10:38","modified_gmt":"2025-12-18T08:10:38","slug":"tecnico-en-construccion","status":"publish","type":"page","link":"https:\/\/blogsaverroes.juntadeandalucia.es\/iespuertadelmar\/formacion-profesional\/grado-medio\/tecnico-en-construccion\/","title":{"rendered":"T\u00e9cnico en Construcci\u00f3n"},"content":{"rendered":"\t\t<div data-elementor-type=\"wp-page\" data-elementor-id=\"6028\" class=\"elementor elementor-6028\">\n\t\t\t\t\t\t<section class=\"elementor-section elementor-top-section elementor-element elementor-element-71cb7d4 elementor-section-boxed elementor-section-height-default elementor-section-height-default\" data-id=\"71cb7d4\" data-element_type=\"section\">\n\t\t\t\t\t\t<div class=\"elementor-container elementor-column-gap-default\">\n\t\t\t\t\t<div class=\"elementor-column elementor-col-100 elementor-top-column elementor-element elementor-element-b9e945c\" data-id=\"b9e945c\" data-element_type=\"column\">\n\t\t\t<div class=\"elementor-widget-wrap elementor-element-populated\">\n\t\t\t\t\t\t<div class=\"elementor-element elementor-element-17e1ec9 elementor-tabs-view-horizontal elementor-widget elementor-widget-tabs\" data-id=\"17e1ec9\" data-element_type=\"widget\" data-widget_type=\"tabs.default\">\n\t\t\t\t<div class=\"elementor-widget-container\">\n\t\t\t\t\t\t\t<div class=\"elementor-tabs\">\n\t\t\t<div class=\"elementor-tabs-wrapper\" role=\"tablist\" >\n\t\t\t\t\t\t\t\t\t<div id=\"elementor-tab-title-2501\" class=\"elementor-tab-title elementor-tab-desktop-title\" aria-selected=\"true\" data-tab=\"1\" role=\"tab\" tabindex=\"0\" aria-controls=\"elementor-tab-content-2501\" aria-expanded=\"false\">Presentaci\u00f3n<\/div>\n\t\t\t\t\t\t\t\t\t<div id=\"elementor-tab-title-2502\" class=\"elementor-tab-title elementor-tab-desktop-title\" aria-selected=\"false\" data-tab=\"2\" role=\"tab\" tabindex=\"-1\" aria-controls=\"elementor-tab-content-2502\" aria-expanded=\"false\">Criterios de Evaluaci\u00f3n<\/div>\n\t\t\t\t\t\t\t<\/div>\n\t\t\t<div class=\"elementor-tabs-content-wrapper\" role=\"tablist\" aria-orientation=\"vertical\">\n\t\t\t\t\t\t\t\t\t<div class=\"elementor-tab-title elementor-tab-mobile-title\" aria-selected=\"true\" data-tab=\"1\" role=\"tab\" tabindex=\"0\" aria-controls=\"elementor-tab-content-2501\" aria-expanded=\"false\">Presentaci\u00f3n<\/div>\n\t\t\t\t\t<div id=\"elementor-tab-content-2501\" class=\"elementor-tab-content elementor-clearfix\" data-tab=\"1\" role=\"tabpanel\" aria-labelledby=\"elementor-tab-title-2501\" tabindex=\"0\" hidden=\"false\"><p><span style=\"font-family: fkGroteskNeue, ui-sans-serif, system-ui, -apple-system, BlinkMacSystemFont, 'Segoe UI', Roboto, 'Helvetica Neue', Arial, 'Noto Sans', sans-serif, 'Apple Color Emoji', 'Segoe UI Emoji', 'Segoe UI Symbol', 'Noto Color Emoji', 'Hiragino Sans', 'PingFang SC', 'Apple SD Gothic Neo', 'Yu Gothic', 'Microsoft YaHei', 'Microsoft JhengHei', Meiryo;font-size: 16px;font-style: normal;font-weight: 400;letter-spacing: 0.08px\">El ciclo formativo de\u00a0<\/span><span style=\"border-style: solid;--tw-border-spacing-x: 0;--tw-border-spacing-y: 0;--tw-translate-x: 0;--tw-translate-y: 0;--tw-rotate: 0;--tw-skew-x: 0;--tw-skew-y: 0;--tw-scale-x: 1;--tw-scale-y: 1;--tw-scroll-snap-strictness: proximity;--tw-ring-offset-width: 0px;--tw-ring-offset-color: #fff;--tw-ring-offset-shadow: 0 0 #0000;--tw-ring-shadow: 0 0 #0000;--tw-shadow: 0 0 #0000;--tw-shadow-colored: 0 0 #0000;font-weight: 500;font-family: fkGroteskNeue, ui-sans-serif, system-ui, -apple-system, BlinkMacSystemFont, 'Segoe UI', Roboto, 'Helvetica Neue', Arial, 'Noto Sans', sans-serif, 'Apple Color Emoji', 'Segoe UI Emoji', 'Segoe UI Symbol', 'Noto Color Emoji', 'Hiragino Sans', 'PingFang SC', 'Apple SD Gothic Neo', 'Yu Gothic', 'Microsoft YaHei', 'Microsoft JhengHei', Meiryo;font-size: 16px;font-style: normal;letter-spacing: 0.08px\">T\u00e9cnico en Construcci\u00f3n<\/span><span style=\"font-family: fkGroteskNeue, ui-sans-serif, system-ui, -apple-system, BlinkMacSystemFont, 'Segoe UI', Roboto, 'Helvetica Neue', Arial, 'Noto Sans', sans-serif, 'Apple Color Emoji', 'Segoe UI Emoji', 'Segoe UI Symbol', 'Noto Color Emoji', 'Hiragino Sans', 'PingFang SC', 'Apple SD Gothic Neo', 'Yu Gothic', 'Microsoft YaHei', 'Microsoft JhengHei', Meiryo;font-size: 16px;font-style: normal;font-weight: 400;letter-spacing: 0.08px\">\u00a0ofrece una formaci\u00f3n eminentemente pr\u00e1ctica, enfocada en el aprendizaje a trav\u00e9s de la acci\u00f3n. Los alumnos participar\u00e1n en actividades de obra real, donde aplicar\u00e1n los conocimientos t\u00e9cnicos adquiridos y desarrollar\u00e1n habilidades esenciales en la planificaci\u00f3n, ejecuci\u00f3n y control de proyectos constructivos. Este enfoque les permitir\u00e1 entender de primera mano los procesos y la din\u00e1mica del trabajo en obras. La formaci\u00f3n culmina con una estancia en empresas del sector de la zona, donde pondr\u00e1n en pr\u00e1ctica su aprendizaje en un entorno profesional, completando as\u00ed una capacitaci\u00f3n integral y orientada al empleo.<\/span><\/p><\/div>\n\t\t\t\t\t\t\t\t\t<div class=\"elementor-tab-title elementor-tab-mobile-title\" aria-selected=\"false\" data-tab=\"2\" role=\"tab\" tabindex=\"-1\" aria-controls=\"elementor-tab-content-2502\" aria-expanded=\"false\">Criterios de Evaluaci\u00f3n<\/div>\n\t\t\t\t\t<div id=\"elementor-tab-content-2502\" class=\"elementor-tab-content elementor-clearfix\" data-tab=\"2\" role=\"tabpanel\" aria-labelledby=\"elementor-tab-title-2502\" tabindex=\"0\" hidden=\"hidden\"><p><a href=\"https:\/\/todofp.es\/dam\/jcr:38348c02-2064-45fe-ab15-25f6ca238f28\/and-gm-tecnico-construccion.pdf\" target=\"_blank\" rel=\"noopener\">Criterios de evaluaci\u00f3n y contenidos asociados<\/a><\/p><\/div>\n\t\t\t\t\t\t\t<\/div>\n\t\t<\/div>\n\t\t\t\t\t\t<\/div>\n\t\t\t\t<\/div>\n\t\t\t\t\t<\/div>\n\t\t<\/div>\n\t\t\t\t\t<\/div>\n\t\t<\/section>\n\t\t\t\t<section class=\"elementor-section elementor-top-section elementor-element elementor-element-5780c9a elementor-section-boxed elementor-section-height-default elementor-section-height-default\" data-id=\"5780c9a\" data-element_type=\"section\">\n\t\t\t\t\t\t<div class=\"elementor-container elementor-column-gap-default\">\n\t\t\t\t\t<div class=\"elementor-column elementor-col-50 elementor-top-column elementor-element elementor-element-1130d56\" data-id=\"1130d56\" data-element_type=\"column\">\n\t\t\t<div class=\"elementor-widget-wrap elementor-element-populated\">\n\t\t\t\t\t\t<div class=\"elementor-element elementor-element-2592da4 elementor-widget elementor-widget-image\" data-id=\"2592da4\" data-element_type=\"widget\" data-widget_type=\"image.default\">\n\t\t\t\t<div class=\"elementor-widget-container\">\n\t\t\t\t\t\t\t\t\t\t\t\t\t\t\t<img fetchpriority=\"high\" decoding=\"async\" width=\"1024\" height=\"768\" src=\"https:\/\/blogsaverroes.juntadeandalucia.es\/iespuertadelmar\/files\/2025\/12\/WhatsApp-Image-2025-12-17-at-10.38.55-1024x768.jpeg\" class=\"attachment-large size-large wp-image-6123\" alt=\"\" srcset=\"https:\/\/blogsaverroes.juntadeandalucia.es\/iespuertadelmar\/files\/2025\/12\/WhatsApp-Image-2025-12-17-at-10.38.55-1024x768.jpeg 1024w, https:\/\/blogsaverroes.juntadeandalucia.es\/iespuertadelmar\/files\/2025\/12\/WhatsApp-Image-2025-12-17-at-10.38.55-300x225.jpeg 300w, https:\/\/blogsaverroes.juntadeandalucia.es\/iespuertadelmar\/files\/2025\/12\/WhatsApp-Image-2025-12-17-at-10.38.55-768x576.jpeg 768w, https:\/\/blogsaverroes.juntadeandalucia.es\/iespuertadelmar\/files\/2025\/12\/WhatsApp-Image-2025-12-17-at-10.38.55-1536x1152.jpeg 1536w, https:\/\/blogsaverroes.juntadeandalucia.es\/iespuertadelmar\/files\/2025\/12\/WhatsApp-Image-2025-12-17-at-10.38.55.jpeg 1600w\" sizes=\"(max-width: 1024px) 100vw, 1024px\" \/>\t\t\t\t\t\t\t\t\t\t\t\t\t\t\t<\/div>\n\t\t\t\t<\/div>\n\t\t\t\t\t<\/div>\n\t\t<\/div>\n\t\t\t\t<div class=\"elementor-column elementor-col-50 elementor-top-column elementor-element elementor-element-cd36ede\" data-id=\"cd36ede\" data-element_type=\"column\">\n\t\t\t<div class=\"elementor-widget-wrap elementor-element-populated\">\n\t\t\t\t\t\t<div class=\"elementor-element elementor-element-dc64f80 elementor-widget elementor-widget-image\" data-id=\"dc64f80\" data-element_type=\"widget\" data-widget_type=\"image.default\">\n\t\t\t\t<div class=\"elementor-widget-container\">\n\t\t\t\t\t\t\t\t\t\t\t\t\t\t\t<img decoding=\"async\" width=\"1024\" height=\"768\" src=\"https:\/\/blogsaverroes.juntadeandalucia.es\/iespuertadelmar\/files\/2025\/12\/WhatsApp-Image-2025-12-17-at-10.38.56-1024x768.jpeg\" class=\"attachment-large size-large wp-image-6124\" alt=\"\" srcset=\"https:\/\/blogsaverroes.juntadeandalucia.es\/iespuertadelmar\/files\/2025\/12\/WhatsApp-Image-2025-12-17-at-10.38.56-1024x768.jpeg 1024w, https:\/\/blogsaverroes.juntadeandalucia.es\/iespuertadelmar\/files\/2025\/12\/WhatsApp-Image-2025-12-17-at-10.38.56-300x225.jpeg 300w, https:\/\/blogsaverroes.juntadeandalucia.es\/iespuertadelmar\/files\/2025\/12\/WhatsApp-Image-2025-12-17-at-10.38.56-768x576.jpeg 768w, https:\/\/blogsaverroes.juntadeandalucia.es\/iespuertadelmar\/files\/2025\/12\/WhatsApp-Image-2025-12-17-at-10.38.56-1536x1152.jpeg 1536w, https:\/\/blogsaverroes.juntadeandalucia.es\/iespuertadelmar\/files\/2025\/12\/WhatsApp-Image-2025-12-17-at-10.38.56.jpeg 1600w\" sizes=\"(max-width: 1024px) 100vw, 1024px\" \/>\t\t\t\t\t\t\t\t\t\t\t\t\t\t\t<\/div>\n\t\t\t\t<\/div>\n\t\t\t\t\t<\/div>\n\t\t<\/div>\n\t\t\t\t\t<\/div>\n\t\t<\/section>\n\t\t\t\t<\/div>\n\t\t","protected":false},"excerpt":{"rendered":"<p>Presentaci\u00f3n Criterios de Evaluaci\u00f3n Presentaci\u00f3n El ciclo formativo de\u00a0T\u00e9cnico en Construcci\u00f3n\u00a0ofrece una formaci\u00f3n eminentemente pr\u00e1ctica, enfocada en el aprendizaje a trav\u00e9s de la acci\u00f3n. Los alumnos participar\u00e1n en actividades de&#46;&#46;&#46;<\/p>\n","protected":false},"author":19053,"featured_media":0,"parent":6025,"menu_order":0,"comment_status":"closed","ping_status":"closed","template":"","meta":{"ngg_post_thumbnail":0,"footnotes":"","_mc_calendar":[]},"aioseo_notices":[],"_links":{"self":[{"href":"https:\/\/blogsaverroes.juntadeandalucia.es\/iespuertadelmar\/wp-json\/wp\/v2\/pages\/6028"}],"collection":[{"href":"https:\/\/blogsaverroes.juntadeandalucia.es\/iespuertadelmar\/wp-json\/wp\/v2\/pages"}],"about":[{"href":"https:\/\/blogsaverroes.juntadeandalucia.es\/iespuertadelmar\/wp-json\/wp\/v2\/types\/page"}],"author":[{"embeddable":true,"href":"https:\/\/blogsaverroes.juntadeandalucia.es\/iespuertadelmar\/wp-json\/wp\/v2\/users\/19053"}],"replies":[{"embeddable":true,"href":"https:\/\/blogsaverroes.juntadeandalucia.es\/iespuertadelmar\/wp-json\/wp\/v2\/comments?post=6028"}],"version-history":[{"count":14,"href":"https:\/\/blogsaverroes.juntadeandalucia.es\/iespuertadelmar\/wp-json\/wp\/v2\/pages\/6028\/revisions"}],"predecessor-version":[{"id":6320,"href":"https:\/\/blogsaverroes.juntadeandalucia.es\/iespuertadelmar\/wp-json\/wp\/v2\/pages\/6028\/revisions\/6320"}],"up":[{"embeddable":true,"href":"https:\/\/blogsaverroes.juntadeandalucia.es\/iespuertadelmar\/wp-json\/wp\/v2\/pages\/6025"}],"wp:attachment":[{"href":"https:\/\/blogsaverroes.juntadeandalucia.es\/iespuertadelmar\/wp-json\/wp\/v2\/media?parent=6028"}],"curies":[{"name":"wp","href":"https:\/\/api.w.org\/{rel}","templated":true}]}}