{"id":77,"date":"2015-03-16T06:54:56","date_gmt":"2015-03-16T06:54:56","guid":{"rendered":"http:\/\/blogsaverroes.juntadeandalucia.es\/pre\/ceip\/?page_id=77"},"modified":"2024-10-14T10:48:30","modified_gmt":"2024-10-14T10:48:30","slug":"secretaria","status":"publish","type":"page","link":"https:\/\/blogsaverroes.juntadeandalucia.es\/iespuertadelmar\/secretaria\/","title":{"rendered":"Secretar\u00eda"},"content":{"rendered":"\t\t<div data-elementor-type=\"wp-page\" data-elementor-id=\"77\" class=\"elementor elementor-77\">\n\t\t\t\t\t\t<section class=\"elementor-section elementor-top-section elementor-element elementor-element-31c6c137 elementor-section-boxed elementor-section-height-default elementor-section-height-default\" data-id=\"31c6c137\" data-element_type=\"section\">\n\t\t\t\t\t\t<div class=\"elementor-container elementor-column-gap-default\">\n\t\t\t\t\t<div class=\"elementor-column elementor-col-100 elementor-top-column elementor-element elementor-element-73efceb7\" data-id=\"73efceb7\" data-element_type=\"column\">\n\t\t\t<div class=\"elementor-widget-wrap elementor-element-populated\">\n\t\t\t\t\t\t<div class=\"elementor-element elementor-element-1d1ad7b0 elementor-widget elementor-widget-text-editor\" data-id=\"1d1ad7b0\" data-element_type=\"widget\" data-widget_type=\"text-editor.default\">\n\t\t\t\t<div class=\"elementor-widget-container\">\n\t\t\t\t\t\t\t\t\tLa <strong>Secretar\u00eda<\/strong> desarrolla muchas funciones importantes en la vida de un centro, especialmente en la relaci\u00f3n que mantiene con las familias en los diferentes tr\u00e1mites administrativos a lo largo de la escolarizaci\u00f3n: admisi\u00f3n, matr\u00edcula, comedor escolar, becas, etc.\r\n\r\nEs por esto que la Web, como puerta de entrada y canal de informaci\u00f3n a la comunidad educativa, deber\u00eda informar sobre el horario de la secretar\u00eda, tr\u00e1mites a realizar, plazos, documentaci\u00f3n, etc., con el objetivo de conseguir una mayor <strong>transparencia, agilidad y eficiencia<\/strong>\r\n\r\n&nbsp;\t\t\t\t\t\t\t\t<\/div>\n\t\t\t\t<\/div>\n\t\t\t\t\t<\/div>\n\t\t<\/div>\n\t\t\t\t\t<\/div>\n\t\t<\/section>\n\t\t\t\t<section class=\"elementor-section elementor-top-section elementor-element elementor-element-4237fb3 elementor-section-boxed elementor-section-height-default elementor-section-height-default\" data-id=\"4237fb3\" data-element_type=\"section\">\n\t\t\t\t\t\t<div class=\"elementor-container elementor-column-gap-default\">\n\t\t\t\t\t<div class=\"elementor-column elementor-col-100 elementor-top-column elementor-element elementor-element-f9a944c\" data-id=\"f9a944c\" data-element_type=\"column\">\n\t\t\t<div class=\"elementor-widget-wrap elementor-element-populated\">\n\t\t\t\t\t\t<div class=\"elementor-element elementor-element-bf92aed elementor-widget elementor-widget-wp-widget-alxposts\" data-id=\"bf92aed\" data-element_type=\"widget\" data-widget_type=\"wp-widget-alxposts.default\">\n\t\t\t\t<div class=\"elementor-widget-container\">\n\t\t\t\t\t\n<h5><\/h5>\r\n\t\r\n\t<ul class=\"alx-posts group thumbs-enabled\">\r\n    \t\t\t\t<li>\r\n\r\n\t\t\t\t\t\t<div class=\"post-item-thumbnail\">\r\n\t\t\t\t<a href=\"https:\/\/blogsaverroes.juntadeandalucia.es\/iespuertadelmar\/2024\/02\/20\/transito-educativo\/\">\r\n\t\t\t\t\t<img fetchpriority=\"high\" decoding=\"async\" width=\"520\" height=\"245\" src=\"https:\/\/blogsaverroes.juntadeandalucia.es\/iespuertadelmar\/files\/2024\/02\/20240219_132857-520x245.jpg\" class=\"attachment-thumb-medium size-thumb-medium wp-post-image\" alt=\"\" \/>\t\t\t\t\t\t\t\t\t\t\t\t\t\t\t\t\t\t\t<\/a>\r\n\t\t\t<\/div>\r\n\t\t\t\r\n\t\t\t<div class=\"post-item-inner group\">\r\n\t\t\t\t\t\t\t\t<p class=\"post-item-title\"><a href=\"https:\/\/blogsaverroes.juntadeandalucia.es\/iespuertadelmar\/2024\/02\/20\/transito-educativo\/\" rel=\"bookmark\">TR\u00c1NSITO EDUCATIVO<\/a><\/p>\r\n\t\t\t\t<p class=\"post-item-date\">20 febrero, 2024<\/p>\t\t\t<\/div>\r\n\r\n\t\t<\/li>\r\n\t\t\t\t    \t<\/ul><!--\/.alx-posts-->\r\n\r\n\n\t\t\t\t<\/div>\n\t\t\t\t<\/div>\n\t\t\t\t\t<\/div>\n\t\t<\/div>\n\t\t\t\t\t<\/div>\n\t\t<\/section>\n\t\t\t\t<section class=\"elementor-section elementor-top-section elementor-element elementor-element-c444117 elementor-section-boxed elementor-section-height-default elementor-section-height-default\" data-id=\"c444117\" data-element_type=\"section\">\n\t\t\t\t\t\t<div class=\"elementor-container elementor-column-gap-default\">\n\t\t\t\t\t<div class=\"elementor-column elementor-col-100 elementor-top-column elementor-element elementor-element-d88c1c8\" data-id=\"d88c1c8\" data-element_type=\"column\">\n\t\t\t<div class=\"elementor-widget-wrap elementor-element-populated\">\n\t\t\t\t\t\t<div class=\"elementor-element elementor-element-778dfa1 elementor-widget elementor-widget-text-editor\" data-id=\"778dfa1\" data-element_type=\"widget\" data-widget_type=\"text-editor.default\">\n\t\t\t\t<div class=\"elementor-widget-container\">\n\t\t\t\t\t\t\t\t\t<p>TR\u00c1MITES GENERALES<\/p><p>La secretaria virtual de la Junta de Andaluc\u00eda permite realizar una serie de tramites sin necesidad de desplazamiento, de manera telem\u00e1tica.<\/p><p><a href=\"https:\/\/www.juntadeandalucia.es\/educacion\/secretariavirtual\/accesoTramite\/462\/\">https:\/\/www.juntadeandalucia.es\/educacion\/secretariavirtual\/accesoTramite\/462\/<\/a><\/p><p>Adem\u00e1s, en horario de apertura de nuestro centro educativo podr\u00e1 solicitar los siguientes certificados:<\/p><ul><li>Certificado de calificaciones con nota media<\/li><li>Certificado de escolarizaci\u00f3n<\/li><li>Certificado de matriculaci\u00f3n asistencia o informe de faltas.\u00a0<\/li><\/ul><ul style=\"margin-top: 16px;margin-bottom: 0px;margin-left: 0px;padding-left: 30px;list-style-type: square;color: #666666;font-family: Rubik;font-size: 14px;font-style: normal;font-weight: 400\"><li data-tadv-p=\"keep\">\u00a0<\/li><\/ul>\t\t\t\t\t\t\t\t<\/div>\n\t\t\t\t<\/div>\n\t\t\t\t\t<\/div>\n\t\t<\/div>\n\t\t\t\t\t<\/div>\n\t\t<\/section>\n\t\t\t\t<section class=\"elementor-section elementor-top-section elementor-element elementor-element-313d419 elementor-section-boxed elementor-section-height-default elementor-section-height-default\" data-id=\"313d419\" data-element_type=\"section\">\n\t\t\t\t\t\t<div class=\"elementor-container elementor-column-gap-default\">\n\t\t\t\t\t<div class=\"elementor-column elementor-col-100 elementor-top-column elementor-element elementor-element-46bd461\" data-id=\"46bd461\" data-element_type=\"column\">\n\t\t\t<div class=\"elementor-widget-wrap elementor-element-populated\">\n\t\t\t\t\t\t<div class=\"elementor-element elementor-element-f459396 elementor-widget elementor-widget-text-editor\" data-id=\"f459396\" data-element_type=\"widget\" data-widget_type=\"text-editor.default\">\n\t\t\t\t<div class=\"elementor-widget-container\">\n\t\t\t\t\t\t\t\t\t<p>BECAS Y AYUDAS<\/p><p>Para facilitar la gesti\u00f3n y tramitaci\u00f3n de las BECAS y AYUDAS adjuntamos el siguiente calendario con los enlaces a las instituciones ortogantes.<\/p><p><a href=\"https:\/\/blogsaverroes.juntadeandalucia.es\/iespuertadelmar\/files\/2024\/10\/Captura-de-pantalla-2024-05-13-122541.png\"><img decoding=\"async\" class=\"alignnone size-medium wp-image-3905\" src=\"https:\/\/blogsaverroes.juntadeandalucia.es\/iespuertadelmar\/files\/2024\/10\/Captura-de-pantalla-2024-05-13-122541-300x279.png\" alt=\"\" width=\"300\" height=\"279\" srcset=\"https:\/\/blogsaverroes.juntadeandalucia.es\/iespuertadelmar\/files\/2024\/10\/Captura-de-pantalla-2024-05-13-122541-300x279.png 300w, https:\/\/blogsaverroes.juntadeandalucia.es\/iespuertadelmar\/files\/2024\/10\/Captura-de-pantalla-2024-05-13-122541-768x713.png 768w, https:\/\/blogsaverroes.juntadeandalucia.es\/iespuertadelmar\/files\/2024\/10\/Captura-de-pantalla-2024-05-13-122541.png 783w\" sizes=\"(max-width: 300px) 100vw, 300px\" \/><\/a><\/p><p>Enlace a la p\u00e1gina del Ministerio de Educaci\u00f3n.<\/p><p><a href=\"https:\/\/www.becaseducacion.gob.es\/becas-y-ayudas.html\">https:\/\/www.becaseducacion.gob.es\/becas-y-ayudas.html<\/a><\/p><p>Enlace a la p\u00e1gina de la Consejer\u00eda de Educaci\u00f3n<\/p><p>\u00a0<\/p><p><a href=\"https:\/\/www.juntadeandalucia.es\/educacion\/portals\/web\/becas-y-ayudas\">https:\/\/www.juntadeandalucia.es\/educacion\/portals\/web\/becas-y-ayudas<\/a><\/p><p>Enlace a la consulta personalizada<\/p><p><a href=\"https:\/\/www.juntadeandalucia.es\/educacion\/becasweb\/consultawebbecas\/\">https:\/\/www.juntadeandalucia.es\/educacion\/becasweb\/consultawebbecas\/<\/a><\/p>\t\t\t\t\t\t\t\t<\/div>\n\t\t\t\t<\/div>\n\t\t\t\t\t<\/div>\n\t\t<\/div>\n\t\t\t\t\t<\/div>\n\t\t<\/section>\n\t\t\t\t<section class=\"elementor-section elementor-top-section elementor-element elementor-element-dec1489 elementor-section-boxed elementor-section-height-default elementor-section-height-default\" data-id=\"dec1489\" data-element_type=\"section\">\n\t\t\t\t\t\t<div class=\"elementor-container elementor-column-gap-default\">\n\t\t\t\t\t<div class=\"elementor-column elementor-col-100 elementor-top-column elementor-element elementor-element-a7f1bfe\" data-id=\"a7f1bfe\" data-element_type=\"column\">\n\t\t\t<div class=\"elementor-widget-wrap elementor-element-populated\">\n\t\t\t\t\t\t<div class=\"elementor-element elementor-element-031e57c elementor-widget elementor-widget-text-editor\" data-id=\"031e57c\" data-element_type=\"widget\" data-widget_type=\"text-editor.default\">\n\t\t\t\t<div class=\"elementor-widget-container\">\n\t\t\t\t\t\t\t\t\t<p><strong>SOLICITUD DE T\u00cdTULO<\/strong><\/p><p>INFORMACI\u00d3N GENERAL<\/p><p>Si eres alumno\/a de\u00a0<strong><em>ESO o FPB<\/em><\/strong>\u00a0y has titulado no tienes que hacer nada, el Centro solicita de forma autom\u00e1tica los T\u00edtulos al Ministerio de Educaci\u00f3n y nos ponemos en contacto contigo una vez que lo hayamos recibido.<\/p><p>Si eres alumno\/a de\u00a0<strong><em>Bachillerato <\/em><\/strong>\u00a0y has aprobado todas las materias debes solicitarlo t\u00fa mismo de forma telem\u00e1tica.<\/p><p>Recuerda que una vez solicitado, el T\u00edtulo tarda una media de 2 a\u00f1os en llegar.<\/p><p><span style=\"font-style: normal\">\u00bfC\u00d3MO PUEDO SOLICITAR EL T\u00cdTULO?<\/span><\/p><p><span style=\"font-style: normal\">Puedes realizar todo el tr\u00e1mite de solicitud por medios telem\u00e1ticos, incluyendo el pago de las tasas (modelo 046) sin tener que acudir al centro. Entra en la Secretar\u00eda Virtual de la Consejer\u00eda de Educaci\u00f3n y Deporte.<\/span><\/p><p><a href=\"https:\/\/www.juntadeandalucia.es\/educacion\/secretariavirtual\/accesoTramite\/302\/\">https:\/\/www.juntadeandalucia.es\/educacion\/secretariavirtual\/accesoTramite\/302\/<\/a><\/p><p>\u00bfCU\u00c1NTO CUESTA SOLICITAR EL T\u00cdTULO?<\/p><p>Las tasas se renuevan cada a\u00f1o, adjuntamos enlace con las tasas actualizadas.<\/p><p><a style=\"font-family: Rubik;font-size: 14px;font-style: normal;font-weight: 400\" href=\"https:\/\/www.juntadeandalucia.es\/organismos\/economiahaciendayfondoseuropeos\/areas\/tributos-juego\/tributos\/paginas\/tasaseducacion.html\">https:\/\/www.juntadeandalucia.es\/organismos\/economiahaciendayfondoseuropeos\/areas\/tributos-juego\/tributos\/paginas\/tasaseducacion.html<\/a><\/p>\t\t\t\t\t\t\t\t<\/div>\n\t\t\t\t<\/div>\n\t\t\t\t\t<\/div>\n\t\t<\/div>\n\t\t\t\t\t<\/div>\n\t\t<\/section>\n\t\t\t\t<section class=\"elementor-section elementor-top-section elementor-element elementor-element-d5bcd7c elementor-section-boxed elementor-section-height-default elementor-section-height-default\" data-id=\"d5bcd7c\" data-element_type=\"section\">\n\t\t\t\t\t\t<div class=\"elementor-container elementor-column-gap-default\">\n\t\t\t\t\t<div class=\"elementor-column elementor-col-100 elementor-top-column elementor-element elementor-element-a563bd4\" data-id=\"a563bd4\" data-element_type=\"column\">\n\t\t\t<div class=\"elementor-widget-wrap elementor-element-populated\">\n\t\t\t\t\t\t<div class=\"elementor-element elementor-element-c0e29eb elementor-widget elementor-widget-text-editor\" data-id=\"c0e29eb\" data-element_type=\"widget\" data-widget_type=\"text-editor.default\">\n\t\t\t\t<div class=\"elementor-widget-container\">\n\t\t\t\t\t\t\t\t\t<p><strong>PEVAU PERIODO ORDINARIO 2024\/25<\/strong><\/p>\n<p>De cara a la nueva selectividad adjuntamos enlace a la web de la Universidad de Granada.&nbsp;<\/p>\n<p><a href=\"https:\/\/coga.ugr.es\/\">https:\/\/coga.ugr.es\/<\/a><\/p>\n<p><br><\/p>\n<p><\/p>\t\t\t\t\t\t\t\t<\/div>\n\t\t\t\t<\/div>\n\t\t\t\t\t<\/div>\n\t\t<\/div>\n\t\t\t\t\t<\/div>\n\t\t<\/section>\n\t\t\t\t<\/div>\n\t\t","protected":false},"excerpt":{"rendered":"<p>La Secretar\u00eda desarrolla muchas funciones importantes en la vida de un centro, especialmente en la relaci\u00f3n que mantiene con las familias en los diferentes tr\u00e1mites administrativos a lo largo de&#46;&#46;&#46;<\/p>\n","protected":false},"author":1,"featured_media":0,"parent":0,"menu_order":0,"comment_status":"open","ping_status":"open","template":"page-templates\/child-menu.php","meta":{"ngg_post_thumbnail":0,"footnotes":"","_mc_calendar":[]},"aioseo_notices":[],"_links":{"self":[{"href":"https:\/\/blogsaverroes.juntadeandalucia.es\/iespuertadelmar\/wp-json\/wp\/v2\/pages\/77"}],"collection":[{"href":"https:\/\/blogsaverroes.juntadeandalucia.es\/iespuertadelmar\/wp-json\/wp\/v2\/pages"}],"about":[{"href":"https:\/\/blogsaverroes.juntadeandalucia.es\/iespuertadelmar\/wp-json\/wp\/v2\/types\/page"}],"author":[{"embeddable":true,"href":"https:\/\/blogsaverroes.juntadeandalucia.es\/iespuertadelmar\/wp-json\/wp\/v2\/users\/1"}],"replies":[{"embeddable":true,"href":"https:\/\/blogsaverroes.juntadeandalucia.es\/iespuertadelmar\/wp-json\/wp\/v2\/comments?post=77"}],"version-history":[{"count":44,"href":"https:\/\/blogsaverroes.juntadeandalucia.es\/iespuertadelmar\/wp-json\/wp\/v2\/pages\/77\/revisions"}],"predecessor-version":[{"id":3939,"href":"https:\/\/blogsaverroes.juntadeandalucia.es\/iespuertadelmar\/wp-json\/wp\/v2\/pages\/77\/revisions\/3939"}],"wp:attachment":[{"href":"https:\/\/blogsaverroes.juntadeandalucia.es\/iespuertadelmar\/wp-json\/wp\/v2\/media?parent=77"}],"curies":[{"name":"wp","href":"https:\/\/api.w.org\/{rel}","templated":true}]}}