{"id":41,"date":"2020-01-09T12:45:03","date_gmt":"2020-01-09T11:45:03","guid":{"rendered":"http:\/\/blogsaverroes.juntadeandalucia.es\/pre\/nuevoceip2v2\/?page_id=41"},"modified":"2023-03-10T09:53:15","modified_gmt":"2023-03-10T08:53:15","slug":"nuestra-historia","status":"publish","type":"page","link":"https:\/\/blogsaverroes.juntadeandalucia.es\/iespuertadepechina\/nuestra-historia\/","title":{"rendered":"Nuestra Historia"},"content":{"rendered":"<p><span style=\"font-weight: 400\">El <\/span><b>I.E.S. Puerta de Pechina <\/b><span style=\"font-weight: 400\">tiene como prioridad la formaci\u00f3n de personas capaces y competentes utilizando una metodolog\u00eda participativa y activa. Adem\u00e1s, constituye una prioridad para nuestro centro el desarrollo y el fomento de actitudes positivas en lo referente a la salud, el consumo y la conservaci\u00f3n del medio ambiente y la naturaleza.<\/span><\/p>\n<p><span style=\"font-weight: 400\">Nuestro centro asume la <\/span><b>diversidad del alumnado <\/b><span style=\"font-weight: 400\">como un hecho y potenciamos que el alumnado con necesidades educativas especiales se integre en nuestra comunidad educativa.&nbsp;<\/span><span style=\"font-weight: 400\">En definitiva, queremos ser un <\/span><b>centro abierto<\/b><span style=\"font-weight: 400\">, <\/span><b>libre <\/b><span style=\"font-weight: 400\">y <\/span><b>democr\u00e1tico<\/b><span style=\"font-weight: 400\">, donde las <\/span><span style=\"font-weight: 400\">relaciones de los miembros de toda la comunidad educativa<\/span><span style=\"font-weight: 400\"> sean de <\/span><b>colaboraci\u00f3n, tolerancia <\/b><span style=\"font-weight: 400\">y<\/span><b> respeto.<\/b><\/p>\n<p><span style=\"font-weight: 400\">Nuestro centro se manifiesta respetuoso con todas las creencias. Igualmente se manifiesta libre de cualquier tendencia ideol\u00f3gica o pol\u00edtica determinada, por lo que se evitar\u00e1 la m\u00e1s m\u00ednima labor de propaganda en su interior. Este centro defiende una educaci\u00f3n no discriminatoria por raz\u00f3n de sexo, raza, religi\u00f3n, ideolog\u00eda o cualquier otro hecho diferencial, resaltando la coeducaci\u00f3n entre sus \u00e1mbitos.<\/span><b><\/b><\/p>\n","protected":false},"excerpt":{"rendered":"<p>El I.E.S. Puerta de Pechina tiene como prioridad la formaci\u00f3n de personas capaces y competentes utilizando una metodolog\u00eda participativa y activa. Adem\u00e1s, constituye una prioridad para nuestro centro el desarrollo y el fomento de actitudes positivas en lo referente a la salud, el consumo y la conservaci\u00f3n del medio ambiente y la naturaleza. Nuestro centro [&hellip;]<\/p>\n","protected":false},"author":17576,"featured_media":0,"parent":0,"menu_order":0,"comment_status":"closed","ping_status":"closed","template":"","meta":{"_et_pb_use_builder":"off","_et_pb_old_content":"","_et_gb_content_width":"","ngg_post_thumbnail":0,"footnotes":""},"aioseo_notices":[],"_links":{"self":[{"href":"https:\/\/blogsaverroes.juntadeandalucia.es\/iespuertadepechina\/wp-json\/wp\/v2\/pages\/41"}],"collection":[{"href":"https:\/\/blogsaverroes.juntadeandalucia.es\/iespuertadepechina\/wp-json\/wp\/v2\/pages"}],"about":[{"href":"https:\/\/blogsaverroes.juntadeandalucia.es\/iespuertadepechina\/wp-json\/wp\/v2\/types\/page"}],"author":[{"embeddable":true,"href":"https:\/\/blogsaverroes.juntadeandalucia.es\/iespuertadepechina\/wp-json\/wp\/v2\/users\/17576"}],"replies":[{"embeddable":true,"href":"https:\/\/blogsaverroes.juntadeandalucia.es\/iespuertadepechina\/wp-json\/wp\/v2\/comments?post=41"}],"version-history":[{"count":8,"href":"https:\/\/blogsaverroes.juntadeandalucia.es\/iespuertadepechina\/wp-json\/wp\/v2\/pages\/41\/revisions"}],"predecessor-version":[{"id":700,"href":"https:\/\/blogsaverroes.juntadeandalucia.es\/iespuertadepechina\/wp-json\/wp\/v2\/pages\/41\/revisions\/700"}],"wp:attachment":[{"href":"https:\/\/blogsaverroes.juntadeandalucia.es\/iespuertadepechina\/wp-json\/wp\/v2\/media?parent=41"}],"curies":[{"name":"wp","href":"https:\/\/api.w.org\/{rel}","templated":true}]}}