{"id":55,"date":"2020-01-09T12:48:16","date_gmt":"2020-01-09T11:48:16","guid":{"rendered":"http:\/\/blogsaverroes.juntadeandalucia.es\/pre\/nuevoceip2v2\/?page_id=55"},"modified":"2023-03-03T12:19:14","modified_gmt":"2023-03-03T11:19:14","slug":"planes-y-proyectos","status":"publish","type":"page","link":"https:\/\/blogsaverroes.juntadeandalucia.es\/iespuertadepechina\/planes-y-proyectos\/","title":{"rendered":"Planes y Programas"},"content":{"rendered":"<p><span style=\"font-weight: 400\">El I.E.S. Puerta de Pechina est\u00e1 inscrito en los siguientes planes y programas:<\/span><\/p>\n<p>&nbsp;<\/p>\n<ul>\n<li style=\"font-weight: 400\"><span style=\"font-weight: 400\">Plan de Igualdad de G\u00e9nero en Educaci\u00f3n.<\/span><\/li>\n<li style=\"font-weight: 400\"><span style=\"font-weight: 400\">Plan de Transformaci\u00f3n Digital Educativa.&nbsp;&nbsp;<\/span><\/li>\n<li style=\"font-weight: 400\"><span style=\"font-weight: 400\">Programa Forma Joven en el \u00c1mbito Educativo.<\/span><\/li>\n<li style=\"font-weight: 400\"><span style=\"font-weight: 400\">Plan de Organizaci\u00f3n y Funcionamiento de la Biblioteca Escolar.<\/span><\/li>\n<li style=\"font-weight: 400\"><span style=\"font-weight: 400\">Plan de Apertura de Centros Docentes.<\/span><\/li>\n<li style=\"font-weight: 400\"><span style=\"font-weight: 400\">Plan de Salud Laboral y PRL.<\/span><\/li>\n<li style=\"font-weight: 400\"><span style=\"font-weight: 400\">Programa de Acompa\u00f1amiento Escolar (PROA).<\/span><\/li>\n<li style=\"font-weight: 400\"><span style=\"font-weight: 400\">Programa Escuelas Deportivas.<\/span><\/li>\n<\/ul>\n","protected":false},"excerpt":{"rendered":"<p>El I.E.S. Puerta de Pechina est\u00e1 inscrito en los siguientes planes y programas: &nbsp; Plan de Igualdad de G\u00e9nero en Educaci\u00f3n. Plan de Transformaci\u00f3n Digital Educativa.&nbsp;&nbsp; Programa Forma Joven en el \u00c1mbito Educativo. Plan de Organizaci\u00f3n y Funcionamiento de la Biblioteca Escolar. Plan de Apertura de Centros Docentes. Plan de Salud Laboral y PRL. Programa [&hellip;]<\/p>\n","protected":false},"author":17576,"featured_media":0,"parent":0,"menu_order":0,"comment_status":"closed","ping_status":"closed","template":"","meta":{"_et_pb_use_builder":"off","_et_pb_old_content":"","_et_gb_content_width":"","ngg_post_thumbnail":0,"footnotes":""},"aioseo_notices":[],"_links":{"self":[{"href":"https:\/\/blogsaverroes.juntadeandalucia.es\/iespuertadepechina\/wp-json\/wp\/v2\/pages\/55"}],"collection":[{"href":"https:\/\/blogsaverroes.juntadeandalucia.es\/iespuertadepechina\/wp-json\/wp\/v2\/pages"}],"about":[{"href":"https:\/\/blogsaverroes.juntadeandalucia.es\/iespuertadepechina\/wp-json\/wp\/v2\/types\/page"}],"author":[{"embeddable":true,"href":"https:\/\/blogsaverroes.juntadeandalucia.es\/iespuertadepechina\/wp-json\/wp\/v2\/users\/17576"}],"replies":[{"embeddable":true,"href":"https:\/\/blogsaverroes.juntadeandalucia.es\/iespuertadepechina\/wp-json\/wp\/v2\/comments?post=55"}],"version-history":[{"count":5,"href":"https:\/\/blogsaverroes.juntadeandalucia.es\/iespuertadepechina\/wp-json\/wp\/v2\/pages\/55\/revisions"}],"predecessor-version":[{"id":610,"href":"https:\/\/blogsaverroes.juntadeandalucia.es\/iespuertadepechina\/wp-json\/wp\/v2\/pages\/55\/revisions\/610"}],"wp:attachment":[{"href":"https:\/\/blogsaverroes.juntadeandalucia.es\/iespuertadepechina\/wp-json\/wp\/v2\/media?parent=55"}],"curies":[{"name":"wp","href":"https:\/\/api.w.org\/{rel}","templated":true}]}}