{"id":1142,"date":"2021-09-06T12:31:08","date_gmt":"2021-09-06T11:31:08","guid":{"rendered":"https:\/\/blogsaverroes.juntadeandalucia.es\/iesreyalabez\/?page_id=1142"},"modified":"2022-10-09T11:35:48","modified_gmt":"2022-10-09T10:35:48","slug":"covid_19","status":"publish","type":"page","link":"https:\/\/blogsaverroes.juntadeandalucia.es\/iesreyalabez\/covid_19\/","title":{"rendered":"COVID_19"},"content":{"rendered":"<p>Aqu\u00ed puede consultar toda la informaci\u00f3n sobre las medidas organizativas del centro, referidas a la prevenci\u00f3n del contagio:<\/p>\n<ul>\n<li><a href=\"https:\/\/blogsaverroes.juntadeandalucia.es\/iesreyalabez\/files\/2022\/10\/recomendacionesdesaludprevencionproteccion-copiable.pdf\">Recomendaciones prevenci\u00f3n covid 2022\/23<\/a><\/li>\n<li><a href=\"https:\/\/blogsaverroes.juntadeandalucia.es\/iesreyalabez\/files\/2022\/10\/PROTOCOLO-actuaci\u00f3n-covid-version-9-1_09_2022-1.pdf\">Protocolo. Actualizaci\u00f3n octubre de 2022.<\/a><\/li>\n<\/ul>\n","protected":false},"excerpt":{"rendered":"<p>Aqu\u00ed puede consultar toda la informaci\u00f3n sobre las medidas organizativas del centro, referidas a la prevenci\u00f3n del contagio: Recomendaciones prevenci\u00f3n covid 2022\/23 Protocolo. Actualizaci\u00f3n octubre de 2022.<\/p>\n","protected":false},"author":7589,"featured_media":0,"parent":0,"menu_order":0,"comment_status":"closed","ping_status":"closed","template":"","meta":{"_et_pb_use_builder":"","_et_pb_old_content":"","_et_gb_content_width":"","ngg_post_thumbnail":0,"footnotes":""},"aioseo_notices":[],"_links":{"self":[{"href":"https:\/\/blogsaverroes.juntadeandalucia.es\/iesreyalabez\/wp-json\/wp\/v2\/pages\/1142"}],"collection":[{"href":"https:\/\/blogsaverroes.juntadeandalucia.es\/iesreyalabez\/wp-json\/wp\/v2\/pages"}],"about":[{"href":"https:\/\/blogsaverroes.juntadeandalucia.es\/iesreyalabez\/wp-json\/wp\/v2\/types\/page"}],"author":[{"embeddable":true,"href":"https:\/\/blogsaverroes.juntadeandalucia.es\/iesreyalabez\/wp-json\/wp\/v2\/users\/7589"}],"replies":[{"embeddable":true,"href":"https:\/\/blogsaverroes.juntadeandalucia.es\/iesreyalabez\/wp-json\/wp\/v2\/comments?post=1142"}],"version-history":[{"count":11,"href":"https:\/\/blogsaverroes.juntadeandalucia.es\/iesreyalabez\/wp-json\/wp\/v2\/pages\/1142\/revisions"}],"predecessor-version":[{"id":1720,"href":"https:\/\/blogsaverroes.juntadeandalucia.es\/iesreyalabez\/wp-json\/wp\/v2\/pages\/1142\/revisions\/1720"}],"wp:attachment":[{"href":"https:\/\/blogsaverroes.juntadeandalucia.es\/iesreyalabez\/wp-json\/wp\/v2\/media?parent=1142"}],"curies":[{"name":"wp","href":"https:\/\/api.w.org\/{rel}","templated":true}]}}