{"id":1180,"date":"2021-10-15T17:40:47","date_gmt":"2021-10-15T16:40:47","guid":{"rendered":"https:\/\/blogsaverroes.juntadeandalucia.es\/iesreyalabez\/?page_id=1180"},"modified":"2025-11-07T06:49:48","modified_gmt":"2025-11-07T05:49:48","slug":"programaciones-didacticas-21-22","status":"publish","type":"page","link":"https:\/\/blogsaverroes.juntadeandalucia.es\/iesreyalabez\/programaciones-didacticas-21-22\/","title":{"rendered":"Programaciones did\u00e1cticas 2025\/26"},"content":{"rendered":"<p>&nbsp;<\/p>\n<table class=\" aligncenter\" style=\"width: 95.6748%;height: 1529px\">\n<tbody>\n<tr style=\"height: 23px\">\n<td style=\"height: 26px;width: 50%\"><span style=\"font-size: 8pt\"><strong>LENGUA CASTELLANA Y LITERATURA<\/strong><\/span><\/td>\n<td style=\"width: 56.2102%;height: 26px\"><span style=\"font-size: 8pt\"><strong>MATEM\u00c1TICAS<\/strong><\/span><\/td>\n<\/tr>\n<tr class=\"alt\" style=\"height: 99px\">\n<td style=\"height: 10px;width: 50%\">\n<ul>\n<li><a href=\"https:\/\/blogsaverroes.juntadeandalucia.es\/iesreyalabez\/files\/2025\/11\/PROGRAMACIO\u00bfN-DIDA\u00bfCTICA-LCL-2025_2026.pdf\"><span style=\"font-size: 8pt\"><strong>Programaci\u00f3n did\u00e1ctica <\/strong><\/span><span style=\"font-size: 8pt\"><strong>1\u00ba,2\u00ba,3\u00ba,4\u00ba ESO. Lat\u00edn 4\u00ba ESO<\/strong><\/span><\/a><\/li>\n<\/ul>\n<\/td>\n<td style=\"width: 56.2102%;height: 10px\">\n<ul>\n<li><a href=\"https:\/\/blogsaverroes.juntadeandalucia.es\/iesreyalabez\/files\/2025\/11\/PROGRAMACIO\u00bfN-MATEMA\u00bfTICAS-2025_26.pdf\"><span style=\"font-size: 8pt\"><strong>Programaci\u00f3n did\u00e1ctica 1\u00ba,2\u00ba,3\u00ba,4\u00ba ESO.&nbsp;<\/strong><\/span><\/a><\/li>\n<\/ul>\n<\/td>\n<\/tr>\n<tr style=\"height: 23px\">\n<td style=\"height: 23px;width: 50%\"><span style=\"font-size: 8pt\"><strong>INGL\u00c9S<\/strong><\/span><\/td>\n<td style=\"width: 56.2102%;height: 23px\"><span style=\"font-size: 8pt\"><strong>CIENCIAS NATURALES<\/strong><\/span><\/td>\n<\/tr>\n<tr class=\"alt\" style=\"height: 99px\">\n<td style=\"height: 10px;width: 50%\">\n<ul>\n<li><a href=\"https:\/\/blogsaverroes.juntadeandalucia.es\/iesreyalabez\/files\/2025\/11\/programacion-ING-2025-2026.pdf\"><span style=\"font-size: 8pt\"><strong>Programaci\u00f3n did\u00e1ctica 1\u00ba,2\u00ba,3\u00ba y 4\u00ba ESO<\/strong><\/span><\/a><\/li>\n<\/ul>\n<\/td>\n<td style=\"width: 56.2102%;height: 10px\"><a href=\"https:\/\/blogsaverroes.juntadeandalucia.es\/iesreyalabez\/files\/2025\/11\/PROGRAMACIO\u00bfN-CCNN-25_26.pdf\"><span style=\"font-size: 8pt\"><strong>Programaci\u00f3n did\u00e1ctica 1\u00ba,2\u00ba,3\u00ba y 4\u00ba ESO<\/strong><\/span><\/a><\/td>\n<\/tr>\n<tr style=\"height: 23px\">\n<td style=\"height: 23px;width: 50%\"><span style=\"font-size: 8pt\"><strong>GEOGRAF\u00cdA E HISTORIA<\/strong><\/span><\/td>\n<td style=\"width: 56.2102%;height: 23px\"><span style=\"font-size: 8pt\"><strong>PL\u00c1STICA<\/strong><\/span><\/td>\n<\/tr>\n<tr class=\"alt\" style=\"height: 123px\">\n<td style=\"height: 10px;width: 50%\">\n<ul>\n<li><a href=\"https:\/\/blogsaverroes.juntadeandalucia.es\/iesreyalabez\/files\/2025\/11\/PROGRAMACION-DIDACTICA-GEH-25-26.pdf\"><span style=\"font-size: 8pt\"><strong>Programaciones did\u00e1cticas 1\u00ba,2\u00ba,3\u00ba y 4\u00ba ESO<\/strong><\/span><\/a><\/li>\n<li><a href=\"https:\/\/blogsaverroes.juntadeandalucia.es\/iesreyalabez\/files\/2025\/11\/PROG.-ECONOMIA-25-26.pdf\"><span style=\"font-size: 8pt\"><strong>Programaci\u00f3n Econom\u00eda 4\u00ba ESO.<\/strong><\/span><\/a><\/li>\n<li><a href=\"https:\/\/blogsaverroes.juntadeandalucia.es\/iesreyalabez\/files\/2025\/11\/PROGRAMACION-DIDACTICA-FILOSOFIA-1.pdf\"><span style=\"font-size: 8pt\"><strong>Programaci\u00f3n Filosof\u00eda 4\u00ba ESO.<\/strong><\/span><\/a><\/li>\n<li><a href=\"https:\/\/blogsaverroes.juntadeandalucia.es\/iesreyalabez\/files\/2025\/11\/PROGRAMACION-APRENDIZAJE-SOCIAL-Y-EMOCIONAL.pdf\"><strong><span style=\"font-size: 8pt\">Programaci\u00f3n Aprendizaje social y emocional 4\u00ba ESO.<\/span><\/strong><\/a><\/li>\n<li><span style=\"font-size: 8pt\"><strong><a href=\"https:\/\/blogsaverroes.juntadeandalucia.es\/iesreyalabez\/files\/2025\/11\/PROGRAMACION-EDUCACION-EN-VALORES-CIVICOS-Y-ETICOS-2.pdf\">Programaci\u00f3n&nbsp; Educaci\u00f3n en valores 2\u00ba ESO<\/a><br \/>\n<\/strong><\/span><\/li>\n<li><a href=\"https:\/\/blogsaverroes.juntadeandalucia.es\/iesreyalabez\/files\/2025\/11\/PROGRAMACION-FOP-25-26.pdf\"><span style=\"font-size: 8pt\"><strong>Programaci\u00f3n Formaci\u00f3n y Orientaci\u00f3n personal y profesional<\/strong><\/span><\/a><\/li>\n<li><a href=\"https:\/\/blogsaverroes.juntadeandalucia.es\/iesreyalabez\/files\/2025\/11\/PROGRAMACION-IAEE.pdf\"><strong><span style=\"font-size: 8pt\">Iniciaci\u00f3n a la actividad emprendedora y empresarial 3\u00ba ESO<\/span><\/strong><\/a><\/li>\n<li><a href=\"https:\/\/blogsaverroes.juntadeandalucia.es\/iesreyalabez\/files\/2025\/11\/PROGRAMACION-ORATORIA-1o-y-3o-ESO-1.pdf\"><strong><span style=\"font-size: 8pt\">Oratoria y debate 1\u00ba, 3\u00ba<\/span><\/strong><\/a><\/li>\n<\/ul>\n<\/td>\n<td style=\"width: 56.2102%;height: 10px\">\n<ul>\n<li><span style=\"font-size: 8pt\"><strong><a href=\"https:\/\/blogsaverroes.juntadeandalucia.es\/iesreyalabez\/files\/2025\/11\/PROGRAMACION-DPTO.-DIBUJO-2025_2026.pdf-1.pdf\">Programaci\u00f3n did\u00e1ctica<\/a> <\/strong><\/span><\/li>\n<\/ul>\n<p><span style=\"font-size: 8pt\"><strong>&nbsp;<\/strong><\/span><\/td>\n<\/tr>\n<tr style=\"height: 23px\">\n<td style=\"height: 23px;width: 50%\"><span style=\"font-size: 8pt\"><strong>FRANC\u00c9S<\/strong><\/span><\/td>\n<td style=\"width: 56.2102%;height: 23px\"><span style=\"font-size: 8pt\"><strong>M\u00daSICA<\/strong><\/span><\/td>\n<\/tr>\n<tr class=\"alt\" style=\"height: 99px\">\n<td style=\"height: 10px;width: 50%\">\n<ul>\n<li><a href=\"https:\/\/blogsaverroes.juntadeandalucia.es\/iesreyalabez\/files\/2025\/11\/PROGRAMACIO\u00bfN-DIDA\u00bfCTICA.-France\u00bfs-2025-26.pdf\"><span style=\"font-size: 8pt\"><strong>Programaci\u00f3n did\u00e1ctica. 1\u00ba,2\u00ba,3\u00ba y 4\u00ba ESO<\/strong><\/span><\/a><\/li>\n<\/ul>\n<\/td>\n<td style=\"width: 56.2102%;height: 10px\"><a href=\"https:\/\/blogsaverroes.juntadeandalucia.es\/iesreyalabez\/files\/2025\/11\/Programacion-didactica-Musica-20252026.pdf\"><span style=\"font-size: 8pt\"><strong>Programaci\u00f3n did\u00e1ctica 1\u00ba,2\u00ba, proyecto 3\u00ba y 4\u00ba ESO<\/strong><\/span><\/a><\/td>\n<\/tr>\n<tr style=\"height: 23px\">\n<td style=\"height: 23px;width: 50%\"><span style=\"font-size: 8pt\"><strong>TECNOLOG\u00cdA<\/strong><\/span><\/td>\n<td style=\"width: 56.2102%;height: 23px\"><span style=\"font-size: 8pt\"><strong>&nbsp; EDUCACI\u00d3N F\u00cdSICA<\/strong><\/span><\/td>\n<\/tr>\n<tr class=\"alt\" style=\"height: 99px\">\n<td style=\"height: 10px;width: 50%\">\n<ul>\n<li><a href=\"https:\/\/blogsaverroes.juntadeandalucia.es\/iesreyalabez\/files\/2025\/11\/PD-TEC-25-26.pdf\"><span style=\"font-size: 8pt\"><strong>Programaci\u00f3n did\u00e1ctica 2\u00ba,3\u00ba y 4\u00ba ESO . Computaci\u00f3n y rob\u00f3tica<\/strong><\/span><\/a><\/li>\n<\/ul>\n<\/td>\n<td style=\"width: 56.2102%;height: 10px\">\n<ul>\n<li><a href=\"https:\/\/blogsaverroes.juntadeandalucia.es\/iesreyalabez\/files\/2025\/11\/PD-EF-2025_26.pdf-.pdf\"><span style=\"font-size: 8pt\"><strong>Programaci\u00f3n did\u00e1ctica 1\u00ba,2\u00ba,3\u00ba y 4\u00ba ESO<\/strong><\/span><\/a><\/li>\n<\/ul>\n<\/td>\n<\/tr>\n<tr style=\"height: 25px\">\n<td style=\"height: 30px;width: 50%\"><strong><span style=\"font-size: 8pt\">&nbsp;&nbsp; ATENCI\u00d3N EDUCATIVA<\/span><\/strong><\/td>\n<td style=\"width: 56.2102%;height: 30px\"><strong><span style=\"font-size: 8pt\"> RELIGI\u00d3N<\/span><\/strong><\/td>\n<\/tr>\n<tr style=\"height: 78px\">\n<td style=\"height: 10px;width: 50%\">\n<ul>\n<li><a href=\"https:\/\/blogsaverroes.juntadeandalucia.es\/iesreyalabez\/files\/2025\/11\/PROGRAMACION-ATENCION-EDUCATIVA-25-26.docx.pdf\"><strong><span style=\"font-size: 8pt\">Programaci\u00f3n atenci\u00f3n educativa 1\u00ba, 2\u00ba, 3\u00ba y 4\u00ba ESO<\/span><\/strong><\/a><\/li>\n<\/ul>\n<\/td>\n<td style=\"width: 56.2102%;height: 10px\">\n<ul>\n<li><span style=\"font-size: 8pt\"><strong>Programaci\u00f3n did\u00e1ctica 1\u00ba,2\u00ba,3\u00ba y 4\u00ba ESO<\/strong><\/span><\/li>\n<\/ul>\n<\/td>\n<\/tr>\n<tr style=\"height: 23px\">\n<td style=\"height: 23px;width: 50%\"><span style=\"font-size: 8pt\"><strong>&nbsp; &nbsp; &nbsp; &nbsp; &nbsp; &nbsp; &nbsp; &nbsp; &nbsp; &nbsp; &nbsp;ORIENTACI\u00d3N<\/strong><\/span><\/td>\n<td style=\"width: 56.2102%;height: 23px\"><span style=\"font-size: 8pt\"><strong> &nbsp;<a href=\"https:\/\/blogsaverroes.juntadeandalucia.es\/iesreyalabez\/files\/2025\/11\/Programacio\u00bfn-FEIE-2025-26.pdf\">FORMACI\u00d3N, INNOVACI\u00d3N Y EVALUACI\u00d3N<\/a><\/strong><\/span><\/td>\n<\/tr>\n<tr class=\"alt\" style=\"height: 75px\">\n<td style=\"height: 60px;width: 50%\">\n<ul>\n<li><a href=\"https:\/\/blogsaverroes.juntadeandalucia.es\/iesreyalabez\/files\/2025\/10\/programacio\u00bfn-DO-con-PT-25-26-Revisada.pdf\"><strong><span style=\"font-size: 8pt\">Programaci\u00f3n.<\/span><\/strong><\/a><\/li>\n<li><a href=\"https:\/\/blogsaverroes.juntadeandalucia.es\/iesreyalabez\/files\/2025\/11\/Programacion-PDC-25-26-revisited.pdf\"><strong><span style=\"font-size: 8pt\">Programaci\u00f3n del Programa de Diversificaci\u00f3n Curricular.<\/span><\/strong><\/a><strong><span style=\"font-size: 8pt\">&nbsp;<\/span><\/strong><\/li>\n<li><a href=\"https:\/\/blogsaverroes.juntadeandalucia.es\/iesreyalabez\/files\/2025\/11\/PROGRAMACION_ATAL_25_26.pdf\"><strong><span style=\"font-size: 8pt\">Programaci\u00f3n ATAL<\/span><\/strong><\/a><\/li>\n<\/ul>\n<\/td>\n<td style=\"width: 56.2102%;height: 60px\">&nbsp;<\/td>\n<\/tr>\n<tr style=\"height: 23px\">\n<td style=\"height: 23px;width: 50%\"><span style=\"font-size: 8pt\"><strong>&nbsp; &nbsp; <a href=\"https:\/\/blogsaverroes.juntadeandalucia.es\/iesreyalabez\/files\/2025\/11\/Programacion_Departamento_HT_2025_26.pdf\">PROGRAMACI\u00d3N DEL DEPARTAMENTO DE HOSTELER\u00cdA Y TURISMO<\/a><\/strong><\/span><\/p>\n<p><span style=\"font-size: 8pt\"><strong>CICLO GRADO MEDIO DE COCINA Y GASTRONOM\u00cdA<\/strong><\/span><\/td>\n<td style=\"width: 56.2102%;height: 23px\">&nbsp;<\/p>\n<p><span style=\"font-size: 8pt\"><strong>CICLO GRADO MEDIO SERVICIOS EN RESTAURACI\u00d3N<br \/>\n<\/strong><\/span><\/td>\n<\/tr>\n<tr class=\"alt\" style=\"height: 469px\">\n<td style=\"height: 469px;width: 50%\"><span style=\"font-size: 8pt\"><strong>MODULOS 1\u00ba G.D.C.F.G.M Cocina y Gastronom\u00eda<\/strong><\/span><\/p>\n<ul>\n<li><a href=\"https:\/\/blogsaverroes.juntadeandalucia.es\/iesreyalabez\/files\/2025\/11\/Programacion_1o-COC_PYC_25-26.pdf\"><span style=\"font-size: 8pt\"><strong>Preelaboraci\u00f3n y Conservaci\u00f3n de alimentos<\/strong><\/span><\/a><\/li>\n<li><a href=\"https:\/\/blogsaverroes.juntadeandalucia.es\/iesreyalabez\/files\/2025\/11\/Programacion_1o-COC_TC_25-26.pdf\"><span style=\"font-size: 8pt\"><strong>T\u00e9cnicas culinarias<\/strong><\/span><\/a><\/li>\n<li><a href=\"https:\/\/blogsaverroes.juntadeandalucia.es\/iesreyalabez\/files\/2025\/11\/Programacion_1o-COC_PBPR_25-26.pdf\"><span style=\"font-size: 8pt\"><strong>Procesos b\u00e1sicos de Pasteler\u00eda y Reposter\u00eda<\/strong><\/span><\/a><\/li>\n<li><a href=\"https:\/\/blogsaverroes.juntadeandalucia.es\/iesreyalabez\/files\/2025\/11\/PROGRAMACION_1oCOC_IPE_I_25_26-.pdf\"><span style=\"font-size: 8pt\"><strong>Itinerario personal para la empleabilidad I.<\/strong><\/span><\/a><\/li>\n<li><span style=\"font-size: 8pt\"><strong><a href=\"https:\/\/blogsaverroes.juntadeandalucia.es\/iesreyalabez\/files\/2025\/11\/PROGRAMACION_1oCOC_DIGIT_25_26-.pdf\">Digitalizaci\u00f3n aplicada a los sectores productivos.<\/a> <\/strong><\/span><\/li>\n<li><a href=\"https:\/\/blogsaverroes.juntadeandalucia.es\/iesreyalabez\/files\/2025\/11\/PROGRAMACION_1oCOC_SH_25_26.pdf\"><span style=\"font-size: 8pt\"><strong>Seguridad e higiene en la manipulaci\u00f3n de alimentos.<\/strong><\/span><\/a><\/li>\n<li><a href=\"https:\/\/blogsaverroes.juntadeandalucia.es\/iesreyalabez\/files\/2025\/11\/PROGRAMACION_1o_COC_SOST_24_25.pdf\"><span style=\"font-size: 8pt\"><strong>Sostenibilidad aplicada al sistema productivo.<\/strong><\/span><\/a><\/li>\n<\/ul>\n<p><span style=\"font-size: 8pt\"><strong>MODULOS 2\u00ba G.D.C.F.G.M Cocina y Gastronom\u00eda<\/strong><\/span><\/p>\n<ul>\n<li><a href=\"https:\/\/blogsaverroes.juntadeandalucia.es\/iesreyalabez\/files\/2025\/11\/PROGRAMACION-2oCOC_OGA_25_26.pdf\"><span style=\"font-size: 8pt\"><strong>Ofertas Gastron\u00f3micas<\/strong><\/span><\/a><\/li>\n<li><a href=\"https:\/\/blogsaverroes.juntadeandalucia.es\/iesreyalabez\/files\/2025\/11\/Programacion_2o-COC_PROCU_25-26.pdf\"><span style=\"font-size: 8pt\"><strong>Productos Culinarios<\/strong><\/span><\/a><\/li>\n<li><a href=\"https:\/\/blogsaverroes.juntadeandalucia.es\/iesreyalabez\/files\/2025\/11\/Programacion_2oCOC_POSRE_25-26.pdf\"><span style=\"font-size: 8pt\"><strong>Postres en Restauraci\u00f3n.<\/strong><\/span><\/a><\/li>\n<li><a href=\"https:\/\/blogsaverroes.juntadeandalucia.es\/iesreyalabez\/files\/2025\/11\/PROGRAMACION_2o_COC_IPE_II_25_26.pdf\"><span style=\"font-size: 8pt\"><strong> Itinerario Personal para la Empleabilidad II<\/strong><\/span><\/a><\/li>\n<li><a href=\"https:\/\/blogsaverroes.juntadeandalucia.es\/iesreyalabez\/files\/2025\/11\/PROGRAMACION-2oCOC_INGLES_25_26.pdf\"><span style=\"font-size: 8pt\"><strong>Ingl\u00e9s Profesional GM<\/strong><\/span><\/a><\/li>\n<li><span style=\"font-size: 8pt\"><strong><a href=\"https:\/\/blogsaverroes.juntadeandalucia.es\/iesreyalabez\/files\/2025\/11\/PROGRAMACION-2oCOC_M_OPT_25_26.pdf\">Optativa-Cocina y gastronom\u00eda internacional<\/a>.<\/strong><\/span><\/li>\n<li><a href=\"https:\/\/blogsaverroes.juntadeandalucia.es\/iesreyalabez\/files\/2025\/11\/PROGRAMACION-2oCOC_PROY_25_26.pdf\"><span style=\"font-size: 8pt\"><strong>Proyecto Intermodular.<\/strong><\/span><\/a><\/li>\n<\/ul>\n<\/td>\n<td style=\"width: 56.2102%;height: 469px\"><strong><span style=\"font-size: 8pt\">MODULOS 1\u00ba G.D.C.F.G.M. Servicios en Restauraci\u00f3n<\/span><\/strong><\/p>\n<ul>\n<li><a href=\"https:\/\/blogsaverroes.juntadeandalucia.es\/iesreyalabez\/files\/2025\/11\/PROGRAMACION_1oSERV_INGLES_25_26.pdf\"><span style=\"font-size: 8pt\"><strong>Ingl\u00e9s<\/strong><\/span><\/a><\/li>\n<li><a href=\"https:\/\/blogsaverroes.juntadeandalucia.es\/iesreyalabez\/files\/2025\/11\/PROGRAMACION-_1o-SERV_-OPBBC-25_26.pdf\"><span style=\"font-size: 8pt\"><strong>Operaciones b\u00e1sicas en Bar-Cafeter\u00eda.<\/strong><\/span><\/a><\/li>\n<li><a href=\"https:\/\/blogsaverroes.juntadeandalucia.es\/iesreyalabez\/files\/2025\/11\/PROGRAMACION__1oSERV_OBRE_25_26.pdf\"><span style=\"font-size: 8pt\"><strong>Operaciones B\u00e1sicas en Restaurante.<\/strong><\/span><\/a><\/li>\n<li><a href=\"https:\/\/blogsaverroes.juntadeandalucia.es\/iesreyalabez\/files\/2025\/11\/PROGRAMACION_1oSERV_TCR_25_26.pdf\"><strong><span style=\"font-size: 8pt\">T\u00e9cnicas de Comunicaci\u00f3n en Restauraci\u00f3n<\/span><\/strong><\/a><\/li>\n<li><a href=\"https:\/\/blogsaverroes.juntadeandalucia.es\/iesreyalabez\/files\/2025\/11\/PROGRAMACION_1oSERV_IPE_I_25_26-.pdf\"><span style=\"font-size: 8pt\"><strong>Itinerario para la empleabilidad I.<\/strong><\/span><\/a><\/li>\n<li><span style=\"font-size: 8pt\"><strong><a href=\"https:\/\/blogsaverroes.juntadeandalucia.es\/iesreyalabez\/files\/2025\/11\/PROGRAMACION_1oSERV_DIGIT_25_26-.pdf\">Digitalizaci\u00f3n aplicada a los sectores productivos.<\/a> <\/strong><\/span><\/li>\n<li><a href=\"https:\/\/blogsaverroes.juntadeandalucia.es\/iesreyalabez\/files\/2025\/11\/PROGRAMACION_1oSERV_SH_25_26.pdf\"><span style=\"font-size: 8pt\"><strong>Seguridad e Higiene en la Manipulaci\u00f3n <\/strong><\/span><span style=\"font-size: 8pt\"><strong>d<\/strong><\/span><\/a><span style=\"font-size: 8pt\"><strong>e Alimentos. <\/strong><\/span><\/li>\n<li><a href=\"https:\/\/blogsaverroes.juntadeandalucia.es\/iesreyalabez\/files\/2025\/11\/PROGRAMACION_1o_SERV_SOST_24_25.pdf\"><span style=\"font-size: 8pt\"><strong>Sostenibilidad aplicada al sistema productivo.<\/strong><\/span><\/a><\/li>\n<\/ul>\n<p><span style=\"font-size: 8pt\"><strong>MODULOS 2\u00ba G.D.C.F.G.M Servicios en Restauraci\u00f3n<\/strong><\/span><\/p>\n<ul>\n<li><a href=\"https:\/\/blogsaverroes.juntadeandalucia.es\/iesreyalabez\/files\/2025\/11\/PROGRAMACION_2oSERV_OGA_25_26.pdf\"><span style=\"font-size: 8pt\"><strong>Ofertas Gastron\u00f3micas<\/strong><\/span><\/a><\/li>\n<li><a href=\"https:\/\/blogsaverroes.juntadeandalucia.es\/iesreyalabez\/files\/2025\/11\/PROGRAMACION_2oSERV_SSBC_2oSR_25_26.pdf\"><span style=\"font-size: 8pt\"><strong>Servicios en bar-cafeter\u00eda.<\/strong><\/span><\/a><\/li>\n<li><span style=\"font-size: 8pt\"><strong><a href=\"https:\/\/blogsaverroes.juntadeandalucia.es\/iesreyalabez\/files\/2025\/11\/PROGRAMACION-_-2o-SERV-_-SEREE-_-25_26.pdf\">Servicios en Restaurante y Eventos Especiales<\/a>.<\/strong><\/span><\/li>\n<li><a href=\"https:\/\/blogsaverroes.juntadeandalucia.es\/iesreyalabez\/files\/2025\/11\/PROGRAMACION__2oSERV_EVSS_25_26.pdf\"><span style=\"font-size: 8pt\"><strong>El vino y su servicio.<\/strong><\/span><\/a><\/li>\n<li><span style=\"font-size: 8pt\"><strong> I<a href=\"https:\/\/blogsaverroes.juntadeandalucia.es\/iesreyalabez\/files\/2025\/11\/PROGRAMACION_2o_SERV_IPE_II_25_26.pdf\">tinerario Personal para la Empleabilidad II. <\/a><\/strong><\/span><\/li>\n<li><span style=\"font-size: 8pt\"><strong>Optativa-Cocina y gastronom\u00eda internacional. <\/strong><\/span><\/li>\n<li><span style=\"font-size: 8pt\"><strong>Proyecto Intermodular<\/strong><\/span><\/li>\n<\/ul>\n<\/td>\n<\/tr>\n<\/tbody>\n<\/table>\n<p>&nbsp;<\/p>\n<p>&nbsp;<\/p>\n<p>&nbsp;<\/p>\n<p>&nbsp;<\/p>\n<p>&nbsp;<\/p>\n<p>&nbsp;<\/p>\n<p>&nbsp;<\/p>\n<p>&nbsp;<\/p>\n<p>&nbsp;<\/p>\n<p>&nbsp;<\/p>\n<p>&nbsp;<\/p>\n<p>&nbsp;<\/p>\n","protected":false},"excerpt":{"rendered":"<p>&nbsp; LENGUA CASTELLANA Y LITERATURA MATEM\u00c1TICAS Programaci\u00f3n did\u00e1ctica 1\u00ba,2\u00ba,3\u00ba,4\u00ba ESO. Lat\u00edn 4\u00ba ESO Programaci\u00f3n did\u00e1ctica 1\u00ba,2\u00ba,3\u00ba,4\u00ba ESO.&nbsp; INGL\u00c9S CIENCIAS NATURALES Programaci\u00f3n did\u00e1ctica 1\u00ba,2\u00ba,3\u00ba y 4\u00ba ESO Programaci\u00f3n did\u00e1ctica 1\u00ba,2\u00ba,3\u00ba y 4\u00ba ESO GEOGRAF\u00cdA E HISTORIA PL\u00c1STICA Programaciones did\u00e1cticas 1\u00ba,2\u00ba,3\u00ba y 4\u00ba ESO Programaci\u00f3n Econom\u00eda 4\u00ba ESO. Programaci\u00f3n Filosof\u00eda 4\u00ba ESO. Programaci\u00f3n Aprendizaje social y emocional [&hellip;]<\/p>\n","protected":false},"author":7589,"featured_media":0,"parent":0,"menu_order":0,"comment_status":"closed","ping_status":"closed","template":"","meta":{"_et_pb_use_builder":"","_et_pb_old_content":"","_et_gb_content_width":"","ngg_post_thumbnail":0,"footnotes":""},"aioseo_notices":[],"_links":{"self":[{"href":"https:\/\/blogsaverroes.juntadeandalucia.es\/iesreyalabez\/wp-json\/wp\/v2\/pages\/1180"}],"collection":[{"href":"https:\/\/blogsaverroes.juntadeandalucia.es\/iesreyalabez\/wp-json\/wp\/v2\/pages"}],"about":[{"href":"https:\/\/blogsaverroes.juntadeandalucia.es\/iesreyalabez\/wp-json\/wp\/v2\/types\/page"}],"author":[{"embeddable":true,"href":"https:\/\/blogsaverroes.juntadeandalucia.es\/iesreyalabez\/wp-json\/wp\/v2\/users\/7589"}],"replies":[{"embeddable":true,"href":"https:\/\/blogsaverroes.juntadeandalucia.es\/iesreyalabez\/wp-json\/wp\/v2\/comments?post=1180"}],"version-history":[{"count":255,"href":"https:\/\/blogsaverroes.juntadeandalucia.es\/iesreyalabez\/wp-json\/wp\/v2\/pages\/1180\/revisions"}],"predecessor-version":[{"id":3056,"href":"https:\/\/blogsaverroes.juntadeandalucia.es\/iesreyalabez\/wp-json\/wp\/v2\/pages\/1180\/revisions\/3056"}],"wp:attachment":[{"href":"https:\/\/blogsaverroes.juntadeandalucia.es\/iesreyalabez\/wp-json\/wp\/v2\/media?parent=1180"}],"curies":[{"name":"wp","href":"https:\/\/api.w.org\/{rel}","templated":true}]}}