{"id":1266,"date":"2021-10-15T21:01:26","date_gmt":"2021-10-15T20:01:26","guid":{"rendered":"https:\/\/blogsaverroes.juntadeandalucia.es\/iesreyalabez\/?page_id=1266"},"modified":"2025-11-10T00:19:05","modified_gmt":"2025-11-09T23:19:05","slug":"proyecto-educativo","status":"publish","type":"page","link":"https:\/\/blogsaverroes.juntadeandalucia.es\/iesreyalabez\/proyecto-educativo\/","title":{"rendered":"Proyecto educativo"},"content":{"rendered":"<div class=\"et_pb_column et_pb_column_4_4 et_pb_column_0 et_pb_css_mix_blend_mode_passthrough et-last-child\">\n<div class=\"et_pb_module et_pb_image et_pb_image_0\"><span class=\"et_pb_image_wrap \"><img decoding=\"async\" title=\"Encabezado_Proyecto_educativo\" src=\"https:\/\/blogsaverroes.juntadeandalucia.es\/iesreyalabez\/files\/2021\/07\/Encabezado_Proyecto_educativo.png\" alt=\"\"><\/span><\/div>\n<div class=\"et_pb_module et_pb_text et_pb_text_0 et_pb_text_align_left et_pb_bg_layout_light\">\n<div class=\"et_pb_text_inner\">\n<h2>Proyecto educativo<\/h2>\n<p><a href=\"https:\/\/blogsaverroes.juntadeandalucia.es\/iesreyalabez\/files\/2025\/10\/contexto-25-26.pdf\">Introducci\u00f3n. An\u00e1lisis del contexto. Principios y objetivos educativos. (modificado curso 2025\/26)<\/a><\/p>\n<p><span style=\"color: #000000\"><span style=\"font-family: helvetica, arial, sans-serif;font-size: 10pt\"><a href=\"https:\/\/blogsaverroes.juntadeandalucia.es\/iesreyalabez\/files\/2025\/10\/a-objetivos-25-26.pdf\">a) Objetivos propios para la mejora del rendimiento escolar y la continuidad del alumnado en el sistema educativo.<\/a> (Modificado curso 2025\/26)<\/span><\/span><\/p>\n<p><span style=\"font-family: helvetica, arial, sans-serif;font-size: 10pt\"><span style=\"color: #000000\"><a href=\"https:\/\/blogsaverroes.juntadeandalucia.es\/iesreyalabez\/files\/2025\/10\/b-lineas-pedagogicas-25-26.pdf\">b) L\u00edneas generales de actuaci\u00f3n pedag\u00f3gica.<\/a>(Modificado curso 2025\/26)<\/span><\/span><\/p>\n<h5><span class=\"nolink\" style=\"font-family: helvetica, arial, sans-serif;font-size: 10pt\"><a href=\"https:\/\/blogsaverroes.juntadeandalucia.es\/iesreyalabez\/files\/2025\/10\/c-Coordinacion-y-concrecion-de-los-contenidos-curriculares-asi-como-el-tratamiento-transversal-en-las-materias-o-modulos-de-la.pdf\">c) Coordinaci\u00f3n y concreci\u00f3n de los contenidos curriculares, as\u00ed como el tratamiento transversal en las materias o m\u00f3dulos de la educaci\u00f3n en valores y otras ense\u00f1anzas, integrando la igualdad de g\u00e9nero como un objetivo primordial.<\/a> (modificado curso 2025\/26)<\/span><\/h5>\n<h5><a href=\"https:\/\/blogsaverroes.juntadeandalucia.es\/iesreyalabez\/files\/2025\/10\/d-Los-criterios-pedagogicos-para-la-determinacion-de-los-organos-de-coordinacion-docente-del-centro-y-del-horario-de-dedicacion.pdf\"><span style=\"font-family: helvetica, arial, sans-serif;font-size: 10pt\">d) Los criterios pedag\u00f3gicos para la determin<\/span><span style=\"font-family: helvetica, arial, sans-serif;font-size: 10pt\">a<\/span><span style=\"font-family: helvetica, arial, sans-serif;font-size: 10pt\">ci\u00f3n de los \u00f3rganos de coordinaci\u00f3n docente del centro y del horario de dedicaci\u00f3n de las personas responsables de las mismos para la realizaci\u00f3n de sus funciones, de conformidad con el n\u00famero total de horas que, a tales efectos, se establezca por Orden de la persona titular de la Consejer\u00eda competente en materia de educaci\u00f3n. (modificado curso 2025\/26))<\/span><\/a><\/h5>\n<h5><a href=\"https:\/\/blogsaverroes.juntadeandalucia.es\/iesreyalabez\/files\/2025\/10\/e-Los-procedimientos-y-criterios-de-evaluacion-promocion-del-alumnado-y-titulacion-del-alumnado.pdf\"><span style=\"font-family: helvetica, arial, sans-serif;font-size: 10pt\">e) Los procedimientos y criterios de evaluaci\u00f3n, prom<\/span><span style=\"font-family: helvetica, arial, sans-serif;font-size: 10pt\">oci\u00f3n del alumnado y titulaci\u00f3n del alumnado. (modificado curso 2025\/26)<\/span><\/a><\/h5>\n<h5><a href=\"https:\/\/blogsaverroes.juntadeandalucia.es\/iesreyalabez\/files\/2025\/10\/f-La-forma-de-atencion-a-la-diversidad-del-alumnado1.pdf\"><span style=\"font-family: helvetica, arial, sans-serif;font-size: 10pt\"><span class=\"nolink\">f) La form<\/span><\/span><span style=\"font-family: helvetica, arial, sans-serif;font-size: 10pt\"><span class=\"nolink\">a<\/span><\/span><span style=\"font-family: helvetica, arial, sans-serif;font-size: 10pt\"><span class=\"nolink\"> de atenci\u00f3n a la diversid<\/span><\/span><span style=\"font-family: helvetica, arial, sans-serif;font-size: 10pt\"><span class=\"nolink\">ad del alumn<\/span><span class=\"nolink\">ado. (modificado curso 2025\/26)<\/span><\/span><\/a><\/h5>\n<h5><a href=\"https:\/\/blogsaverroes.juntadeandalucia.es\/iesreyalabez\/files\/2025\/10\/g-La-organizacion-de-las-actividades-de-recuperacion-para-el-alumnado-con-materias-pendientes-de-evaluacion-positiva.pdf\"><span style=\"font-family: helvetica, arial, sans-serif;font-size: 10pt\">g<\/span><span style=\"font-family: helvetica, arial, sans-serif;font-size: 10pt\">) La organizaci\u00f3n de las actividades de recuperaci\u00f3n para el alumnado con materias pendientes de evaluaci\u00f3n positiva. (modificado curso 2025\/26)<\/span><\/a><\/h5>\n<h5><a href=\"https:\/\/blogsaverroes.juntadeandalucia.es\/iesreyalabez\/files\/2025\/10\/programacio\u00bfn-DO-con-PT-25-26-Revisada.pdf\"><span style=\"font-family: helvetica, arial, sans-serif;font-size: 10pt\">h) El plan de orientaci\u00f3n y acci\u00f3n tutorial. (modificado curso 2025\/26)<\/span><\/a><\/h5>\n<h5><a href=\"https:\/\/blogsaverroes.juntadeandalucia.es\/iesreyalabez\/files\/2021\/10\/i-compromiso-convivencia.pdf\"><span style=\"font-family: helvetica, arial, sans-serif;font-size: 10pt\">i) El procedimiento para suscribir compromisos educativos y de convivencia con las familias, de acuerdo con lo que se establezca por Orden de la persona titular de la Consejer\u00eda competente en materia de educaci\u00f3n. (NO SE MODIFICA)<\/span><\/a><\/h5>\n<h5><span style=\"font-family: helvetica, arial, sans-serif;font-size: 10pt\">j) <a href=\"https:\/\/blogsaverroes.juntadeandalucia.es\/iesreyalabez\/files\/2024\/11\/Plan_convivencia_24_25.pdf\">El plan de convivencia.<\/a> (NO SE MODIFICA)<\/span><\/h5>\n<h5><span style=\"font-family: helvetica, arial, sans-serif;font-size: 10pt\"><a href=\"https:\/\/blogsaverroes.juntadeandalucia.es\/iesreyalabez\/files\/2025\/11\/kplan-de-formacion-2025_26.pdf\">k) El plan de formaci\u00f3n del profesorado<\/a>. (modificado curso 2025\/26)<br \/>\n<\/span><\/h5>\n<h5><a href=\"https:\/\/blogsaverroes.juntadeandalucia.es\/iesreyalabez\/files\/2025\/10\/l-Los-criterios-para-organizar-y-distribuir-el-tiempo-escolar-asi-como-los-objetivos-y-programas-de-intervencion-en-el-tiempo-extraescolar.pdf\"><span class=\"nolink\" style=\"font-family: helvetica, arial, sans-serif;font-size: 10pt\">l<\/span><span class=\"nolink\" style=\"font-family: helvetica, arial, sans-serif;font-size: 10pt\">) Los criterios para organizar y distribuir el tiempo escolar, as\u00ed como los objetivos y programas de intervenci\u00f3n en el tiempo extraescolar<\/span><span class=\"nolink\" style=\"font-family: helvetica, arial, sans-serif;font-size: 10pt\">. (modificado curso 2025\/26)<\/span><\/a><\/h5>\n<h5><span style=\"font-family: helvetica, arial, sans-serif;font-size: 10pt\"><a href=\"https:\/\/blogsaverroes.juntadeandalucia.es\/iesreyalabez\/files\/2025\/11\/mLos-criterios-para-la-elaboracion-de-los-horarios-teniendo-en-cuenta-las-caracteristicas-especificas-de-cada-modulo.pdf\">m)Los criterios para la elaboraci\u00f3n de los horarios, teniendo en cuenta las caracter\u00edsticas espec\u00edficas de cada m\u00f3dulo<\/a> (modificado curso 2025\/26))<\/span><\/h5>\n<h5><a href=\"https:\/\/blogsaverroes.juntadeandalucia.es\/iesreyalabez\/files\/2025\/10\/n-Los-procedimientos-de-evaluacion-interna.pdf\"><span class=\"nolink\" style=\"font-family: helvetica, arial, sans-serif;font-size: 10pt\">n) Los procedimientos de evaluaci\u00f3n interna. (modificado curso 2025\/26)<\/span><\/a><\/h5>\n<h5><a href=\"https:\/\/blogsaverroes.juntadeandalucia.es\/iesreyalabez\/files\/2023\/10\/\u00f1-Los-criterios-para-establecer-los-agrupamientos-del-alumnado-y-la-asignaci\u00f3n-de-las-tutor\u00edas-de-acuerdo-con-las-l\u00edneas-gen.pdf\"><span style=\"font-family: helvetica, arial, sans-serif;font-size: 10pt\">\u00f1) Los criterios para establecer los agrupamientos del alumnado y la asignaci\u00f3n de las tutor\u00edas, de acuerdo con las l\u00edneas generales de actuaci\u00f3n pedag\u00f3gica del centro y orientados a favorecer el \u00e9xito escolar del alumnado. (NO SE MODIFICA)<\/span><\/a><\/h5>\n<h5><a href=\"https:\/\/blogsaverroes.juntadeandalucia.es\/iesreyalabez\/files\/2025\/10\/o-Los-criterios-para-determinar-la-oferta-de-materias-optativas-y-en-su-caso-el-proyecto-integrado.pdf\"><span class=\"nolink\" style=\"font-family: helvetica, arial, sans-serif;font-size: 10pt\">o) Los criterios para determinar la oferta de materias optativas<\/span><span class=\"nolink\" style=\"font-family: helvetica, arial, sans-serif;font-size: 10pt\">. <\/span><span class=\"nolink\" style=\"font-family: helvetica, arial, sans-serif;font-size: 10pt\">(modificado curso 2025\/26)<\/span><\/a><\/h5>\n<h5><a href=\"https:\/\/blogsaverroes.juntadeandalucia.es\/iesreyalabez\/files\/2025\/11\/pformacion-profesional-inicial-los-criterios-para-la-organizacion-curricular-y-la-programacion-de-los-2.pdf\"><span style=\"font-family: helvetica, arial, sans-serif;font-size: 10pt\">p)formaci\u00f3n profesional inicial, los criterios par<\/span><span style=\"font-family: helvetica, arial, sans-serif;font-size: 10pt\">a<\/span><span style=\"font-family: helvetica, arial, sans-serif;font-size: 10pt\"> la organizaci\u00f3n curricular y la programaci\u00f3n de los<\/span><\/a><span style=\"font-family: helvetica, arial, sans-serif;font-size: 10pt\"><span id=\"page3R_mcid0\" class=\"markedContent\"><span dir=\"ltr\" role=\"presentation\"> m\u00f3dulos profesionales en centros de trabajo y <\/span><br role=\"presentation\"><span dir=\"ltr\" role=\"presentation\">proyecto de cada uno de los ciclos <\/span><span dir=\"ltr\" role=\"presentation\">formativos que se impartan. (modificado 2025\/26)<\/span><\/span><\/span><\/h5>\n<h5><a href=\"https:\/\/blogsaverroes.juntadeandalucia.es\/iesreyalabez\/files\/2025\/10\/q-Los-criterios-generales-para-la-elaboracion-de-las-programaciones-didacticas-de-las-ensenanzas.pdf\"><span class=\"nolink\" style=\"font-family: helvetica, arial, sans-serif;font-size: 10pt\">q) Los criterios generales para la elaboraci\u00f3n de las programaciones did\u00e1cticas de las ense\u00f1anzas. (modificado curso 2025\/26)<\/span><\/a><\/h5>\n<h5><a href=\"https:\/\/blogsaverroes.juntadeandalucia.es\/iesreyalabez\/files\/2025\/10\/r-Los-planes-estrategicos-que-en-su-caso-se-desarrollen-en-el-instituto.pdf\"><span style=\"font-family: helvetica, arial, sans-serif;font-size: 10pt\">r) Los planes estrat\u00e9gicos que, en su caso, se desarrollen en el instituto.(modificado curso 2025\/26)<\/span><\/a><\/h5>\n<p><span style=\"font-family: helvetica, arial, sans-serif;font-size: 10pt\">&nbsp;<a href=\"https:\/\/blogsaverroes.juntadeandalucia.es\/iesreyalabez\/files\/2022\/10\/PROTOCOLO-actuaci\u00f3n-covid-version-9-1_09_2022.pdf\">PROTOCOLO actuaci\u00f3n covid version 9<\/a> (NO SE MODIFICA)<br \/>\n<\/span><\/p>\n<p><span style=\"font-family: helvetica, arial, sans-serif;font-size: 10pt\">&nbsp;<a href=\"https:\/\/blogsaverroes.juntadeandalucia.es\/iesreyalabez\/files\/2025\/11\/PLAN-DE-ACTUACION-DIGITAL-25_26.pdf\">PLAN DE ACTUACI\u00d3N DIGITAL 2025\/26<\/a> (modificado curso 2025\/26).<\/span><\/p>\n<p><a href=\"https:\/\/blogsaverroes.juntadeandalucia.es\/iesreyalabez\/files\/2025\/11\/PROGRAMA-STEAM-4_0.pdf\">PROYECTO STEAM 4.0<\/a>&nbsp; (curso 2025\/26)<\/p>\n<p><a href=\"https:\/\/blogsaverroes.juntadeandalucia.es\/iesreyalabez\/files\/2025\/11\/proyecto-aula-ateca-seneca.pdf\">PLAN DE ACTUACI\u00d3N AULA ATECA<\/a> 2025\/26 (curso 2025\/26)<\/p>\n<p><a href=\"https:\/\/blogsaverroes.juntadeandalucia.es\/iesreyalabez\/files\/2021\/10\/plan-de-autoprotecci\u00f3n-21-22.pdf\">PLAN DE AUTOPROTECCI\u00d3N&nbsp;&nbsp;&nbsp;&nbsp;<\/a><\/p>\n<p><a href=\"https:\/\/blogsaverroes.juntadeandalucia.es\/iesreyalabez\/files\/2023\/11\/PROTOCOLO-ALTAS-TEMPERATURAS-2023-v4.pdf\">PROTOCOLO OLAS DE CALOR<\/a><\/p>\n<p><a href=\"https:\/\/blogsaverroes.juntadeandalucia.es\/iesreyalabez\/files\/2021\/10\/Plano-1-punto-de-encuentro.pdf\">Plano 1<\/a>, <a href=\"https:\/\/blogsaverroes.juntadeandalucia.es\/iesreyalabez\/files\/2021\/10\/PLANO-2-V\u00edas-evacuaci\u00f3n-planta-baja.pdf\">Plano 2<\/a>, <a href=\"https:\/\/blogsaverroes.juntadeandalucia.es\/iesreyalabez\/files\/2021\/10\/Plano-3-v\u00edas-evacuaci\u00f3n-planta-alta.pdf\">Plano 3<\/a>,&nbsp; <a href=\"https:\/\/blogsaverroes.juntadeandalucia.es\/iesreyalabez\/files\/2021\/10\/plano-4-v\u00edas-evacuaci\u00f3n-edificio-secundario.pdf\">Plano 4<\/a>, <a href=\"https:\/\/blogsaverroes.juntadeandalucia.es\/iesreyalabez\/files\/2021\/10\/PLANO-5-pUNTO-DE-CONCENTRACI\u00d3N-INTERVENCI\u00d3N.pdf\">Plano 5<\/a>, <a href=\"https:\/\/blogsaverroes.juntadeandalucia.es\/iesreyalabez\/files\/2021\/10\/plano-6-planta-baja-medios-extinci\u00f3n-y-primeros-auxilio.pdf\">Plano 6<\/a>, <a href=\"https:\/\/blogsaverroes.juntadeandalucia.es\/iesreyalabez\/files\/2021\/10\/plano-7-planta-alta-medios-extinci\u00f3n.pdf\">Plano 7<\/a>, <a href=\"https:\/\/blogsaverroes.juntadeandalucia.es\/iesreyalabez\/files\/2021\/10\/Plano-8-Medios-extinci\u00f3n-edificio-secundario.pdf\">Plano 8<\/a>, <a href=\"https:\/\/blogsaverroes.juntadeandalucia.es\/iesreyalabez\/files\/2021\/10\/Plano-9-HIDRANTES.pdf\">Plano 9,<\/a> <a href=\"https:\/\/blogsaverroes.juntadeandalucia.es\/iesreyalabez\/files\/2021\/10\/plano-10-V\u00edas-de-comunicaci\u00f3n.pdf\">Plano 10<\/a><\/p>\n<\/div>\n<\/div>\n<\/div>\n","protected":false},"excerpt":{"rendered":"<p>Proyecto educativo Introducci\u00f3n. An\u00e1lisis del contexto. Principios y objetivos educativos. (modificado curso 2025\/26) a) Objetivos propios para la mejora del rendimiento escolar y la continuidad del alumnado en el sistema educativo. (Modificado curso 2025\/26) b) L\u00edneas generales de actuaci\u00f3n pedag\u00f3gica.(Modificado curso 2025\/26) c) Coordinaci\u00f3n y concreci\u00f3n de los contenidos curriculares, as\u00ed como el tratamiento transversal [&hellip;]<\/p>\n","protected":false},"author":13258,"featured_media":0,"parent":0,"menu_order":0,"comment_status":"closed","ping_status":"closed","template":"","meta":{"_et_pb_use_builder":"","_et_pb_old_content":"","_et_gb_content_width":"","ngg_post_thumbnail":0,"footnotes":""},"aioseo_notices":[],"_links":{"self":[{"href":"https:\/\/blogsaverroes.juntadeandalucia.es\/iesreyalabez\/wp-json\/wp\/v2\/pages\/1266"}],"collection":[{"href":"https:\/\/blogsaverroes.juntadeandalucia.es\/iesreyalabez\/wp-json\/wp\/v2\/pages"}],"about":[{"href":"https:\/\/blogsaverroes.juntadeandalucia.es\/iesreyalabez\/wp-json\/wp\/v2\/types\/page"}],"author":[{"embeddable":true,"href":"https:\/\/blogsaverroes.juntadeandalucia.es\/iesreyalabez\/wp-json\/wp\/v2\/users\/13258"}],"replies":[{"embeddable":true,"href":"https:\/\/blogsaverroes.juntadeandalucia.es\/iesreyalabez\/wp-json\/wp\/v2\/comments?post=1266"}],"version-history":[{"count":111,"href":"https:\/\/blogsaverroes.juntadeandalucia.es\/iesreyalabez\/wp-json\/wp\/v2\/pages\/1266\/revisions"}],"predecessor-version":[{"id":3066,"href":"https:\/\/blogsaverroes.juntadeandalucia.es\/iesreyalabez\/wp-json\/wp\/v2\/pages\/1266\/revisions\/3066"}],"wp:attachment":[{"href":"https:\/\/blogsaverroes.juntadeandalucia.es\/iesreyalabez\/wp-json\/wp\/v2\/media?parent=1266"}],"curies":[{"name":"wp","href":"https:\/\/api.w.org\/{rel}","templated":true}]}}