{"id":1683,"date":"2022-07-20T11:36:22","date_gmt":"2022-07-20T10:36:22","guid":{"rendered":"https:\/\/blogsaverroes.juntadeandalucia.es\/iesreyalabez\/?page_id=1683"},"modified":"2024-12-03T14:06:02","modified_gmt":"2024-12-03T13:06:02","slug":"ipasen","status":"publish","type":"page","link":"https:\/\/blogsaverroes.juntadeandalucia.es\/iesreyalabez\/ipasen\/","title":{"rendered":"iPASEN"},"content":{"rendered":"<p>Se trata de una aplicaci\u00f3n que permite estar al d\u00eda de las actividades evaluables del alumnado, sus calificaciones, leer las observaciones que el profesorado realiza y comunicarse con l@s profesor@s :<\/p>\n<p><iframe loading=\"lazy\" src=\"https:\/\/docs.google.com\/presentation\/d\/e\/2PACX-1vTk8B5S7ZkM3zhDn5WdW3_1-9OMxtXWnlL9iM7whD3xcRcaBZ_wQIfdSrEQUfqqztPD5UdZukow8-m8\/embed?start=true&amp;loop=false&amp;delayms=5000\" width=\"960\" height=\"569\" frameborder=\"0\"><\/iframe><span style=\"color: #000000\"><strong>AYUDA:<\/strong><\/span><\/p>\n<p><span style=\"color: #000000\"><strong>PARA CONSULTAR COMO OBTENER O RECUPERAR EL USUARIO Y CONTRASE\u00d1A: <a href=\"https:\/\/blogsaverroes.juntadeandalucia.es\/iesreyalabez\/files\/2022\/07\/Credenciales_IdEA_Pasen_iPasen_100420.pdf\">Credenciales_IdEA_Pasen_iPasen_100420<\/a><\/strong><\/span><\/p>\n<h5><span style=\"color: #000000\">Gesti\u00f3n de Tutor\u00edas<\/span><\/h5>\n<div>\n<p><span style=\"color: #000000;font-size: 12pt\">Se encuentra disponible&nbsp; en PASEN una herramienta&nbsp; denominada<strong>&nbsp;&#8220;AGENDA DE TUTOR\u00cdAS<\/strong>&#8221; mediante la cual,&nbsp;<strong>tanto el profesorado como las familias<\/strong>, tienen a su disposici\u00f3n esta utilidad para&nbsp;<strong>concertar citas de tutor\u00edas<\/strong>&nbsp;para el normal desarrollo del seguimiento educativo del alumnado.<\/span><br \/>\n<iframe loading=\"lazy\" src=\"\/\/www.youtube.com\/embed\/WRvJEhelN0Y?si=btNc955NpGLT7JM2\" width=\"560\" height=\"315\" frameborder=\"0\"><\/iframe><\/p>\n<p><span style=\"color: #000000;font-size: 12pt\">Debe tener en cuenta que&nbsp;<strong>cuando pida una cita (puede seleccionar d\u00eda y franja horaria) esta permanecer\u00e1&nbsp;<span style=\"text-decoration: underline\">&#8220;PENDIENTE<\/span><\/strong>&#8221; hasta que el profesor\/a la ACEPTE o RECHACE.<\/span><\/p>\n<p><span style=\"color: #000000;font-size: 12pt\">LAS CITAS DEBEN SOLICITARSE LA SEMANA ANTERIOR para que al tutor\/a le de tiempo para recabar informaci\u00f3n del resto de profesores\/as del equipo docente.<\/span><\/p>\n<\/div>\n","protected":false},"excerpt":{"rendered":"<p>Se trata de una aplicaci\u00f3n que permite estar al d\u00eda de las actividades evaluables del alumnado, sus calificaciones, leer las observaciones que el profesorado realiza y comunicarse con l@s profesor@s : AYUDA: PARA CONSULTAR COMO OBTENER O RECUPERAR EL USUARIO Y CONTRASE\u00d1A: Credenciales_IdEA_Pasen_iPasen_100420 Gesti\u00f3n de Tutor\u00edas Se encuentra disponible&nbsp; en PASEN una herramienta&nbsp; denominada&nbsp;&#8220;AGENDA DE [&hellip;]<\/p>\n","protected":false},"author":7589,"featured_media":0,"parent":0,"menu_order":0,"comment_status":"closed","ping_status":"closed","template":"","meta":{"_et_pb_use_builder":"","_et_pb_old_content":"","_et_gb_content_width":"","ngg_post_thumbnail":0,"footnotes":""},"aioseo_notices":[],"_links":{"self":[{"href":"https:\/\/blogsaverroes.juntadeandalucia.es\/iesreyalabez\/wp-json\/wp\/v2\/pages\/1683"}],"collection":[{"href":"https:\/\/blogsaverroes.juntadeandalucia.es\/iesreyalabez\/wp-json\/wp\/v2\/pages"}],"about":[{"href":"https:\/\/blogsaverroes.juntadeandalucia.es\/iesreyalabez\/wp-json\/wp\/v2\/types\/page"}],"author":[{"embeddable":true,"href":"https:\/\/blogsaverroes.juntadeandalucia.es\/iesreyalabez\/wp-json\/wp\/v2\/users\/7589"}],"replies":[{"embeddable":true,"href":"https:\/\/blogsaverroes.juntadeandalucia.es\/iesreyalabez\/wp-json\/wp\/v2\/comments?post=1683"}],"version-history":[{"count":3,"href":"https:\/\/blogsaverroes.juntadeandalucia.es\/iesreyalabez\/wp-json\/wp\/v2\/pages\/1683\/revisions"}],"predecessor-version":[{"id":2754,"href":"https:\/\/blogsaverroes.juntadeandalucia.es\/iesreyalabez\/wp-json\/wp\/v2\/pages\/1683\/revisions\/2754"}],"wp:attachment":[{"href":"https:\/\/blogsaverroes.juntadeandalucia.es\/iesreyalabez\/wp-json\/wp\/v2\/media?parent=1683"}],"curies":[{"name":"wp","href":"https:\/\/api.w.org\/{rel}","templated":true}]}}