{"id":2038,"date":"2023-06-14T13:33:07","date_gmt":"2023-06-14T12:33:07","guid":{"rendered":"https:\/\/blogsaverroes.juntadeandalucia.es\/iesreyalabez\/?page_id=2038"},"modified":"2023-07-10T09:01:14","modified_gmt":"2023-07-10T08:01:14","slug":"fpgm-servicios-en-restauracion","status":"publish","type":"page","link":"https:\/\/blogsaverroes.juntadeandalucia.es\/iesreyalabez\/fpgm-servicios-en-restauracion\/","title":{"rendered":"FPGM Servicios en Restauraci\u00f3n"},"content":{"rendered":"<h2>Ciclo de Grado medio de \u201cServicios en Restauraci\u00f3n\u201d&nbsp;<\/h2>\n<p>Se trata de un Ciclo de Formaci\u00f3n Profesional de Grado Medio de dos cursos de duraci\u00f3n.<\/p>\n<p><strong>INFORMACI\u00d3N: <a href=\"https:\/\/drive.google.com\/file\/d\/1C7YVgMCbIsQi6kAdxhM2o3C10gPLWr-w\/view?usp=sharing\" target=\"_blank\" rel=\"noopener noreferrer\">Tr\u00edptico CFGM Servicios en Restauraci\u00f3n<\/a>.<\/strong><\/p>\n","protected":false},"excerpt":{"rendered":"<p>Ciclo de Grado medio de \u201cServicios en Restauraci\u00f3n\u201d&nbsp; Se trata de un Ciclo de Formaci\u00f3n Profesional de Grado Medio de dos cursos de duraci\u00f3n. INFORMACI\u00d3N: Tr\u00edptico CFGM Servicios en Restauraci\u00f3n.<\/p>\n","protected":false},"author":7589,"featured_media":0,"parent":0,"menu_order":0,"comment_status":"closed","ping_status":"closed","template":"","meta":{"_et_pb_use_builder":"","_et_pb_old_content":"","_et_gb_content_width":"","ngg_post_thumbnail":0,"footnotes":""},"aioseo_notices":[],"_links":{"self":[{"href":"https:\/\/blogsaverroes.juntadeandalucia.es\/iesreyalabez\/wp-json\/wp\/v2\/pages\/2038"}],"collection":[{"href":"https:\/\/blogsaverroes.juntadeandalucia.es\/iesreyalabez\/wp-json\/wp\/v2\/pages"}],"about":[{"href":"https:\/\/blogsaverroes.juntadeandalucia.es\/iesreyalabez\/wp-json\/wp\/v2\/types\/page"}],"author":[{"embeddable":true,"href":"https:\/\/blogsaverroes.juntadeandalucia.es\/iesreyalabez\/wp-json\/wp\/v2\/users\/7589"}],"replies":[{"embeddable":true,"href":"https:\/\/blogsaverroes.juntadeandalucia.es\/iesreyalabez\/wp-json\/wp\/v2\/comments?post=2038"}],"version-history":[{"count":6,"href":"https:\/\/blogsaverroes.juntadeandalucia.es\/iesreyalabez\/wp-json\/wp\/v2\/pages\/2038\/revisions"}],"predecessor-version":[{"id":2068,"href":"https:\/\/blogsaverroes.juntadeandalucia.es\/iesreyalabez\/wp-json\/wp\/v2\/pages\/2038\/revisions\/2068"}],"wp:attachment":[{"href":"https:\/\/blogsaverroes.juntadeandalucia.es\/iesreyalabez\/wp-json\/wp\/v2\/media?parent=2038"}],"curies":[{"name":"wp","href":"https:\/\/api.w.org\/{rel}","templated":true}]}}