{"id":2459,"date":"2024-06-18T10:46:14","date_gmt":"2024-06-18T09:46:14","guid":{"rendered":"https:\/\/blogsaverroes.juntadeandalucia.es\/iesreyalabez\/?page_id=2459"},"modified":"2024-06-18T10:46:14","modified_gmt":"2024-06-18T09:46:14","slug":"plan-de-comunicacion","status":"publish","type":"page","link":"https:\/\/blogsaverroes.juntadeandalucia.es\/iesreyalabez\/plan-de-comunicacion\/","title":{"rendered":"Plan de Comunicaci\u00f3n"},"content":{"rendered":"<p><span style=\"font-weight: 400\">El presente documento tiene la intenci\u00f3n de ser una herramienta din\u00e1mica que vertebre la comunicaci\u00f3n entre los diferentes miembros de la Comunidad Educativa del centro entendida desde el punto de vista interno como con su ambiente externo m\u00e1s pr\u00f3ximo al mismo.<\/span><\/p>\n<p><span style=\"font-weight: 400\">Es fruto del trabajo coordinado de los distintos \u00f3rganos del centro:<\/span><\/p>\n<ul>\n<li style=\"font-weight: 400\"><span style=\"font-weight: 400\">Una de las l\u00edneas de actuaci\u00f3n del PAD en el curso 21-22 fue la elaboraci\u00f3n del presente documento (\u00c1mbito: Informaci\u00f3n y comunicaci\u00f3n)<\/span><\/li>\n<li style=\"font-weight: 400\"><span style=\"font-weight: 400\">Su contenido ha sido fruto de estudio por parte del equipo TDE, de la ETCP, de las \u00e1reas curriculares y de los departamentos did\u00e1cticos.<\/span><\/li>\n<li style=\"font-weight: 400\"><span style=\"font-weight: 400\">Las propuestas presentadas a los \u00f3rganos anteriores, han tenido en cuenta los mecanismos ya establecidos en cursos previos respecto a los protocolos de comunicaci\u00f3n (planes de mejora\/Plan de centro\/proyecto de direcci\u00f3n). Con objeto de no crear una brecha que dificultara el proceso, si no todo lo contrario, asentar y mejorar los avances conseguidos por el Centro en el \u00e1mbito de la Informaci\u00f3n y comunicaci\u00f3n hasta la fecha.<\/span><\/li>\n<li style=\"font-weight: 400\"><span style=\"font-weight: 400\">Concreci\u00f3n para el IES Rey Alabez del Marco de competencia digital para la ciudadan\u00eda (Plan de Mejora del curso 21-22) se realiz\u00f3 gracias a la labor de todos los departamentos did\u00e1cticos.<\/span><\/li>\n<li style=\"font-weight: 400\"><span style=\"font-weight: 400\">A partir del curso 22-23 form\u00f3 parte del Plan de centro y ser\u00e1 un documento flexible, din\u00e1mico y permeable a las necesidades del centro.<\/span><\/li>\n<\/ul>\n<p><a href=\"https:\/\/blogsaverroes.juntadeandalucia.es\/iesreyalabez\/files\/2024\/06\/PLAN-DE-COMUNICACION-IES-REY-ALABEZ_junio_24.pdf\">PLAN DE COMUNICACI\u00d3N &#8211; IES REY ALABEZ_junio_24<\/a><\/p>\n","protected":false},"excerpt":{"rendered":"<p>El presente documento tiene la intenci\u00f3n de ser una herramienta din\u00e1mica que vertebre la comunicaci\u00f3n entre los diferentes miembros de la Comunidad Educativa del centro entendida desde el punto de vista interno como con su ambiente externo m\u00e1s pr\u00f3ximo al mismo. Es fruto del trabajo coordinado de los distintos \u00f3rganos del centro: Una de las [&hellip;]<\/p>\n","protected":false},"author":7589,"featured_media":0,"parent":0,"menu_order":0,"comment_status":"closed","ping_status":"closed","template":"","meta":{"_et_pb_use_builder":"","_et_pb_old_content":"","_et_gb_content_width":"","ngg_post_thumbnail":0,"footnotes":""},"aioseo_notices":[],"_links":{"self":[{"href":"https:\/\/blogsaverroes.juntadeandalucia.es\/iesreyalabez\/wp-json\/wp\/v2\/pages\/2459"}],"collection":[{"href":"https:\/\/blogsaverroes.juntadeandalucia.es\/iesreyalabez\/wp-json\/wp\/v2\/pages"}],"about":[{"href":"https:\/\/blogsaverroes.juntadeandalucia.es\/iesreyalabez\/wp-json\/wp\/v2\/types\/page"}],"author":[{"embeddable":true,"href":"https:\/\/blogsaverroes.juntadeandalucia.es\/iesreyalabez\/wp-json\/wp\/v2\/users\/7589"}],"replies":[{"embeddable":true,"href":"https:\/\/blogsaverroes.juntadeandalucia.es\/iesreyalabez\/wp-json\/wp\/v2\/comments?post=2459"}],"version-history":[{"count":1,"href":"https:\/\/blogsaverroes.juntadeandalucia.es\/iesreyalabez\/wp-json\/wp\/v2\/pages\/2459\/revisions"}],"predecessor-version":[{"id":2461,"href":"https:\/\/blogsaverroes.juntadeandalucia.es\/iesreyalabez\/wp-json\/wp\/v2\/pages\/2459\/revisions\/2461"}],"wp:attachment":[{"href":"https:\/\/blogsaverroes.juntadeandalucia.es\/iesreyalabez\/wp-json\/wp\/v2\/media?parent=2459"}],"curies":[{"name":"wp","href":"https:\/\/api.w.org\/{rel}","templated":true}]}}