{"id":867,"date":"2020-12-18T08:55:13","date_gmt":"2020-12-18T07:55:13","guid":{"rendered":"https:\/\/blogsaverroes.juntadeandalucia.es\/pre\/plantilla-pencil\/?page_id=867"},"modified":"2021-07-22T12:16:48","modified_gmt":"2021-07-22T11:16:48","slug":"moodle","status":"publish","type":"page","link":"https:\/\/blogsaverroes.juntadeandalucia.es\/iesreyalabez\/moodle\/","title":{"rendered":"\u00bfC\u00f3mo entrar en Moodle Centros?"},"content":{"rendered":"<p>[et_pb_section fb_built=&#8221;1&#8243; _builder_version=&#8221;3.23.3&#8243; custom_padding=&#8221;0px||0px|&#8221; z_index_tablet=&#8221;500&#8243; box_shadow_horizontal_tablet=&#8221;0px&#8221; box_shadow_vertical_tablet=&#8221;0px&#8221; box_shadow_blur_tablet=&#8221;40px&#8221; box_shadow_spread_tablet=&#8221;0px&#8221;][et_pb_row _builder_version=&#8221;3.25&#8243; background_size=&#8221;initial&#8221; background_position=&#8221;top_left&#8221; background_repeat=&#8221;repeat&#8221;][et_pb_column type=&#8221;4_4&#8243; _builder_version=&#8221;3.25&#8243; custom_padding=&#8221;|||&#8221; custom_padding__hover=&#8221;|||&#8221;][et_pb_image src=&#8221;https:\/\/blogsaverroes.juntadeandalucia.es\/iesreyalabez\/files\/2021\/07\/Logo-Moodle-centros-.png&#8221; title_text=&#8221;Logo-Moodle-centros-&#8221; admin_label=&#8221;Imagen de la portada&#8221; _builder_version=&#8221;4.5.0&#8243; background_color=&#8221;#0da0c5&#8243; z_index_tablet=&#8221;500&#8243; box_shadow_horizontal_tablet=&#8221;0px&#8221; box_shadow_vertical_tablet=&#8221;0px&#8221; box_shadow_blur_tablet=&#8221;40px&#8221; box_shadow_spread_tablet=&#8221;0px&#8221;][\/et_pb_image][et_pb_text admin_label=&#8221;Texto descriptivo&#8221; _builder_version=&#8221;4.5.0&#8243; z_index_tablet=&#8221;500&#8243; text_text_shadow_horizontal_length_tablet=&#8221;0px&#8221; text_text_shadow_vertical_length_tablet=&#8221;0px&#8221; text_text_shadow_blur_strength_tablet=&#8221;1px&#8221; link_text_shadow_horizontal_length_tablet=&#8221;0px&#8221; link_text_shadow_vertical_length_tablet=&#8221;0px&#8221; link_text_shadow_blur_strength_tablet=&#8221;1px&#8221; ul_text_shadow_horizontal_length_tablet=&#8221;0px&#8221; ul_text_shadow_vertical_length_tablet=&#8221;0px&#8221; ul_text_shadow_blur_strength_tablet=&#8221;1px&#8221; ol_text_shadow_horizontal_length_tablet=&#8221;0px&#8221; ol_text_shadow_vertical_length_tablet=&#8221;0px&#8221; ol_text_shadow_blur_strength_tablet=&#8221;1px&#8221; quote_text_shadow_horizontal_length_tablet=&#8221;0px&#8221; quote_text_shadow_vertical_length_tablet=&#8221;0px&#8221; quote_text_shadow_blur_strength_tablet=&#8221;1px&#8221; header_text_shadow_horizontal_length_tablet=&#8221;0px&#8221; header_text_shadow_vertical_length_tablet=&#8221;0px&#8221; header_text_shadow_blur_strength_tablet=&#8221;1px&#8221; header_2_text_shadow_horizontal_length_tablet=&#8221;0px&#8221; header_2_text_shadow_vertical_length_tablet=&#8221;0px&#8221; header_2_text_shadow_blur_strength_tablet=&#8221;1px&#8221; header_3_text_shadow_horizontal_length_tablet=&#8221;0px&#8221; header_3_text_shadow_vertical_length_tablet=&#8221;0px&#8221; header_3_text_shadow_blur_strength_tablet=&#8221;1px&#8221; header_4_text_shadow_horizontal_length_tablet=&#8221;0px&#8221; header_4_text_shadow_vertical_length_tablet=&#8221;0px&#8221; header_4_text_shadow_blur_strength_tablet=&#8221;1px&#8221; header_5_text_shadow_horizontal_length_tablet=&#8221;0px&#8221; header_5_text_shadow_vertical_length_tablet=&#8221;0px&#8221; header_5_text_shadow_blur_strength_tablet=&#8221;1px&#8221; header_6_text_shadow_horizontal_length_tablet=&#8221;0px&#8221; header_6_text_shadow_vertical_length_tablet=&#8221;0px&#8221; header_6_text_shadow_blur_strength_tablet=&#8221;1px&#8221; box_shadow_horizontal_tablet=&#8221;0px&#8221; box_shadow_vertical_tablet=&#8221;0px&#8221; box_shadow_blur_tablet=&#8221;40px&#8221; box_shadow_spread_tablet=&#8221;0px&#8221;]<\/p>\n<article class=\"post-672 post type-post status-publish format-standard hentry category-actualidad category-alumnado category-covid-19 category-moodle-centros\">\n<div class=\"post-inner group\">\n<div class=\"entry themeform\">\n<div class=\"entry-inner\">\n<p>\u00ab<strong>Moodle Centros<\/strong>\u00bb es una plataforma educativa en la que pod\u00e9is acceder a las distintas Aulas Virtuales de algunas materias. Los profesores y profesoras de dichas materias os avisar\u00e1n.<\/p>\n<p>Pod\u00e9is acceder a \u00ab<strong>Moodle centros<\/strong>\u00bb tanto desde el ordenador, como desde el m\u00f3vil o tablet.<\/p>\n<p>En ambos casos, necesit\u00e1is un usuario y la contrase\u00f1a (como alumnos\/as).<\/p>\n<p><strong>\u00bfC\u00f3mo pod\u00e9is conseguir VUESTRAS CLAVES PASEN?<\/strong><\/p>\n<p><strong>Opci\u00f3n 1<\/strong>. En iPasen, pinchando en \u00abno tengo acceso\u00bb y siguiendo los pasos (os pedir\u00e1 vuestro DNI y fecha de nacimiento)<\/p>\n<p><strong>Opci\u00f3n 2.<\/strong>&nbsp;Si vuestros padres ya usan iPASEN, habr\u00e1n recibido un aviso del ADMINISTRADOR WEB donde os dan el usuario y un enlace, en el que al pinchar gener\u00e1is vuestra contrase\u00f1a.<\/p>\n<p><strong>Opci\u00f3n 3.<\/strong>&nbsp;Pedir ayuda a vuestro centro educativo por correo electr\u00f3nico: beaguerreroharo@gmail.com; matesalabez@gmail.com. En ASUNTO: indicad vuestro NOMBRE, CURSO, CLAVES PASEN ALUMNADO.<\/p>\n<ul>\n<li>Acceso&nbsp; y primeros pasos desde el ordenador:<strong>&nbsp;<a href=\"https:\/\/educacionadistancia.juntadeandalucia.es\/centros\/login\/index.php\">ACCESO POR ORDENADOR<\/a>.<\/strong><\/li>\n<\/ul>\n<p><iframe loading=\"lazy\" src=\"https:\/\/www.youtube.com\/embed\/7qFM89lA9Mc\" width=\"560\" height=\"315\" frameborder=\"0\"><\/iframe><\/p>\n<ul>\n<li>Acceso y primeros pasos desde el m\u00f3vil\/tablet:<\/li>\n<\/ul>\n<p><iframe loading=\"lazy\" src=\"https:\/\/www.youtube.com\/embed\/Z6jvtJyAdow\" width=\"560\" height=\"315\" frameborder=\"0\"><\/iframe>&nbsp;<\/p>\n<nav class=\"pagination group\"><\/nav>\n<\/div>\n<div class=\"clear\">&nbsp;<\/div>\n<\/div>\n<\/div>\n<\/article>\n<p>[\/et_pb_text][\/et_pb_column][\/et_pb_row][\/et_pb_section]<\/p>\n","protected":false},"excerpt":{"rendered":"<p>\u00abMoodle Centros\u00bb es una plataforma educativa en la que pod\u00e9is acceder a las distintas Aulas Virtuales de algunas materias. Los profesores y profesoras de dichas materias os avisar\u00e1n. Pod\u00e9is acceder a \u00abMoodle centros\u00bb tanto desde el ordenador, como desde el m\u00f3vil o tablet. En ambos casos, necesit\u00e1is un usuario y la contrase\u00f1a (como alumnos\/as). \u00bfC\u00f3mo [&hellip;]<\/p>\n","protected":false},"author":13258,"featured_media":0,"parent":0,"menu_order":0,"comment_status":"closed","ping_status":"closed","template":"","meta":{"_et_pb_use_builder":"on","_et_pb_old_content":"","_et_gb_content_width":"","ngg_post_thumbnail":0,"footnotes":""},"aioseo_notices":[],"_links":{"self":[{"href":"https:\/\/blogsaverroes.juntadeandalucia.es\/iesreyalabez\/wp-json\/wp\/v2\/pages\/867"}],"collection":[{"href":"https:\/\/blogsaverroes.juntadeandalucia.es\/iesreyalabez\/wp-json\/wp\/v2\/pages"}],"about":[{"href":"https:\/\/blogsaverroes.juntadeandalucia.es\/iesreyalabez\/wp-json\/wp\/v2\/types\/page"}],"author":[{"embeddable":true,"href":"https:\/\/blogsaverroes.juntadeandalucia.es\/iesreyalabez\/wp-json\/wp\/v2\/users\/13258"}],"replies":[{"embeddable":true,"href":"https:\/\/blogsaverroes.juntadeandalucia.es\/iesreyalabez\/wp-json\/wp\/v2\/comments?post=867"}],"version-history":[{"count":4,"href":"https:\/\/blogsaverroes.juntadeandalucia.es\/iesreyalabez\/wp-json\/wp\/v2\/pages\/867\/revisions"}],"predecessor-version":[{"id":1119,"href":"https:\/\/blogsaverroes.juntadeandalucia.es\/iesreyalabez\/wp-json\/wp\/v2\/pages\/867\/revisions\/1119"}],"wp:attachment":[{"href":"https:\/\/blogsaverroes.juntadeandalucia.es\/iesreyalabez\/wp-json\/wp\/v2\/media?parent=867"}],"curies":[{"name":"wp","href":"https:\/\/api.w.org\/{rel}","templated":true}]}}