{"id":2454,"date":"2016-04-08T07:37:37","date_gmt":"2016-04-08T07:37:37","guid":{"rendered":"http:\/\/blogsaverroes.juntadeandalucia.es\/iesriberadelfardes\/?page_id=2454"},"modified":"2023-11-08T08:29:20","modified_gmt":"2023-11-08T08:29:20","slug":"consejo-escolar-curso-1516","status":"publish","type":"page","link":"https:\/\/blogsaverroes.juntadeandalucia.es\/iesriberadelfardes\/consejo-escolar-curso-1516\/","title":{"rendered":"Consejo Escolar Curso 23\/24"},"content":{"rendered":"<p><span style=\"text-decoration: underline\"><strong>Equipo Directivo<\/strong><\/span><\/p>\n<p>Enrique Mart\u00edn Fern\u00e1ndez (Director)<\/p>\n<p>Montserrat S\u00e1nchez P\u00e9rez (Jefa de Estudios)<\/p>\n<p>Daniel Garrido Cuerva (Secretario)<\/p>\n<p><span style=\"text-decoration: underline\"><strong>Sector Profesorado<\/strong><\/span><\/p>\n<p>Garrido Carrera, Octavio<\/p>\n<p>Poyatos Lorente, \u00c1ngeles<\/p>\n<p>&nbsp;<\/p>\n<p>&nbsp;<\/p>\n<p><span style=\"text-decoration: underline\"><strong>Sector Madres\/Padres<\/strong><\/span><\/p>\n<p>Fern\u00e1ndez Porcel, Susana<\/p>\n<p>Higueras Hita, Mar\u00eda \u00c1ngeles<\/p>\n<p>Romero Escudero, Alicia<\/p>\n<p>Hern\u00e1ndez Garc\u00eda, \u00c1ngeles (REPRESENTANTE DE&nbsp;LA&nbsp;A.M.P.A.&nbsp;MAYORITARIA)<\/p>\n<p><span style=\"text-decoration: underline\"><strong>Sector Alumnado<\/strong><\/span><\/p>\n<p>Cobo Montalvo, Jes\u00fas<\/p>\n<p>Olmos Romero, Javier<\/p>\n<p>Trav\u00e9 Sierra, Sara<\/p>\n<p><span style=\"text-decoration: underline\"><strong>Sector del personal de administraci\u00f3n y servicios (PAS)<\/strong><\/span><\/p>\n<p>Juan Antonio Exp\u00f3sito S\u00e1nchez<\/p>\n<p><span style=\"text-decoration: underline\"><strong>Representante designada por el Ayuntamiento de Purullena<\/strong><\/span><\/p>\n<p>Mar\u00eda del Carmen S\u00e1nchez Mart\u00ednez&nbsp;<\/p>\n","protected":false},"excerpt":{"rendered":"<p>Equipo Directivo Enrique Mart\u00edn Fern\u00e1ndez (Director) Montserrat S\u00e1nchez P\u00e9rez (Jefa de Estudios) Daniel Garrido Cuerva (Secretario) Sector Profesorado Garrido Carrera, Octavio Poyatos Lorente, \u00c1ngeles &nbsp; &nbsp; Sector Madres\/Padres Fern\u00e1ndez Porcel, Susana Higueras Hita, Mar\u00eda \u00c1ngeles Romero Escudero, Alicia Hern\u00e1ndez Garc\u00eda, \u00c1ngeles (REPRESENTANTE DE&nbsp;LA&nbsp;A.M.P.A.&nbsp;MAYORITARIA) Sector Alumnado Cobo Montalvo, Jes\u00fas Olmos Romero, Javier Trav\u00e9 Sierra, Sara Sector &hellip; <\/p>\n<p><a class=\"more-link btn\" href=\"https:\/\/blogsaverroes.juntadeandalucia.es\/iesriberadelfardes\/consejo-escolar-curso-1516\/\">Seguir leyendo<\/a><\/p>\n","protected":false},"author":3251,"featured_media":0,"parent":0,"menu_order":0,"comment_status":"open","ping_status":"open","template":"","meta":{"ngg_post_thumbnail":0,"footnotes":"","_mc_calendar":[]},"aioseo_notices":[],"_links":{"self":[{"href":"https:\/\/blogsaverroes.juntadeandalucia.es\/iesriberadelfardes\/wp-json\/wp\/v2\/pages\/2454"}],"collection":[{"href":"https:\/\/blogsaverroes.juntadeandalucia.es\/iesriberadelfardes\/wp-json\/wp\/v2\/pages"}],"about":[{"href":"https:\/\/blogsaverroes.juntadeandalucia.es\/iesriberadelfardes\/wp-json\/wp\/v2\/types\/page"}],"author":[{"embeddable":true,"href":"https:\/\/blogsaverroes.juntadeandalucia.es\/iesriberadelfardes\/wp-json\/wp\/v2\/users\/3251"}],"replies":[{"embeddable":true,"href":"https:\/\/blogsaverroes.juntadeandalucia.es\/iesriberadelfardes\/wp-json\/wp\/v2\/comments?post=2454"}],"version-history":[{"count":7,"href":"https:\/\/blogsaverroes.juntadeandalucia.es\/iesriberadelfardes\/wp-json\/wp\/v2\/pages\/2454\/revisions"}],"predecessor-version":[{"id":6524,"href":"https:\/\/blogsaverroes.juntadeandalucia.es\/iesriberadelfardes\/wp-json\/wp\/v2\/pages\/2454\/revisions\/6524"}],"wp:attachment":[{"href":"https:\/\/blogsaverroes.juntadeandalucia.es\/iesriberadelfardes\/wp-json\/wp\/v2\/media?parent=2454"}],"curies":[{"name":"wp","href":"https:\/\/api.w.org\/{rel}","templated":true}]}}