{"id":35,"date":"2015-03-13T08:21:43","date_gmt":"2015-03-13T08:21:43","guid":{"rendered":"http:\/\/blogsaverroes.juntadeandalucia.es\/pre\/ceip\/?page_id=35"},"modified":"2025-09-28T16:22:40","modified_gmt":"2025-09-28T16:22:40","slug":"el-centro-2","status":"publish","type":"page","link":"https:\/\/blogsaverroes.juntadeandalucia.es\/iesriberadelfardes\/el-centro-2\/","title":{"rendered":"Datos del centro"},"content":{"rendered":"<p><strong>Datos de contacto<\/strong><\/p>\n<p><strong>IES Ribera del Fardes<\/strong><\/p>\n<p><strong>Direcci\u00f3n:<\/strong>&nbsp;&nbsp;Cerro de los Almendrillos S\/N, 18519, Purullena (Granada)<br \/>\n<strong>Tel\u00e9fono:<\/strong> 958 69 99 72 &nbsp;<strong>Fax<\/strong>:&nbsp;958699970<br \/>\n<strong>Email:<\/strong>&nbsp;18700700.edu@juntadeandalucia.es<\/p>\n<h4><strong>Horarios<\/strong><\/h4>\n<p>Horario de clases: 8:15-14:45<\/p>\n<p>Plan de Acompa\u00f1amiento en Darro: Martes y jueves de 16:00 a 18:00.<\/p>\n<p>Plan de Acompa\u00f1amiento en Diezma: Martes y jueves de 16:15 a 18:15.<\/p>\n<p><strong>Oferta educativa<\/strong><\/p>\n<p>El IES Ribera del Fardes es un centro de <strong>compensatoria<\/strong> que imparte clases desde 1\u00ba de ESO hasta 4\u00ba de ESO. Tambi\u00e9n incluye&nbsp; 1\u00ba y 2\u00ba del Ciclo&nbsp; de Formaci\u00f3n Profesional B\u00e1sica de Industrias Alimentarias.<\/p>\n<p>Desde el curso 2024\/2025 somos un centro biling\u00fce, en el cual se imparten las siguientes materias en ingl\u00e9s:<\/p>\n<p>1\u00ba ESO: Geograf\u00eda e Historia, Matem\u00e1ticas, Biolog\u00eda y Geolog\u00eda<\/p>\n<p>2\u00ba ESO: Educaci\u00f3n F\u00edsica, Geograf\u00eda e Historia y Educaci\u00f3n Pl\u00e1stica y Visual.<\/p>\n<p>3\u00ba ESO: Matem\u00e1ticas<\/p>\n<p>4\u00ba ESO: Geograf\u00eda e Historia&nbsp;<\/p>\n","protected":false},"excerpt":{"rendered":"<p>Datos de contacto IES Ribera del Fardes Direcci\u00f3n:&nbsp;&nbsp;Cerro de los Almendrillos S\/N, 18519, Purullena (Granada) Tel\u00e9fono: 958 69 99 72 &nbsp;Fax:&nbsp;958699970 Email:&nbsp;18700700.edu@juntadeandalucia.es Horarios Horario de clases: 8:15-14:45 Plan de Acompa\u00f1amiento en Darro: Martes y jueves de 16:00 a 18:00. Plan de Acompa\u00f1amiento en Diezma: Martes y jueves de 16:15 a 18:15. Oferta educativa El IES &hellip; <\/p>\n<p><a class=\"more-link btn\" href=\"https:\/\/blogsaverroes.juntadeandalucia.es\/iesriberadelfardes\/el-centro-2\/\">Seguir leyendo<\/a><\/p>\n","protected":false},"author":1,"featured_media":0,"parent":0,"menu_order":0,"comment_status":"closed","ping_status":"open","template":"","meta":{"ngg_post_thumbnail":0,"footnotes":"","_mc_calendar":[]},"aioseo_notices":[],"_links":{"self":[{"href":"https:\/\/blogsaverroes.juntadeandalucia.es\/iesriberadelfardes\/wp-json\/wp\/v2\/pages\/35"}],"collection":[{"href":"https:\/\/blogsaverroes.juntadeandalucia.es\/iesriberadelfardes\/wp-json\/wp\/v2\/pages"}],"about":[{"href":"https:\/\/blogsaverroes.juntadeandalucia.es\/iesriberadelfardes\/wp-json\/wp\/v2\/types\/page"}],"author":[{"embeddable":true,"href":"https:\/\/blogsaverroes.juntadeandalucia.es\/iesriberadelfardes\/wp-json\/wp\/v2\/users\/1"}],"replies":[{"embeddable":true,"href":"https:\/\/blogsaverroes.juntadeandalucia.es\/iesriberadelfardes\/wp-json\/wp\/v2\/comments?post=35"}],"version-history":[{"count":25,"href":"https:\/\/blogsaverroes.juntadeandalucia.es\/iesriberadelfardes\/wp-json\/wp\/v2\/pages\/35\/revisions"}],"predecessor-version":[{"id":9468,"href":"https:\/\/blogsaverroes.juntadeandalucia.es\/iesriberadelfardes\/wp-json\/wp\/v2\/pages\/35\/revisions\/9468"}],"wp:attachment":[{"href":"https:\/\/blogsaverroes.juntadeandalucia.es\/iesriberadelfardes\/wp-json\/wp\/v2\/media?parent=35"}],"curies":[{"name":"wp","href":"https:\/\/api.w.org\/{rel}","templated":true}]}}