{"id":42,"date":"2015-03-13T08:40:47","date_gmt":"2015-03-13T08:40:47","guid":{"rendered":"http:\/\/blogsaverroes.juntadeandalucia.es\/pre\/ceip\/?page_id=42"},"modified":"2025-09-28T16:23:42","modified_gmt":"2025-09-28T16:23:42","slug":"equipo-directivo","status":"publish","type":"page","link":"https:\/\/blogsaverroes.juntadeandalucia.es\/iesriberadelfardes\/equipo-directivo\/","title":{"rendered":"Equipo directivo"},"content":{"rendered":"<p>&nbsp;<\/p>\n<table style=\"border-color: #032440;background-color: #d7e3f5;height: 114px;width: 70.8723%\" width=\"556\">\n<tbody>\n<tr>\n<td style=\"width: 37.1171%\"><strong>Director<\/strong><\/td>\n<td style=\"width: 61.4414%\"><strong>Enrique Mart\u00edn Fern\u00e1ndez<br \/>\n<\/strong><\/td>\n<\/tr>\n<tr>\n<td style=\"width: 37.1171%\"><strong>Jefe de Estudios<\/strong><\/td>\n<td style=\"width: 61.4414%\"><strong>Alberto Mezcua Hidalgo<br \/>\n<\/strong><\/td>\n<\/tr>\n<tr>\n<td style=\"width: 37.1171%\"><strong>Secretaria<\/strong><\/td>\n<td style=\"width: 61.4414%\"><strong>Patricia Rold\u00e1n Mu\u00f1oz<br \/>\n<\/strong><\/td>\n<\/tr>\n<\/tbody>\n<\/table>\n<p>&nbsp;<\/p>\n","protected":false},"excerpt":{"rendered":"<p>&nbsp; Director Enrique Mart\u00edn Fern\u00e1ndez Jefe de Estudios Alberto Mezcua Hidalgo Secretaria Patricia Rold\u00e1n Mu\u00f1oz &nbsp;<\/p>\n","protected":false},"author":1,"featured_media":0,"parent":0,"menu_order":0,"comment_status":"closed","ping_status":"open","template":"","meta":{"ngg_post_thumbnail":0,"footnotes":"","_mc_calendar":[]},"aioseo_notices":[],"_links":{"self":[{"href":"https:\/\/blogsaverroes.juntadeandalucia.es\/iesriberadelfardes\/wp-json\/wp\/v2\/pages\/42"}],"collection":[{"href":"https:\/\/blogsaverroes.juntadeandalucia.es\/iesriberadelfardes\/wp-json\/wp\/v2\/pages"}],"about":[{"href":"https:\/\/blogsaverroes.juntadeandalucia.es\/iesriberadelfardes\/wp-json\/wp\/v2\/types\/page"}],"author":[{"embeddable":true,"href":"https:\/\/blogsaverroes.juntadeandalucia.es\/iesriberadelfardes\/wp-json\/wp\/v2\/users\/1"}],"replies":[{"embeddable":true,"href":"https:\/\/blogsaverroes.juntadeandalucia.es\/iesriberadelfardes\/wp-json\/wp\/v2\/comments?post=42"}],"version-history":[{"count":17,"href":"https:\/\/blogsaverroes.juntadeandalucia.es\/iesriberadelfardes\/wp-json\/wp\/v2\/pages\/42\/revisions"}],"predecessor-version":[{"id":9469,"href":"https:\/\/blogsaverroes.juntadeandalucia.es\/iesriberadelfardes\/wp-json\/wp\/v2\/pages\/42\/revisions\/9469"}],"wp:attachment":[{"href":"https:\/\/blogsaverroes.juntadeandalucia.es\/iesriberadelfardes\/wp-json\/wp\/v2\/media?parent=42"}],"curies":[{"name":"wp","href":"https:\/\/api.w.org\/{rel}","templated":true}]}}