{"id":44,"date":"2015-03-13T08:42:15","date_gmt":"2015-03-13T08:42:15","guid":{"rendered":"http:\/\/blogsaverroes.juntadeandalucia.es\/pre\/ceip\/?page_id=44"},"modified":"2025-09-28T16:39:50","modified_gmt":"2025-09-28T16:39:50","slug":"planes-y-proyectos","status":"publish","type":"page","link":"https:\/\/blogsaverroes.juntadeandalucia.es\/iesriberadelfardes\/planes-y-proyectos\/","title":{"rendered":"Planes y Programas"},"content":{"rendered":"<p><img decoding=\"async\" class=\"alignnone size-medium wp-image-1667\" src=\"http:\/\/blogsaverroes.juntadeandalucia.es\/iesriberadelfardes\/files\/2015\/03\/planes-300x150.png\" alt=\"planes\" width=\"300\" height=\"150\" srcset=\"https:\/\/blogsaverroes.juntadeandalucia.es\/iesriberadelfardes\/files\/2015\/03\/planes-300x150.png 300w, https:\/\/blogsaverroes.juntadeandalucia.es\/iesriberadelfardes\/files\/2015\/03\/planes.png 640w\" sizes=\"(max-width: 300px) 100vw, 300px\" \/><\/p>\n<p>Nuestro Centro es muy din\u00e1mico, y por ello cuenta con los siguientes planes y proyectos:<\/p>\n<ul>\n<li>Red Andaluza Escuela: \u00abEspacio de Paz\u00bb.<\/li>\n<li>Planes de compensaci\u00f3n educativa.<\/li>\n<li>Programa de centro biling\u00fce \u2013 Ingl\u00e9s.&nbsp;<\/li>\n<li>Plan de Salud Laboral y P.R.L.<\/li>\n<li>Plan de igualdad de g\u00e9nero en educaci\u00f3n.<\/li>\n<li>Educaci\u00f3n inclusiva<\/li>\n<li>Bienestar emocional<\/li>\n<li>Escuela 4.0<\/li>\n<li>Erasmus+ KA121SCH<\/li>\n<li>Erasmus+(FP) &#8211; 2024-1-ES01-KA121-VET-000213884 &#8211; Proyectos acreditados de movilidad de estudiantes y personal de Formaci\u00f3n Profesional (FP)<\/li>\n<li>Transformaci\u00f3n Digital Educativa<\/li>\n<li>Proyecto de innovaci\u00f3n<\/li>\n<li>Aldea<\/li>\n<li>ComunicA<\/li>\n<li>Conred Andaluc\u00eda<\/li>\n<li>Emprendimiento Educativo<\/li>\n<li>Programa ADA<\/li>\n<li>STEM<\/li>\n<li>H\u00e1bitos de vida saludable<\/li>\n<li>Investiga y descubre<\/li>\n<li>Proyectos colaborativos de FP<\/li>\n<li>Bibliotecas Escolares<\/li>\n<li>Programa F\u00e9nix<\/li>\n<li>Proa+ \u201cTransf\u00f3rmate\u201d<\/li>\n<li>Programa de Atenci\u00f3n Socioeducativa (ZTS)<\/li>\n<li>Plan de Cooperaci\u00f3n Territorial en Refuerzo de la Competencia Matem\u00e1tica 2025<\/li>\n<li>M\u00e1s Equidad<\/li>\n<li>Pacto de Estado: Prevenci\u00f3n de la violencia de g\u00e9nero<\/li>\n<li>PROA<\/li>\n<li>Red Andaluza de Ecoescuelas<\/li>\n<\/ul>\n<p>&nbsp;<\/p>\n","protected":false},"excerpt":{"rendered":"<p>Nuestro Centro es muy din\u00e1mico, y por ello cuenta con los siguientes planes y proyectos: Red Andaluza Escuela: \u00abEspacio de Paz\u00bb. Planes de compensaci\u00f3n educativa. Programa de centro biling\u00fce \u2013 Ingl\u00e9s.&nbsp; Plan de Salud Laboral y P.R.L. Plan de igualdad de g\u00e9nero en educaci\u00f3n. Educaci\u00f3n inclusiva Bienestar emocional Escuela 4.0 Erasmus+ KA121SCH Erasmus+(FP) &#8211; 2024-1-ES01-KA121-VET-000213884 &hellip; <\/p>\n<p><a class=\"more-link btn\" href=\"https:\/\/blogsaverroes.juntadeandalucia.es\/iesriberadelfardes\/planes-y-proyectos\/\">Seguir leyendo<\/a><\/p>\n","protected":false},"author":1,"featured_media":0,"parent":0,"menu_order":0,"comment_status":"closed","ping_status":"closed","template":"","meta":{"ngg_post_thumbnail":0,"footnotes":"","_mc_calendar":[]},"aioseo_notices":[],"_links":{"self":[{"href":"https:\/\/blogsaverroes.juntadeandalucia.es\/iesriberadelfardes\/wp-json\/wp\/v2\/pages\/44"}],"collection":[{"href":"https:\/\/blogsaverroes.juntadeandalucia.es\/iesriberadelfardes\/wp-json\/wp\/v2\/pages"}],"about":[{"href":"https:\/\/blogsaverroes.juntadeandalucia.es\/iesriberadelfardes\/wp-json\/wp\/v2\/types\/page"}],"author":[{"embeddable":true,"href":"https:\/\/blogsaverroes.juntadeandalucia.es\/iesriberadelfardes\/wp-json\/wp\/v2\/users\/1"}],"replies":[{"embeddable":true,"href":"https:\/\/blogsaverroes.juntadeandalucia.es\/iesriberadelfardes\/wp-json\/wp\/v2\/comments?post=44"}],"version-history":[{"count":9,"href":"https:\/\/blogsaverroes.juntadeandalucia.es\/iesriberadelfardes\/wp-json\/wp\/v2\/pages\/44\/revisions"}],"predecessor-version":[{"id":9471,"href":"https:\/\/blogsaverroes.juntadeandalucia.es\/iesriberadelfardes\/wp-json\/wp\/v2\/pages\/44\/revisions\/9471"}],"wp:attachment":[{"href":"https:\/\/blogsaverroes.juntadeandalucia.es\/iesriberadelfardes\/wp-json\/wp\/v2\/media?parent=44"}],"curies":[{"name":"wp","href":"https:\/\/api.w.org\/{rel}","templated":true}]}}