{"id":49,"date":"2015-03-13T08:47:05","date_gmt":"2015-03-13T08:47:05","guid":{"rendered":"http:\/\/blogsaverroes.juntadeandalucia.es\/pre\/ceip\/?page_id=49"},"modified":"2026-01-12T18:32:25","modified_gmt":"2026-01-12T18:32:25","slug":"proyecto-educativo","status":"publish","type":"page","link":"https:\/\/blogsaverroes.juntadeandalucia.es\/iesriberadelfardes\/proyecto-educativo\/","title":{"rendered":"Plan de Centro"},"content":{"rendered":"<p><a href=\"http:\/\/blogsaverroes.juntadeandalucia.es\/iesriberadelfardes\/files\/2015\/03\/Sin-t\u00edtulo.png\"><img decoding=\"async\" class=\" wp-image-2527 alignleft\" src=\"http:\/\/blogsaverroes.juntadeandalucia.es\/iesriberadelfardes\/files\/2015\/03\/Sin-t\u00edtulo-212x300.png\" alt=\"Sin t\u00edtulo\" width=\"122\" height=\"172\" srcset=\"https:\/\/blogsaverroes.juntadeandalucia.es\/iesriberadelfardes\/files\/2015\/03\/Sin-t\u00edtulo-212x300.png 212w, https:\/\/blogsaverroes.juntadeandalucia.es\/iesriberadelfardes\/files\/2015\/03\/Sin-t\u00edtulo-725x1024.png 725w, https:\/\/blogsaverroes.juntadeandalucia.es\/iesriberadelfardes\/files\/2015\/03\/Sin-t\u00edtulo.png 806w\" sizes=\"(max-width: 122px) 100vw, 122px\" \/><\/a>Un centro se define en gran medida por su <strong>Proyecto Educativo<\/strong>. En \u00e9l se plasma el modelo educativo y la concreci\u00f3n de la normativa que un centro realiza respecto a las ense\u00f1anzas que imparte, as\u00ed como aspectos tales como las finales educativas, objetivos, atenci\u00f3n a la diversidad, etc.<\/p>\n<p>Aqu\u00ed pueden encontrar el Proyecto Educativo de nuestro IES Ribera del Fardes, con el que queremos seguir trabajando en el objetivo de convertirnos en un referente en cuanto a los principios b\u00e1sicos que definen nuestras l\u00edneas de actuaci\u00f3n pedag\u00f3gicas: la educaci\u00f3n en la diversidad y la igualdad, con el fin de proporcionar una educaci\u00f3n de calidad para todos, as\u00ed como la defensa y difusi\u00f3n de valores como el respeto, la democracia, la solidaridad, la tolerancia y el rechazo a la discriminaci\u00f3n en cualquiera de sus formas.<\/p>\n<p>Asimismo, tambi\u00e9n facilitamos para su consulta los otros documentos que junto con el Proyecto Educativo componen nuestro Plan de Centro: el Reglamento de Orden y Funcionamiento (ROF), el Proyecto de Gesti\u00f3n Econ\u00f3mica, y los anexos del Proyecto Educativo.&nbsp;<\/p>\n<p><strong><a title=\"Proyecto Educativo 25-26\" href=\"https:\/\/drive.google.com\/file\/d\/1l-UXcYKQI9RzIFsNRjRoiGo34j7yEcPk\/view?usp=drive_link\" target=\"_blank\" rel=\"noopener\">Proyecto Educativo 25-26<\/a><\/strong><\/p>\n<p><strong><a title=\"ROF 25-26\" href=\"https:\/\/drive.google.com\/file\/d\/1h2VcUYiq3orob-7o3Tb36cfsxvMLWe28\/view?usp=drive_link\" target=\"_blank\" rel=\"noopener\">ROF 25-26<\/a><\/strong><\/p>\n<p><strong><a title=\"PAE 25-26\" href=\"https:\/\/drive.google.com\/file\/d\/1NSvZJikNcViQ--5Gp4PATzxC9xbe6WkS\/view?usp=drive_link\" target=\"_blank\" rel=\"noopener\">PAE 25-26<\/a><\/strong><\/p>\n<p><strong><a title=\"PLAN DE MEDIACI\u00d3N 25-26\" href=\"https:\/\/drive.google.com\/file\/d\/1qKiEL5elTq9PMQieKPZU3g2i8wjOIXPR\/view?usp=drive_link\" target=\"_blank\" rel=\"noopener\">PLAN DE MEDIACI\u00d3N 25-26<\/a><\/strong><\/p>\n<p><strong><a title=\"PLAN DE TRABAJO BIBLIOTECA 25-26\" href=\"https:\/\/drive.google.com\/file\/d\/15-QnoQj3SeujIAMxHngIDbEzTntCHdJg\/view?usp=drive_link\" target=\"_blank\" rel=\"noopener\">PLAN DE TRABAJO BIBLIOTECA 25-26<\/a><\/strong><\/p>\n<p><strong><a title=\"ANEXO I. PLAN DE CONVIVENCIA\" href=\"https:\/\/drive.google.com\/file\/d\/1llOatHc5vVc7d26JPgaTT-MqhyuWgp7W\/view?usp=drive_link\" target=\"_blank\" rel=\"noopener\">ANEXO I. PLAN DE CONVIVENCIA<\/a><\/strong><\/p>\n<p><strong><a title=\"ANEXO II. PLAN DE APOYO\" href=\"https:\/\/drive.google.com\/file\/d\/1CgjJsrh0_PoOhfkTBS78X40ByOCGxzZN\/view?usp=drive_link\" target=\"_blank\" rel=\"noopener\">ANEXO II. PLAN DE APOYO<\/a><\/strong><\/p>\n<p><strong><a title=\"ANEXO III. PLAN DE INTERNACIONALIZACI\u00d3N DE LA EDUCACI\u00d3N\" href=\"https:\/\/drive.google.com\/file\/d\/1_cQcer5oOB5vcjPYx4VvfsZneP5tyAEA\/view?usp=drive_link\" target=\"_blank\" rel=\"noopener\"><strong>ANEXO III. PLAN DE INTERNAC<\/strong>IONALIZACI\u00d3N DE LA EDUCACI\u00d3N <\/a><\/strong><\/p>\n<p><strong><a title=\"ANEXO IV. EL PROGRAMA DE ENSE\u00d1ANZA BILIG\u00dcE\" href=\"https:\/\/drive.google.com\/file\/d\/1pl0lroFn4pPf37M2cKPzmlCutFZiJss6\/view?usp=drive_link\" target=\"_blank\" rel=\"noopener\">ANEXO IV. EL PROGRAMA DE ENSE\u00d1ANZA BILIG\u00dcE<\/a><\/strong><\/p>\n<p><strong><a title=\"ANEXO V. PLAN DE ACTUACI\u00d3N DIGITAL\" href=\"https:\/\/drive.google.com\/file\/d\/114NdLMbZkfkF8iqUgjQA_HuuzditxG5Y\/view?usp=drive_link\" target=\"_blank\" rel=\"noopener\">ANEXO V. PLAN DE ACTUACI\u00d3N DIGITAL <\/a><\/strong><\/p>\n<p><strong><a title=\"ANEXO VI. PLAN DE FLEXIBILIZACI\u00d3N DE EVALUACI\u00d3N\" href=\"https:\/\/drive.google.com\/file\/d\/1Yr4AtyogNZww4JK8-LOo5_MV73oUSyBB\/view?usp=drive_link\" target=\"_blank\" rel=\"noopener\">ANEXO VI. PLAN DE FLEXIBILIZACI\u00d3N DE EVALUACI\u00d3N <\/a><\/strong><\/p>\n<p><strong><a title=\"ANEXO VII. PLAN COED\" href=\"https:\/\/drive.google.com\/file\/d\/188gVMNPuI1d6FAHoMHVm5lI-x3Gz74X4\/view?usp=drive_link\" target=\"_blank\" rel=\"noopener\">ANEXO VII. PLAN COED<\/a><\/strong><\/p>\n<p><strong><a title=\"ANEXO VIII. PLAN DE FORMACI\u00d3N DE LOS CENTROS\" href=\"https:\/\/drive.google.com\/file\/d\/1Bh0My70RzcuYqXHE6CPiP6YiOrKQJ5Mn\/view?usp=drive_link\" target=\"_blank\" rel=\"noopener\">ANEXO VIII. PLAN DE FORMACI\u00d3N DE LOS CENTROS<\/a><\/strong><\/p>\n<p>&nbsp;<\/p>\n<p>&nbsp;<\/p>\n","protected":false},"excerpt":{"rendered":"<p>Un centro se define en gran medida por su Proyecto Educativo. En \u00e9l se plasma el modelo educativo y la concreci\u00f3n de la normativa que un centro realiza respecto a las ense\u00f1anzas que imparte, as\u00ed como aspectos tales como las finales educativas, objetivos, atenci\u00f3n a la diversidad, etc. Aqu\u00ed pueden encontrar el Proyecto Educativo de &hellip; <\/p>\n<p><a class=\"more-link btn\" href=\"https:\/\/blogsaverroes.juntadeandalucia.es\/iesriberadelfardes\/proyecto-educativo\/\">Seguir leyendo<\/a><\/p>\n","protected":false},"author":1,"featured_media":0,"parent":0,"menu_order":0,"comment_status":"closed","ping_status":"open","template":"","meta":{"ngg_post_thumbnail":0,"footnotes":"","_mc_calendar":[]},"aioseo_notices":[],"_links":{"self":[{"href":"https:\/\/blogsaverroes.juntadeandalucia.es\/iesriberadelfardes\/wp-json\/wp\/v2\/pages\/49"}],"collection":[{"href":"https:\/\/blogsaverroes.juntadeandalucia.es\/iesriberadelfardes\/wp-json\/wp\/v2\/pages"}],"about":[{"href":"https:\/\/blogsaverroes.juntadeandalucia.es\/iesriberadelfardes\/wp-json\/wp\/v2\/types\/page"}],"author":[{"embeddable":true,"href":"https:\/\/blogsaverroes.juntadeandalucia.es\/iesriberadelfardes\/wp-json\/wp\/v2\/users\/1"}],"replies":[{"embeddable":true,"href":"https:\/\/blogsaverroes.juntadeandalucia.es\/iesriberadelfardes\/wp-json\/wp\/v2\/comments?post=49"}],"version-history":[{"count":29,"href":"https:\/\/blogsaverroes.juntadeandalucia.es\/iesriberadelfardes\/wp-json\/wp\/v2\/pages\/49\/revisions"}],"predecessor-version":[{"id":9724,"href":"https:\/\/blogsaverroes.juntadeandalucia.es\/iesriberadelfardes\/wp-json\/wp\/v2\/pages\/49\/revisions\/9724"}],"wp:attachment":[{"href":"https:\/\/blogsaverroes.juntadeandalucia.es\/iesriberadelfardes\/wp-json\/wp\/v2\/media?parent=49"}],"curies":[{"name":"wp","href":"https:\/\/api.w.org\/{rel}","templated":true}]}}