{"id":5991,"date":"2023-01-12T11:53:19","date_gmt":"2023-01-12T11:53:19","guid":{"rendered":"http:\/\/blogsaverroes.juntadeandalucia.es\/iesriberadelfardes\/?page_id=5991"},"modified":"2023-03-02T12:03:15","modified_gmt":"2023-03-02T12:03:15","slug":"industrias-alimentarias","status":"publish","type":"page","link":"https:\/\/blogsaverroes.juntadeandalucia.es\/iesriberadelfardes\/industrias-alimentarias\/","title":{"rendered":"Industrias Alimentarias"},"content":{"rendered":"<p style=\"text-align: justify\">Bienvenid@s al Departamento de Industrias Alimentarias.<\/p>\n<p style=\"text-align: justify\">Este curso 2022 &#8211; 2023 arranca en el IES Ribera del Fardes el ciclo de Formaci\u00f3n Profesional B\u00e1sica de Industrias Alimentarias y por lo tanto esta secci\u00f3n dentro de la web del centro.<\/p>\n<p>Aqu\u00ed podr\u00e9is encontrar informaci\u00f3n relacionada tanto con el departamento como con el ciclo, as\u00ed como las \u00faltimas novedades y seguirle la pista a nuestros chicos y chicas.<\/p>\n<p style=\"text-align: justify\">El Ciclo de Formaci\u00f3n Profesional B\u00e1sica de Industrias Alimentarias es de car\u00e1cter Dual. Esta es una modalidad que implica que nuestro alumnado puede realizar un Ciclo Formativo combinando estancias en el centro educativo con estancias en empresas del sector y de la zona, lo que supone una adaptaci\u00f3n m\u00e1xima a lo que piden las empresas del entorno a los candidatos en sus ofertas de empleo. La Formaci\u00f3n Profesional Dual tiene muchas ventajas porque permite al alumnado obtener el t\u00edtulo form\u00e1ndose en un entorno real de trabajo y en contacto directo con la realidad de las empresas del sector en el que despu\u00e9s podr\u00e1 trabajar.<\/p>\n<p style=\"text-align: justify\">Este primer curso contamos con un grupo de chicos y chicas que han apostado por arrancar con nosotros esta aventura: <strong>Amor, Ra\u00fal, \u00d3scar, Javier, Emma, Sheila, Jos\u00e9 Mar\u00eda, Yolanda, Juan Jos\u00e9, Jorge, Brayan, Eduardo y Andr\u00e9s<\/strong> forman el grupo de la primera promoci\u00f3n de este t\u00edtulo en el IES Ribera del Fardes.<\/p>\n<p style=\"text-align: justify\">Este grupo de j\u00f3venes son conscientes de que la FPB es una oportunidad para empezar de cero, reiniciar su relaci\u00f3n con el sistema educativo y con el centro, encontrar su camino y cambiar la imagen que durante los \u00faltimos a\u00f1os han proyectado y que en el fondo saben que no les representa. Son conscientes que es un camino largo y en ocasiones complicado, pero sus profes estamos convencidos que lograr\u00e1n su objetivo siempre que crean en si mismos. \u00a1\u00a1\u00c1nimo y a por todas!!&nbsp;<\/p>\n","protected":false},"excerpt":{"rendered":"<p>Bienvenid@s al Departamento de Industrias Alimentarias. Este curso 2022 &#8211; 2023 arranca en el IES Ribera del Fardes el ciclo de Formaci\u00f3n Profesional B\u00e1sica de Industrias Alimentarias y por lo tanto esta secci\u00f3n dentro de la web del centro. Aqu\u00ed podr\u00e9is encontrar informaci\u00f3n relacionada tanto con el departamento como con el ciclo, as\u00ed como las &hellip; <\/p>\n<p><a class=\"more-link btn\" href=\"https:\/\/blogsaverroes.juntadeandalucia.es\/iesriberadelfardes\/industrias-alimentarias\/\">Seguir leyendo<\/a><\/p>\n","protected":false},"author":4031,"featured_media":0,"parent":0,"menu_order":0,"comment_status":"closed","ping_status":"closed","template":"","meta":{"ngg_post_thumbnail":0,"footnotes":"","_mc_calendar":[]},"aioseo_notices":[],"_links":{"self":[{"href":"https:\/\/blogsaverroes.juntadeandalucia.es\/iesriberadelfardes\/wp-json\/wp\/v2\/pages\/5991"}],"collection":[{"href":"https:\/\/blogsaverroes.juntadeandalucia.es\/iesriberadelfardes\/wp-json\/wp\/v2\/pages"}],"about":[{"href":"https:\/\/blogsaverroes.juntadeandalucia.es\/iesriberadelfardes\/wp-json\/wp\/v2\/types\/page"}],"author":[{"embeddable":true,"href":"https:\/\/blogsaverroes.juntadeandalucia.es\/iesriberadelfardes\/wp-json\/wp\/v2\/users\/4031"}],"replies":[{"embeddable":true,"href":"https:\/\/blogsaverroes.juntadeandalucia.es\/iesriberadelfardes\/wp-json\/wp\/v2\/comments?post=5991"}],"version-history":[{"count":3,"href":"https:\/\/blogsaverroes.juntadeandalucia.es\/iesriberadelfardes\/wp-json\/wp\/v2\/pages\/5991\/revisions"}],"predecessor-version":[{"id":6040,"href":"https:\/\/blogsaverroes.juntadeandalucia.es\/iesriberadelfardes\/wp-json\/wp\/v2\/pages\/5991\/revisions\/6040"}],"wp:attachment":[{"href":"https:\/\/blogsaverroes.juntadeandalucia.es\/iesriberadelfardes\/wp-json\/wp\/v2\/media?parent=5991"}],"curies":[{"name":"wp","href":"https:\/\/api.w.org\/{rel}","templated":true}]}}