{"id":6933,"date":"2024-01-17T08:42:43","date_gmt":"2024-01-17T08:42:43","guid":{"rendered":"http:\/\/blogsaverroes.juntadeandalucia.es\/iesriberadelfardes\/?page_id=6933"},"modified":"2024-01-17T08:42:43","modified_gmt":"2024-01-17T08:42:43","slug":"programa-de-movilidad-erasmus-a-irlanda","status":"publish","type":"page","link":"https:\/\/blogsaverroes.juntadeandalucia.es\/iesriberadelfardes\/erasmus\/programa-de-movilidad-erasmus-a-irlanda\/","title":{"rendered":"Programa de Movilidad Erasmus + a Irlanda"},"content":{"rendered":"<p>Nuestro alumnado ya se encuentra disfrutando del programa de movilidad Erasmus +. Concretamente, se encuentran en Irlanda donde van a realizar el segundo trimestre de este curso escolar.<br \/>\nSin duda, una experiencia \u00fanica a trav\u00e9s del programa Erasmus + para apoyar, a trav\u00e9s del aprendizaje permanente, el desarrollo educativo, profesional y personal de las personas en los \u00e1mbitos de la educaci\u00f3n, la formaci\u00f3n, la juventud y el deporte, dentro de Europa y fuera de su territorio, a fin de contribuir al crecimiento sostenible, al empleo de calidad y a la cohesi\u00f3n social, adem\u00e1s de a impulsar la innovaci\u00f3n y a fortalecer la identidad europea y la ciudadan\u00eda activa.<\/p>\n<p>\u00a1Disfrutad de esta experiencia!<\/p>\n<p>@european_youth_eu @educaciongob @educaand @eramus_plus_projects<\/p>\nngg_shortcode_0_placeholder\n","protected":false},"excerpt":{"rendered":"<p>Nuestro alumnado ya se encuentra disfrutando del programa de movilidad Erasmus +. Concretamente, se encuentran en Irlanda donde van a realizar el segundo trimestre de este curso escolar. Sin duda, una experiencia \u00fanica a trav\u00e9s del programa Erasmus + para apoyar, a trav\u00e9s del aprendizaje permanente, el desarrollo educativo, profesional y personal de las personas &hellip; <\/p>\n<p><a class=\"more-link btn\" href=\"https:\/\/blogsaverroes.juntadeandalucia.es\/iesriberadelfardes\/erasmus\/programa-de-movilidad-erasmus-a-irlanda\/\">Seguir leyendo<\/a><\/p>\n","protected":false},"author":18471,"featured_media":6937,"parent":2493,"menu_order":0,"comment_status":"closed","ping_status":"closed","template":"","meta":{"ngg_post_thumbnail":0,"footnotes":"","_mc_calendar":[]},"aioseo_notices":[],"_links":{"self":[{"href":"https:\/\/blogsaverroes.juntadeandalucia.es\/iesriberadelfardes\/wp-json\/wp\/v2\/pages\/6933"}],"collection":[{"href":"https:\/\/blogsaverroes.juntadeandalucia.es\/iesriberadelfardes\/wp-json\/wp\/v2\/pages"}],"about":[{"href":"https:\/\/blogsaverroes.juntadeandalucia.es\/iesriberadelfardes\/wp-json\/wp\/v2\/types\/page"}],"author":[{"embeddable":true,"href":"https:\/\/blogsaverroes.juntadeandalucia.es\/iesriberadelfardes\/wp-json\/wp\/v2\/users\/18471"}],"replies":[{"embeddable":true,"href":"https:\/\/blogsaverroes.juntadeandalucia.es\/iesriberadelfardes\/wp-json\/wp\/v2\/comments?post=6933"}],"version-history":[{"count":1,"href":"https:\/\/blogsaverroes.juntadeandalucia.es\/iesriberadelfardes\/wp-json\/wp\/v2\/pages\/6933\/revisions"}],"predecessor-version":[{"id":6936,"href":"https:\/\/blogsaverroes.juntadeandalucia.es\/iesriberadelfardes\/wp-json\/wp\/v2\/pages\/6933\/revisions\/6936"}],"up":[{"embeddable":true,"href":"https:\/\/blogsaverroes.juntadeandalucia.es\/iesriberadelfardes\/wp-json\/wp\/v2\/pages\/2493"}],"wp:featuredmedia":[{"embeddable":true,"href":"https:\/\/blogsaverroes.juntadeandalucia.es\/iesriberadelfardes\/wp-json\/wp\/v2\/media\/6937"}],"wp:attachment":[{"href":"https:\/\/blogsaverroes.juntadeandalucia.es\/iesriberadelfardes\/wp-json\/wp\/v2\/media?parent=6933"}],"curies":[{"name":"wp","href":"https:\/\/api.w.org\/{rel}","templated":true}]}}